{"id":15340,"date":"2024-04-26T08:35:14","date_gmt":"2024-04-26T06:35:14","guid":{"rendered":"https:\/\/skrina.si\/sl\/?post_type=product&#038;p=15340"},"modified":"2024-04-28T11:41:50","modified_gmt":"2024-04-28T09:41:50","slug":"adele-bloch-bauer-3","status":"publish","type":"product","link":"https:\/\/skrina.si\/sl\/product\/adele-bloch-bauer-3\/","title":{"rendered":"Adele Bloch-Bauer"},"content":{"rendered":"","protected":false},"excerpt":{"rendered":"<h5 style=\"text-align: justify;\"><strong><em>Adele Bloch-Bauer<\/em><\/strong> je bila edina \u017eenska, ki jo je umetnik ve\u010dkrat portretiral.<br \/>\nNjena pripravljenost, da Klimtu slu\u017ei kot model (v \u010dasu, ko so tako \u017eensko o\u017eigosali kot pocestnico), ka\u017ee na njuno izjemno intimno povezanost, toda samo ugibamo lahko, ali sta bila v resnici tudi ljubimca, kot domnevajo nekateri biografi.<br \/>\nKlimt jo je upodobil v dobesedno kraljevski dr\u017ei. Njen obraz in roke so tako \u017eivi, kot si to lahko le \u017eelimo za portret, medtem, ko jo razko\u0161no ozadje v zlatu in srebru povzdiguje v bo\u017eanstvo.<\/h5>\n<h6><em>Podrobnosti:<\/em><\/h6>\n<ul>\n<li>\n<h6>Material: Ro\u010dno barvan porcelan z bogato dekoracijo iz pravega zlata.<\/h6>\n<\/li>\n<li>\n<h6>Velikost: premer obeska 5,5 cm<\/h6>\n<\/li>\n<li>\n<h6>Dol\u017eina tekstilne vrvice 58 cm<\/h6>\n<\/li>\n<li>\n<h6>V darilni embala\u017ei<\/h6>\n<\/li>\n<li>\n<h6>Oblikovano z ljubeznijo do detajlov<\/h6>\n<\/li>\n<li>\n<h6>Eleganten, brez\u010dasen dizajn<\/h6>\n<\/li>\n<li>\n<h6>Idealno darilo za ljubiteljice Klimta in klasike.<\/h6>\n<\/li>\n<\/ul>\n","protected":false},"featured_media":15339,"template":"","meta":{"_monsterinsights_skip_tracking":false,"_monsterinsights_sitenote_active":false,"_monsterinsights_sitenote_note":"","_monsterinsights_sitenote_category":0},"product_cat":[1049,1055,1059],"product_tag":[],"aioseo_notices":[],"yoast_head":"<!-- This site is optimized with the Yoast SEO plugin v22.1 - https:\/\/yoast.com\/wordpress\/plugins\/seo\/ -->\n<title>Adele Bloch-Bauer - Etnogalerija Skrina<\/title>\n<meta name=\"description\" content=\"Gustav Klimt - Adele Bloch-Bauer. Obojestranski obesek je narejen iz visoko kakovostnega porcelana. Okra\u0161en je s pravimi zlatimi listi\u010di in s kristalom Swarovski\u00ae.\" \/>\n<meta name=\"robots\" content=\"index, follow, max-snippet:-1, max-image-preview:large, max-video-preview:-1\" \/>\n<link rel=\"canonical\" href=\"https:\/\/skrina.si\/sl\/product\/adele-bloch-bauer-3\/\" \/>\n<meta property=\"og:locale\" content=\"sl_SI\" \/>\n<meta property=\"og:locale:alternate\" content=\"en_GB\" \/>\n<meta property=\"og:type\" content=\"article\" \/>\n<meta property=\"og:title\" content=\"Adele Bloch-Bauer\" \/>\n<meta property=\"og:description\" content=\"Gustav Klimt - Adele Bloch-Bauer. Obojestranski obesek je narejen iz visoko kakovostnega porcelana. Okra\u0161en je s pravimi zlatimi listi\u010di in s kristalom Swarovski\u00ae.\" \/>\n<meta property=\"og:url\" content=\"https:\/\/skrina.si\/sl\/product\/adele-bloch-bauer-3\/\" \/>\n<meta property=\"og:site_name\" content=\"Etnogalerija Skrina\" \/>\n<meta property=\"article:modified_time\" content=\"2024-04-28T09:41:50+00:00\" \/>\n<meta property=\"og:image\" content=\"https:\/\/skrina.si\/wp-content\/uploads\/2022\/04\/nakit-klimt-adela-2.jpg\" \/>\n\t<meta property=\"og:image:width\" content=\"2000\" \/>\n\t<meta property=\"og:image:height\" content=\"1500\" \/>\n\t<meta property=\"og:image:type\" content=\"image\/jpeg\" \/>\n<meta name=\"twitter:card\" content=\"summary_large_image\" \/>\n<meta name=\"twitter:label1\" content=\"Est. reading time\" \/>\n\t<meta name=\"twitter:data1\" content=\"1 minuta\" \/>\n<script type=\"application\/ld+json\" class=\"yoast-schema-graph\">{\"@context\":\"https:\/\/schema.org\",\"@graph\":[{\"@type\":\"WebPage\",\"@id\":\"https:\/\/skrina.si\/sl\/product\/adele-bloch-bauer-3\/\",\"url\":\"https:\/\/skrina.si\/sl\/product\/adele-bloch-bauer-3\/\",\"name\":\"[:en]Adele Bloch-Bauer[:sl]Adele Bloch-Bauer[:] - Etnogalerija Skrina\",\"isPartOf\":{\"@id\":\"https:\/\/skrina.si\/sl\/#website\"},\"datePublished\":\"2024-04-26T06:35:14+00:00\",\"dateModified\":\"2024-04-28T09:41:50+00:00\",\"description\":\"[:sl]Gustav Klimt - Adele Bloch-Bauer. Obojestranski obesek je narejen iz visoko kakovostnega porcelana. Okra\u0161en je s pravimi zlatimi listi\u010di in s kristalom Swarovski\u00ae.[:]\",\"breadcrumb\":{\"@id\":\"https:\/\/skrina.si\/sl\/product\/adele-bloch-bauer-3\/#breadcrumb\"},\"inLanguage\":\"sl-SI\",\"potentialAction\":[{\"@type\":\"ReadAction\",\"target\":[\"https:\/\/skrina.si\/sl\/product\/adele-bloch-bauer-3\/\"]}]},{\"@type\":\"BreadcrumbList\",\"@id\":\"https:\/\/skrina.si\/sl\/product\/adele-bloch-bauer-3\/#breadcrumb\",\"itemListElement\":[{\"@type\":\"ListItem\",\"position\":1,\"name\":\"Home\",\"item\":\"https:\/\/skrina.si\/\"},{\"@type\":\"ListItem\",\"position\":2,\"name\":\"Shop\",\"item\":\"https:\/\/skrina.si\/shop\/\"},{\"@type\":\"ListItem\",\"position\":3,\"name\":\"Adele Bloch-Bauer\"}]},{\"@type\":\"WebSite\",\"@id\":\"https:\/\/skrina.si\/sl\/#website\",\"url\":\"https:\/\/skrina.si\/sl\/\",\"name\":\"Etnogalerija Skrina\",\"description\":\"Tradicija s posluhom\",\"potentialAction\":[{\"@type\":\"SearchAction\",\"target\":{\"@type\":\"EntryPoint\",\"urlTemplate\":\"https:\/\/skrina.si\/sl\/?s={search_term_string}\"},\"query-input\":\"required name=search_term_string\"}],\"inLanguage\":\"sl-SI\"}]}<\/script>\n<!-- \/ Yoast SEO plugin. -->","yoast_head_json":{"title":"Adele Bloch-Bauer - Etnogalerija Skrina","description":"[:sl]Gustav Klimt - Adele Bloch-Bauer. Obojestranski obesek je narejen iz visoko kakovostnega porcelana. Okra\u0161en je s pravimi zlatimi listi\u010di in s kristalom Swarovski\u00ae.[:]","robots":{"index":"index","follow":"follow","max-snippet":"max-snippet:-1","max-image-preview":"max-image-preview:large","max-video-preview":"max-video-preview:-1"},"canonical":"https:\/\/skrina.si\/sl\/product\/adele-bloch-bauer-3\/","og_locale":"sl_SI","og_type":"article","og_title":"[:en]Adele Bloch-Bauer[:sl]Adele Bloch-Bauer[:] - Etnogalerija Skrina","og_description":"[:sl]Gustav Klimt - Adele Bloch-Bauer. Obojestranski obesek je narejen iz visoko kakovostnega porcelana. Okra\u0161en je s pravimi zlatimi listi\u010di in s kristalom Swarovski\u00ae.[:]","og_url":"https:\/\/skrina.si\/sl\/product\/adele-bloch-bauer-3\/","og_site_name":"Etnogalerija Skrina","article_modified_time":"2024-04-28T09:41:50+00:00","og_image":[{"width":2000,"height":1500,"url":"https:\/\/skrina.si\/wp-content\/uploads\/2022\/04\/nakit-klimt-adela-2.jpg","type":"image\/jpeg"}],"twitter_card":"summary_large_image","twitter_misc":{"Est. reading time":"1 minuta"},"schema":{"@context":"https:\/\/schema.org","@graph":[{"@type":"WebPage","@id":"https:\/\/skrina.si\/sl\/product\/adele-bloch-bauer-3\/","url":"https:\/\/skrina.si\/sl\/product\/adele-bloch-bauer-3\/","name":"[:en]Adele Bloch-Bauer[:sl]Adele Bloch-Bauer[:] - Etnogalerija Skrina","isPartOf":{"@id":"https:\/\/skrina.si\/sl\/#website"},"datePublished":"2024-04-26T06:35:14+00:00","dateModified":"2024-04-28T09:41:50+00:00","description":"[:sl]Gustav Klimt - Adele Bloch-Bauer. Obojestranski obesek je narejen iz visoko kakovostnega porcelana. Okra\u0161en je s pravimi zlatimi listi\u010di in s kristalom Swarovski\u00ae.[:]","breadcrumb":{"@id":"https:\/\/skrina.si\/sl\/product\/adele-bloch-bauer-3\/#breadcrumb"},"inLanguage":"sl-SI","potentialAction":[{"@type":"ReadAction","target":["https:\/\/skrina.si\/sl\/product\/adele-bloch-bauer-3\/"]}]},{"@type":"BreadcrumbList","@id":"https:\/\/skrina.si\/sl\/product\/adele-bloch-bauer-3\/#breadcrumb","itemListElement":[{"@type":"ListItem","position":1,"name":"Home","item":"https:\/\/skrina.si\/"},{"@type":"ListItem","position":2,"name":"Shop","item":"https:\/\/skrina.si\/shop\/"},{"@type":"ListItem","position":3,"name":"Adele Bloch-Bauer"}]},{"@type":"WebSite","@id":"https:\/\/skrina.si\/sl\/#website","url":"https:\/\/skrina.si\/sl\/","name":"Etnogalerija Skrina","description":"Tradicija s posluhom","potentialAction":[{"@type":"SearchAction","target":{"@type":"EntryPoint","urlTemplate":"https:\/\/skrina.si\/sl\/?s={search_term_string}"},"query-input":"required name=search_term_string"}],"inLanguage":"sl-SI"}]}},"_links":{"self":[{"href":"https:\/\/skrina.si\/sl\/wp-json\/wp\/v2\/product\/15340"}],"collection":[{"href":"https:\/\/skrina.si\/sl\/wp-json\/wp\/v2\/product"}],"about":[{"href":"https:\/\/skrina.si\/sl\/wp-json\/wp\/v2\/types\/product"}],"wp:featuredmedia":[{"embeddable":true,"href":"https:\/\/skrina.si\/sl\/wp-json\/wp\/v2\/media\/15339"}],"wp:attachment":[{"href":"https:\/\/skrina.si\/sl\/wp-json\/wp\/v2\/media?parent=15340"}],"wp:term":[{"taxonomy":"product_cat","embeddable":true,"href":"https:\/\/skrina.si\/sl\/wp-json\/wp\/v2\/product_cat?post=15340"},{"taxonomy":"product_tag","embeddable":true,"href":"https:\/\/skrina.si\/sl\/wp-json\/wp\/v2\/product_tag?post=15340"}],"curies":[{"name":"wp","href":"https:\/\/api.w.org\/{rel}","templated":true}]}}