{"id":15258,"date":"2024-04-17T20:56:17","date_gmt":"2024-04-17T18:56:17","guid":{"rendered":"https:\/\/skrina.si\/en\/?post_type=product&#038;p=15258"},"modified":"2024-04-17T21:23:58","modified_gmt":"2024-04-17T19:23:58","slug":"kurent-on-ptuj-field","status":"publish","type":"product","link":"https:\/\/skrina.si\/sl\/product\/kurent-on-ptuj-field\/","title":{"rendered":"Kurent na Ptujskem polju"},"content":{"rendered":"","protected":false},"excerpt":{"rendered":"<h5>Sergej Hahonin, ki se je leta 1992 se\u00a0 preselil v Slovenijo iz biv\u0161e Sovjetske zveze, je svoje likovno ustvarjanje navezal na <strong><em>slovensko kulturo in tradicijo.<\/em><\/strong><\/h5>\n<h5>Rad slika pokrajino, kozolce, tiho\u017eitja in <strong><em>kurente.<\/em><\/strong><\/h5>\n<h5>Njegov kurent je povzet po <strong><em>slovenskem ljudskem izro\u010dilu<\/em><\/strong>, in podobno kot \u00bbkorant\u00ab s Ptujskega polja oble\u010den v ko\u017euh.<br \/>\nNa glavi ima kapo narejeno iz ov\u010dje ko\u017ee z rde\u010de obrobljenimi odprtinami za o\u010di, usta in nos.<br \/>\nIz ust visi kurentu dolg rde\u010d jezik, pod nosom ima mogo\u010dne brke, v rokah pa nosi je\u017eevko.<\/h5>\n<h6><em>\u00a0<\/em><em>Lastnosti:<\/em><\/h6>\n<ul>\n<li>\n<h6><em>Naslov dela: Kurent na Ptujskem polju<\/em><\/h6>\n<\/li>\n<li>\n<h6><em>Tehnika: olje<\/em><\/h6>\n<\/li>\n<li>\n<h6><em>Dimenzija: 80 x 40 cm<\/em><\/h6>\n<\/li>\n<\/ul>\n<h6><em>\u00a0<\/em><\/h6>\n","protected":false},"featured_media":0,"template":"","meta":{"_monsterinsights_skip_tracking":false,"_monsterinsights_sitenote_active":false,"_monsterinsights_sitenote_note":"","_monsterinsights_sitenote_category":0},"product_cat":[1554,1159],"product_tag":[],"aioseo_notices":[],"yoast_head":"<!-- This site is optimized with the Yoast SEO plugin v22.1 - https:\/\/yoast.com\/wordpress\/plugins\/seo\/ -->\n<title>Kurent na Ptujskem polju - Etnogalerija Skrina<\/title>\n<meta name=\"robots\" content=\"index, follow, max-snippet:-1, max-image-preview:large, max-video-preview:-1\" \/>\n<link rel=\"canonical\" href=\"https:\/\/skrina.si\/sl\/product\/kurent-on-ptuj-field\/\" \/>\n<meta property=\"og:locale\" content=\"sl_SI\" \/>\n<meta property=\"og:locale:alternate\" content=\"en_GB\" \/>\n<meta property=\"og:type\" content=\"article\" \/>\n<meta property=\"og:title\" content=\"Kurent na Ptujskem polju\" \/>\n<meta property=\"og:description\" content=\"Sergej Hahonin, ki se je leta 1992 se\u00a0 preselil v Slovenijo iz biv\u0161e Sovjetske zveze, je svoje likovno ustvarjanje navezal na slovensko kulturo in tradicijo. Rad slika pokrajino, kozolce, tiho\u017eitja in kurente. Njegov kurent je povzet po slovenskem ljudskem izro\u010dilu, in podobno kot \u00bbkorant\u00ab s Ptujskega polja oble\u010den v ko\u017euh. Na glavi ima kapo narejeno iz ov\u010dje ko\u017ee z rde\u010de obrobljenimi odprtinami za o\u010di, usta in nos. Iz ust visi kurentu dolg rde\u010d jezik, pod nosom ima mogo\u010dne brke, v rokah pa nosi je\u017eevko. \u00a0Lastnosti:    Naslov dela: Kurent na Ptujskem polju    Tehnika: olje    Dimenzija: 80 x 40 cm   \u00a0\" \/>\n<meta property=\"og:url\" content=\"https:\/\/skrina.si\/sl\/product\/kurent-on-ptuj-field\/\" \/>\n<meta property=\"og:site_name\" content=\"Etnogalerija Skrina\" \/>\n<meta property=\"article:modified_time\" content=\"2024-04-17T19:23:58+00:00\" \/>\n<meta property=\"og:image\" content=\"https:\/\/skrina.si\/wp-content\/uploads\/2024\/02\/HAHONIN-KURENT-NA-PTUJSKEM-POLJU.jpg\" \/>\n\t<meta property=\"og:image:width\" content=\"2000\" \/>\n\t<meta property=\"og:image:height\" content=\"1500\" \/>\n\t<meta property=\"og:image:type\" content=\"image\/jpeg\" \/>\n<meta name=\"twitter:card\" content=\"summary_large_image\" \/>\n<meta name=\"twitter:label1\" content=\"Est. reading time\" \/>\n\t<meta name=\"twitter:data1\" content=\"1 minuta\" \/>\n<script type=\"application\/ld+json\" class=\"yoast-schema-graph\">{\"@context\":\"https:\/\/schema.org\",\"@graph\":[{\"@type\":\"WebPage\",\"@id\":\"https:\/\/skrina.si\/sl\/product\/kurent-on-ptuj-field\/\",\"url\":\"https:\/\/skrina.si\/sl\/product\/kurent-on-ptuj-field\/\",\"name\":\"[:en]\u00bbKurent\u00ab on Ptuj field[:sl]Kurent na Ptujskem polju[:] - Etnogalerija Skrina\",\"isPartOf\":{\"@id\":\"https:\/\/skrina.si\/sl\/#website\"},\"datePublished\":\"2024-04-17T18:56:17+00:00\",\"dateModified\":\"2024-04-17T19:23:58+00:00\",\"breadcrumb\":{\"@id\":\"https:\/\/skrina.si\/sl\/product\/kurent-on-ptuj-field\/#breadcrumb\"},\"inLanguage\":\"sl-SI\",\"potentialAction\":[{\"@type\":\"ReadAction\",\"target\":[\"https:\/\/skrina.si\/sl\/product\/kurent-on-ptuj-field\/\"]}]},{\"@type\":\"BreadcrumbList\",\"@id\":\"https:\/\/skrina.si\/sl\/product\/kurent-on-ptuj-field\/#breadcrumb\",\"itemListElement\":[{\"@type\":\"ListItem\",\"position\":1,\"name\":\"Home\",\"item\":\"https:\/\/skrina.si\/\"},{\"@type\":\"ListItem\",\"position\":2,\"name\":\"Shop\",\"item\":\"https:\/\/skrina.si\/shop\/\"},{\"@type\":\"ListItem\",\"position\":3,\"name\":\"\u00bbKurent\u00ab on Ptuj field\"}]},{\"@type\":\"WebSite\",\"@id\":\"https:\/\/skrina.si\/sl\/#website\",\"url\":\"https:\/\/skrina.si\/sl\/\",\"name\":\"Etnogalerija Skrina\",\"description\":\"Tradicija s posluhom\",\"potentialAction\":[{\"@type\":\"SearchAction\",\"target\":{\"@type\":\"EntryPoint\",\"urlTemplate\":\"https:\/\/skrina.si\/sl\/?s={search_term_string}\"},\"query-input\":\"required name=search_term_string\"}],\"inLanguage\":\"sl-SI\"}]}<\/script>\n<!-- \/ Yoast SEO plugin. -->","yoast_head_json":{"title":"Kurent na Ptujskem polju - Etnogalerija Skrina","robots":{"index":"index","follow":"follow","max-snippet":"max-snippet:-1","max-image-preview":"max-image-preview:large","max-video-preview":"max-video-preview:-1"},"canonical":"https:\/\/skrina.si\/sl\/product\/kurent-on-ptuj-field\/","og_locale":"sl_SI","og_type":"article","og_title":"[:en]\u00bbKurent\u00ab on Ptuj field[:sl]Kurent na Ptujskem polju[:] - Etnogalerija Skrina","og_description":"[:en]Sergej Hahonin, who moved to Slovenia from the former Soviet Union in 1992, has linked his artistic work to Slovenian culture and tradition. He likes to paint landscapes, hayracks, and still lifes. His \u00bbkurent\u00ab is based on a Slovenian folk tradition and, like the \"korant\" from Ptujsko polje, is dressed in fur. On his head, he wears a cap made of sheepskin with red trimmed eyes, mouth, and nose holes. A long red tongue hangs out of his mouth. \u00a0He has a powerful mustache under his nose, and he carries \u00bbje\u017eevko\u00ab, a barbed stick in his hand. Details:    Part title: \u00bbKurent\u00ab on Ptuj field    Technique: Oil    Dimension: 80 x 40 cm  [:sl]Sergej Hahonin, ki se je leta 1992 se\u00a0 preselil v Slovenijo iz biv\u0161e Sovjetske zveze, je svoje likovno ustvarjanje navezal na slovensko kulturo in tradicijo. Rad slika pokrajino, kozolce, tiho\u017eitja in kurente. Njegov kurent je povzet po slovenskem ljudskem izro\u010dilu, in podobno kot \u00bbkorant\u00ab s Ptujskega polja oble\u010den v ko\u017euh. Na glavi ima kapo narejeno iz ov\u010dje ko\u017ee z rde\u010de obrobljenimi odprtinami za o\u010di, usta in nos. Iz ust visi kurentu dolg rde\u010d jezik, pod nosom ima mogo\u010dne brke, v rokah pa nosi je\u017eevko. \u00a0Lastnosti:    Naslov dela: Kurent na Ptujskem polju    Tehnika: olje    Dimenzija: 80 x 40 cm   \u00a0[:]","og_url":"https:\/\/skrina.si\/sl\/product\/kurent-on-ptuj-field\/","og_site_name":"Etnogalerija Skrina","article_modified_time":"2024-04-17T19:23:58+00:00","og_image":[{"width":2000,"height":1500,"url":"https:\/\/skrina.si\/wp-content\/uploads\/2024\/02\/HAHONIN-KURENT-NA-PTUJSKEM-POLJU.jpg","type":"image\/jpeg"}],"twitter_card":"summary_large_image","twitter_misc":{"Est. reading time":"1 minuta"},"schema":{"@context":"https:\/\/schema.org","@graph":[{"@type":"WebPage","@id":"https:\/\/skrina.si\/sl\/product\/kurent-on-ptuj-field\/","url":"https:\/\/skrina.si\/sl\/product\/kurent-on-ptuj-field\/","name":"[:en]\u00bbKurent\u00ab on Ptuj field[:sl]Kurent na Ptujskem polju[:] - Etnogalerija Skrina","isPartOf":{"@id":"https:\/\/skrina.si\/sl\/#website"},"datePublished":"2024-04-17T18:56:17+00:00","dateModified":"2024-04-17T19:23:58+00:00","breadcrumb":{"@id":"https:\/\/skrina.si\/sl\/product\/kurent-on-ptuj-field\/#breadcrumb"},"inLanguage":"sl-SI","potentialAction":[{"@type":"ReadAction","target":["https:\/\/skrina.si\/sl\/product\/kurent-on-ptuj-field\/"]}]},{"@type":"BreadcrumbList","@id":"https:\/\/skrina.si\/sl\/product\/kurent-on-ptuj-field\/#breadcrumb","itemListElement":[{"@type":"ListItem","position":1,"name":"Home","item":"https:\/\/skrina.si\/"},{"@type":"ListItem","position":2,"name":"Shop","item":"https:\/\/skrina.si\/shop\/"},{"@type":"ListItem","position":3,"name":"\u00bbKurent\u00ab on Ptuj field"}]},{"@type":"WebSite","@id":"https:\/\/skrina.si\/sl\/#website","url":"https:\/\/skrina.si\/sl\/","name":"Etnogalerija Skrina","description":"Tradicija s posluhom","potentialAction":[{"@type":"SearchAction","target":{"@type":"EntryPoint","urlTemplate":"https:\/\/skrina.si\/sl\/?s={search_term_string}"},"query-input":"required name=search_term_string"}],"inLanguage":"sl-SI"}]}},"_links":{"self":[{"href":"https:\/\/skrina.si\/sl\/wp-json\/wp\/v2\/product\/15258"}],"collection":[{"href":"https:\/\/skrina.si\/sl\/wp-json\/wp\/v2\/product"}],"about":[{"href":"https:\/\/skrina.si\/sl\/wp-json\/wp\/v2\/types\/product"}],"wp:attachment":[{"href":"https:\/\/skrina.si\/sl\/wp-json\/wp\/v2\/media?parent=15258"}],"wp:term":[{"taxonomy":"product_cat","embeddable":true,"href":"https:\/\/skrina.si\/sl\/wp-json\/wp\/v2\/product_cat?post=15258"},{"taxonomy":"product_tag","embeddable":true,"href":"https:\/\/skrina.si\/sl\/wp-json\/wp\/v2\/product_tag?post=15258"}],"curies":[{"name":"wp","href":"https:\/\/api.w.org\/{rel}","templated":true}]}}