{"id":15064,"date":"2024-04-15T12:43:56","date_gmt":"2024-04-15T10:43:56","guid":{"rendered":"https:\/\/skrina.si\/sl\/?post_type=product&#038;p=15064"},"modified":"2024-04-15T13:01:19","modified_gmt":"2024-04-15T11:01:19","slug":"medana-2","status":"publish","type":"product","link":"https:\/\/skrina.si\/sl\/product\/medana-2\/","title":{"rendered":"Medana (Kopija)"},"content":{"rendered":"","protected":false},"excerpt":{"rendered":"<h5>Akademski slikar <strong><em>Pavol Tesar,<\/em><\/strong> po rodu Slovak, si je ve\u010dletnem potovanju po Evropi izbral za svoj dom Slovenijo. Imel je ve\u010d samostojnih in skupinskih razstav, med drugim tudi v <em><strong>Etnogaleriji SKRINA, <\/strong><\/em>kjer je razstavljal vedute Ljubljane.<\/h5>\n<h5>Privla\u010dijo ga tudi <em><strong>zgodovinski motivi<\/strong><\/em> in predvsem lepota\u00a0 in bogastvo <em><strong>neokrnjene narave<\/strong><\/em>, ki vse bolj drasti\u010dno izginja v neizprosnem tempu sedanjosti.<br \/>\nSlikarstvo Pavla Tesarja odpira prav ta vrata \u2013 v na\u0161 dom prina\u0161a prizore galebov, makovih polj, oljk in mestnih vedut.<\/h5>\n<h6>Lastnosti:<\/h6>\n<ul>\n<li>\n<h6><em>Naslov dela: Medana<\/em><\/h6>\n<\/li>\n<li>\n<h6><em>Tehnika: olje <\/em><\/h6>\n<\/li>\n<li>\n<h6><em>Zunanja dimenzija: 40 x 30 cm<\/em><\/h6>\n<\/li>\n<li>\n<h6><em>Naslikano z ljubeznijo do detajlov<\/em><\/h6>\n<\/li>\n<\/ul>\n","protected":false},"featured_media":3388,"template":"","meta":{"_monsterinsights_skip_tracking":false,"_monsterinsights_sitenote_active":false,"_monsterinsights_sitenote_note":"","_monsterinsights_sitenote_category":0},"product_cat":[1554,1153],"product_tag":[],"aioseo_notices":[],"yoast_head":"<!-- This site is optimized with the Yoast SEO plugin v22.1 - https:\/\/yoast.com\/wordpress\/plugins\/seo\/ -->\n<title>Medana (Kopija) - Etnogalerija Skrina<\/title>\n<meta name=\"robots\" content=\"index, follow, max-snippet:-1, max-image-preview:large, max-video-preview:-1\" \/>\n<link rel=\"canonical\" href=\"https:\/\/skrina.si\/sl\/product\/medana-2\/\" \/>\n<meta property=\"og:locale\" content=\"sl_SI\" \/>\n<meta property=\"og:locale:alternate\" content=\"en_GB\" \/>\n<meta property=\"og:type\" content=\"article\" \/>\n<meta property=\"og:title\" content=\"Medana (Kopija)\" \/>\n<meta property=\"og:description\" content=\"Akademski slikar Pavol Tesar, po rodu Slovak, si je ve\u010dletnem potovanju po Evropi izbral za svoj dom Slovenijo. Imel je ve\u010d samostojnih in skupinskih razstav, med drugim tudi v Etnogaleriji SKRINA, kjer je razstavljal vedute Ljubljane. Privla\u010dijo ga tudi zgodovinski motivi in predvsem lepota\u00a0 in bogastvo neokrnjene narave, ki vse bolj drasti\u010dno izginja v neizprosnem tempu sedanjosti. Slikarstvo Pavla Tesarja odpira prav ta vrata \u2013 v na\u0161 dom prina\u0161a prizore galebov, makovih polj, oljk in mestnih vedut. Lastnosti:    Naslov dela: Medana    Tehnika: olje     Zunanja dimenzija: 40 x 30 cm    Naslikano z ljubeznijo do detajlov\" \/>\n<meta property=\"og:url\" content=\"https:\/\/skrina.si\/sl\/product\/medana-2\/\" \/>\n<meta property=\"og:site_name\" content=\"Etnogalerija Skrina\" \/>\n<meta property=\"article:modified_time\" content=\"2024-04-15T11:01:19+00:00\" \/>\n<meta property=\"og:image\" content=\"https:\/\/skrina.si\/wp-content\/uploads\/2021\/07\/Pavol-Tesar-Medana-olje.jpg\" \/>\n\t<meta property=\"og:image:width\" content=\"2001\" \/>\n\t<meta property=\"og:image:height\" content=\"1500\" \/>\n\t<meta property=\"og:image:type\" content=\"image\/jpeg\" \/>\n<meta name=\"twitter:card\" content=\"summary_large_image\" \/>\n<meta name=\"twitter:label1\" content=\"Est. reading time\" \/>\n\t<meta name=\"twitter:data1\" content=\"1 minuta\" \/>\n<script type=\"application\/ld+json\" class=\"yoast-schema-graph\">{\"@context\":\"https:\/\/schema.org\",\"@graph\":[{\"@type\":\"WebPage\",\"@id\":\"https:\/\/skrina.si\/sl\/product\/medana-2\/\",\"url\":\"https:\/\/skrina.si\/sl\/product\/medana-2\/\",\"name\":\"[:en]Medana[:sl]Medana (Kopija)[:] - Etnogalerija Skrina\",\"isPartOf\":{\"@id\":\"https:\/\/skrina.si\/sl\/#website\"},\"datePublished\":\"2024-04-15T10:43:56+00:00\",\"dateModified\":\"2024-04-15T11:01:19+00:00\",\"breadcrumb\":{\"@id\":\"https:\/\/skrina.si\/sl\/product\/medana-2\/#breadcrumb\"},\"inLanguage\":\"sl-SI\",\"potentialAction\":[{\"@type\":\"ReadAction\",\"target\":[\"https:\/\/skrina.si\/sl\/product\/medana-2\/\"]}]},{\"@type\":\"BreadcrumbList\",\"@id\":\"https:\/\/skrina.si\/sl\/product\/medana-2\/#breadcrumb\",\"itemListElement\":[{\"@type\":\"ListItem\",\"position\":1,\"name\":\"Home\",\"item\":\"https:\/\/skrina.si\/\"},{\"@type\":\"ListItem\",\"position\":2,\"name\":\"Shop\",\"item\":\"https:\/\/skrina.si\/shop\/\"},{\"@type\":\"ListItem\",\"position\":3,\"name\":\"Medana\"}]},{\"@type\":\"WebSite\",\"@id\":\"https:\/\/skrina.si\/sl\/#website\",\"url\":\"https:\/\/skrina.si\/sl\/\",\"name\":\"Etnogalerija Skrina\",\"description\":\"Tradicija s posluhom\",\"potentialAction\":[{\"@type\":\"SearchAction\",\"target\":{\"@type\":\"EntryPoint\",\"urlTemplate\":\"https:\/\/skrina.si\/sl\/?s={search_term_string}\"},\"query-input\":\"required name=search_term_string\"}],\"inLanguage\":\"sl-SI\"}]}<\/script>\n<!-- \/ Yoast SEO plugin. -->","yoast_head_json":{"title":"Medana (Kopija) - Etnogalerija Skrina","robots":{"index":"index","follow":"follow","max-snippet":"max-snippet:-1","max-image-preview":"max-image-preview:large","max-video-preview":"max-video-preview:-1"},"canonical":"https:\/\/skrina.si\/sl\/product\/medana-2\/","og_locale":"sl_SI","og_type":"article","og_title":"[:en]Medana[:sl]Medana (Kopija)[:] - Etnogalerija Skrina","og_description":"[:en]The Slovak-born academic painter Pavol Tesar traveled a lot around Europe and chose Slovenia as his home. He has had several solo and group exhibitions, including one at the SKRINA Ethnogalerie, where he exhibited Ljubljana's motifs. He is also attracted by historical motifs and, above all, by the beauty and richness of unspoiled nature. His paintings bring scenes of seagulls, poppy fields, olive trees, and cityscapes into our homes. The artist's brightly colored landscapes are full of sunshine and optimism and, like his historical paintings, are immediately recognizable. Details:    Work title: Medana    Technique: oil    Outer dimension: 40 x 30 cm    Painted with love of detail  [:sl]Akademski slikar Pavol Tesar, po rodu Slovak, si je ve\u010dletnem potovanju po Evropi izbral za svoj dom Slovenijo. Imel je ve\u010d samostojnih in skupinskih razstav, med drugim tudi v Etnogaleriji SKRINA, kjer je razstavljal vedute Ljubljane. Privla\u010dijo ga tudi zgodovinski motivi in predvsem lepota\u00a0 in bogastvo neokrnjene narave, ki vse bolj drasti\u010dno izginja v neizprosnem tempu sedanjosti. Slikarstvo Pavla Tesarja odpira prav ta vrata \u2013 v na\u0161 dom prina\u0161a prizore galebov, makovih polj, oljk in mestnih vedut. Lastnosti:    Naslov dela: Medana    Tehnika: olje     Zunanja dimenzija: 40 x 30 cm    Naslikano z ljubeznijo do detajlov  [:]","og_url":"https:\/\/skrina.si\/sl\/product\/medana-2\/","og_site_name":"Etnogalerija Skrina","article_modified_time":"2024-04-15T11:01:19+00:00","og_image":[{"width":2001,"height":1500,"url":"https:\/\/skrina.si\/wp-content\/uploads\/2021\/07\/Pavol-Tesar-Medana-olje.jpg","type":"image\/jpeg"}],"twitter_card":"summary_large_image","twitter_misc":{"Est. reading time":"1 minuta"},"schema":{"@context":"https:\/\/schema.org","@graph":[{"@type":"WebPage","@id":"https:\/\/skrina.si\/sl\/product\/medana-2\/","url":"https:\/\/skrina.si\/sl\/product\/medana-2\/","name":"[:en]Medana[:sl]Medana (Kopija)[:] - Etnogalerija Skrina","isPartOf":{"@id":"https:\/\/skrina.si\/sl\/#website"},"datePublished":"2024-04-15T10:43:56+00:00","dateModified":"2024-04-15T11:01:19+00:00","breadcrumb":{"@id":"https:\/\/skrina.si\/sl\/product\/medana-2\/#breadcrumb"},"inLanguage":"sl-SI","potentialAction":[{"@type":"ReadAction","target":["https:\/\/skrina.si\/sl\/product\/medana-2\/"]}]},{"@type":"BreadcrumbList","@id":"https:\/\/skrina.si\/sl\/product\/medana-2\/#breadcrumb","itemListElement":[{"@type":"ListItem","position":1,"name":"Home","item":"https:\/\/skrina.si\/"},{"@type":"ListItem","position":2,"name":"Shop","item":"https:\/\/skrina.si\/shop\/"},{"@type":"ListItem","position":3,"name":"Medana"}]},{"@type":"WebSite","@id":"https:\/\/skrina.si\/sl\/#website","url":"https:\/\/skrina.si\/sl\/","name":"Etnogalerija Skrina","description":"Tradicija s posluhom","potentialAction":[{"@type":"SearchAction","target":{"@type":"EntryPoint","urlTemplate":"https:\/\/skrina.si\/sl\/?s={search_term_string}"},"query-input":"required name=search_term_string"}],"inLanguage":"sl-SI"}]}},"_links":{"self":[{"href":"https:\/\/skrina.si\/sl\/wp-json\/wp\/v2\/product\/15064"}],"collection":[{"href":"https:\/\/skrina.si\/sl\/wp-json\/wp\/v2\/product"}],"about":[{"href":"https:\/\/skrina.si\/sl\/wp-json\/wp\/v2\/types\/product"}],"wp:featuredmedia":[{"embeddable":true,"href":"https:\/\/skrina.si\/sl\/wp-json\/wp\/v2\/media\/3388"}],"wp:attachment":[{"href":"https:\/\/skrina.si\/sl\/wp-json\/wp\/v2\/media?parent=15064"}],"wp:term":[{"taxonomy":"product_cat","embeddable":true,"href":"https:\/\/skrina.si\/sl\/wp-json\/wp\/v2\/product_cat?post=15064"},{"taxonomy":"product_tag","embeddable":true,"href":"https:\/\/skrina.si\/sl\/wp-json\/wp\/v2\/product_tag?post=15064"}],"curies":[{"name":"wp","href":"https:\/\/api.w.org\/{rel}","templated":true}]}}