{"id":15057,"date":"2024-04-15T10:43:58","date_gmt":"2024-04-15T08:43:58","guid":{"rendered":"https:\/\/skrina.si\/en\/?post_type=product&#038;p=15057"},"modified":"2024-05-05T18:31:43","modified_gmt":"2024-05-05T16:31:43","slug":"cat-pot","status":"publish","type":"product","link":"https:\/\/skrina.si\/sl\/product\/cat-pot\/","title":{"rendered":"Lon\u010dek ma\u010dka"},"content":{"rendered":"","protected":false},"excerpt":{"rendered":"<h5>Glina omogo\u010da \u0161irok razpon ustvarjalnosti, od uporabnih izdelkov, do razli\u010dnih dekorativnih re\u0161itev.<\/h5>\n<h5>Oblikovalka\u00a0<strong>Dubrovka \u0160orel<\/strong> posku\u0161a zdru\u017eiti oba na\u010dina in nekaterim uporabnim predmetom (skodelica, pladenj, posoda, skleda) poiskati novo, \u0161e ne videno obliko.<\/h5>\n<h6><strong>Lastnosti:<\/strong><\/h6>\n<ul>\n<li>\n<h6>Velikost lon\u010dek: 11 x 7 cm<\/h6>\n<\/li>\n<li>\n<h6>Velikost kro\u017enik: premer 14 cm<\/h6>\n<\/li>\n<li>\n<h6>Material: keramika<\/h6>\n<\/li>\n<li>\n<h6><em><strong>RO\u010cNO DELO<\/strong><\/em><\/h6>\n<\/li>\n<\/ul>\n<h6><\/h6>\n","protected":false},"featured_media":0,"template":"","meta":{"_monsterinsights_skip_tracking":false,"_monsterinsights_sitenote_active":false,"_monsterinsights_sitenote_note":"","_monsterinsights_sitenote_category":0},"product_cat":[1049,1053],"product_tag":[],"aioseo_notices":[],"yoast_head":"<!-- This site is optimized with the Yoast SEO plugin v22.1 - https:\/\/yoast.com\/wordpress\/plugins\/seo\/ -->\n<title>Lon\u010dek ma\u010dka - Etnogalerija Skrina<\/title>\n<meta name=\"description\" content=\"\" \/>\n<meta name=\"robots\" content=\"index, follow, max-snippet:-1, max-image-preview:large, max-video-preview:-1\" \/>\n<link rel=\"canonical\" href=\"https:\/\/skrina.si\/sl\/product\/cat-pot\/\" \/>\n<meta property=\"og:locale\" content=\"sl_SI\" \/>\n<meta property=\"og:locale:alternate\" content=\"en_GB\" \/>\n<meta property=\"og:type\" content=\"article\" \/>\n<meta property=\"og:title\" content=\"Lon\u010dek ma\u010dka\" \/>\n<meta property=\"og:description\" content=\"\" \/>\n<meta property=\"og:url\" content=\"https:\/\/skrina.si\/sl\/product\/cat-pot\/\" \/>\n<meta property=\"og:site_name\" content=\"Etnogalerija Skrina\" \/>\n<meta property=\"article:modified_time\" content=\"2024-05-05T16:31:43+00:00\" \/>\n<meta property=\"og:image\" content=\"https:\/\/skrina.si\/wp-content\/uploads\/2021\/07\/MACKE-SOREL-15.jpg\" \/>\n\t<meta property=\"og:image:width\" content=\"2000\" \/>\n\t<meta property=\"og:image:height\" content=\"1500\" \/>\n\t<meta property=\"og:image:type\" content=\"image\/jpeg\" \/>\n<meta name=\"twitter:card\" content=\"summary_large_image\" \/>\n<meta name=\"twitter:label1\" content=\"Est. reading time\" \/>\n\t<meta name=\"twitter:data1\" content=\"1 minuta\" \/>\n<script type=\"application\/ld+json\" class=\"yoast-schema-graph\">{\"@context\":\"https:\/\/schema.org\",\"@graph\":[{\"@type\":\"WebPage\",\"@id\":\"https:\/\/skrina.si\/sl\/product\/cat-pot\/\",\"url\":\"https:\/\/skrina.si\/sl\/product\/cat-pot\/\",\"name\":\"[:en]Cat pot[:sl]Lon\u010dek ma\u010dka[:] - Etnogalerija Skrina\",\"isPartOf\":{\"@id\":\"https:\/\/skrina.si\/sl\/#website\"},\"datePublished\":\"2024-04-15T08:43:58+00:00\",\"dateModified\":\"2024-05-05T16:31:43+00:00\",\"description\":\"[:en]Njene ro\u010dno oblikovane podobe ma\u010dk nosijo v sebi tako eleganco, kot skrivnostnost in so zrcalni odsev ustvarjalkinega odnosa do teh neodvisnih bitij.[:]\",\"breadcrumb\":{\"@id\":\"https:\/\/skrina.si\/sl\/product\/cat-pot\/#breadcrumb\"},\"inLanguage\":\"sl-SI\",\"potentialAction\":[{\"@type\":\"ReadAction\",\"target\":[\"https:\/\/skrina.si\/sl\/product\/cat-pot\/\"]}]},{\"@type\":\"BreadcrumbList\",\"@id\":\"https:\/\/skrina.si\/sl\/product\/cat-pot\/#breadcrumb\",\"itemListElement\":[{\"@type\":\"ListItem\",\"position\":1,\"name\":\"Home\",\"item\":\"https:\/\/skrina.si\/\"},{\"@type\":\"ListItem\",\"position\":2,\"name\":\"Shop\",\"item\":\"https:\/\/skrina.si\/shop\/\"},{\"@type\":\"ListItem\",\"position\":3,\"name\":\"Cat pot\"}]},{\"@type\":\"WebSite\",\"@id\":\"https:\/\/skrina.si\/sl\/#website\",\"url\":\"https:\/\/skrina.si\/sl\/\",\"name\":\"Etnogalerija Skrina\",\"description\":\"Tradicija s posluhom\",\"potentialAction\":[{\"@type\":\"SearchAction\",\"target\":{\"@type\":\"EntryPoint\",\"urlTemplate\":\"https:\/\/skrina.si\/sl\/?s={search_term_string}\"},\"query-input\":\"required name=search_term_string\"}],\"inLanguage\":\"sl-SI\"}]}<\/script>\n<!-- \/ Yoast SEO plugin. -->","yoast_head_json":{"title":"Lon\u010dek ma\u010dka - Etnogalerija Skrina","description":"[:en]Njene ro\u010dno oblikovane podobe ma\u010dk nosijo v sebi tako eleganco, kot skrivnostnost in so zrcalni odsev ustvarjalkinega odnosa do teh neodvisnih bitij.[:]","robots":{"index":"index","follow":"follow","max-snippet":"max-snippet:-1","max-image-preview":"max-image-preview:large","max-video-preview":"max-video-preview:-1"},"canonical":"https:\/\/skrina.si\/sl\/product\/cat-pot\/","og_locale":"sl_SI","og_type":"article","og_title":"[:en]Cat pot[:sl]Lon\u010dek ma\u010dka[:] - Etnogalerija Skrina","og_description":"[:en]Njene ro\u010dno oblikovane podobe ma\u010dk nosijo v sebi tako eleganco, kot skrivnostnost in so zrcalni odsev ustvarjalkinega odnosa do teh neodvisnih bitij.[:]","og_url":"https:\/\/skrina.si\/sl\/product\/cat-pot\/","og_site_name":"Etnogalerija Skrina","article_modified_time":"2024-05-05T16:31:43+00:00","og_image":[{"width":2000,"height":1500,"url":"https:\/\/skrina.si\/wp-content\/uploads\/2021\/07\/MACKE-SOREL-15.jpg","type":"image\/jpeg"}],"twitter_card":"summary_large_image","twitter_misc":{"Est. reading time":"1 minuta"},"schema":{"@context":"https:\/\/schema.org","@graph":[{"@type":"WebPage","@id":"https:\/\/skrina.si\/sl\/product\/cat-pot\/","url":"https:\/\/skrina.si\/sl\/product\/cat-pot\/","name":"[:en]Cat pot[:sl]Lon\u010dek ma\u010dka[:] - Etnogalerija Skrina","isPartOf":{"@id":"https:\/\/skrina.si\/sl\/#website"},"datePublished":"2024-04-15T08:43:58+00:00","dateModified":"2024-05-05T16:31:43+00:00","description":"[:en]Njene ro\u010dno oblikovane podobe ma\u010dk nosijo v sebi tako eleganco, kot skrivnostnost in so zrcalni odsev ustvarjalkinega odnosa do teh neodvisnih bitij.[:]","breadcrumb":{"@id":"https:\/\/skrina.si\/sl\/product\/cat-pot\/#breadcrumb"},"inLanguage":"sl-SI","potentialAction":[{"@type":"ReadAction","target":["https:\/\/skrina.si\/sl\/product\/cat-pot\/"]}]},{"@type":"BreadcrumbList","@id":"https:\/\/skrina.si\/sl\/product\/cat-pot\/#breadcrumb","itemListElement":[{"@type":"ListItem","position":1,"name":"Home","item":"https:\/\/skrina.si\/"},{"@type":"ListItem","position":2,"name":"Shop","item":"https:\/\/skrina.si\/shop\/"},{"@type":"ListItem","position":3,"name":"Cat pot"}]},{"@type":"WebSite","@id":"https:\/\/skrina.si\/sl\/#website","url":"https:\/\/skrina.si\/sl\/","name":"Etnogalerija Skrina","description":"Tradicija s posluhom","potentialAction":[{"@type":"SearchAction","target":{"@type":"EntryPoint","urlTemplate":"https:\/\/skrina.si\/sl\/?s={search_term_string}"},"query-input":"required name=search_term_string"}],"inLanguage":"sl-SI"}]}},"_links":{"self":[{"href":"https:\/\/skrina.si\/sl\/wp-json\/wp\/v2\/product\/15057"}],"collection":[{"href":"https:\/\/skrina.si\/sl\/wp-json\/wp\/v2\/product"}],"about":[{"href":"https:\/\/skrina.si\/sl\/wp-json\/wp\/v2\/types\/product"}],"wp:attachment":[{"href":"https:\/\/skrina.si\/sl\/wp-json\/wp\/v2\/media?parent=15057"}],"wp:term":[{"taxonomy":"product_cat","embeddable":true,"href":"https:\/\/skrina.si\/sl\/wp-json\/wp\/v2\/product_cat?post=15057"},{"taxonomy":"product_tag","embeddable":true,"href":"https:\/\/skrina.si\/sl\/wp-json\/wp\/v2\/product_tag?post=15057"}],"curies":[{"name":"wp","href":"https:\/\/api.w.org\/{rel}","templated":true}]}}