{"id":14229,"date":"2024-03-22T00:10:51","date_gmt":"2024-03-21T23:10:51","guid":{"rendered":"https:\/\/skrina.si\/?post_type=product&#038;p=14229"},"modified":"2024-05-02T17:31:43","modified_gmt":"2024-05-02T15:31:43","slug":"harlekin","status":"publish","type":"product","link":"https:\/\/skrina.si\/sl\/product\/harlekin\/","title":{"rendered":"Harlekin"},"content":{"rendered":"","protected":false},"excerpt":{"rendered":"<h5 style=\"text-align: justify;\">Umetnik <strong>Rok Zelenko<\/strong> se udejstvuje kot slikar, keramik in grafik. Po kon\u010dani Akademiji za likovno umetnost v Ljubljani je njegov dom postal <strong>Gro\u017enjan.<\/strong> Vznemirja ga <strong>barvitost<\/strong>, s katero gradi svoje slikarske podobe in jim vdihuje \u017eivljenje.<\/h5>\n<h5 style=\"text-align: justify;\">V njegovih likih se prepleteta resni\u010dnost in domi\u0161ljija, dedi\u0161\u010dina in sodobnost.<\/h5>\n<h6><em>Podrobnosti:<\/em><\/h6>\n<ul>\n<li>\n<h6><em>Stenski kro\u017enik: premer 25 cm<\/em><\/h6>\n<\/li>\n<li>\n<h6><em>Material: Keramika<\/em><\/h6>\n<\/li>\n<li>\n<h6><em>V darilni embala\u017ei<\/em><\/h6>\n<\/li>\n<li>\n<h6><em>Oblikovano z ljubeznijo do detajlov<\/em><\/h6>\n<\/li>\n<li>\n<h6><strong><em>RO\u010cNO DELO<\/em><\/strong><\/h6>\n<\/li>\n<\/ul>\n","protected":false},"featured_media":4037,"template":"","meta":{"_monsterinsights_skip_tracking":false,"_monsterinsights_sitenote_active":false,"_monsterinsights_sitenote_note":"","_monsterinsights_sitenote_category":0},"product_cat":[39,118],"product_tag":[1484,146],"aioseo_notices":[],"yoast_head":"<!-- This site is optimized with the Yoast SEO plugin v22.1 - https:\/\/yoast.com\/wordpress\/plugins\/seo\/ -->\n<title>Harlekin - Etnogalerija Skrina<\/title>\n<meta name=\"description\" content=\"Rok Zelenko - stenski kro\u017enik Pustna maska. \u010crtno barvni slog pa pride do izraza pri keramiki, kjer so prikazani predvsem fantazijski liki.\" \/>\n<meta name=\"robots\" content=\"index, follow, max-snippet:-1, max-image-preview:large, max-video-preview:-1\" \/>\n<link rel=\"canonical\" href=\"https:\/\/skrina.si\/sl\/product\/harlekin\/\" \/>\n<meta property=\"og:locale\" content=\"sl_SI\" \/>\n<meta property=\"og:locale:alternate\" content=\"en_GB\" \/>\n<meta property=\"og:type\" content=\"article\" \/>\n<meta property=\"og:title\" content=\"Harlekin\" \/>\n<meta property=\"og:description\" content=\"Rok Zelenko - stenski kro\u017enik Pustna maska. \u010crtno barvni slog pa pride do izraza pri keramiki, kjer so prikazani predvsem fantazijski liki.\" \/>\n<meta property=\"og:url\" content=\"https:\/\/skrina.si\/sl\/product\/harlekin\/\" \/>\n<meta property=\"og:site_name\" content=\"Etnogalerija Skrina\" \/>\n<meta property=\"article:modified_time\" content=\"2024-05-02T15:31:43+00:00\" \/>\n<meta property=\"og:image\" content=\"https:\/\/skrina.si\/wp-content\/uploads\/2021\/08\/Rok-Zelenko-kroznik-harlekin.jpg\" \/>\n\t<meta property=\"og:image:width\" content=\"2000\" \/>\n\t<meta property=\"og:image:height\" content=\"1500\" \/>\n\t<meta property=\"og:image:type\" content=\"image\/jpeg\" \/>\n<meta name=\"twitter:card\" content=\"summary_large_image\" \/>\n<meta name=\"twitter:label1\" content=\"Est. reading time\" \/>\n\t<meta name=\"twitter:data1\" content=\"1 minuta\" \/>\n<script type=\"application\/ld+json\" class=\"yoast-schema-graph\">{\"@context\":\"https:\/\/schema.org\",\"@graph\":[{\"@type\":\"WebPage\",\"@id\":\"https:\/\/skrina.si\/sl\/product\/harlekin\/\",\"url\":\"https:\/\/skrina.si\/sl\/product\/harlekin\/\",\"name\":\"[:en]Harlekin[:sl]Harlekin[:] - Etnogalerija Skrina\",\"isPartOf\":{\"@id\":\"https:\/\/skrina.si\/sl\/#website\"},\"datePublished\":\"2024-03-21T23:10:51+00:00\",\"dateModified\":\"2024-05-02T15:31:43+00:00\",\"description\":\"Rok Zelenko - stenski kro\u017enik Pustna maska. \u010crtno barvni slog pa pride do izraza pri keramiki, kjer so prikazani predvsem fantazijski liki.\",\"breadcrumb\":{\"@id\":\"https:\/\/skrina.si\/sl\/product\/harlekin\/#breadcrumb\"},\"inLanguage\":\"sl-SI\",\"potentialAction\":[{\"@type\":\"ReadAction\",\"target\":[\"https:\/\/skrina.si\/sl\/product\/harlekin\/\"]}]},{\"@type\":\"BreadcrumbList\",\"@id\":\"https:\/\/skrina.si\/sl\/product\/harlekin\/#breadcrumb\",\"itemListElement\":[{\"@type\":\"ListItem\",\"position\":1,\"name\":\"Home\",\"item\":\"https:\/\/skrina.si\/\"},{\"@type\":\"ListItem\",\"position\":2,\"name\":\"Shop\",\"item\":\"https:\/\/skrina.si\/shop\/\"},{\"@type\":\"ListItem\",\"position\":3,\"name\":\"Harlekin\"}]},{\"@type\":\"WebSite\",\"@id\":\"https:\/\/skrina.si\/sl\/#website\",\"url\":\"https:\/\/skrina.si\/sl\/\",\"name\":\"Etnogalerija Skrina\",\"description\":\"Tradicija s posluhom\",\"potentialAction\":[{\"@type\":\"SearchAction\",\"target\":{\"@type\":\"EntryPoint\",\"urlTemplate\":\"https:\/\/skrina.si\/sl\/?s={search_term_string}\"},\"query-input\":\"required name=search_term_string\"}],\"inLanguage\":\"sl-SI\"}]}<\/script>\n<!-- \/ Yoast SEO plugin. -->","yoast_head_json":{"title":"Harlekin - Etnogalerija Skrina","description":"Rok Zelenko - stenski kro\u017enik Pustna maska. \u010crtno barvni slog pa pride do izraza pri keramiki, kjer so prikazani predvsem fantazijski liki.","robots":{"index":"index","follow":"follow","max-snippet":"max-snippet:-1","max-image-preview":"max-image-preview:large","max-video-preview":"max-video-preview:-1"},"canonical":"https:\/\/skrina.si\/sl\/product\/harlekin\/","og_locale":"sl_SI","og_type":"article","og_title":"[:en]Harlekin[:sl]Harlekin[:] - Etnogalerija Skrina","og_description":"Rok Zelenko - stenski kro\u017enik Pustna maska. \u010crtno barvni slog pa pride do izraza pri keramiki, kjer so prikazani predvsem fantazijski liki.","og_url":"https:\/\/skrina.si\/sl\/product\/harlekin\/","og_site_name":"Etnogalerija Skrina","article_modified_time":"2024-05-02T15:31:43+00:00","og_image":[{"width":2000,"height":1500,"url":"https:\/\/skrina.si\/wp-content\/uploads\/2021\/08\/Rok-Zelenko-kroznik-harlekin.jpg","type":"image\/jpeg"}],"twitter_card":"summary_large_image","twitter_misc":{"Est. reading time":"1 minuta"},"schema":{"@context":"https:\/\/schema.org","@graph":[{"@type":"WebPage","@id":"https:\/\/skrina.si\/sl\/product\/harlekin\/","url":"https:\/\/skrina.si\/sl\/product\/harlekin\/","name":"[:en]Harlekin[:sl]Harlekin[:] - Etnogalerija Skrina","isPartOf":{"@id":"https:\/\/skrina.si\/sl\/#website"},"datePublished":"2024-03-21T23:10:51+00:00","dateModified":"2024-05-02T15:31:43+00:00","description":"Rok Zelenko - stenski kro\u017enik Pustna maska. \u010crtno barvni slog pa pride do izraza pri keramiki, kjer so prikazani predvsem fantazijski liki.","breadcrumb":{"@id":"https:\/\/skrina.si\/sl\/product\/harlekin\/#breadcrumb"},"inLanguage":"sl-SI","potentialAction":[{"@type":"ReadAction","target":["https:\/\/skrina.si\/sl\/product\/harlekin\/"]}]},{"@type":"BreadcrumbList","@id":"https:\/\/skrina.si\/sl\/product\/harlekin\/#breadcrumb","itemListElement":[{"@type":"ListItem","position":1,"name":"Home","item":"https:\/\/skrina.si\/"},{"@type":"ListItem","position":2,"name":"Shop","item":"https:\/\/skrina.si\/shop\/"},{"@type":"ListItem","position":3,"name":"Harlekin"}]},{"@type":"WebSite","@id":"https:\/\/skrina.si\/sl\/#website","url":"https:\/\/skrina.si\/sl\/","name":"Etnogalerija Skrina","description":"Tradicija s posluhom","potentialAction":[{"@type":"SearchAction","target":{"@type":"EntryPoint","urlTemplate":"https:\/\/skrina.si\/sl\/?s={search_term_string}"},"query-input":"required name=search_term_string"}],"inLanguage":"sl-SI"}]}},"_links":{"self":[{"href":"https:\/\/skrina.si\/sl\/wp-json\/wp\/v2\/product\/14229"}],"collection":[{"href":"https:\/\/skrina.si\/sl\/wp-json\/wp\/v2\/product"}],"about":[{"href":"https:\/\/skrina.si\/sl\/wp-json\/wp\/v2\/types\/product"}],"wp:featuredmedia":[{"embeddable":true,"href":"https:\/\/skrina.si\/sl\/wp-json\/wp\/v2\/media\/4037"}],"wp:attachment":[{"href":"https:\/\/skrina.si\/sl\/wp-json\/wp\/v2\/media?parent=14229"}],"wp:term":[{"taxonomy":"product_cat","embeddable":true,"href":"https:\/\/skrina.si\/sl\/wp-json\/wp\/v2\/product_cat?post=14229"},{"taxonomy":"product_tag","embeddable":true,"href":"https:\/\/skrina.si\/sl\/wp-json\/wp\/v2\/product_tag?post=14229"}],"curies":[{"name":"wp","href":"https:\/\/api.w.org\/{rel}","templated":true}]}}