{"id":14207,"date":"2024-03-21T21:53:26","date_gmt":"2024-03-21T20:53:26","guid":{"rendered":"https:\/\/skrina.si\/?post_type=product&#038;p=14207"},"modified":"2024-03-21T21:57:06","modified_gmt":"2024-03-21T20:57:06","slug":"spomincice-gorenjska","status":"publish","type":"product","link":"https:\/\/skrina.si\/sl\/product\/spomincice-gorenjska\/","title":{"rendered":"Spomin\u010di\u010de Gorenjska"},"content":{"rendered":"<h5>Igro SPOMIN smo poimenovali <strong><em>SPOMIN\u010cICE<\/em><\/strong> po drobnih sinjemodrih ro\u017eicah, ki v svoji bogati ljudski simboliki predstavljajo stanovitnost, navezanost na preteklost in zvestobo sebi, drugemu ali pa obljubi.<br \/>\nV ve\u010dini jezikov to cvetlico poznajo po imenom <strong><em>\u00bbne pozabi me\u00ab<\/em>,<\/strong> kar je seveda zelo pomembno tudi pri igri spomina.<br \/>\nSkozi igro boste poznavali slovenske kraje in obi\u010daje in morda katerega od njih \u017eeleli obiskati, ali se tja ponovno vrniti.<\/h5>\n","protected":false},"excerpt":{"rendered":"<h5>V svetu so\u00a0 vse bolj popularne\u00a0 dru\u017eabne\u00a0 igre, zato smo\u00a0 v\u00a0 SKRINI\u00a0 za vas pripravili igro <strong><em>SPOMIN<\/em><\/strong> z \u00a0motivi<strong><em> prepoznavnih slovenskih krajev in obi\u010dajev<\/em>, <\/strong>ki\u00a0 jih je za nas fotografiral priznan slovenski fotograf in alpinist<strong> <em>Stane Klemenc<\/em>.<br \/>\n<\/strong>Svoje bogate izku\u0161nje s podro\u010dja alpinizma in polarnih odprav je Stane Klemenc predstavil v ve\u010d kot 50 knjigah in monografiji Ledene sanje, njegove fotografije slovenskih krajev in gora pa so edinstven dokument o<strong> <em>lepotah Slovenije<\/em>.<\/strong><\/h5>\n<h5>Dru\u017eabne igre so protiute\u017e individualizma, <strong><em>krepijo dru\u017einske in socialne odnose<\/em><\/strong> in razvijajo lastnosti kot so:<br \/>\npotrpe\u017eljivost, iznajdljivost, koncentracija in logi\u010dno razmi\u0161ljanje.<\/h5>\n<h6><em>Podrobnosti:<\/em><\/h6>\n<ul>\n<li>\n<h6>SPOMIN\u010cICE \u2013 Igra spomin<\/h6>\n<\/li>\n<li>\n<h6>15 parov<\/h6>\n<\/li>\n<li>\n<h6>Motiv: GORENJSKA<\/h6>\n<\/li>\n<li>\n<h6>Embalirano v kartonski \u0161katli: 20 x 190 x 68 mm<\/h6>\n<\/li>\n<li>\n<h6>Material: papir<\/h6>\n<\/li>\n<li>\n<h6><strong><em>Idealno darilo za celo dru\u017eina (ne glede na starost in spol)<\/em><\/strong><\/h6>\n<\/li>\n<li>\n<h6>enostavna za po\u0161iljanje po po\u0161ti<\/h6>\n<\/li>\n<\/ul>\n<p>&nbsp;<\/p>\n","protected":false},"featured_media":13601,"template":"","meta":{"_monsterinsights_skip_tracking":false,"_monsterinsights_sitenote_active":false,"_monsterinsights_sitenote_note":"","_monsterinsights_sitenote_category":0},"product_cat":[1274,103],"product_tag":[726,1220,1218,80],"aioseo_notices":[],"yoast_head":"<!-- This site is optimized with the Yoast SEO plugin v22.1 - https:\/\/yoast.com\/wordpress\/plugins\/seo\/ -->\n<title>Spomin\u010di\u010de Gorenjska - Etnogalerija Skrina<\/title>\n<meta name=\"description\" content=\"Lesena pru\u010dka - \u017dabji kralj. Prikupno ter priro\u010dno darilo za otroke. Kupec sestavljivo pru\u010dko sam pobarva po prilo\u017eeni predlogi in s prilo\u017eenimi barvami.\" \/>\n<meta name=\"robots\" content=\"index, follow, max-snippet:-1, max-image-preview:large, max-video-preview:-1\" \/>\n<link rel=\"canonical\" href=\"https:\/\/skrina.si\/sl\/product\/spomincice-gorenjska\/\" \/>\n<meta property=\"og:locale\" content=\"sl_SI\" \/>\n<meta property=\"og:locale:alternate\" content=\"en_GB\" \/>\n<meta property=\"og:type\" content=\"article\" \/>\n<meta property=\"og:title\" content=\"Spomin\u010di\u010de Gorenjska - Etnogalerija Skrina\" \/>\n<meta property=\"og:description\" content=\"Lesena pru\u010dka - \u017dabji kralj. Prikupno ter priro\u010dno darilo za otroke. Kupec sestavljivo pru\u010dko sam pobarva po prilo\u017eeni predlogi in s prilo\u017eenimi barvami.\" \/>\n<meta property=\"og:url\" content=\"https:\/\/skrina.si\/sl\/product\/spomincice-gorenjska\/\" \/>\n<meta property=\"og:site_name\" content=\"Etnogalerija Skrina\" \/>\n<meta property=\"article:modified_time\" content=\"2024-03-21T20:57:06+00:00\" \/>\n<meta property=\"og:image\" content=\"https:\/\/skrina.si\/wp-content\/uploads\/2024\/02\/Spomincice-GORENJSKA.jpg\" \/>\n\t<meta property=\"og:image:width\" content=\"2000\" \/>\n\t<meta property=\"og:image:height\" content=\"1500\" \/>\n\t<meta property=\"og:image:type\" content=\"image\/jpeg\" \/>\n<meta name=\"twitter:card\" content=\"summary_large_image\" \/>\n<meta name=\"twitter:label1\" content=\"Est. reading time\" \/>\n\t<meta name=\"twitter:data1\" content=\"1 minuta\" \/>\n<script type=\"application\/ld+json\" class=\"yoast-schema-graph\">{\"@context\":\"https:\/\/schema.org\",\"@graph\":[{\"@type\":\"WebPage\",\"@id\":\"https:\/\/skrina.si\/sl\/product\/spomincice-gorenjska\/\",\"url\":\"https:\/\/skrina.si\/sl\/product\/spomincice-gorenjska\/\",\"name\":\"Spomin\u010di\u010de Gorenjska - Etnogalerija Skrina\",\"isPartOf\":{\"@id\":\"https:\/\/skrina.si\/sl\/#website\"},\"datePublished\":\"2024-03-21T20:53:26+00:00\",\"dateModified\":\"2024-03-21T20:57:06+00:00\",\"description\":\"Lesena pru\u010dka - \u017dabji kralj. Prikupno ter priro\u010dno darilo za otroke. Kupec sestavljivo pru\u010dko sam pobarva po prilo\u017eeni predlogi in s prilo\u017eenimi barvami.\",\"breadcrumb\":{\"@id\":\"https:\/\/skrina.si\/sl\/product\/spomincice-gorenjska\/#breadcrumb\"},\"inLanguage\":\"sl-SI\",\"potentialAction\":[{\"@type\":\"ReadAction\",\"target\":[\"https:\/\/skrina.si\/sl\/product\/spomincice-gorenjska\/\"]}]},{\"@type\":\"BreadcrumbList\",\"@id\":\"https:\/\/skrina.si\/sl\/product\/spomincice-gorenjska\/#breadcrumb\",\"itemListElement\":[{\"@type\":\"ListItem\",\"position\":1,\"name\":\"Home\",\"item\":\"https:\/\/skrina.si\/\"},{\"@type\":\"ListItem\",\"position\":2,\"name\":\"Shop\",\"item\":\"https:\/\/skrina.si\/shop\/\"},{\"@type\":\"ListItem\",\"position\":3,\"name\":\"Spomin\u010di\u010de Gorenjska\"}]},{\"@type\":\"WebSite\",\"@id\":\"https:\/\/skrina.si\/sl\/#website\",\"url\":\"https:\/\/skrina.si\/sl\/\",\"name\":\"Etnogalerija Skrina\",\"description\":\"Tradicija s posluhom\",\"potentialAction\":[{\"@type\":\"SearchAction\",\"target\":{\"@type\":\"EntryPoint\",\"urlTemplate\":\"https:\/\/skrina.si\/sl\/?s={search_term_string}\"},\"query-input\":\"required name=search_term_string\"}],\"inLanguage\":\"sl-SI\"}]}<\/script>\n<!-- \/ Yoast SEO plugin. -->","yoast_head_json":{"title":"Spomin\u010di\u010de Gorenjska - Etnogalerija Skrina","description":"Lesena pru\u010dka - \u017dabji kralj. Prikupno ter priro\u010dno darilo za otroke. Kupec sestavljivo pru\u010dko sam pobarva po prilo\u017eeni predlogi in s prilo\u017eenimi barvami.","robots":{"index":"index","follow":"follow","max-snippet":"max-snippet:-1","max-image-preview":"max-image-preview:large","max-video-preview":"max-video-preview:-1"},"canonical":"https:\/\/skrina.si\/sl\/product\/spomincice-gorenjska\/","og_locale":"sl_SI","og_type":"article","og_title":"Spomin\u010di\u010de Gorenjska - Etnogalerija Skrina","og_description":"Lesena pru\u010dka - \u017dabji kralj. Prikupno ter priro\u010dno darilo za otroke. Kupec sestavljivo pru\u010dko sam pobarva po prilo\u017eeni predlogi in s prilo\u017eenimi barvami.","og_url":"https:\/\/skrina.si\/sl\/product\/spomincice-gorenjska\/","og_site_name":"Etnogalerija Skrina","article_modified_time":"2024-03-21T20:57:06+00:00","og_image":[{"width":2000,"height":1500,"url":"https:\/\/skrina.si\/wp-content\/uploads\/2024\/02\/Spomincice-GORENJSKA.jpg","type":"image\/jpeg"}],"twitter_card":"summary_large_image","twitter_misc":{"Est. reading time":"1 minuta"},"schema":{"@context":"https:\/\/schema.org","@graph":[{"@type":"WebPage","@id":"https:\/\/skrina.si\/sl\/product\/spomincice-gorenjska\/","url":"https:\/\/skrina.si\/sl\/product\/spomincice-gorenjska\/","name":"Spomin\u010di\u010de Gorenjska - Etnogalerija Skrina","isPartOf":{"@id":"https:\/\/skrina.si\/sl\/#website"},"datePublished":"2024-03-21T20:53:26+00:00","dateModified":"2024-03-21T20:57:06+00:00","description":"Lesena pru\u010dka - \u017dabji kralj. Prikupno ter priro\u010dno darilo za otroke. Kupec sestavljivo pru\u010dko sam pobarva po prilo\u017eeni predlogi in s prilo\u017eenimi barvami.","breadcrumb":{"@id":"https:\/\/skrina.si\/sl\/product\/spomincice-gorenjska\/#breadcrumb"},"inLanguage":"sl-SI","potentialAction":[{"@type":"ReadAction","target":["https:\/\/skrina.si\/sl\/product\/spomincice-gorenjska\/"]}]},{"@type":"BreadcrumbList","@id":"https:\/\/skrina.si\/sl\/product\/spomincice-gorenjska\/#breadcrumb","itemListElement":[{"@type":"ListItem","position":1,"name":"Home","item":"https:\/\/skrina.si\/"},{"@type":"ListItem","position":2,"name":"Shop","item":"https:\/\/skrina.si\/shop\/"},{"@type":"ListItem","position":3,"name":"Spomin\u010di\u010de Gorenjska"}]},{"@type":"WebSite","@id":"https:\/\/skrina.si\/sl\/#website","url":"https:\/\/skrina.si\/sl\/","name":"Etnogalerija Skrina","description":"Tradicija s posluhom","potentialAction":[{"@type":"SearchAction","target":{"@type":"EntryPoint","urlTemplate":"https:\/\/skrina.si\/sl\/?s={search_term_string}"},"query-input":"required name=search_term_string"}],"inLanguage":"sl-SI"}]}},"_links":{"self":[{"href":"https:\/\/skrina.si\/sl\/wp-json\/wp\/v2\/product\/14207"}],"collection":[{"href":"https:\/\/skrina.si\/sl\/wp-json\/wp\/v2\/product"}],"about":[{"href":"https:\/\/skrina.si\/sl\/wp-json\/wp\/v2\/types\/product"}],"wp:featuredmedia":[{"embeddable":true,"href":"https:\/\/skrina.si\/sl\/wp-json\/wp\/v2\/media\/13601"}],"wp:attachment":[{"href":"https:\/\/skrina.si\/sl\/wp-json\/wp\/v2\/media?parent=14207"}],"wp:term":[{"taxonomy":"product_cat","embeddable":true,"href":"https:\/\/skrina.si\/sl\/wp-json\/wp\/v2\/product_cat?post=14207"},{"taxonomy":"product_tag","embeddable":true,"href":"https:\/\/skrina.si\/sl\/wp-json\/wp\/v2\/product_tag?post=14207"}],"curies":[{"name":"wp","href":"https:\/\/api.w.org\/{rel}","templated":true}]}}