{"id":14162,"date":"2024-03-19T20:35:42","date_gmt":"2024-03-19T19:35:42","guid":{"rendered":"https:\/\/skrina.si\/?post_type=product&#038;p=14162"},"modified":"2024-03-19T22:14:11","modified_gmt":"2024-03-19T21:14:11","slug":"konj-2","status":"publish","type":"product","link":"https:\/\/skrina.si\/sl\/product\/konj-2\/","title":{"rendered":"Konj"},"content":{"rendered":"<h5><\/h5>\n","protected":false},"excerpt":{"rendered":"<h5>Skorajda ni mitologije na svetu, v kateri <em><strong>konj<\/strong><\/em> ne bi igral pomembne vloge. Je simbol\u00a0 intuicije, navdiha, poetike, miline in bo\u017eanske mo\u010di. Ponese nas v svet svetlobe in svet sanj.<br \/>\nOstaja na\u0161 zvest spremljevalec in za\u0161\u010ditnik kot Krpanova kobilica, anti\u010dni Pegaz ali pa eleganten beli lipicanec.<\/h5>\n<h5>Pri\u010dujo\u010di izdelek je dobil navdih na<em><strong> va\u0161ki situli<\/strong><\/em>, izdelan pa je v livarski delavnici <em><strong>\u0160tine.<\/strong><\/em><\/h5>\n<h6><em>Podrobnosti:<\/em><\/h6>\n<ul>\n<li>\n<h6>Skulptura Konj<\/h6>\n<\/li>\n<li>\n<h6>Mere: 10 x 8 x 3 cm<\/h6>\n<\/li>\n<li>\n<h6>Embalirano v kartonski embala\u017ei<\/h6>\n<\/li>\n<li>\n<h6>Certifikat<\/h6>\n<\/li>\n<li>\n<h6>Material: kamen\/bron<\/h6>\n<\/li>\n<li>\n<h6><strong><em>Darilo vezano na slovensko ljudsko izro\u010dilo<\/em><\/strong><\/h6>\n<\/li>\n<\/ul>\n","protected":false},"featured_media":4512,"template":"","meta":{"_monsterinsights_skip_tracking":false,"_monsterinsights_sitenote_active":false,"_monsterinsights_sitenote_note":"","_monsterinsights_sitenote_category":0},"product_cat":[122,121],"product_tag":[],"aioseo_notices":[],"yoast_head":"<!-- This site is optimized with the Yoast SEO plugin v22.1 - https:\/\/yoast.com\/wordpress\/plugins\/seo\/ -->\n<title>Konj - Etnogalerija Skrina<\/title>\n<meta name=\"robots\" content=\"index, follow, max-snippet:-1, max-image-preview:large, max-video-preview:-1\" \/>\n<link rel=\"canonical\" href=\"https:\/\/skrina.si\/sl\/product\/konj-2\/\" \/>\n<meta property=\"og:locale\" content=\"sl_SI\" \/>\n<meta property=\"og:locale:alternate\" content=\"en_GB\" \/>\n<meta property=\"og:type\" content=\"article\" \/>\n<meta property=\"og:title\" content=\"Konj - Etnogalerija Skrina\" \/>\n<meta property=\"og:description\" content=\"Skorajda ni mitologije na svetu, v kateri konj ne bi igral pomembne vloge. Je simbol\u00a0 intuicije, navdiha, poetike, miline in bo\u017eanske mo\u010di. Ponese nas v svet svetlobe in svet sanj. Ostaja na\u0161 zvest spremljevalec in za\u0161\u010ditnik kot Krpanova kobilica, anti\u010dni Pegaz ali pa eleganten beli lipicanec. Pri\u010dujo\u010di izdelek je dobil navdih na va\u0161ki situli, izdelan pa je v livarski delavnici \u0160tine. Podrobnosti:    Skulptura Konj    Mere: 10 x 8 x 3 cm    Embalirano v kartonski embala\u017ei    Certifikat    Material: kamen\/bron    Darilo vezano na slovensko ljudsko izro\u010dilo\" \/>\n<meta property=\"og:url\" content=\"https:\/\/skrina.si\/sl\/product\/konj-2\/\" \/>\n<meta property=\"og:site_name\" content=\"Etnogalerija Skrina\" \/>\n<meta property=\"article:modified_time\" content=\"2024-03-19T21:14:11+00:00\" \/>\n<meta property=\"og:image\" content=\"https:\/\/skrina.si\/wp-content\/uploads\/2021\/08\/Stine_Konjicek.jpg\" \/>\n\t<meta property=\"og:image:width\" content=\"2000\" \/>\n\t<meta property=\"og:image:height\" content=\"1500\" \/>\n\t<meta property=\"og:image:type\" content=\"image\/jpeg\" \/>\n<meta name=\"twitter:card\" content=\"summary_large_image\" \/>\n<meta name=\"twitter:label1\" content=\"Est. reading time\" \/>\n\t<meta name=\"twitter:data1\" content=\"1 minuta\" \/>\n<script type=\"application\/ld+json\" class=\"yoast-schema-graph\">{\"@context\":\"https:\/\/schema.org\",\"@graph\":[{\"@type\":\"WebPage\",\"@id\":\"https:\/\/skrina.si\/sl\/product\/konj-2\/\",\"url\":\"https:\/\/skrina.si\/sl\/product\/konj-2\/\",\"name\":\"Konj - Etnogalerija Skrina\",\"isPartOf\":{\"@id\":\"https:\/\/skrina.si\/sl\/#website\"},\"datePublished\":\"2024-03-19T19:35:42+00:00\",\"dateModified\":\"2024-03-19T21:14:11+00:00\",\"breadcrumb\":{\"@id\":\"https:\/\/skrina.si\/sl\/product\/konj-2\/#breadcrumb\"},\"inLanguage\":\"sl-SI\",\"potentialAction\":[{\"@type\":\"ReadAction\",\"target\":[\"https:\/\/skrina.si\/sl\/product\/konj-2\/\"]}]},{\"@type\":\"BreadcrumbList\",\"@id\":\"https:\/\/skrina.si\/sl\/product\/konj-2\/#breadcrumb\",\"itemListElement\":[{\"@type\":\"ListItem\",\"position\":1,\"name\":\"Home\",\"item\":\"https:\/\/skrina.si\/\"},{\"@type\":\"ListItem\",\"position\":2,\"name\":\"Shop\",\"item\":\"https:\/\/skrina.si\/shop\/\"},{\"@type\":\"ListItem\",\"position\":3,\"name\":\"Konj\"}]},{\"@type\":\"WebSite\",\"@id\":\"https:\/\/skrina.si\/sl\/#website\",\"url\":\"https:\/\/skrina.si\/sl\/\",\"name\":\"Etnogalerija Skrina\",\"description\":\"Tradicija s posluhom\",\"potentialAction\":[{\"@type\":\"SearchAction\",\"target\":{\"@type\":\"EntryPoint\",\"urlTemplate\":\"https:\/\/skrina.si\/sl\/?s={search_term_string}\"},\"query-input\":\"required name=search_term_string\"}],\"inLanguage\":\"sl-SI\"}]}<\/script>\n<!-- \/ Yoast SEO plugin. -->","yoast_head_json":{"title":"Konj - Etnogalerija Skrina","robots":{"index":"index","follow":"follow","max-snippet":"max-snippet:-1","max-image-preview":"max-image-preview:large","max-video-preview":"max-video-preview:-1"},"canonical":"https:\/\/skrina.si\/sl\/product\/konj-2\/","og_locale":"sl_SI","og_type":"article","og_title":"Konj - Etnogalerija Skrina","og_description":"Skorajda ni mitologije na svetu, v kateri konj ne bi igral pomembne vloge. Je simbol\u00a0 intuicije, navdiha, poetike, miline in bo\u017eanske mo\u010di. Ponese nas v svet svetlobe in svet sanj. Ostaja na\u0161 zvest spremljevalec in za\u0161\u010ditnik kot Krpanova kobilica, anti\u010dni Pegaz ali pa eleganten beli lipicanec. Pri\u010dujo\u010di izdelek je dobil navdih na va\u0161ki situli, izdelan pa je v livarski delavnici \u0160tine. Podrobnosti:    Skulptura Konj    Mere: 10 x 8 x 3 cm    Embalirano v kartonski embala\u017ei    Certifikat    Material: kamen\/bron    Darilo vezano na slovensko ljudsko izro\u010dilo","og_url":"https:\/\/skrina.si\/sl\/product\/konj-2\/","og_site_name":"Etnogalerija Skrina","article_modified_time":"2024-03-19T21:14:11+00:00","og_image":[{"width":2000,"height":1500,"url":"https:\/\/skrina.si\/wp-content\/uploads\/2021\/08\/Stine_Konjicek.jpg","type":"image\/jpeg"}],"twitter_card":"summary_large_image","twitter_misc":{"Est. reading time":"1 minuta"},"schema":{"@context":"https:\/\/schema.org","@graph":[{"@type":"WebPage","@id":"https:\/\/skrina.si\/sl\/product\/konj-2\/","url":"https:\/\/skrina.si\/sl\/product\/konj-2\/","name":"Konj - Etnogalerija Skrina","isPartOf":{"@id":"https:\/\/skrina.si\/sl\/#website"},"datePublished":"2024-03-19T19:35:42+00:00","dateModified":"2024-03-19T21:14:11+00:00","breadcrumb":{"@id":"https:\/\/skrina.si\/sl\/product\/konj-2\/#breadcrumb"},"inLanguage":"sl-SI","potentialAction":[{"@type":"ReadAction","target":["https:\/\/skrina.si\/sl\/product\/konj-2\/"]}]},{"@type":"BreadcrumbList","@id":"https:\/\/skrina.si\/sl\/product\/konj-2\/#breadcrumb","itemListElement":[{"@type":"ListItem","position":1,"name":"Home","item":"https:\/\/skrina.si\/"},{"@type":"ListItem","position":2,"name":"Shop","item":"https:\/\/skrina.si\/shop\/"},{"@type":"ListItem","position":3,"name":"Konj"}]},{"@type":"WebSite","@id":"https:\/\/skrina.si\/sl\/#website","url":"https:\/\/skrina.si\/sl\/","name":"Etnogalerija Skrina","description":"Tradicija s posluhom","potentialAction":[{"@type":"SearchAction","target":{"@type":"EntryPoint","urlTemplate":"https:\/\/skrina.si\/sl\/?s={search_term_string}"},"query-input":"required name=search_term_string"}],"inLanguage":"sl-SI"}]}},"_links":{"self":[{"href":"https:\/\/skrina.si\/sl\/wp-json\/wp\/v2\/product\/14162"}],"collection":[{"href":"https:\/\/skrina.si\/sl\/wp-json\/wp\/v2\/product"}],"about":[{"href":"https:\/\/skrina.si\/sl\/wp-json\/wp\/v2\/types\/product"}],"wp:featuredmedia":[{"embeddable":true,"href":"https:\/\/skrina.si\/sl\/wp-json\/wp\/v2\/media\/4512"}],"wp:attachment":[{"href":"https:\/\/skrina.si\/sl\/wp-json\/wp\/v2\/media?parent=14162"}],"wp:term":[{"taxonomy":"product_cat","embeddable":true,"href":"https:\/\/skrina.si\/sl\/wp-json\/wp\/v2\/product_cat?post=14162"},{"taxonomy":"product_tag","embeddable":true,"href":"https:\/\/skrina.si\/sl\/wp-json\/wp\/v2\/product_tag?post=14162"}],"curies":[{"name":"wp","href":"https:\/\/api.w.org\/{rel}","templated":true}]}}