{"id":14150,"date":"2024-03-19T16:25:34","date_gmt":"2024-03-19T15:25:34","guid":{"rendered":"https:\/\/skrina.si\/?post_type=product&#038;p=14150"},"modified":"2024-03-19T17:17:51","modified_gmt":"2024-03-19T16:17:51","slug":"zdravnik","status":"publish","type":"product","link":"https:\/\/skrina.si\/sl\/product\/zdravnik\/","title":{"rendered":"Zdravnik"},"content":{"rendered":"","protected":false},"excerpt":{"rendered":"<h5><strong><em>Guillermo Forchino<\/em><\/strong>\u00a0je svetovno uveljavljen kipar. Njegove hudomu\u0161ne figure na duhovit in v\u010dasih sarkasti\u010den na\u010din ponazarjajo <strong><em>poklice, hobije, \u010dlove\u0161ke navade in razvade.<\/em><\/strong><\/h5>\n<h5>Karakterji njegovih junakov izra\u017eajo humor, imajo du\u0161o in spadajo v kategorijo tako imenovanih <strong><em>karakternih daril, <\/em><\/strong>zato bodite izvirni in podarite <strong><em>zdravnika\u00a0 <\/em><\/strong>va\u0161emu dru\u017einskemu zdravniku.<\/h5>\n<h6><em>Podrobnosti:<\/em><\/h6>\n<ul>\n<li>\n<h6>Naslov: Kuhar<\/h6>\n<\/li>\n<li>\n<h6>Mere izdelka: 15 x 35 cm<\/h6>\n<\/li>\n<li>\n<h6>Material: keramika<\/h6>\n<\/li>\n<li>\n<h6>CERTIFIKAT<\/h6>\n<\/li>\n<li>\n<h6>Embalirano v kartonski \u0161katli, zaviti v \u010dasopis \u00bbForchino Neus\u00ab<\/h6>\n<\/li>\n<\/ul>\n","protected":false},"featured_media":11895,"template":"","meta":{"_monsterinsights_skip_tracking":false,"_monsterinsights_sitenote_active":false,"_monsterinsights_sitenote_note":"","_monsterinsights_sitenote_category":0},"product_cat":[303,121],"product_tag":[],"aioseo_notices":[],"yoast_head":"<!-- This site is optimized with the Yoast SEO plugin v22.1 - https:\/\/yoast.com\/wordpress\/plugins\/seo\/ -->\n<title>Zdravnik - Etnogalerija Skrina<\/title>\n<meta name=\"robots\" content=\"index, follow, max-snippet:-1, max-image-preview:large, max-video-preview:-1\" \/>\n<link rel=\"canonical\" href=\"https:\/\/skrina.si\/sl\/product\/zdravnik\/\" \/>\n<meta property=\"og:locale\" content=\"sl_SI\" \/>\n<meta property=\"og:locale:alternate\" content=\"en_GB\" \/>\n<meta property=\"og:type\" content=\"article\" \/>\n<meta property=\"og:title\" content=\"Zdravnik - Etnogalerija Skrina\" \/>\n<meta property=\"og:description\" content=\"Guillermo Forchino\u00a0je svetovno uveljavljen kipar. Njegove hudomu\u0161ne figure na duhovit in v\u010dasih sarkasti\u010den na\u010din ponazarjajo poklice, hobije, \u010dlove\u0161ke navade in razvade. Karakterji njegovih junakov izra\u017eajo humor, imajo du\u0161o in spadajo v kategorijo tako imenovanih karakternih daril, zato bodite izvirni in podarite zdravnika\u00a0 va\u0161emu dru\u017einskemu zdravniku. Podrobnosti:    Naslov: Kuhar    Mere izdelka: 15 x 35 cm    Material: keramika    CERTIFIKAT    Embalirano v kartonski \u0161katli, zaviti v \u010dasopis \u00bbForchino Neus\u00ab\" \/>\n<meta property=\"og:url\" content=\"https:\/\/skrina.si\/sl\/product\/zdravnik\/\" \/>\n<meta property=\"og:site_name\" content=\"Etnogalerija Skrina\" \/>\n<meta property=\"article:modified_time\" content=\"2024-03-19T16:17:51+00:00\" \/>\n<meta property=\"og:image\" content=\"https:\/\/skrina.si\/wp-content\/uploads\/2022\/08\/Guillermo-Forchino-The-doctor-zdravnik-poklici-darilo-ob-upokojitvi-3.jpg\" \/>\n\t<meta property=\"og:image:width\" content=\"2000\" \/>\n\t<meta property=\"og:image:height\" content=\"1500\" \/>\n\t<meta property=\"og:image:type\" content=\"image\/jpeg\" \/>\n<meta name=\"twitter:card\" content=\"summary_large_image\" \/>\n<meta name=\"twitter:label1\" content=\"Est. reading time\" \/>\n\t<meta name=\"twitter:data1\" content=\"1 minuta\" \/>\n<script type=\"application\/ld+json\" class=\"yoast-schema-graph\">{\"@context\":\"https:\/\/schema.org\",\"@graph\":[{\"@type\":\"WebPage\",\"@id\":\"https:\/\/skrina.si\/sl\/product\/zdravnik\/\",\"url\":\"https:\/\/skrina.si\/sl\/product\/zdravnik\/\",\"name\":\"Zdravnik - Etnogalerija Skrina\",\"isPartOf\":{\"@id\":\"https:\/\/skrina.si\/sl\/#website\"},\"datePublished\":\"2024-03-19T15:25:34+00:00\",\"dateModified\":\"2024-03-19T16:17:51+00:00\",\"breadcrumb\":{\"@id\":\"https:\/\/skrina.si\/sl\/product\/zdravnik\/#breadcrumb\"},\"inLanguage\":\"sl-SI\",\"potentialAction\":[{\"@type\":\"ReadAction\",\"target\":[\"https:\/\/skrina.si\/sl\/product\/zdravnik\/\"]}]},{\"@type\":\"BreadcrumbList\",\"@id\":\"https:\/\/skrina.si\/sl\/product\/zdravnik\/#breadcrumb\",\"itemListElement\":[{\"@type\":\"ListItem\",\"position\":1,\"name\":\"Home\",\"item\":\"https:\/\/skrina.si\/\"},{\"@type\":\"ListItem\",\"position\":2,\"name\":\"Shop\",\"item\":\"https:\/\/skrina.si\/shop\/\"},{\"@type\":\"ListItem\",\"position\":3,\"name\":\"Zdravnik\"}]},{\"@type\":\"WebSite\",\"@id\":\"https:\/\/skrina.si\/sl\/#website\",\"url\":\"https:\/\/skrina.si\/sl\/\",\"name\":\"Etnogalerija Skrina\",\"description\":\"Tradicija s posluhom\",\"potentialAction\":[{\"@type\":\"SearchAction\",\"target\":{\"@type\":\"EntryPoint\",\"urlTemplate\":\"https:\/\/skrina.si\/sl\/?s={search_term_string}\"},\"query-input\":\"required name=search_term_string\"}],\"inLanguage\":\"sl-SI\"}]}<\/script>\n<!-- \/ Yoast SEO plugin. -->","yoast_head_json":{"title":"Zdravnik - Etnogalerija Skrina","robots":{"index":"index","follow":"follow","max-snippet":"max-snippet:-1","max-image-preview":"max-image-preview:large","max-video-preview":"max-video-preview:-1"},"canonical":"https:\/\/skrina.si\/sl\/product\/zdravnik\/","og_locale":"sl_SI","og_type":"article","og_title":"Zdravnik - Etnogalerija Skrina","og_description":"Guillermo Forchino\u00a0je svetovno uveljavljen kipar. Njegove hudomu\u0161ne figure na duhovit in v\u010dasih sarkasti\u010den na\u010din ponazarjajo poklice, hobije, \u010dlove\u0161ke navade in razvade. Karakterji njegovih junakov izra\u017eajo humor, imajo du\u0161o in spadajo v kategorijo tako imenovanih karakternih daril, zato bodite izvirni in podarite zdravnika\u00a0 va\u0161emu dru\u017einskemu zdravniku. Podrobnosti:    Naslov: Kuhar    Mere izdelka: 15 x 35 cm    Material: keramika    CERTIFIKAT    Embalirano v kartonski \u0161katli, zaviti v \u010dasopis \u00bbForchino Neus\u00ab","og_url":"https:\/\/skrina.si\/sl\/product\/zdravnik\/","og_site_name":"Etnogalerija Skrina","article_modified_time":"2024-03-19T16:17:51+00:00","og_image":[{"width":2000,"height":1500,"url":"https:\/\/skrina.si\/wp-content\/uploads\/2022\/08\/Guillermo-Forchino-The-doctor-zdravnik-poklici-darilo-ob-upokojitvi-3.jpg","type":"image\/jpeg"}],"twitter_card":"summary_large_image","twitter_misc":{"Est. reading time":"1 minuta"},"schema":{"@context":"https:\/\/schema.org","@graph":[{"@type":"WebPage","@id":"https:\/\/skrina.si\/sl\/product\/zdravnik\/","url":"https:\/\/skrina.si\/sl\/product\/zdravnik\/","name":"Zdravnik - Etnogalerija Skrina","isPartOf":{"@id":"https:\/\/skrina.si\/sl\/#website"},"datePublished":"2024-03-19T15:25:34+00:00","dateModified":"2024-03-19T16:17:51+00:00","breadcrumb":{"@id":"https:\/\/skrina.si\/sl\/product\/zdravnik\/#breadcrumb"},"inLanguage":"sl-SI","potentialAction":[{"@type":"ReadAction","target":["https:\/\/skrina.si\/sl\/product\/zdravnik\/"]}]},{"@type":"BreadcrumbList","@id":"https:\/\/skrina.si\/sl\/product\/zdravnik\/#breadcrumb","itemListElement":[{"@type":"ListItem","position":1,"name":"Home","item":"https:\/\/skrina.si\/"},{"@type":"ListItem","position":2,"name":"Shop","item":"https:\/\/skrina.si\/shop\/"},{"@type":"ListItem","position":3,"name":"Zdravnik"}]},{"@type":"WebSite","@id":"https:\/\/skrina.si\/sl\/#website","url":"https:\/\/skrina.si\/sl\/","name":"Etnogalerija Skrina","description":"Tradicija s posluhom","potentialAction":[{"@type":"SearchAction","target":{"@type":"EntryPoint","urlTemplate":"https:\/\/skrina.si\/sl\/?s={search_term_string}"},"query-input":"required name=search_term_string"}],"inLanguage":"sl-SI"}]}},"_links":{"self":[{"href":"https:\/\/skrina.si\/sl\/wp-json\/wp\/v2\/product\/14150"}],"collection":[{"href":"https:\/\/skrina.si\/sl\/wp-json\/wp\/v2\/product"}],"about":[{"href":"https:\/\/skrina.si\/sl\/wp-json\/wp\/v2\/types\/product"}],"wp:featuredmedia":[{"embeddable":true,"href":"https:\/\/skrina.si\/sl\/wp-json\/wp\/v2\/media\/11895"}],"wp:attachment":[{"href":"https:\/\/skrina.si\/sl\/wp-json\/wp\/v2\/media?parent=14150"}],"wp:term":[{"taxonomy":"product_cat","embeddable":true,"href":"https:\/\/skrina.si\/sl\/wp-json\/wp\/v2\/product_cat?post=14150"},{"taxonomy":"product_tag","embeddable":true,"href":"https:\/\/skrina.si\/sl\/wp-json\/wp\/v2\/product_tag?post=14150"}],"curies":[{"name":"wp","href":"https:\/\/api.w.org\/{rel}","templated":true}]}}