{"id":14146,"date":"2024-03-19T15:51:28","date_gmt":"2024-03-19T14:51:28","guid":{"rendered":"https:\/\/skrina.si\/?post_type=product&#038;p=14146"},"modified":"2024-03-19T16:11:06","modified_gmt":"2024-03-19T15:11:06","slug":"zobozdravnica","status":"publish","type":"product","link":"https:\/\/skrina.si\/sl\/product\/zobozdravnica\/","title":{"rendered":"Zobozdravnica"},"content":{"rendered":"","protected":false},"excerpt":{"rendered":"<h5><strong><em>Guillermo Forchino<\/em><\/strong>\u00a0je svetovno uveljavljen kipar. Njegove hudomu\u0161ne figure na duhovit in v\u010dasih sarkasti\u010den na\u010din ponazarjajo <strong><em>poklice, hobije, \u010dlove\u0161ke navade in razvade.<\/em><\/strong><\/h5>\n<h5>Karakterji njegovih junakov izra\u017eajo humor, imajo du\u0161o in spadajo v kategorijo tako imenovanih <strong><em>karakternih daril, <\/em><\/strong>zato bodite izvirni in podarite <strong><em>zobozdravnico <\/em><\/strong>\u00a0svoji \u00bbnajljub\u0161i\u00ab zobozdravnici.<\/h5>\n<h6><em>Podrobnosti:<\/em><\/h6>\n<ul>\n<li>\n<h6>Naslov: Zobozdravnica<\/h6>\n<\/li>\n<li>\n<h6>Mere izdelka: 15 x 35 cm<\/h6>\n<\/li>\n<li>\n<h6>Material: keramika<\/h6>\n<\/li>\n<li>\n<h6>CERTIFIKAT<\/h6>\n<\/li>\n<li>\n<h6>Embalirano v kartonski \u0161katli, zaviti v \u010dasopis \u00bbForchino Neus\u00ab<\/h6>\n<\/li>\n<\/ul>\n","protected":false},"featured_media":14147,"template":"","meta":{"_monsterinsights_skip_tracking":false,"_monsterinsights_sitenote_active":false,"_monsterinsights_sitenote_note":"","_monsterinsights_sitenote_category":0},"product_cat":[303,121],"product_tag":[1568],"aioseo_notices":[],"yoast_head":"<!-- This site is optimized with the Yoast SEO plugin v22.1 - https:\/\/yoast.com\/wordpress\/plugins\/seo\/ -->\n<title>Zobozdravnica - Etnogalerija Skrina<\/title>\n<meta name=\"robots\" content=\"index, follow, max-snippet:-1, max-image-preview:large, max-video-preview:-1\" \/>\n<link rel=\"canonical\" href=\"https:\/\/skrina.si\/sl\/product\/zobozdravnica\/\" \/>\n<meta property=\"og:locale\" content=\"sl_SI\" \/>\n<meta property=\"og:locale:alternate\" content=\"en_GB\" \/>\n<meta property=\"og:type\" content=\"article\" \/>\n<meta property=\"og:title\" content=\"Zobozdravnica - Etnogalerija Skrina\" \/>\n<meta property=\"og:description\" content=\"Guillermo Forchino\u00a0je svetovno uveljavljen kipar. Njegove hudomu\u0161ne figure na duhovit in v\u010dasih sarkasti\u010den na\u010din ponazarjajo poklice, hobije, \u010dlove\u0161ke navade in razvade. Karakterji njegovih junakov izra\u017eajo humor, imajo du\u0161o in spadajo v kategorijo tako imenovanih karakternih daril, zato bodite izvirni in podarite zobozdravnico \u00a0svoji \u00bbnajljub\u0161i\u00ab zobozdravnici. Podrobnosti:    Naslov: Zobozdravnica    Mere izdelka: 15 x 35 cm    Material: keramika    CERTIFIKAT    Embalirano v kartonski \u0161katli, zaviti v \u010dasopis \u00bbForchino Neus\u00ab\" \/>\n<meta property=\"og:url\" content=\"https:\/\/skrina.si\/sl\/product\/zobozdravnica\/\" \/>\n<meta property=\"og:site_name\" content=\"Etnogalerija Skrina\" \/>\n<meta property=\"article:modified_time\" content=\"2024-03-19T15:11:06+00:00\" \/>\n<meta property=\"og:image\" content=\"https:\/\/skrina.si\/wp-content\/uploads\/2024\/03\/1a-Giullermo-Forchino-Lady-Dentist-Zobozdravnica-poklici-darilo-ob-upokojit.jpg\" \/>\n\t<meta property=\"og:image:width\" content=\"2000\" \/>\n\t<meta property=\"og:image:height\" content=\"1500\" \/>\n\t<meta property=\"og:image:type\" content=\"image\/jpeg\" \/>\n<meta name=\"twitter:card\" content=\"summary_large_image\" \/>\n<meta name=\"twitter:label1\" content=\"Est. reading time\" \/>\n\t<meta name=\"twitter:data1\" content=\"1 minuta\" \/>\n<script type=\"application\/ld+json\" class=\"yoast-schema-graph\">{\"@context\":\"https:\/\/schema.org\",\"@graph\":[{\"@type\":\"WebPage\",\"@id\":\"https:\/\/skrina.si\/sl\/product\/zobozdravnica\/\",\"url\":\"https:\/\/skrina.si\/sl\/product\/zobozdravnica\/\",\"name\":\"Zobozdravnica - Etnogalerija Skrina\",\"isPartOf\":{\"@id\":\"https:\/\/skrina.si\/sl\/#website\"},\"datePublished\":\"2024-03-19T14:51:28+00:00\",\"dateModified\":\"2024-03-19T15:11:06+00:00\",\"breadcrumb\":{\"@id\":\"https:\/\/skrina.si\/sl\/product\/zobozdravnica\/#breadcrumb\"},\"inLanguage\":\"sl-SI\",\"potentialAction\":[{\"@type\":\"ReadAction\",\"target\":[\"https:\/\/skrina.si\/sl\/product\/zobozdravnica\/\"]}]},{\"@type\":\"BreadcrumbList\",\"@id\":\"https:\/\/skrina.si\/sl\/product\/zobozdravnica\/#breadcrumb\",\"itemListElement\":[{\"@type\":\"ListItem\",\"position\":1,\"name\":\"Home\",\"item\":\"https:\/\/skrina.si\/\"},{\"@type\":\"ListItem\",\"position\":2,\"name\":\"Shop\",\"item\":\"https:\/\/skrina.si\/shop\/\"},{\"@type\":\"ListItem\",\"position\":3,\"name\":\"Zobozdravnica\"}]},{\"@type\":\"WebSite\",\"@id\":\"https:\/\/skrina.si\/sl\/#website\",\"url\":\"https:\/\/skrina.si\/sl\/\",\"name\":\"Etnogalerija Skrina\",\"description\":\"Tradicija s posluhom\",\"potentialAction\":[{\"@type\":\"SearchAction\",\"target\":{\"@type\":\"EntryPoint\",\"urlTemplate\":\"https:\/\/skrina.si\/sl\/?s={search_term_string}\"},\"query-input\":\"required name=search_term_string\"}],\"inLanguage\":\"sl-SI\"}]}<\/script>\n<!-- \/ Yoast SEO plugin. -->","yoast_head_json":{"title":"Zobozdravnica - Etnogalerija Skrina","robots":{"index":"index","follow":"follow","max-snippet":"max-snippet:-1","max-image-preview":"max-image-preview:large","max-video-preview":"max-video-preview:-1"},"canonical":"https:\/\/skrina.si\/sl\/product\/zobozdravnica\/","og_locale":"sl_SI","og_type":"article","og_title":"Zobozdravnica - Etnogalerija Skrina","og_description":"Guillermo Forchino\u00a0je svetovno uveljavljen kipar. Njegove hudomu\u0161ne figure na duhovit in v\u010dasih sarkasti\u010den na\u010din ponazarjajo poklice, hobije, \u010dlove\u0161ke navade in razvade. Karakterji njegovih junakov izra\u017eajo humor, imajo du\u0161o in spadajo v kategorijo tako imenovanih karakternih daril, zato bodite izvirni in podarite zobozdravnico \u00a0svoji \u00bbnajljub\u0161i\u00ab zobozdravnici. Podrobnosti:    Naslov: Zobozdravnica    Mere izdelka: 15 x 35 cm    Material: keramika    CERTIFIKAT    Embalirano v kartonski \u0161katli, zaviti v \u010dasopis \u00bbForchino Neus\u00ab","og_url":"https:\/\/skrina.si\/sl\/product\/zobozdravnica\/","og_site_name":"Etnogalerija Skrina","article_modified_time":"2024-03-19T15:11:06+00:00","og_image":[{"width":2000,"height":1500,"url":"https:\/\/skrina.si\/wp-content\/uploads\/2024\/03\/1a-Giullermo-Forchino-Lady-Dentist-Zobozdravnica-poklici-darilo-ob-upokojit.jpg","type":"image\/jpeg"}],"twitter_card":"summary_large_image","twitter_misc":{"Est. reading time":"1 minuta"},"schema":{"@context":"https:\/\/schema.org","@graph":[{"@type":"WebPage","@id":"https:\/\/skrina.si\/sl\/product\/zobozdravnica\/","url":"https:\/\/skrina.si\/sl\/product\/zobozdravnica\/","name":"Zobozdravnica - Etnogalerija Skrina","isPartOf":{"@id":"https:\/\/skrina.si\/sl\/#website"},"datePublished":"2024-03-19T14:51:28+00:00","dateModified":"2024-03-19T15:11:06+00:00","breadcrumb":{"@id":"https:\/\/skrina.si\/sl\/product\/zobozdravnica\/#breadcrumb"},"inLanguage":"sl-SI","potentialAction":[{"@type":"ReadAction","target":["https:\/\/skrina.si\/sl\/product\/zobozdravnica\/"]}]},{"@type":"BreadcrumbList","@id":"https:\/\/skrina.si\/sl\/product\/zobozdravnica\/#breadcrumb","itemListElement":[{"@type":"ListItem","position":1,"name":"Home","item":"https:\/\/skrina.si\/"},{"@type":"ListItem","position":2,"name":"Shop","item":"https:\/\/skrina.si\/shop\/"},{"@type":"ListItem","position":3,"name":"Zobozdravnica"}]},{"@type":"WebSite","@id":"https:\/\/skrina.si\/sl\/#website","url":"https:\/\/skrina.si\/sl\/","name":"Etnogalerija Skrina","description":"Tradicija s posluhom","potentialAction":[{"@type":"SearchAction","target":{"@type":"EntryPoint","urlTemplate":"https:\/\/skrina.si\/sl\/?s={search_term_string}"},"query-input":"required name=search_term_string"}],"inLanguage":"sl-SI"}]}},"_links":{"self":[{"href":"https:\/\/skrina.si\/sl\/wp-json\/wp\/v2\/product\/14146"}],"collection":[{"href":"https:\/\/skrina.si\/sl\/wp-json\/wp\/v2\/product"}],"about":[{"href":"https:\/\/skrina.si\/sl\/wp-json\/wp\/v2\/types\/product"}],"wp:featuredmedia":[{"embeddable":true,"href":"https:\/\/skrina.si\/sl\/wp-json\/wp\/v2\/media\/14147"}],"wp:attachment":[{"href":"https:\/\/skrina.si\/sl\/wp-json\/wp\/v2\/media?parent=14146"}],"wp:term":[{"taxonomy":"product_cat","embeddable":true,"href":"https:\/\/skrina.si\/sl\/wp-json\/wp\/v2\/product_cat?post=14146"},{"taxonomy":"product_tag","embeddable":true,"href":"https:\/\/skrina.si\/sl\/wp-json\/wp\/v2\/product_tag?post=14146"}],"curies":[{"name":"wp","href":"https:\/\/api.w.org\/{rel}","templated":true}]}}