{"id":14112,"date":"2024-03-18T17:04:37","date_gmt":"2024-03-18T16:04:37","guid":{"rendered":"https:\/\/skrina.si\/?post_type=product&#038;p=14112"},"modified":"2024-04-10T09:22:49","modified_gmt":"2024-04-10T07:22:49","slug":"wall-plates","status":"publish","type":"product","link":"https:\/\/skrina.si\/sl\/product\/wall-plates\/","title":{"rendered":"National costume"},"content":{"rendered":"","protected":false},"excerpt":{"rendered":"<h5>The basis for <strong><em>Slovenian traditional folk costume<\/em><\/strong> is the folk costume of <strong><em>Gorenjska.<\/em><\/strong> It is considered to be a kind of <strong><em>&#8220;national&#8221;<\/em><\/strong> costume, as it has been adopted by many folklore groups and folk entertainment ensembles and is most often portrayed as a tourist souvenir. Although Gorenjska&#8217;s costume varies from village to village, certain characteristics are common to the different versions.<\/h5>\n<h5>The women wear a white shirt with wide sleeves, a large colorful shawl with fringes, a ruffled skirt, and an apron. Around the hips is a cummerbund or a colorful ribbon with a bow.<br \/>\n<strong><em>On the head is a richly decorated \u00bbavba\u00ab.\u00a0<\/em><\/strong><\/h5>\n<h6>Details:<\/h6>\n<h6><\/h6>\n<ul>\n<li>\n<h6>Wall plate<\/h6>\n<\/li>\n<li>\n<h6>Diameter 25 cm<\/h6>\n<\/li>\n<li>\n<h6>Material: Ceramic<\/h6>\n<\/li>\n<li>\n<h6>Packed in a gift box<\/h6>\n<\/li>\n<li>\n<h6>Designed with a love for detail<\/h6>\n<\/li>\n<li>\n<h6>The ideal gift for lovers of folklore and folk traditions<\/h6>\n<\/li>\n<li>\n<h6><strong><em>Hand-made<\/em><\/strong><\/h6>\n<\/li>\n<\/ul>\n","protected":false},"featured_media":4029,"template":"","meta":{"_monsterinsights_skip_tracking":false,"_monsterinsights_sitenote_active":false,"_monsterinsights_sitenote_note":"","_monsterinsights_sitenote_category":0},"product_cat":[1623,1033],"product_tag":[1544],"aioseo_notices":[],"yoast_head":"<!-- This site is optimized with the Yoast SEO plugin v22.1 - https:\/\/yoast.com\/wordpress\/plugins\/seo\/ -->\n<title>National costume - Etnogalerija Skrina<\/title>\n<meta name=\"description\" content=\"Rok zelenko - stenski kro\u017enik narodna no\u0161a. Slike zaznamuje barvitost in figuralika. Zna\u010dilno umirjenim ambientom dodaja pripovedni\u0161tvo figur.\" \/>\n<meta name=\"robots\" content=\"index, follow, max-snippet:-1, max-image-preview:large, max-video-preview:-1\" \/>\n<link rel=\"canonical\" href=\"https:\/\/skrina.si\/sl\/product\/wall-plates\/\" \/>\n<meta property=\"og:locale\" content=\"sl_SI\" \/>\n<meta property=\"og:locale:alternate\" content=\"en_GB\" \/>\n<meta property=\"og:type\" content=\"article\" \/>\n<meta property=\"og:title\" content=\"National costume\" \/>\n<meta property=\"og:description\" content=\"Rok zelenko - stenski kro\u017enik narodna no\u0161a. Slike zaznamuje barvitost in figuralika. Zna\u010dilno umirjenim ambientom dodaja pripovedni\u0161tvo figur.\" \/>\n<meta property=\"og:url\" content=\"https:\/\/skrina.si\/sl\/product\/wall-plates\/\" \/>\n<meta property=\"og:site_name\" content=\"Etnogalerija Skrina\" \/>\n<meta property=\"article:modified_time\" content=\"2024-04-10T07:22:49+00:00\" \/>\n<meta property=\"og:image\" content=\"https:\/\/skrina.si\/wp-content\/uploads\/2021\/08\/Rok-Zelenko-nosa-kroznik-1.jpg\" \/>\n\t<meta property=\"og:image:width\" content=\"2000\" \/>\n\t<meta property=\"og:image:height\" content=\"1500\" \/>\n\t<meta property=\"og:image:type\" content=\"image\/jpeg\" \/>\n<meta name=\"twitter:card\" content=\"summary_large_image\" \/>\n<meta name=\"twitter:label1\" content=\"Est. reading time\" \/>\n\t<meta name=\"twitter:data1\" content=\"1 minuta\" \/>\n<script type=\"application\/ld+json\" class=\"yoast-schema-graph\">{\"@context\":\"https:\/\/schema.org\",\"@graph\":[{\"@type\":\"WebPage\",\"@id\":\"https:\/\/skrina.si\/sl\/product\/wall-plates\/\",\"url\":\"https:\/\/skrina.si\/sl\/product\/wall-plates\/\",\"name\":\"[:en]Wall plates[:sl]National costume[:] - Etnogalerija Skrina\",\"isPartOf\":{\"@id\":\"https:\/\/skrina.si\/sl\/#website\"},\"datePublished\":\"2024-03-18T16:04:37+00:00\",\"dateModified\":\"2024-04-10T07:22:49+00:00\",\"description\":\"Rok zelenko - stenski kro\u017enik narodna no\u0161a. Slike zaznamuje barvitost in figuralika. Zna\u010dilno umirjenim ambientom dodaja pripovedni\u0161tvo figur.\",\"breadcrumb\":{\"@id\":\"https:\/\/skrina.si\/sl\/product\/wall-plates\/#breadcrumb\"},\"inLanguage\":\"sl-SI\",\"potentialAction\":[{\"@type\":\"ReadAction\",\"target\":[\"https:\/\/skrina.si\/sl\/product\/wall-plates\/\"]}]},{\"@type\":\"BreadcrumbList\",\"@id\":\"https:\/\/skrina.si\/sl\/product\/wall-plates\/#breadcrumb\",\"itemListElement\":[{\"@type\":\"ListItem\",\"position\":1,\"name\":\"Home\",\"item\":\"https:\/\/skrina.si\/\"},{\"@type\":\"ListItem\",\"position\":2,\"name\":\"Shop\",\"item\":\"https:\/\/skrina.si\/shop\/\"},{\"@type\":\"ListItem\",\"position\":3,\"name\":\"Wall plates\"}]},{\"@type\":\"WebSite\",\"@id\":\"https:\/\/skrina.si\/sl\/#website\",\"url\":\"https:\/\/skrina.si\/sl\/\",\"name\":\"Etnogalerija Skrina\",\"description\":\"Tradicija s posluhom\",\"potentialAction\":[{\"@type\":\"SearchAction\",\"target\":{\"@type\":\"EntryPoint\",\"urlTemplate\":\"https:\/\/skrina.si\/sl\/?s={search_term_string}\"},\"query-input\":\"required name=search_term_string\"}],\"inLanguage\":\"sl-SI\"}]}<\/script>\n<!-- \/ Yoast SEO plugin. -->","yoast_head_json":{"title":"National costume - Etnogalerija Skrina","description":"Rok zelenko - stenski kro\u017enik narodna no\u0161a. Slike zaznamuje barvitost in figuralika. Zna\u010dilno umirjenim ambientom dodaja pripovedni\u0161tvo figur.","robots":{"index":"index","follow":"follow","max-snippet":"max-snippet:-1","max-image-preview":"max-image-preview:large","max-video-preview":"max-video-preview:-1"},"canonical":"https:\/\/skrina.si\/sl\/product\/wall-plates\/","og_locale":"sl_SI","og_type":"article","og_title":"[:en]Wall plates[:sl]National costume[:] - Etnogalerija Skrina","og_description":"Rok zelenko - stenski kro\u017enik narodna no\u0161a. Slike zaznamuje barvitost in figuralika. Zna\u010dilno umirjenim ambientom dodaja pripovedni\u0161tvo figur.","og_url":"https:\/\/skrina.si\/sl\/product\/wall-plates\/","og_site_name":"Etnogalerija Skrina","article_modified_time":"2024-04-10T07:22:49+00:00","og_image":[{"width":2000,"height":1500,"url":"https:\/\/skrina.si\/wp-content\/uploads\/2021\/08\/Rok-Zelenko-nosa-kroznik-1.jpg","type":"image\/jpeg"}],"twitter_card":"summary_large_image","twitter_misc":{"Est. reading time":"1 minuta"},"schema":{"@context":"https:\/\/schema.org","@graph":[{"@type":"WebPage","@id":"https:\/\/skrina.si\/sl\/product\/wall-plates\/","url":"https:\/\/skrina.si\/sl\/product\/wall-plates\/","name":"[:en]Wall plates[:sl]National costume[:] - Etnogalerija Skrina","isPartOf":{"@id":"https:\/\/skrina.si\/sl\/#website"},"datePublished":"2024-03-18T16:04:37+00:00","dateModified":"2024-04-10T07:22:49+00:00","description":"Rok zelenko - stenski kro\u017enik narodna no\u0161a. Slike zaznamuje barvitost in figuralika. Zna\u010dilno umirjenim ambientom dodaja pripovedni\u0161tvo figur.","breadcrumb":{"@id":"https:\/\/skrina.si\/sl\/product\/wall-plates\/#breadcrumb"},"inLanguage":"sl-SI","potentialAction":[{"@type":"ReadAction","target":["https:\/\/skrina.si\/sl\/product\/wall-plates\/"]}]},{"@type":"BreadcrumbList","@id":"https:\/\/skrina.si\/sl\/product\/wall-plates\/#breadcrumb","itemListElement":[{"@type":"ListItem","position":1,"name":"Home","item":"https:\/\/skrina.si\/"},{"@type":"ListItem","position":2,"name":"Shop","item":"https:\/\/skrina.si\/shop\/"},{"@type":"ListItem","position":3,"name":"Wall plates"}]},{"@type":"WebSite","@id":"https:\/\/skrina.si\/sl\/#website","url":"https:\/\/skrina.si\/sl\/","name":"Etnogalerija Skrina","description":"Tradicija s posluhom","potentialAction":[{"@type":"SearchAction","target":{"@type":"EntryPoint","urlTemplate":"https:\/\/skrina.si\/sl\/?s={search_term_string}"},"query-input":"required name=search_term_string"}],"inLanguage":"sl-SI"}]}},"_links":{"self":[{"href":"https:\/\/skrina.si\/sl\/wp-json\/wp\/v2\/product\/14112"}],"collection":[{"href":"https:\/\/skrina.si\/sl\/wp-json\/wp\/v2\/product"}],"about":[{"href":"https:\/\/skrina.si\/sl\/wp-json\/wp\/v2\/types\/product"}],"wp:featuredmedia":[{"embeddable":true,"href":"https:\/\/skrina.si\/sl\/wp-json\/wp\/v2\/media\/4029"}],"wp:attachment":[{"href":"https:\/\/skrina.si\/sl\/wp-json\/wp\/v2\/media?parent=14112"}],"wp:term":[{"taxonomy":"product_cat","embeddable":true,"href":"https:\/\/skrina.si\/sl\/wp-json\/wp\/v2\/product_cat?post=14112"},{"taxonomy":"product_tag","embeddable":true,"href":"https:\/\/skrina.si\/sl\/wp-json\/wp\/v2\/product_tag?post=14112"}],"curies":[{"name":"wp","href":"https:\/\/api.w.org\/{rel}","templated":true}]}}