{"id":14075,"date":"2024-03-18T04:06:02","date_gmt":"2024-03-18T03:06:02","guid":{"rendered":"https:\/\/skrina.si\/?post_type=product&#038;p=14075"},"modified":"2024-05-04T16:53:13","modified_gmt":"2024-05-04T14:53:13","slug":"gorenjska-region","status":"publish","type":"product","link":"https:\/\/skrina.si\/sl\/product\/gorenjska-region\/","title":{"rendered":"Gorenjska region"},"content":{"rendered":"<h5>We named the game <strong><em>FORGET-ME-NOTS<\/em><\/strong> after the tiny blue flowers which, in their rich folk symbolism, represent steadfastness, attachment to the past, and fidelity to oneself, to another, or a promise.<\/h5>\n<h5>In most languages, this flower is known as <strong><em>&#8220;don&#8217;t forget me&#8221;,<\/em><\/strong> which is of course also very important in the memory game.<br \/>\nThrough the game, you will learn about <em>Slovenian places and traditions<\/em> and may wish to visit or return to some of them.<\/h5>\n","protected":false},"excerpt":{"rendered":"<h5 style=\"text-align: justify;\">Board games are becoming more and more <strong><em>popular<\/em><\/strong> in the world, so at SKRINA we have prepared for you a MEMORY game with motifs of <strong><em>recognizable Slovenian places and customs,<\/em><\/strong> photographed for us by the renowned Slovenian photographer and mountaineer <strong><em>Stane Klemenc.<br \/>\n<\/em><\/strong>Stane Klemenc has presented his extensive experience in mountaineering and polar expeditions in more than 50 books and the monograph \u201cIce Dreams\u201d, and his photographs of Slovenian places and mountains are a unique document of the beauty of Slovenia.<br \/>\nSocial games are a counterbalance to individualism, strengthen family and social relationships, and develop qualities such as patience, resourcefulness, concentration, and logical thinking.<\/h5>\n<h6>Details:<\/h6>\n<ul>\n<li>\n<h6>THE MEMORY GAME<\/h6>\n<\/li>\n<li>\n<h6>15 pairs<\/h6>\n<\/li>\n<li>\n<h6>Motif: Primorska region<\/h6>\n<\/li>\n<li>\n<h6>Packed in cardboard box: 20 x 190 x 68 mm<\/h6>\n<\/li>\n<li>\n<h6>Material: paper<\/h6>\n<\/li>\n<li>\n<h6>Ideal gift for the whole family (regardless of age and gender)<\/h6>\n<\/li>\n<li>\n<h6>easy to send by post<\/h6>\n<\/li>\n<\/ul>\n","protected":false},"featured_media":13601,"template":"","meta":{"_monsterinsights_skip_tracking":false,"_monsterinsights_sitenote_active":false,"_monsterinsights_sitenote_note":"","_monsterinsights_sitenote_category":0},"product_cat":[1623,1163],"product_tag":[1524],"aioseo_notices":[],"yoast_head":"<!-- This site is optimized with the Yoast SEO plugin v22.1 - https:\/\/yoast.com\/wordpress\/plugins\/seo\/ -->\n<title>Gorenjska region - Etnogalerija Skrina<\/title>\n<meta name=\"description\" content=\"Lesena pru\u010dka - \u017dabji kralj. Prikupno ter priro\u010dno darilo za otroke. Kupec sestavljivo pru\u010dko sam pobarva po prilo\u017eeni predlogi in s prilo\u017eenimi barvami.\" \/>\n<meta name=\"robots\" content=\"index, follow, max-snippet:-1, max-image-preview:large, max-video-preview:-1\" \/>\n<link rel=\"canonical\" href=\"https:\/\/skrina.si\/sl\/product\/gorenjska-region\/\" \/>\n<meta property=\"og:locale\" content=\"sl_SI\" \/>\n<meta property=\"og:locale:alternate\" content=\"en_GB\" \/>\n<meta property=\"og:type\" content=\"article\" \/>\n<meta property=\"og:title\" content=\"Gorenjska region\" \/>\n<meta property=\"og:description\" content=\"Lesena pru\u010dka - \u017dabji kralj. Prikupno ter priro\u010dno darilo za otroke. Kupec sestavljivo pru\u010dko sam pobarva po prilo\u017eeni predlogi in s prilo\u017eenimi barvami.\" \/>\n<meta property=\"og:url\" content=\"https:\/\/skrina.si\/sl\/product\/gorenjska-region\/\" \/>\n<meta property=\"og:site_name\" content=\"Etnogalerija Skrina\" \/>\n<meta property=\"article:modified_time\" content=\"2024-05-04T14:53:13+00:00\" \/>\n<meta property=\"og:image\" content=\"https:\/\/skrina.si\/wp-content\/uploads\/2024\/02\/Spomincice-GORENJSKA.jpg\" \/>\n\t<meta property=\"og:image:width\" content=\"2000\" \/>\n\t<meta property=\"og:image:height\" content=\"1500\" \/>\n\t<meta property=\"og:image:type\" content=\"image\/jpeg\" \/>\n<meta name=\"twitter:card\" content=\"summary_large_image\" \/>\n<meta name=\"twitter:label1\" content=\"Est. reading time\" \/>\n\t<meta name=\"twitter:data1\" content=\"1 minuta\" \/>\n<script type=\"application\/ld+json\" class=\"yoast-schema-graph\">{\"@context\":\"https:\/\/schema.org\",\"@graph\":[{\"@type\":\"WebPage\",\"@id\":\"https:\/\/skrina.si\/sl\/product\/gorenjska-region\/\",\"url\":\"https:\/\/skrina.si\/sl\/product\/gorenjska-region\/\",\"name\":\"[:en]Gorenjska region[:sl]Gorenjska region[:] - Etnogalerija Skrina\",\"isPartOf\":{\"@id\":\"https:\/\/skrina.si\/sl\/#website\"},\"datePublished\":\"2024-03-18T03:06:02+00:00\",\"dateModified\":\"2024-05-04T14:53:13+00:00\",\"description\":\"Lesena pru\u010dka - \u017dabji kralj. Prikupno ter priro\u010dno darilo za otroke. Kupec sestavljivo pru\u010dko sam pobarva po prilo\u017eeni predlogi in s prilo\u017eenimi barvami.\",\"breadcrumb\":{\"@id\":\"https:\/\/skrina.si\/sl\/product\/gorenjska-region\/#breadcrumb\"},\"inLanguage\":\"sl-SI\",\"potentialAction\":[{\"@type\":\"ReadAction\",\"target\":[\"https:\/\/skrina.si\/sl\/product\/gorenjska-region\/\"]}]},{\"@type\":\"BreadcrumbList\",\"@id\":\"https:\/\/skrina.si\/sl\/product\/gorenjska-region\/#breadcrumb\",\"itemListElement\":[{\"@type\":\"ListItem\",\"position\":1,\"name\":\"Home\",\"item\":\"https:\/\/skrina.si\/\"},{\"@type\":\"ListItem\",\"position\":2,\"name\":\"Shop\",\"item\":\"https:\/\/skrina.si\/shop\/\"},{\"@type\":\"ListItem\",\"position\":3,\"name\":\"Gorenjska region\"}]},{\"@type\":\"WebSite\",\"@id\":\"https:\/\/skrina.si\/sl\/#website\",\"url\":\"https:\/\/skrina.si\/sl\/\",\"name\":\"Etnogalerija Skrina\",\"description\":\"Tradicija s posluhom\",\"potentialAction\":[{\"@type\":\"SearchAction\",\"target\":{\"@type\":\"EntryPoint\",\"urlTemplate\":\"https:\/\/skrina.si\/sl\/?s={search_term_string}\"},\"query-input\":\"required name=search_term_string\"}],\"inLanguage\":\"sl-SI\"}]}<\/script>\n<!-- \/ Yoast SEO plugin. -->","yoast_head_json":{"title":"Gorenjska region - Etnogalerija Skrina","description":"Lesena pru\u010dka - \u017dabji kralj. Prikupno ter priro\u010dno darilo za otroke. Kupec sestavljivo pru\u010dko sam pobarva po prilo\u017eeni predlogi in s prilo\u017eenimi barvami.","robots":{"index":"index","follow":"follow","max-snippet":"max-snippet:-1","max-image-preview":"max-image-preview:large","max-video-preview":"max-video-preview:-1"},"canonical":"https:\/\/skrina.si\/sl\/product\/gorenjska-region\/","og_locale":"sl_SI","og_type":"article","og_title":"[:en]Gorenjska region[:sl]Gorenjska region[:] - Etnogalerija Skrina","og_description":"Lesena pru\u010dka - \u017dabji kralj. Prikupno ter priro\u010dno darilo za otroke. Kupec sestavljivo pru\u010dko sam pobarva po prilo\u017eeni predlogi in s prilo\u017eenimi barvami.","og_url":"https:\/\/skrina.si\/sl\/product\/gorenjska-region\/","og_site_name":"Etnogalerija Skrina","article_modified_time":"2024-05-04T14:53:13+00:00","og_image":[{"width":2000,"height":1500,"url":"https:\/\/skrina.si\/wp-content\/uploads\/2024\/02\/Spomincice-GORENJSKA.jpg","type":"image\/jpeg"}],"twitter_card":"summary_large_image","twitter_misc":{"Est. reading time":"1 minuta"},"schema":{"@context":"https:\/\/schema.org","@graph":[{"@type":"WebPage","@id":"https:\/\/skrina.si\/sl\/product\/gorenjska-region\/","url":"https:\/\/skrina.si\/sl\/product\/gorenjska-region\/","name":"[:en]Gorenjska region[:sl]Gorenjska region[:] - Etnogalerija Skrina","isPartOf":{"@id":"https:\/\/skrina.si\/sl\/#website"},"datePublished":"2024-03-18T03:06:02+00:00","dateModified":"2024-05-04T14:53:13+00:00","description":"Lesena pru\u010dka - \u017dabji kralj. Prikupno ter priro\u010dno darilo za otroke. Kupec sestavljivo pru\u010dko sam pobarva po prilo\u017eeni predlogi in s prilo\u017eenimi barvami.","breadcrumb":{"@id":"https:\/\/skrina.si\/sl\/product\/gorenjska-region\/#breadcrumb"},"inLanguage":"sl-SI","potentialAction":[{"@type":"ReadAction","target":["https:\/\/skrina.si\/sl\/product\/gorenjska-region\/"]}]},{"@type":"BreadcrumbList","@id":"https:\/\/skrina.si\/sl\/product\/gorenjska-region\/#breadcrumb","itemListElement":[{"@type":"ListItem","position":1,"name":"Home","item":"https:\/\/skrina.si\/"},{"@type":"ListItem","position":2,"name":"Shop","item":"https:\/\/skrina.si\/shop\/"},{"@type":"ListItem","position":3,"name":"Gorenjska region"}]},{"@type":"WebSite","@id":"https:\/\/skrina.si\/sl\/#website","url":"https:\/\/skrina.si\/sl\/","name":"Etnogalerija Skrina","description":"Tradicija s posluhom","potentialAction":[{"@type":"SearchAction","target":{"@type":"EntryPoint","urlTemplate":"https:\/\/skrina.si\/sl\/?s={search_term_string}"},"query-input":"required name=search_term_string"}],"inLanguage":"sl-SI"}]}},"_links":{"self":[{"href":"https:\/\/skrina.si\/sl\/wp-json\/wp\/v2\/product\/14075"}],"collection":[{"href":"https:\/\/skrina.si\/sl\/wp-json\/wp\/v2\/product"}],"about":[{"href":"https:\/\/skrina.si\/sl\/wp-json\/wp\/v2\/types\/product"}],"wp:featuredmedia":[{"embeddable":true,"href":"https:\/\/skrina.si\/sl\/wp-json\/wp\/v2\/media\/13601"}],"wp:attachment":[{"href":"https:\/\/skrina.si\/sl\/wp-json\/wp\/v2\/media?parent=14075"}],"wp:term":[{"taxonomy":"product_cat","embeddable":true,"href":"https:\/\/skrina.si\/sl\/wp-json\/wp\/v2\/product_cat?post=14075"},{"taxonomy":"product_tag","embeddable":true,"href":"https:\/\/skrina.si\/sl\/wp-json\/wp\/v2\/product_tag?post=14075"}],"curies":[{"name":"wp","href":"https:\/\/api.w.org\/{rel}","templated":true}]}}