{"id":14058,"date":"2024-03-18T01:43:52","date_gmt":"2024-03-18T00:43:52","guid":{"rendered":"https:\/\/skrina.si\/?post_type=product&#038;p=14058"},"modified":"2024-04-13T21:40:41","modified_gmt":"2024-04-13T19:40:41","slug":"za-mlade-in-mlade-po-srcu","status":"publish","type":"product","link":"https:\/\/skrina.si\/sl\/product\/za-mlade-in-mlade-po-srcu\/","title":{"rendered":"Za mlade in mlade po srcu"},"content":{"rendered":"","protected":false},"excerpt":{"rendered":"<h5>V\u00a0 SKRINI\u00a0 za vas pripravili MAJICE prepoznavnih slovenskih krajev, ki\u00a0 jih je za nas narisala svetovno uveljavljena akademska slikarka <em><strong>Ejti \u0160tih.<\/strong><\/em><br \/>\nSlikarka Ejti \u0160tih,\u00a0 doma iz Bleda \u017ee vrsto let \u017eivi v Boliviji, kjer jo ume\u0161\u010dajo med najvidnej\u0161e umetnike. Je socialno anga\u017eirana umetnica, ki osvetljuje problematiko rev\u0161\u010dine, \u017eivljenja navadnih ljudi, globalizacije in podobnih aktualnih dru\u017ebenih tem.<br \/>\nNa svoj izviren, neponovljiv in nekonvencionalen\u00a0 na\u010din, zna\u010dilen samo in edino zanjo, igrivo in hudomu\u0161no, a vendar kriti\u010dno komentira na\u0161e navade in razvade.<\/h5>\n<h5>Prepoznavna je po \u017eivih barvah, zato se boste v majicah z motivi Ejti \u0160tih po\u010dutili mladostno in &#8220;\u0161ik&#8221;.<\/h5>\n","protected":false},"featured_media":14055,"template":"","meta":{"_monsterinsights_skip_tracking":false,"_monsterinsights_sitenote_active":false,"_monsterinsights_sitenote_note":"","_monsterinsights_sitenote_category":0},"product_cat":[103,203],"product_tag":[],"aioseo_notices":[],"yoast_head":"<!-- This site is optimized with the Yoast SEO plugin v22.1 - https:\/\/yoast.com\/wordpress\/plugins\/seo\/ -->\n<title>Za mlade in mlade po srcu - Etnogalerija Skrina<\/title>\n<meta name=\"description\" content=\"Mo\u0161ka majica s kratkimi rokavi in potiskom. Sliko Postojnske jame je upodobila slovenska umetnica Ejti \u0160tih.\" \/>\n<meta name=\"robots\" content=\"index, follow, max-snippet:-1, max-image-preview:large, max-video-preview:-1\" \/>\n<link rel=\"canonical\" href=\"https:\/\/skrina.si\/sl\/product\/za-mlade-in-mlade-po-srcu\/\" \/>\n<meta property=\"og:locale\" content=\"sl_SI\" \/>\n<meta property=\"og:locale:alternate\" content=\"en_GB\" \/>\n<meta property=\"og:type\" content=\"article\" \/>\n<meta property=\"og:title\" content=\"Za mlade in mlade po srcu\" \/>\n<meta property=\"og:description\" content=\"Mo\u0161ka majica s kratkimi rokavi in potiskom. Sliko Postojnske jame je upodobila slovenska umetnica Ejti \u0160tih.\" \/>\n<meta property=\"og:url\" content=\"https:\/\/skrina.si\/sl\/product\/za-mlade-in-mlade-po-srcu\/\" \/>\n<meta property=\"og:site_name\" content=\"Etnogalerija Skrina\" \/>\n<meta property=\"article:modified_time\" content=\"2024-04-13T19:40:41+00:00\" \/>\n<meta property=\"og:image\" content=\"https:\/\/skrina.si\/wp-content\/uploads\/2024\/03\/Damjana-majice_fant-in-punca.jpg\" \/>\n\t<meta property=\"og:image:width\" content=\"2001\" \/>\n\t<meta property=\"og:image:height\" content=\"1500\" \/>\n\t<meta property=\"og:image:type\" content=\"image\/jpeg\" \/>\n<meta name=\"twitter:card\" content=\"summary_large_image\" \/>\n<meta name=\"twitter:label1\" content=\"Est. reading time\" \/>\n\t<meta name=\"twitter:data1\" content=\"1 minuta\" \/>\n<script type=\"application\/ld+json\" class=\"yoast-schema-graph\">{\"@context\":\"https:\/\/schema.org\",\"@graph\":[{\"@type\":\"WebPage\",\"@id\":\"https:\/\/skrina.si\/sl\/product\/za-mlade-in-mlade-po-srcu\/\",\"url\":\"https:\/\/skrina.si\/sl\/product\/za-mlade-in-mlade-po-srcu\/\",\"name\":\"[:sl]Za mlade in mlade po srcu[:] - Etnogalerija Skrina\",\"isPartOf\":{\"@id\":\"https:\/\/skrina.si\/sl\/#website\"},\"datePublished\":\"2024-03-18T00:43:52+00:00\",\"dateModified\":\"2024-04-13T19:40:41+00:00\",\"description\":\"Mo\u0161ka majica s kratkimi rokavi in potiskom. Sliko Postojnske jame je upodobila slovenska umetnica Ejti \u0160tih.\",\"breadcrumb\":{\"@id\":\"https:\/\/skrina.si\/sl\/product\/za-mlade-in-mlade-po-srcu\/#breadcrumb\"},\"inLanguage\":\"sl-SI\",\"potentialAction\":[{\"@type\":\"ReadAction\",\"target\":[\"https:\/\/skrina.si\/sl\/product\/za-mlade-in-mlade-po-srcu\/\"]}]},{\"@type\":\"BreadcrumbList\",\"@id\":\"https:\/\/skrina.si\/sl\/product\/za-mlade-in-mlade-po-srcu\/#breadcrumb\",\"itemListElement\":[{\"@type\":\"ListItem\",\"position\":1,\"name\":\"Home\",\"item\":\"https:\/\/skrina.si\/\"},{\"@type\":\"ListItem\",\"position\":2,\"name\":\"Shop\",\"item\":\"https:\/\/skrina.si\/shop\/\"},{\"@type\":\"ListItem\",\"position\":3,\"name\":\"Za mlade in mlade po srcu\"}]},{\"@type\":\"WebSite\",\"@id\":\"https:\/\/skrina.si\/sl\/#website\",\"url\":\"https:\/\/skrina.si\/sl\/\",\"name\":\"Etnogalerija Skrina\",\"description\":\"Tradicija s posluhom\",\"potentialAction\":[{\"@type\":\"SearchAction\",\"target\":{\"@type\":\"EntryPoint\",\"urlTemplate\":\"https:\/\/skrina.si\/sl\/?s={search_term_string}\"},\"query-input\":\"required name=search_term_string\"}],\"inLanguage\":\"sl-SI\"}]}<\/script>\n<!-- \/ Yoast SEO plugin. -->","yoast_head_json":{"title":"Za mlade in mlade po srcu - Etnogalerija Skrina","description":"Mo\u0161ka majica s kratkimi rokavi in potiskom. Sliko Postojnske jame je upodobila slovenska umetnica Ejti \u0160tih.","robots":{"index":"index","follow":"follow","max-snippet":"max-snippet:-1","max-image-preview":"max-image-preview:large","max-video-preview":"max-video-preview:-1"},"canonical":"https:\/\/skrina.si\/sl\/product\/za-mlade-in-mlade-po-srcu\/","og_locale":"sl_SI","og_type":"article","og_title":"[:sl]Za mlade in mlade po srcu[:] - Etnogalerija Skrina","og_description":"Mo\u0161ka majica s kratkimi rokavi in potiskom. Sliko Postojnske jame je upodobila slovenska umetnica Ejti \u0160tih.","og_url":"https:\/\/skrina.si\/sl\/product\/za-mlade-in-mlade-po-srcu\/","og_site_name":"Etnogalerija Skrina","article_modified_time":"2024-04-13T19:40:41+00:00","og_image":[{"width":2001,"height":1500,"url":"https:\/\/skrina.si\/wp-content\/uploads\/2024\/03\/Damjana-majice_fant-in-punca.jpg","type":"image\/jpeg"}],"twitter_card":"summary_large_image","twitter_misc":{"Est. reading time":"1 minuta"},"schema":{"@context":"https:\/\/schema.org","@graph":[{"@type":"WebPage","@id":"https:\/\/skrina.si\/sl\/product\/za-mlade-in-mlade-po-srcu\/","url":"https:\/\/skrina.si\/sl\/product\/za-mlade-in-mlade-po-srcu\/","name":"[:sl]Za mlade in mlade po srcu[:] - Etnogalerija Skrina","isPartOf":{"@id":"https:\/\/skrina.si\/sl\/#website"},"datePublished":"2024-03-18T00:43:52+00:00","dateModified":"2024-04-13T19:40:41+00:00","description":"Mo\u0161ka majica s kratkimi rokavi in potiskom. Sliko Postojnske jame je upodobila slovenska umetnica Ejti \u0160tih.","breadcrumb":{"@id":"https:\/\/skrina.si\/sl\/product\/za-mlade-in-mlade-po-srcu\/#breadcrumb"},"inLanguage":"sl-SI","potentialAction":[{"@type":"ReadAction","target":["https:\/\/skrina.si\/sl\/product\/za-mlade-in-mlade-po-srcu\/"]}]},{"@type":"BreadcrumbList","@id":"https:\/\/skrina.si\/sl\/product\/za-mlade-in-mlade-po-srcu\/#breadcrumb","itemListElement":[{"@type":"ListItem","position":1,"name":"Home","item":"https:\/\/skrina.si\/"},{"@type":"ListItem","position":2,"name":"Shop","item":"https:\/\/skrina.si\/shop\/"},{"@type":"ListItem","position":3,"name":"Za mlade in mlade po srcu"}]},{"@type":"WebSite","@id":"https:\/\/skrina.si\/sl\/#website","url":"https:\/\/skrina.si\/sl\/","name":"Etnogalerija Skrina","description":"Tradicija s posluhom","potentialAction":[{"@type":"SearchAction","target":{"@type":"EntryPoint","urlTemplate":"https:\/\/skrina.si\/sl\/?s={search_term_string}"},"query-input":"required name=search_term_string"}],"inLanguage":"sl-SI"}]}},"_links":{"self":[{"href":"https:\/\/skrina.si\/sl\/wp-json\/wp\/v2\/product\/14058"}],"collection":[{"href":"https:\/\/skrina.si\/sl\/wp-json\/wp\/v2\/product"}],"about":[{"href":"https:\/\/skrina.si\/sl\/wp-json\/wp\/v2\/types\/product"}],"wp:featuredmedia":[{"embeddable":true,"href":"https:\/\/skrina.si\/sl\/wp-json\/wp\/v2\/media\/14055"}],"wp:attachment":[{"href":"https:\/\/skrina.si\/sl\/wp-json\/wp\/v2\/media?parent=14058"}],"wp:term":[{"taxonomy":"product_cat","embeddable":true,"href":"https:\/\/skrina.si\/sl\/wp-json\/wp\/v2\/product_cat?post=14058"},{"taxonomy":"product_tag","embeddable":true,"href":"https:\/\/skrina.si\/sl\/wp-json\/wp\/v2\/product_tag?post=14058"}],"curies":[{"name":"wp","href":"https:\/\/api.w.org\/{rel}","templated":true}]}}