{"id":13811,"date":"2024-03-06T13:54:27","date_gmt":"2024-03-06T12:54:27","guid":{"rendered":"https:\/\/skrina.si\/?post_type=product&#038;p=13811"},"modified":"2024-03-27T20:35:51","modified_gmt":"2024-03-27T19:35:51","slug":"the-colourful-birdfeeder","status":"publish","type":"product","link":"https:\/\/skrina.si\/sl\/product\/the-colourful-birdfeeder\/","title":{"rendered":"The colourful birdfeeder"},"content":{"rendered":"<h5 style=\"text-align: justify;\">You can feed the birds throughout the whole year.<br \/>\n<strong><em>Spring<\/em><\/strong> is the time when birds are nesting and they can make great use of the food you provide for them. Most plants have no berries or seeds yet to be able to offer adequate food for the birds. Your food could prove very important for them.<br \/>\n<strong><em>Summer<\/em><\/strong> is the best time to feed the birds. During the summer, you may see at your feeders very different birds from those that you saw during the winter. Some nesting birds bring their young ones and teach them how to eat at the feeder. Young fledglings, full of excitement, usually make such a show.<br \/>\nIn the <strong><em>fall<\/em><\/strong>, many birds form flocks and fly to warmer places. Those, who stay, however, have to prepare themselves for the winter. Some of them change their eating habits. Birds that usually eat insects may start to eat berries and seeds instead.<br \/>\nTo survive during the <strong><em>winter<\/em> <\/strong>the birds have to eat more than usual. Because of the cold weather, however, there may not be enough food. Many birds have to consume daily the amount of food that matches their weight. Just imagine that you need to eat every day the amount of food that would equal your weight! You couldn\u2019t do it. Nevertheless, the bird\u2019s tummy has a different capacity and works differently. This is why a bird needs more food.<\/h5>\n<p>&nbsp;<\/p>\n<p>&nbsp;<\/p>\n","protected":false},"excerpt":{"rendered":"<h5 style=\"text-align: justify;\">Let your birdfeeder become <em><strong>a hospitable nourishing home for colourful birds<\/strong>.<\/em><em><br \/>\n<\/em>Hang it in a still place near trees or bird shrubs, if possible. You can also put it on the balcony or a window.<br \/>\n<em><strong>Birdfeeder is an excellent place for bird-watching<\/strong>.<\/em> You won\u2019t regret it if you carefully write down all your observations. Which are those birds that appear the first in the morning, which are those that follow them; which kind of birds come and eat late in the afternoon, which are those that are the last in the evening? What sort of seeds do they prefer? Do they stay in the feeder or do they fly off with the food to some tree in the neighbourhood? Are they tolerant of other birds in the feeder or are they of a quarrelling kind?<br \/>\nIf you will diligently feed your birds and attentively watch them, you will learn many interesting things about your flying friends. With a birdfeeder, you will turn your yard into a bird-feeding habitat. This will not only bring beautiful songs, multiple colors, and joy of life into your home but will be <strong><em>beneficial for the wild birds and the environment at large.<\/em><\/strong><\/h5>\n<h6><em>\u00a0<\/em><em>\u00a0Details:<\/em><\/h6>\n<ul>\n<li>\n<h6>Jointed birdhouse<\/h6>\n<\/li>\n<li>\n<h6>Cardboard box: 220 x 205 x 65 mm<\/h6>\n<\/li>\n<li>\n<h6>Material: pine<\/h6>\n<\/li>\n<li>\n<h6><em><strong>we only use\u00a0 wood intended\u00a0 for mandatory cutting<\/strong><\/em><\/h6>\n<\/li>\n<li>\n<h6>for the joy of the entire family<\/h6>\n<\/li>\n<li>\n<h6>easy to send by post<\/h6>\n<\/li>\n<\/ul>\n","protected":false},"featured_media":10162,"template":"","meta":{"_monsterinsights_skip_tracking":false,"_monsterinsights_sitenote_active":false,"_monsterinsights_sitenote_note":"","_monsterinsights_sitenote_category":0},"product_cat":[1623,1338],"product_tag":[1344,1348,1350],"aioseo_notices":[],"yoast_head":"<!-- This site is optimized with the Yoast SEO plugin v22.1 - https:\/\/yoast.com\/wordpress\/plugins\/seo\/ -->\n<title>The colourful birdfeeder - Etnogalerija Skrina<\/title>\n<meta name=\"description\" content=\"Lesena pru\u010dka - \u017dabji kralj. Prikupno ter priro\u010dno darilo za otroke. Kupec sestavljivo pru\u010dko sam pobarva po prilo\u017eeni predlogi in s prilo\u017eenimi barvami.\" \/>\n<meta name=\"robots\" content=\"index, follow, max-snippet:-1, max-image-preview:large, max-video-preview:-1\" \/>\n<link rel=\"canonical\" href=\"https:\/\/skrina.si\/sl\/product\/the-colourful-birdfeeder\/\" \/>\n<meta property=\"og:locale\" content=\"sl_SI\" \/>\n<meta property=\"og:locale:alternate\" content=\"en_GB\" \/>\n<meta property=\"og:type\" content=\"article\" \/>\n<meta property=\"og:title\" content=\"The colourful birdfeeder\" \/>\n<meta property=\"og:description\" content=\"Lesena pru\u010dka - \u017dabji kralj. Prikupno ter priro\u010dno darilo za otroke. Kupec sestavljivo pru\u010dko sam pobarva po prilo\u017eeni predlogi in s prilo\u017eenimi barvami.\" \/>\n<meta property=\"og:url\" content=\"https:\/\/skrina.si\/sl\/product\/the-colourful-birdfeeder\/\" \/>\n<meta property=\"og:site_name\" content=\"Etnogalerija Skrina\" \/>\n<meta property=\"article:modified_time\" content=\"2024-03-27T19:35:51+00:00\" \/>\n<meta property=\"og:image\" content=\"https:\/\/skrina.si\/wp-content\/uploads\/2022\/05\/skrina-etno-galerija-Tradicija-s-posluhom-pticja-hisica-pobarvaj-DIY-slovenija-pticek.jpg\" \/>\n\t<meta property=\"og:image:width\" content=\"2000\" \/>\n\t<meta property=\"og:image:height\" content=\"1500\" \/>\n\t<meta property=\"og:image:type\" content=\"image\/jpeg\" \/>\n<meta name=\"twitter:card\" content=\"summary_large_image\" \/>\n<meta name=\"twitter:label1\" content=\"Est. reading time\" \/>\n\t<meta name=\"twitter:data1\" content=\"2 minuti\" \/>\n<script type=\"application\/ld+json\" class=\"yoast-schema-graph\">{\"@context\":\"https:\/\/schema.org\",\"@graph\":[{\"@type\":\"WebPage\",\"@id\":\"https:\/\/skrina.si\/sl\/product\/the-colourful-birdfeeder\/\",\"url\":\"https:\/\/skrina.si\/sl\/product\/the-colourful-birdfeeder\/\",\"name\":\"[:sl]The colourful birdfeeder[:] - Etnogalerija Skrina\",\"isPartOf\":{\"@id\":\"https:\/\/skrina.si\/sl\/#website\"},\"datePublished\":\"2024-03-06T12:54:27+00:00\",\"dateModified\":\"2024-03-27T19:35:51+00:00\",\"description\":\"Lesena pru\u010dka - \u017dabji kralj. Prikupno ter priro\u010dno darilo za otroke. Kupec sestavljivo pru\u010dko sam pobarva po prilo\u017eeni predlogi in s prilo\u017eenimi barvami.\",\"breadcrumb\":{\"@id\":\"https:\/\/skrina.si\/sl\/product\/the-colourful-birdfeeder\/#breadcrumb\"},\"inLanguage\":\"sl-SI\",\"potentialAction\":[{\"@type\":\"ReadAction\",\"target\":[\"https:\/\/skrina.si\/sl\/product\/the-colourful-birdfeeder\/\"]}]},{\"@type\":\"BreadcrumbList\",\"@id\":\"https:\/\/skrina.si\/sl\/product\/the-colourful-birdfeeder\/#breadcrumb\",\"itemListElement\":[{\"@type\":\"ListItem\",\"position\":1,\"name\":\"Home\",\"item\":\"https:\/\/skrina.si\/\"},{\"@type\":\"ListItem\",\"position\":2,\"name\":\"Shop\",\"item\":\"https:\/\/skrina.si\/shop\/\"},{\"@type\":\"ListItem\",\"position\":3,\"name\":\"The colourful birdfeeder\"}]},{\"@type\":\"WebSite\",\"@id\":\"https:\/\/skrina.si\/sl\/#website\",\"url\":\"https:\/\/skrina.si\/sl\/\",\"name\":\"Etnogalerija Skrina\",\"description\":\"Tradicija s posluhom\",\"potentialAction\":[{\"@type\":\"SearchAction\",\"target\":{\"@type\":\"EntryPoint\",\"urlTemplate\":\"https:\/\/skrina.si\/sl\/?s={search_term_string}\"},\"query-input\":\"required name=search_term_string\"}],\"inLanguage\":\"sl-SI\"}]}<\/script>\n<!-- \/ Yoast SEO plugin. -->","yoast_head_json":{"title":"The colourful birdfeeder - Etnogalerija Skrina","description":"Lesena pru\u010dka - \u017dabji kralj. Prikupno ter priro\u010dno darilo za otroke. Kupec sestavljivo pru\u010dko sam pobarva po prilo\u017eeni predlogi in s prilo\u017eenimi barvami.","robots":{"index":"index","follow":"follow","max-snippet":"max-snippet:-1","max-image-preview":"max-image-preview:large","max-video-preview":"max-video-preview:-1"},"canonical":"https:\/\/skrina.si\/sl\/product\/the-colourful-birdfeeder\/","og_locale":"sl_SI","og_type":"article","og_title":"[:sl]The colourful birdfeeder[:] - Etnogalerija Skrina","og_description":"Lesena pru\u010dka - \u017dabji kralj. Prikupno ter priro\u010dno darilo za otroke. Kupec sestavljivo pru\u010dko sam pobarva po prilo\u017eeni predlogi in s prilo\u017eenimi barvami.","og_url":"https:\/\/skrina.si\/sl\/product\/the-colourful-birdfeeder\/","og_site_name":"Etnogalerija Skrina","article_modified_time":"2024-03-27T19:35:51+00:00","og_image":[{"width":2000,"height":1500,"url":"https:\/\/skrina.si\/wp-content\/uploads\/2022\/05\/skrina-etno-galerija-Tradicija-s-posluhom-pticja-hisica-pobarvaj-DIY-slovenija-pticek.jpg","type":"image\/jpeg"}],"twitter_card":"summary_large_image","twitter_misc":{"Est. reading time":"2 minuti"},"schema":{"@context":"https:\/\/schema.org","@graph":[{"@type":"WebPage","@id":"https:\/\/skrina.si\/sl\/product\/the-colourful-birdfeeder\/","url":"https:\/\/skrina.si\/sl\/product\/the-colourful-birdfeeder\/","name":"[:sl]The colourful birdfeeder[:] - Etnogalerija Skrina","isPartOf":{"@id":"https:\/\/skrina.si\/sl\/#website"},"datePublished":"2024-03-06T12:54:27+00:00","dateModified":"2024-03-27T19:35:51+00:00","description":"Lesena pru\u010dka - \u017dabji kralj. Prikupno ter priro\u010dno darilo za otroke. Kupec sestavljivo pru\u010dko sam pobarva po prilo\u017eeni predlogi in s prilo\u017eenimi barvami.","breadcrumb":{"@id":"https:\/\/skrina.si\/sl\/product\/the-colourful-birdfeeder\/#breadcrumb"},"inLanguage":"sl-SI","potentialAction":[{"@type":"ReadAction","target":["https:\/\/skrina.si\/sl\/product\/the-colourful-birdfeeder\/"]}]},{"@type":"BreadcrumbList","@id":"https:\/\/skrina.si\/sl\/product\/the-colourful-birdfeeder\/#breadcrumb","itemListElement":[{"@type":"ListItem","position":1,"name":"Home","item":"https:\/\/skrina.si\/"},{"@type":"ListItem","position":2,"name":"Shop","item":"https:\/\/skrina.si\/shop\/"},{"@type":"ListItem","position":3,"name":"The colourful birdfeeder"}]},{"@type":"WebSite","@id":"https:\/\/skrina.si\/sl\/#website","url":"https:\/\/skrina.si\/sl\/","name":"Etnogalerija Skrina","description":"Tradicija s posluhom","potentialAction":[{"@type":"SearchAction","target":{"@type":"EntryPoint","urlTemplate":"https:\/\/skrina.si\/sl\/?s={search_term_string}"},"query-input":"required name=search_term_string"}],"inLanguage":"sl-SI"}]}},"_links":{"self":[{"href":"https:\/\/skrina.si\/sl\/wp-json\/wp\/v2\/product\/13811"}],"collection":[{"href":"https:\/\/skrina.si\/sl\/wp-json\/wp\/v2\/product"}],"about":[{"href":"https:\/\/skrina.si\/sl\/wp-json\/wp\/v2\/types\/product"}],"wp:featuredmedia":[{"embeddable":true,"href":"https:\/\/skrina.si\/sl\/wp-json\/wp\/v2\/media\/10162"}],"wp:attachment":[{"href":"https:\/\/skrina.si\/sl\/wp-json\/wp\/v2\/media?parent=13811"}],"wp:term":[{"taxonomy":"product_cat","embeddable":true,"href":"https:\/\/skrina.si\/sl\/wp-json\/wp\/v2\/product_cat?post=13811"},{"taxonomy":"product_tag","embeddable":true,"href":"https:\/\/skrina.si\/sl\/wp-json\/wp\/v2\/product_tag?post=13811"}],"curies":[{"name":"wp","href":"https:\/\/api.w.org\/{rel}","templated":true}]}}