{"id":13794,"date":"2024-02-25T05:25:10","date_gmt":"2024-02-25T05:25:10","guid":{"rendered":"https:\/\/skrina.si\/?post_type=product&#038;p=13794"},"modified":"2024-03-11T04:55:57","modified_gmt":"2024-03-11T03:55:57","slug":"pticja-hisica-veselje-za-vso-druzino-2","status":"publish","type":"product","link":"https:\/\/skrina.si\/sl\/product\/pticja-hisica-veselje-za-vso-druzino-2\/","title":{"rendered":"Pti\u010dja hi\u0161ica veselje za vso dru\u017eino"},"content":{"rendered":"<h5>Ptice lahko hranite skozi vse leto.<br \/>\n<em><strong>Pomlad<\/strong> <\/em>je \u010das, ko imajo ptice mlade in si lahko z va\u0161o hrano precej pomagajo. Ve\u010dina rastlin \u0161e nima niti semen niti jagod, ki bi lahko nahranile ptice. Va\u0161a hrana je zato zanje zelo pomembna.<br \/>\n<em><strong>Poletje<\/strong><\/em> je najlep\u0161i \u010das za hranjenje ptic. Lahko se zgodi, da bodo v va\u0161o hi\u0161ico prihajale popolnoma druge ptice kot so pozimi. Nekatere ptice pripeljejo iz svojih gnezd mlade, da se nau\u010dijo hraniti v va\u0161i pti\u010dji hi\u0161ici. Mladi\u010di, polni vznemirjenja, pogosto uprizorijo pravo predstavo.<br \/>\n<em><strong>Jeseni<\/strong><\/em> se veliko ptic za\u010dne zdru\u017eevati v jate, ki potem odletijo v tople kraje. Tiste, ki ostanejo, pa se morajo pripraviti na zimo. Nekatere spremenijo prehranjevalne navade. Ptice, ki obi\u010dajno jedo \u017eu\u017eelke, lahko za\u010dnejo jesti jagode in semena.<br \/>\nDa bi pre\u017eivele mrzle <em><strong>zimske<\/strong> <\/em>dni,\u00a0 morajo ptice pojesti ve\u010d kot obi\u010dajno, kar pa ni lahko, saj zaradi mraza ni hrane. Mnoge ptice namre\u010d pojedo na dan toliko hrane, kolikor tehtajo same. Kar predstavljajte si, kako bi bilo, \u010de bi morali v enem dnevu pojesti toliko hrane, kolikor tehtate! Tega zagotovo ne bi zmogli. Pti\u010dji \u017eelod\u010dek pa ima druga\u010dne zmogljivosti, ve\u010d lahko prebavi, zato je potreba po hrani ve\u010dja.<\/h5>\n<p>&nbsp;<\/p>\n","protected":false},"excerpt":{"rendered":"<h5>Naj bo va\u0161a pti\u010dja hi\u0161ica <strong><em>gostoljubno pogrnjena mizica<\/em><\/strong>.<br \/>\n\u0160e preden se zjutraj odpravite od doma, nasujte v njo \u010dim ve\u010d razli\u010dnih semen \u2013 <strong><em>me\u0161anico za \u00bbzunanje ptice\u00ab.<\/em><\/strong><br \/>\n<em><strong>Pti\u010dja hi\u0161ica je odli\u010dno mesto za opazovanje ptic.<\/strong><\/em> Ne bo vam \u017eal, \u010de boste svoja opazovanja skrbno zapisali. Katera vrsta ptic prileti zjutraj prva,\u00a0 katere vrste ji sledijo, katere se hranijo tudi pozno popoldne, katere so zadnje ve\u010derne gostje, katero zrnje izbirajo, ali se zadr\u017eujejo v hi\u0161ici, ali odletijo z zalogami na vejo sosednjega drevesa, ali trpijo v hi\u0161ici prisotnost druge ptice, ali so prepirljive?<br \/>\n\u010ce jih boste vestno hranili in pozorno opazovali, boste izvedeli marsikaj zanimivega o va\u0161ih pernatih prijateljih. S pti\u010djo hranilnico boste spremenili svoje dvori\u0161\u010de v prehranjevalno okolje, ki ne bo prineslo le veselih pesmi, pisanih barv in radost \u017eivljenja na va\u0161 dom, pa\u010d pa bo koristno tudi za ptice in okolje.<\/h5>\n<h6><em>Podrobnosti:<\/em><\/h6>\n<ul>\n<li>\n<h6>Sestavljiva pti\u010dja hi\u0161ica<\/h6>\n<\/li>\n<li>\n<h6>Embalirano v kartonski \u0161katli: 220 x 205 x 65 mm<\/h6>\n<\/li>\n<li>\n<h6>Material: smreka<\/h6>\n<\/li>\n<li>\n<h6><strong><em>zaradi varovanja okolja uporabljamo le les, ki je namenjen za obvezni posek<\/em><\/strong><\/h6>\n<\/li>\n<li>\n<h6>za veselje vse dru\u017eine<\/h6>\n<\/li>\n<li>\n<h6>enostavna za po\u0161iljanje po po\u0161ti<\/h6>\n<\/li>\n<\/ul>\n<h6 class=\"product_meta\"><\/h6>\n","protected":false},"featured_media":10175,"template":"","meta":{"_monsterinsights_skip_tracking":false,"_monsterinsights_sitenote_active":false,"_monsterinsights_sitenote_note":"","_monsterinsights_sitenote_category":0},"product_cat":[103,1212],"product_tag":[1216,1214,1222],"aioseo_notices":[],"yoast_head":"<!-- This site is optimized with the Yoast SEO plugin v22.1 - https:\/\/yoast.com\/wordpress\/plugins\/seo\/ -->\n<title>Pti\u010dja hi\u0161ica veselje za vso dru\u017eino - Etnogalerija Skrina<\/title>\n<meta name=\"robots\" content=\"index, follow, max-snippet:-1, max-image-preview:large, max-video-preview:-1\" \/>\n<link rel=\"canonical\" href=\"https:\/\/skrina.si\/sl\/product\/pticja-hisica-veselje-za-vso-druzino-2\/\" \/>\n<meta property=\"og:locale\" content=\"sl_SI\" \/>\n<meta property=\"og:locale:alternate\" content=\"en_GB\" \/>\n<meta property=\"og:type\" content=\"article\" \/>\n<meta property=\"og:title\" content=\"Pti\u010dja hi\u0161ica veselje za vso dru\u017eino - Etnogalerija Skrina\" \/>\n<meta property=\"og:description\" content=\"Naj bo va\u0161a pti\u010dja hi\u0161ica gostoljubno pogrnjena mizica. \u0160e preden se zjutraj odpravite od doma, nasujte v njo \u010dim ve\u010d razli\u010dnih semen \u2013 me\u0161anico za \u00bbzunanje ptice\u00ab. Pti\u010dja hi\u0161ica je odli\u010dno mesto za opazovanje ptic. Ne bo vam \u017eal, \u010de boste svoja opazovanja skrbno zapisali. Katera vrsta ptic prileti zjutraj prva,\u00a0 katere vrste ji sledijo, katere se hranijo tudi pozno popoldne, katere so zadnje ve\u010derne gostje, katero zrnje izbirajo, ali se zadr\u017eujejo v hi\u0161ici, ali odletijo z zalogami na vejo sosednjega drevesa, ali trpijo v hi\u0161ici prisotnost druge ptice, ali so prepirljive? \u010ce jih boste vestno hranili in pozorno opazovali, boste izvedeli marsikaj zanimivega o va\u0161ih pernatih prijateljih. S pti\u010djo hranilnico boste spremenili svoje dvori\u0161\u010de v prehranjevalno okolje, ki ne bo prineslo le veselih pesmi, pisanih barv in radost \u017eivljenja na va\u0161 dom, pa\u010d pa bo koristno tudi za ptice in okolje. Podrobnosti:    Sestavljiva pti\u010dja hi\u0161ica    Embalirano v kartonski \u0161katli: 220 x 205 x 65 mm    Material: smreka    zaradi varovanja okolja uporabljamo le les, ki je namenjen za obvezni posek    za veselje vse dru\u017eine    enostavna za po\u0161iljanje po po\u0161ti\" \/>\n<meta property=\"og:url\" content=\"https:\/\/skrina.si\/sl\/product\/pticja-hisica-veselje-za-vso-druzino-2\/\" \/>\n<meta property=\"og:site_name\" content=\"Etnogalerija Skrina\" \/>\n<meta property=\"article:modified_time\" content=\"2024-03-11T03:55:57+00:00\" \/>\n<meta property=\"og:image\" content=\"https:\/\/skrina.si\/wp-content\/uploads\/2022\/05\/ilustracija-pticja-hisica.jpg\" \/>\n\t<meta property=\"og:image:width\" content=\"2000\" \/>\n\t<meta property=\"og:image:height\" content=\"1500\" \/>\n\t<meta property=\"og:image:type\" content=\"image\/jpeg\" \/>\n<meta name=\"twitter:card\" content=\"summary_large_image\" \/>\n<meta name=\"twitter:label1\" content=\"Est. reading time\" \/>\n\t<meta name=\"twitter:data1\" content=\"2 minuti\" \/>\n<script type=\"application\/ld+json\" class=\"yoast-schema-graph\">{\"@context\":\"https:\/\/schema.org\",\"@graph\":[{\"@type\":\"WebPage\",\"@id\":\"https:\/\/skrina.si\/sl\/product\/pticja-hisica-veselje-za-vso-druzino-2\/\",\"url\":\"https:\/\/skrina.si\/sl\/product\/pticja-hisica-veselje-za-vso-druzino-2\/\",\"name\":\"Pti\u010dja hi\u0161ica veselje za vso dru\u017eino - Etnogalerija Skrina\",\"isPartOf\":{\"@id\":\"https:\/\/skrina.si\/sl\/#website\"},\"datePublished\":\"2024-02-25T05:25:10+00:00\",\"dateModified\":\"2024-03-11T03:55:57+00:00\",\"breadcrumb\":{\"@id\":\"https:\/\/skrina.si\/sl\/product\/pticja-hisica-veselje-za-vso-druzino-2\/#breadcrumb\"},\"inLanguage\":\"sl-SI\",\"potentialAction\":[{\"@type\":\"ReadAction\",\"target\":[\"https:\/\/skrina.si\/sl\/product\/pticja-hisica-veselje-za-vso-druzino-2\/\"]}]},{\"@type\":\"BreadcrumbList\",\"@id\":\"https:\/\/skrina.si\/sl\/product\/pticja-hisica-veselje-za-vso-druzino-2\/#breadcrumb\",\"itemListElement\":[{\"@type\":\"ListItem\",\"position\":1,\"name\":\"Home\",\"item\":\"https:\/\/skrina.si\/\"},{\"@type\":\"ListItem\",\"position\":2,\"name\":\"Shop\",\"item\":\"https:\/\/skrina.si\/shop\/\"},{\"@type\":\"ListItem\",\"position\":3,\"name\":\"Pti\u010dja hi\u0161ica veselje za vso dru\u017eino\"}]},{\"@type\":\"WebSite\",\"@id\":\"https:\/\/skrina.si\/sl\/#website\",\"url\":\"https:\/\/skrina.si\/sl\/\",\"name\":\"Etnogalerija Skrina\",\"description\":\"Tradicija s posluhom\",\"potentialAction\":[{\"@type\":\"SearchAction\",\"target\":{\"@type\":\"EntryPoint\",\"urlTemplate\":\"https:\/\/skrina.si\/sl\/?s={search_term_string}\"},\"query-input\":\"required name=search_term_string\"}],\"inLanguage\":\"sl-SI\"}]}<\/script>\n<!-- \/ Yoast SEO plugin. -->","yoast_head_json":{"title":"Pti\u010dja hi\u0161ica veselje za vso dru\u017eino - Etnogalerija Skrina","robots":{"index":"index","follow":"follow","max-snippet":"max-snippet:-1","max-image-preview":"max-image-preview:large","max-video-preview":"max-video-preview:-1"},"canonical":"https:\/\/skrina.si\/sl\/product\/pticja-hisica-veselje-za-vso-druzino-2\/","og_locale":"sl_SI","og_type":"article","og_title":"Pti\u010dja hi\u0161ica veselje za vso dru\u017eino - Etnogalerija Skrina","og_description":"Naj bo va\u0161a pti\u010dja hi\u0161ica gostoljubno pogrnjena mizica. \u0160e preden se zjutraj odpravite od doma, nasujte v njo \u010dim ve\u010d razli\u010dnih semen \u2013 me\u0161anico za \u00bbzunanje ptice\u00ab. Pti\u010dja hi\u0161ica je odli\u010dno mesto za opazovanje ptic. Ne bo vam \u017eal, \u010de boste svoja opazovanja skrbno zapisali. Katera vrsta ptic prileti zjutraj prva,\u00a0 katere vrste ji sledijo, katere se hranijo tudi pozno popoldne, katere so zadnje ve\u010derne gostje, katero zrnje izbirajo, ali se zadr\u017eujejo v hi\u0161ici, ali odletijo z zalogami na vejo sosednjega drevesa, ali trpijo v hi\u0161ici prisotnost druge ptice, ali so prepirljive? \u010ce jih boste vestno hranili in pozorno opazovali, boste izvedeli marsikaj zanimivega o va\u0161ih pernatih prijateljih. S pti\u010djo hranilnico boste spremenili svoje dvori\u0161\u010de v prehranjevalno okolje, ki ne bo prineslo le veselih pesmi, pisanih barv in radost \u017eivljenja na va\u0161 dom, pa\u010d pa bo koristno tudi za ptice in okolje. Podrobnosti:    Sestavljiva pti\u010dja hi\u0161ica    Embalirano v kartonski \u0161katli: 220 x 205 x 65 mm    Material: smreka    zaradi varovanja okolja uporabljamo le les, ki je namenjen za obvezni posek    za veselje vse dru\u017eine    enostavna za po\u0161iljanje po po\u0161ti","og_url":"https:\/\/skrina.si\/sl\/product\/pticja-hisica-veselje-za-vso-druzino-2\/","og_site_name":"Etnogalerija Skrina","article_modified_time":"2024-03-11T03:55:57+00:00","og_image":[{"width":2000,"height":1500,"url":"https:\/\/skrina.si\/wp-content\/uploads\/2022\/05\/ilustracija-pticja-hisica.jpg","type":"image\/jpeg"}],"twitter_card":"summary_large_image","twitter_misc":{"Est. reading time":"2 minuti"},"schema":{"@context":"https:\/\/schema.org","@graph":[{"@type":"WebPage","@id":"https:\/\/skrina.si\/sl\/product\/pticja-hisica-veselje-za-vso-druzino-2\/","url":"https:\/\/skrina.si\/sl\/product\/pticja-hisica-veselje-za-vso-druzino-2\/","name":"Pti\u010dja hi\u0161ica veselje za vso dru\u017eino - Etnogalerija Skrina","isPartOf":{"@id":"https:\/\/skrina.si\/sl\/#website"},"datePublished":"2024-02-25T05:25:10+00:00","dateModified":"2024-03-11T03:55:57+00:00","breadcrumb":{"@id":"https:\/\/skrina.si\/sl\/product\/pticja-hisica-veselje-za-vso-druzino-2\/#breadcrumb"},"inLanguage":"sl-SI","potentialAction":[{"@type":"ReadAction","target":["https:\/\/skrina.si\/sl\/product\/pticja-hisica-veselje-za-vso-druzino-2\/"]}]},{"@type":"BreadcrumbList","@id":"https:\/\/skrina.si\/sl\/product\/pticja-hisica-veselje-za-vso-druzino-2\/#breadcrumb","itemListElement":[{"@type":"ListItem","position":1,"name":"Home","item":"https:\/\/skrina.si\/"},{"@type":"ListItem","position":2,"name":"Shop","item":"https:\/\/skrina.si\/shop\/"},{"@type":"ListItem","position":3,"name":"Pti\u010dja hi\u0161ica veselje za vso dru\u017eino"}]},{"@type":"WebSite","@id":"https:\/\/skrina.si\/sl\/#website","url":"https:\/\/skrina.si\/sl\/","name":"Etnogalerija Skrina","description":"Tradicija s posluhom","potentialAction":[{"@type":"SearchAction","target":{"@type":"EntryPoint","urlTemplate":"https:\/\/skrina.si\/sl\/?s={search_term_string}"},"query-input":"required name=search_term_string"}],"inLanguage":"sl-SI"}]}},"_links":{"self":[{"href":"https:\/\/skrina.si\/sl\/wp-json\/wp\/v2\/product\/13794"}],"collection":[{"href":"https:\/\/skrina.si\/sl\/wp-json\/wp\/v2\/product"}],"about":[{"href":"https:\/\/skrina.si\/sl\/wp-json\/wp\/v2\/types\/product"}],"wp:featuredmedia":[{"embeddable":true,"href":"https:\/\/skrina.si\/sl\/wp-json\/wp\/v2\/media\/10175"}],"wp:attachment":[{"href":"https:\/\/skrina.si\/sl\/wp-json\/wp\/v2\/media?parent=13794"}],"wp:term":[{"taxonomy":"product_cat","embeddable":true,"href":"https:\/\/skrina.si\/sl\/wp-json\/wp\/v2\/product_cat?post=13794"},{"taxonomy":"product_tag","embeddable":true,"href":"https:\/\/skrina.si\/sl\/wp-json\/wp\/v2\/product_tag?post=13794"}],"curies":[{"name":"wp","href":"https:\/\/api.w.org\/{rel}","templated":true}]}}