{"id":13785,"date":"2024-02-07T13:00:44","date_gmt":"2024-02-07T12:00:44","guid":{"rendered":"https:\/\/skrina.si\/?post_type=product&#038;p=13785"},"modified":"2024-03-13T14:08:18","modified_gmt":"2024-03-13T13:08:18","slug":"zlozljiva-prucka-v-embalazi-kovcek","status":"publish","type":"product","link":"https:\/\/skrina.si\/sl\/product\/zlozljiva-prucka-v-embalazi-kovcek\/","title":{"rendered":"Zlo\u017eljiva pru\u010dka v embala\u017ei kov\u010dek"},"content":{"rendered":"","protected":false},"excerpt":{"rendered":"<h5>V \u00a0Etnogaleriji Skrina\u00a0 smo <strong><em>tradicionalno slovensko pru\u010dko<\/em><\/strong> razstavili, jo zapakirali v kartonski kov\u010dek in ji s tem dodali novo\u00a0 tr\u017eno\u00a0 vrednost.<\/h5>\n<h5>Pru\u010dka je bila v \u010dasu na\u0161ih babic obvezen, ve\u010dnamenski kos pohi\u0161tva, ki ga je imela skoraj vsaka doma\u010dija. Uporabljali so jo tudi pastirji in mlekarice v majhnih planinskih ko\u010dah v \u010dasu poletne pa\u0161e.<\/h5>\n<h5>Zlo\u017eljiva pru\u010dka v embala\u017ei kov\u010dek je enostavna za transport in je bila <strong><em>protokolarno darilo ob sre\u010danju predsednikov vlad dr\u017eav CEFTA.<br \/>\n<\/em><\/strong><\/h5>\n<h6><em>Podrobnosti:<\/em><\/h6>\n<ul>\n<li>\n<h6>Sestavljiva pru\u010dka<\/h6>\n<\/li>\n<li>\n<h6>Mere izdelka: 400 x 200 x 200 mm<\/h6>\n<\/li>\n<li>\n<h6>Embalirano v kartonskem kov\u010dku: 460 x 300 x 40mm<\/h6>\n<\/li>\n<li>\n<h6>Barva: rjava\/zelena<\/h6>\n<\/li>\n<li>\n<h6>Motiv: cvetje\/nagelj<\/h6>\n<\/li>\n<li>\n<h6>Material: smreka<\/h6>\n<\/li>\n<li>\n<h6><strong><em>Zaradi varovanja okolja uporabljamo le les, ki je namenjen za obvezni posek<\/em><\/strong><\/h6>\n<\/li>\n<li>\n<h6>EN 71 CERTIFIKAT<\/h6>\n<\/li>\n<li>\n<h6>RO\u010cNO BARVANO<\/h6>\n<\/li>\n<li>\n<h6><strong><em>Idealno darilo za celo dru\u017eino (ne glede na starost in spol)<\/em><\/strong><\/h6>\n<\/li>\n<\/ul>\n","protected":false},"featured_media":13403,"template":"","meta":{"_monsterinsights_skip_tracking":false,"_monsterinsights_sitenote_active":false,"_monsterinsights_sitenote_note":"","_monsterinsights_sitenote_category":0},"product_cat":[103,1161],"product_tag":[1330],"aioseo_notices":[],"yoast_head":"<!-- This site is optimized with the Yoast SEO plugin v22.1 - https:\/\/yoast.com\/wordpress\/plugins\/seo\/ -->\n<title>Zlo\u017eljiva pru\u010dka v embala\u017ei kov\u010dek - Etnogalerija Skrina<\/title>\n<meta name=\"robots\" content=\"index, follow, max-snippet:-1, max-image-preview:large, max-video-preview:-1\" \/>\n<link rel=\"canonical\" href=\"https:\/\/skrina.si\/sl\/product\/zlozljiva-prucka-v-embalazi-kovcek\/\" \/>\n<meta property=\"og:locale\" content=\"sl_SI\" \/>\n<meta property=\"og:locale:alternate\" content=\"en_GB\" \/>\n<meta property=\"og:type\" content=\"article\" \/>\n<meta property=\"og:title\" content=\"Zlo\u017eljiva pru\u010dka v embala\u017ei kov\u010dek - Etnogalerija Skrina\" \/>\n<meta property=\"og:description\" content=\"V \u00a0Etnogaleriji Skrina\u00a0 smo tradicionalno slovensko pru\u010dko razstavili, jo zapakirali v kartonski kov\u010dek in ji s tem dodali novo\u00a0 tr\u017eno\u00a0 vrednost. Pru\u010dka je bila v \u010dasu na\u0161ih babic obvezen, ve\u010dnamenski kos pohi\u0161tva, ki ga je imela skoraj vsaka doma\u010dija. Uporabljali so jo tudi pastirji in mlekarice v majhnih planinskih ko\u010dah v \u010dasu poletne pa\u0161e. Zlo\u017eljiva pru\u010dka v embala\u017ei kov\u010dek je enostavna za transport in je bila protokolarno darilo ob sre\u010danju predsednikov vlad dr\u017eav CEFTA.  Podrobnosti:    Sestavljiva pru\u010dka    Mere izdelka: 400 x 200 x 200 mm    Embalirano v kartonskem kov\u010dku: 460 x 300 x 40mm    Barva: rjava\/zelena    Motiv: cvetje\/nagelj    Material: smreka    Zaradi varovanja okolja uporabljamo le les, ki je namenjen za obvezni posek    EN 71 CERTIFIKAT    RO\u010cNO BARVANO    Idealno darilo za celo dru\u017eino (ne glede na starost in spol)\" \/>\n<meta property=\"og:url\" content=\"https:\/\/skrina.si\/sl\/product\/zlozljiva-prucka-v-embalazi-kovcek\/\" \/>\n<meta property=\"og:site_name\" content=\"Etnogalerija Skrina\" \/>\n<meta property=\"article:modified_time\" content=\"2024-03-13T13:08:18+00:00\" \/>\n<meta property=\"og:image\" content=\"https:\/\/skrina.si\/wp-content\/uploads\/2024\/02\/EMBALAZA-KOVCEK.jpg\" \/>\n\t<meta property=\"og:image:width\" content=\"2000\" \/>\n\t<meta property=\"og:image:height\" content=\"1500\" \/>\n\t<meta property=\"og:image:type\" content=\"image\/jpeg\" \/>\n<meta name=\"twitter:card\" content=\"summary_large_image\" \/>\n<meta name=\"twitter:label1\" content=\"Est. reading time\" \/>\n\t<meta name=\"twitter:data1\" content=\"1 minuta\" \/>\n<script type=\"application\/ld+json\" class=\"yoast-schema-graph\">{\"@context\":\"https:\/\/schema.org\",\"@graph\":[{\"@type\":\"WebPage\",\"@id\":\"https:\/\/skrina.si\/sl\/product\/zlozljiva-prucka-v-embalazi-kovcek\/\",\"url\":\"https:\/\/skrina.si\/sl\/product\/zlozljiva-prucka-v-embalazi-kovcek\/\",\"name\":\"Zlo\u017eljiva pru\u010dka v embala\u017ei kov\u010dek - Etnogalerija Skrina\",\"isPartOf\":{\"@id\":\"https:\/\/skrina.si\/sl\/#website\"},\"datePublished\":\"2024-02-07T12:00:44+00:00\",\"dateModified\":\"2024-03-13T13:08:18+00:00\",\"breadcrumb\":{\"@id\":\"https:\/\/skrina.si\/sl\/product\/zlozljiva-prucka-v-embalazi-kovcek\/#breadcrumb\"},\"inLanguage\":\"sl-SI\",\"potentialAction\":[{\"@type\":\"ReadAction\",\"target\":[\"https:\/\/skrina.si\/sl\/product\/zlozljiva-prucka-v-embalazi-kovcek\/\"]}]},{\"@type\":\"BreadcrumbList\",\"@id\":\"https:\/\/skrina.si\/sl\/product\/zlozljiva-prucka-v-embalazi-kovcek\/#breadcrumb\",\"itemListElement\":[{\"@type\":\"ListItem\",\"position\":1,\"name\":\"Home\",\"item\":\"https:\/\/skrina.si\/\"},{\"@type\":\"ListItem\",\"position\":2,\"name\":\"Shop\",\"item\":\"https:\/\/skrina.si\/shop\/\"},{\"@type\":\"ListItem\",\"position\":3,\"name\":\"Zlo\u017eljiva pru\u010dka v embala\u017ei kov\u010dek\"}]},{\"@type\":\"WebSite\",\"@id\":\"https:\/\/skrina.si\/sl\/#website\",\"url\":\"https:\/\/skrina.si\/sl\/\",\"name\":\"Etnogalerija Skrina\",\"description\":\"Tradicija s posluhom\",\"potentialAction\":[{\"@type\":\"SearchAction\",\"target\":{\"@type\":\"EntryPoint\",\"urlTemplate\":\"https:\/\/skrina.si\/sl\/?s={search_term_string}\"},\"query-input\":\"required name=search_term_string\"}],\"inLanguage\":\"sl-SI\"}]}<\/script>\n<!-- \/ Yoast SEO plugin. -->","yoast_head_json":{"title":"Zlo\u017eljiva pru\u010dka v embala\u017ei kov\u010dek - Etnogalerija Skrina","robots":{"index":"index","follow":"follow","max-snippet":"max-snippet:-1","max-image-preview":"max-image-preview:large","max-video-preview":"max-video-preview:-1"},"canonical":"https:\/\/skrina.si\/sl\/product\/zlozljiva-prucka-v-embalazi-kovcek\/","og_locale":"sl_SI","og_type":"article","og_title":"Zlo\u017eljiva pru\u010dka v embala\u017ei kov\u010dek - Etnogalerija Skrina","og_description":"V \u00a0Etnogaleriji Skrina\u00a0 smo tradicionalno slovensko pru\u010dko razstavili, jo zapakirali v kartonski kov\u010dek in ji s tem dodali novo\u00a0 tr\u017eno\u00a0 vrednost. Pru\u010dka je bila v \u010dasu na\u0161ih babic obvezen, ve\u010dnamenski kos pohi\u0161tva, ki ga je imela skoraj vsaka doma\u010dija. Uporabljali so jo tudi pastirji in mlekarice v majhnih planinskih ko\u010dah v \u010dasu poletne pa\u0161e. Zlo\u017eljiva pru\u010dka v embala\u017ei kov\u010dek je enostavna za transport in je bila protokolarno darilo ob sre\u010danju predsednikov vlad dr\u017eav CEFTA.  Podrobnosti:    Sestavljiva pru\u010dka    Mere izdelka: 400 x 200 x 200 mm    Embalirano v kartonskem kov\u010dku: 460 x 300 x 40mm    Barva: rjava\/zelena    Motiv: cvetje\/nagelj    Material: smreka    Zaradi varovanja okolja uporabljamo le les, ki je namenjen za obvezni posek    EN 71 CERTIFIKAT    RO\u010cNO BARVANO    Idealno darilo za celo dru\u017eino (ne glede na starost in spol)","og_url":"https:\/\/skrina.si\/sl\/product\/zlozljiva-prucka-v-embalazi-kovcek\/","og_site_name":"Etnogalerija Skrina","article_modified_time":"2024-03-13T13:08:18+00:00","og_image":[{"width":2000,"height":1500,"url":"https:\/\/skrina.si\/wp-content\/uploads\/2024\/02\/EMBALAZA-KOVCEK.jpg","type":"image\/jpeg"}],"twitter_card":"summary_large_image","twitter_misc":{"Est. reading time":"1 minuta"},"schema":{"@context":"https:\/\/schema.org","@graph":[{"@type":"WebPage","@id":"https:\/\/skrina.si\/sl\/product\/zlozljiva-prucka-v-embalazi-kovcek\/","url":"https:\/\/skrina.si\/sl\/product\/zlozljiva-prucka-v-embalazi-kovcek\/","name":"Zlo\u017eljiva pru\u010dka v embala\u017ei kov\u010dek - Etnogalerija Skrina","isPartOf":{"@id":"https:\/\/skrina.si\/sl\/#website"},"datePublished":"2024-02-07T12:00:44+00:00","dateModified":"2024-03-13T13:08:18+00:00","breadcrumb":{"@id":"https:\/\/skrina.si\/sl\/product\/zlozljiva-prucka-v-embalazi-kovcek\/#breadcrumb"},"inLanguage":"sl-SI","potentialAction":[{"@type":"ReadAction","target":["https:\/\/skrina.si\/sl\/product\/zlozljiva-prucka-v-embalazi-kovcek\/"]}]},{"@type":"BreadcrumbList","@id":"https:\/\/skrina.si\/sl\/product\/zlozljiva-prucka-v-embalazi-kovcek\/#breadcrumb","itemListElement":[{"@type":"ListItem","position":1,"name":"Home","item":"https:\/\/skrina.si\/"},{"@type":"ListItem","position":2,"name":"Shop","item":"https:\/\/skrina.si\/shop\/"},{"@type":"ListItem","position":3,"name":"Zlo\u017eljiva pru\u010dka v embala\u017ei kov\u010dek"}]},{"@type":"WebSite","@id":"https:\/\/skrina.si\/sl\/#website","url":"https:\/\/skrina.si\/sl\/","name":"Etnogalerija Skrina","description":"Tradicija s posluhom","potentialAction":[{"@type":"SearchAction","target":{"@type":"EntryPoint","urlTemplate":"https:\/\/skrina.si\/sl\/?s={search_term_string}"},"query-input":"required name=search_term_string"}],"inLanguage":"sl-SI"}]}},"_links":{"self":[{"href":"https:\/\/skrina.si\/sl\/wp-json\/wp\/v2\/product\/13785"}],"collection":[{"href":"https:\/\/skrina.si\/sl\/wp-json\/wp\/v2\/product"}],"about":[{"href":"https:\/\/skrina.si\/sl\/wp-json\/wp\/v2\/types\/product"}],"wp:featuredmedia":[{"embeddable":true,"href":"https:\/\/skrina.si\/sl\/wp-json\/wp\/v2\/media\/13403"}],"wp:attachment":[{"href":"https:\/\/skrina.si\/sl\/wp-json\/wp\/v2\/media?parent=13785"}],"wp:term":[{"taxonomy":"product_cat","embeddable":true,"href":"https:\/\/skrina.si\/sl\/wp-json\/wp\/v2\/product_cat?post=13785"},{"taxonomy":"product_tag","embeddable":true,"href":"https:\/\/skrina.si\/sl\/wp-json\/wp\/v2\/product_tag?post=13785"}],"curies":[{"name":"wp","href":"https:\/\/api.w.org\/{rel}","templated":true}]}}