{"id":13773,"date":"2024-02-24T19:11:26","date_gmt":"2024-02-24T19:11:26","guid":{"rendered":"https:\/\/skrina.si\/?post_type=product&#038;p=13773"},"modified":"2024-04-15T19:37:07","modified_gmt":"2024-04-15T17:37:07","slug":"prucka-macek-v-zaklju","status":"publish","type":"product","link":"https:\/\/skrina.si\/sl\/product\/prucka-macek-v-zaklju\/","title":{"rendered":"Pru\u010dka &#8211; Ma\u010dek v \u017eaklju"},"content":{"rendered":"<h5><em><strong>Obuti ma\u010dek (Charles Perrault)<\/strong><\/em><\/h5>\n<h5>Neko\u010d, pred davnimi \u010dasi, je \u017eivel mlinar. Ko je umrl, je zapustil vse svoje premo\u017eenje svojim trem sinovom. Najstarej\u0161i sin je dobil mlin, srednji sin osla in najmlaj\u0161i sin ma\u010dka. \u010cudovitega ma\u010dka, pa vendar &#8211; <strong><em>samo ma\u010dka.<\/em><\/strong> Toda kmalu najmlaj\u0161i sin odkrije, da ma\u010dek ni \u010disto navaden ma\u010dek. Bil je pameten, znal je govoriti ter se lepo obla\u010diti in imel je na\u010drt za svojega gospodarja.<br \/>\nTako je v dnevih, ki so sledili, redno obiskoval\u00a0 sosednji grad in kralju v imenu <strong><em>markiza iz Karabasa<\/em><\/strong> daroval zajce, jerebice in \u0161krjan\u010dke.<br \/>\nNekega dne je Obuti ma\u010dek odkril, da se bo kraljeva dru\u017eina &#8211; kraljica, kralj in princesa &#8211;\u00a0 popoldan odpeljala s ko\u010dijo na izlet. Ma\u010dek je pohitel domov in vznemirjen zavpil:\u00bbGospodar, pridite, pri\u0161el je \u010das, da uresni\u010dimo moj na\u010drt.\u00ab Tako sta \u0161la do reke in ko se je pribli\u017eala kraljeva ko\u010dija, je ma\u010dek porinil svojega gospodarja v reko. \u00bbPomagajte\u00ab! je zavpil ma\u010dek, \u00bbMarkiz iz Karabasa se utaplja.\u00ab Kralj je sli\u0161al vpitje in poslal svoje podanike, da re\u0161ijo Markiza iz Karabasa in ukazal, da mu prinesejo novo obleko. Ma\u010dek, ki mu ni\u010d ni u\u0161lo\u00a0 je sli\u0161al pripombo enega od ministrov, da morajo preveriti, kako bogat je v resnici markiz.<strong><em> \u00bbSeveda je bogat,\u00ab<\/em><\/strong> je dejal Obuti ma\u010dek. \u00bbV lasti ima grad in vsa ta zemlja je njegova. Pridite in prepri\u010dajte se. Jaz vas po\u010dakam v gradu.\u00ab Takoj, ko je izgovoril te besede, je odhitel v smeri gradu.<br \/>\nPri\u0161el je do gradu,\u00a0 potrkal na vrata in ko so se odprla je Obuti ma\u010dek snel svoj\u00a0 s perjem okra\u0161eni klobuk in se priklonil z besedami: \u00bbMoje spo\u0161tovanje, moj gospod Oger!\u00ab \u00bbKaj \u017eeli\u0161 ma\u010dek?\u00ab je zadir\u010dno odgovoril Oger. \u00bbGospod, sli\u0161al sem, da imate veliko mo\u010d. Tako se lahko spremenite v leva ali slona, toda ne verjamem, da se lahko spremenite v majhno stvarco, kot je mi\u0161ka.\u00ab \u00bbKaj?! Samo poglej to!\u00ab ga je zavrnil Oger in se spremenil v mi\u0161. V trenutku je ma\u010dek sko\u010dil na mi\u0161 in jo celo po\u017erl. Nato je pohitel h grajskim vratom, ravno v trenutku, ko je tja prispela kraljeva ko\u010dija in jo s ponosom pozdravil: \u00bbGospoda, dobrodo\u0161li v gradu markiza s Karabasa.\u00ab Tako je najmlaj\u0161i mlinarjev sin postal markiz iz Karabasa. <strong><em>Poro\u010dil je kraljevo h\u010der<\/em><\/strong> in sre\u010dno sta \u017eivela v gradu.<\/h5>\n<h5><strong><em>Ma\u010dek je postal velik gospod<\/em><\/strong> in nikoli ve\u010d ni lovil mi\u0161i,\u00a0 razen za svojo zabavo.<\/h5>\n","protected":false},"excerpt":{"rendered":"<h5>Pru\u010dko z motivom japonske pravljice<strong><em> \u201dObuti ma\u010dek\u201d<\/em><\/strong> smo v SKRINI naredili za Japonsko tr\u017ei\u0161\u010de.<br \/>\nPru\u010dka <strong><em>\u00bbPobarvaj in sestavi<\/em>\u00ab<\/strong> vzpodbuja kreativnost in razvija domi\u0161ljijo.<br \/>\nNa sedalu pru\u010dke so natisnjeni motivi priljubljenih pravljic, ki jih kupec sam pobarva s prilo\u017eenimi barvami.<br \/>\nJe kreativno darilo za otroke, lahko se uporablja tudi kot <strong><em>rehabilitacijski pripomo\u010dek<\/em>.<\/strong><\/h5>\n<h6><em>\u00a0Podrobnosti:<\/em><\/h6>\n<ul>\n<li>\n<h6><em>Sestavljiva pru\u010dka \u2013 POBARVAJ SAM<\/em><\/h6>\n<\/li>\n<li>\n<h6><em>Mere izdelka: 400 x 200 x 200 mm<\/em><\/h6>\n<\/li>\n<li>\n<h6><em>Embalirano v kartonski \u0161katli: 410 x 230 x 50 mm<\/em><\/h6>\n<\/li>\n<li>\n<h6><em>Barva: modra<\/em><\/h6>\n<\/li>\n<li>\n<h6><em>Motiv: Obuti ma\u010dek<\/em><\/h6>\n<\/li>\n<li>\n<h6><em>Prilo\u017eene 4 osnovne barve (na vodni osnovi) in \u010dopi\u010d<\/em><\/h6>\n<\/li>\n<li>\n<h6><em>Material: MDF<\/em><\/h6>\n<\/li>\n<li>\n<h6><em>EN 71 CERTIFIKAT<\/em><\/h6>\n<\/li>\n<li>\n<h6><strong><em>Idealno darilo za celo dru\u017eina (ne glede na starost in spol)<\/em><\/strong><\/h6>\n<\/li>\n<li>\n<h6><em>enostavna za po\u0161iljanje po po\u0161ti<\/em><\/h6>\n<\/li>\n<\/ul>\n","protected":false},"featured_media":13530,"template":"","meta":{"_monsterinsights_skip_tracking":false,"_monsterinsights_sitenote_active":false,"_monsterinsights_sitenote_note":"","_monsterinsights_sitenote_category":0},"product_cat":[1636,103],"product_tag":[1324,1322],"aioseo_notices":[],"yoast_head":"<!-- This site is optimized with the Yoast SEO plugin v22.1 - https:\/\/yoast.com\/wordpress\/plugins\/seo\/ -->\n<title>Pru\u010dka - Ma\u010dek v \u017eaklju[:] - Etnogalerija Skrina<\/title>\n<meta name=\"description\" content=\"Lesena pru\u010dka - Obuti ma\u010dek. Prikupno ter priro\u010dno darilo za otroke. Kupec sestavljivo pru\u010dko sam pobarva po prilo\u017eeni predlogi in s prilo\u017eenimi barvami.\" \/>\n<meta name=\"robots\" content=\"index, follow, max-snippet:-1, max-image-preview:large, max-video-preview:-1\" \/>\n<link rel=\"canonical\" href=\"https:\/\/skrina.si\/sl\/product\/prucka-macek-v-zaklju\/\" \/>\n<meta property=\"og:locale\" content=\"sl_SI\" \/>\n<meta property=\"og:locale:alternate\" content=\"en_GB\" \/>\n<meta property=\"og:type\" content=\"article\" \/>\n<meta property=\"og:title\" content=\"Pru\u010dka - Ma\u010dek v \u017eaklju\" \/>\n<meta property=\"og:description\" content=\"Lesena pru\u010dka - Obuti ma\u010dek. Prikupno ter priro\u010dno darilo za otroke. Kupec sestavljivo pru\u010dko sam pobarva po prilo\u017eeni predlogi in s prilo\u017eenimi barvami.\" \/>\n<meta property=\"og:url\" content=\"https:\/\/skrina.si\/sl\/product\/prucka-macek-v-zaklju\/\" \/>\n<meta property=\"og:site_name\" content=\"Etnogalerija Skrina\" \/>\n<meta property=\"article:modified_time\" content=\"2024-04-15T17:37:07+00:00\" \/>\n<meta property=\"og:image\" content=\"https:\/\/skrina.si\/wp-content\/uploads\/2024\/02\/Prucka-Obuti-macek-1.jpg\" \/>\n\t<meta property=\"og:image:width\" content=\"2000\" \/>\n\t<meta property=\"og:image:height\" content=\"1500\" \/>\n\t<meta property=\"og:image:type\" content=\"image\/jpeg\" \/>\n<meta name=\"twitter:card\" content=\"summary_large_image\" \/>\n<meta name=\"twitter:label1\" content=\"Est. reading time\" \/>\n\t<meta name=\"twitter:data1\" content=\"3 minute\" \/>\n<script type=\"application\/ld+json\" class=\"yoast-schema-graph\">{\"@context\":\"https:\/\/schema.org\",\"@graph\":[{\"@type\":\"WebPage\",\"@id\":\"https:\/\/skrina.si\/sl\/product\/prucka-macek-v-zaklju\/\",\"url\":\"https:\/\/skrina.si\/sl\/product\/prucka-macek-v-zaklju\/\",\"name\":\"[:sl]Pru\u010dka - Ma\u010dek v \u017eaklju[:] - Etnogalerija Skrina\",\"isPartOf\":{\"@id\":\"https:\/\/skrina.si\/sl\/#website\"},\"datePublished\":\"2024-02-24T19:11:26+00:00\",\"dateModified\":\"2024-04-15T17:37:07+00:00\",\"description\":\"Lesena pru\u010dka - Obuti ma\u010dek. Prikupno ter priro\u010dno darilo za otroke. Kupec sestavljivo pru\u010dko sam pobarva po prilo\u017eeni predlogi in s prilo\u017eenimi barvami.\",\"breadcrumb\":{\"@id\":\"https:\/\/skrina.si\/sl\/product\/prucka-macek-v-zaklju\/#breadcrumb\"},\"inLanguage\":\"sl-SI\",\"potentialAction\":[{\"@type\":\"ReadAction\",\"target\":[\"https:\/\/skrina.si\/sl\/product\/prucka-macek-v-zaklju\/\"]}]},{\"@type\":\"BreadcrumbList\",\"@id\":\"https:\/\/skrina.si\/sl\/product\/prucka-macek-v-zaklju\/#breadcrumb\",\"itemListElement\":[{\"@type\":\"ListItem\",\"position\":1,\"name\":\"Home\",\"item\":\"https:\/\/skrina.si\/\"},{\"@type\":\"ListItem\",\"position\":2,\"name\":\"Shop\",\"item\":\"https:\/\/skrina.si\/shop\/\"},{\"@type\":\"ListItem\",\"position\":3,\"name\":\"Pru\u010dka &#8211; Ma\u010dek v \u017eaklju\"}]},{\"@type\":\"WebSite\",\"@id\":\"https:\/\/skrina.si\/sl\/#website\",\"url\":\"https:\/\/skrina.si\/sl\/\",\"name\":\"Etnogalerija Skrina\",\"description\":\"Tradicija s posluhom\",\"potentialAction\":[{\"@type\":\"SearchAction\",\"target\":{\"@type\":\"EntryPoint\",\"urlTemplate\":\"https:\/\/skrina.si\/sl\/?s={search_term_string}\"},\"query-input\":\"required name=search_term_string\"}],\"inLanguage\":\"sl-SI\"}]}<\/script>\n<!-- \/ Yoast SEO plugin. -->","yoast_head_json":{"title":"Pru\u010dka - Ma\u010dek v \u017eaklju[:] - Etnogalerija Skrina","description":"Lesena pru\u010dka - Obuti ma\u010dek. Prikupno ter priro\u010dno darilo za otroke. Kupec sestavljivo pru\u010dko sam pobarva po prilo\u017eeni predlogi in s prilo\u017eenimi barvami.","robots":{"index":"index","follow":"follow","max-snippet":"max-snippet:-1","max-image-preview":"max-image-preview:large","max-video-preview":"max-video-preview:-1"},"canonical":"https:\/\/skrina.si\/sl\/product\/prucka-macek-v-zaklju\/","og_locale":"sl_SI","og_type":"article","og_title":"[:sl]Pru\u010dka - Ma\u010dek v \u017eaklju[:] - Etnogalerija Skrina","og_description":"Lesena pru\u010dka - Obuti ma\u010dek. Prikupno ter priro\u010dno darilo za otroke. Kupec sestavljivo pru\u010dko sam pobarva po prilo\u017eeni predlogi in s prilo\u017eenimi barvami.","og_url":"https:\/\/skrina.si\/sl\/product\/prucka-macek-v-zaklju\/","og_site_name":"Etnogalerija Skrina","article_modified_time":"2024-04-15T17:37:07+00:00","og_image":[{"width":2000,"height":1500,"url":"https:\/\/skrina.si\/wp-content\/uploads\/2024\/02\/Prucka-Obuti-macek-1.jpg","type":"image\/jpeg"}],"twitter_card":"summary_large_image","twitter_misc":{"Est. reading time":"3 minute"},"schema":{"@context":"https:\/\/schema.org","@graph":[{"@type":"WebPage","@id":"https:\/\/skrina.si\/sl\/product\/prucka-macek-v-zaklju\/","url":"https:\/\/skrina.si\/sl\/product\/prucka-macek-v-zaklju\/","name":"[:sl]Pru\u010dka - Ma\u010dek v \u017eaklju[:] - Etnogalerija Skrina","isPartOf":{"@id":"https:\/\/skrina.si\/sl\/#website"},"datePublished":"2024-02-24T19:11:26+00:00","dateModified":"2024-04-15T17:37:07+00:00","description":"Lesena pru\u010dka - Obuti ma\u010dek. Prikupno ter priro\u010dno darilo za otroke. Kupec sestavljivo pru\u010dko sam pobarva po prilo\u017eeni predlogi in s prilo\u017eenimi barvami.","breadcrumb":{"@id":"https:\/\/skrina.si\/sl\/product\/prucka-macek-v-zaklju\/#breadcrumb"},"inLanguage":"sl-SI","potentialAction":[{"@type":"ReadAction","target":["https:\/\/skrina.si\/sl\/product\/prucka-macek-v-zaklju\/"]}]},{"@type":"BreadcrumbList","@id":"https:\/\/skrina.si\/sl\/product\/prucka-macek-v-zaklju\/#breadcrumb","itemListElement":[{"@type":"ListItem","position":1,"name":"Home","item":"https:\/\/skrina.si\/"},{"@type":"ListItem","position":2,"name":"Shop","item":"https:\/\/skrina.si\/shop\/"},{"@type":"ListItem","position":3,"name":"Pru\u010dka &#8211; Ma\u010dek v \u017eaklju"}]},{"@type":"WebSite","@id":"https:\/\/skrina.si\/sl\/#website","url":"https:\/\/skrina.si\/sl\/","name":"Etnogalerija Skrina","description":"Tradicija s posluhom","potentialAction":[{"@type":"SearchAction","target":{"@type":"EntryPoint","urlTemplate":"https:\/\/skrina.si\/sl\/?s={search_term_string}"},"query-input":"required name=search_term_string"}],"inLanguage":"sl-SI"}]}},"_links":{"self":[{"href":"https:\/\/skrina.si\/sl\/wp-json\/wp\/v2\/product\/13773"}],"collection":[{"href":"https:\/\/skrina.si\/sl\/wp-json\/wp\/v2\/product"}],"about":[{"href":"https:\/\/skrina.si\/sl\/wp-json\/wp\/v2\/types\/product"}],"wp:featuredmedia":[{"embeddable":true,"href":"https:\/\/skrina.si\/sl\/wp-json\/wp\/v2\/media\/13530"}],"wp:attachment":[{"href":"https:\/\/skrina.si\/sl\/wp-json\/wp\/v2\/media?parent=13773"}],"wp:term":[{"taxonomy":"product_cat","embeddable":true,"href":"https:\/\/skrina.si\/sl\/wp-json\/wp\/v2\/product_cat?post=13773"},{"taxonomy":"product_tag","embeddable":true,"href":"https:\/\/skrina.si\/sl\/wp-json\/wp\/v2\/product_tag?post=13773"}],"curies":[{"name":"wp","href":"https:\/\/api.w.org\/{rel}","templated":true}]}}