{"id":13754,"date":"2024-02-24T14:26:29","date_gmt":"2024-02-24T14:26:29","guid":{"rendered":"https:\/\/skrina.si\/?post_type=product&#038;p=13754"},"modified":"2024-04-15T19:31:51","modified_gmt":"2024-04-15T17:31:51","slug":"diy-stool-puss-in-boots","status":"publish","type":"product","link":"https:\/\/skrina.si\/sl\/product\/diy-stool-puss-in-boots\/","title":{"rendered":"DIY stool Puss in Boots"},"content":{"rendered":"<h5>Puss in Boots<\/h5>\n<h5 style=\"text-align: justify;\">Charles Perrault<\/h5>\n<h5 style=\"text-align: justify;\">Once upon a time, an old miller died and left all his property to his three sons. To his oldest son: the mill, to his middle son: the donkey and to his youngest son: the cat. A fine cat, indeed, but still, just a cat. Luckily, the youngest son discovered, that Puss is no ordinary cat. He is smart. He can talk. In addition, <strong><em>he has a plan for his master. <\/em><\/strong>Therefore, in the days that followed, Puss in Boots regularly visited the castle, carrying rabbits, hares, partridges, and skylarks, presenting them all to the King in the name of the <strong><em>Marquis of Carabas. <\/em><\/strong>One day the Puss in Boots discovered that the King and Queen were taking the Princess on a carriage ride that very afternoon. The cat hurried home in great excitement: \u00bbMaster, come along\u00ab he cried. \u00bbIt is time to carry out my plan,\u00ab So they went to the river, and when the King&#8217;s carriage appeared the cat pushed his master into the water. \u00bbHelp\u00ab cried the cat \u00bbThe Marquis of Carabas is drowning\u00ab. The King heard his cries, sent his escorts to the rescue, and ordered new clothes to be brought for the Marquis of Carabas.<br \/>\nThe cat overheard one of the ministers remark that they must find out how rich he was. <strong><em>\u00bbHe is very rich indeed<\/em><\/strong>, \u00bb said Puss in Boots. \u00bbHe owns the castle and all this land. Come and see for yourself. I will meet you at the castle.\u00ab\u00a0 And with these words, the cat rushed off in the direction of the castle. There he knocked at the gate and when the door opened, Puss in Boots removed his feather hat, exclaiming, \u00bbMy Lord Ogre, my respects\u00ab! \u00bbWhat do you want cat?\u00ab asked the ogre rudely. \u00bbSire, I&#8217;ve heard you possess great powers. That, for instance, you can change into a lion or an elephant, but I don&#8217;t believe you can change into a tiny little creature, like a mouse.\u00ab\u00a0 \u00bbWell just watch this!\u00ab retorted the ogre, turning into a mouse. In a flash, the cat leaped on the mouse and ate it whole. Then he dashed to the castle gate, just in time, for the King&#8217;s carriage was drawing up. With a bow, Puss in Boots said, \u00bbSire, welcome to the castle of the Marquis of Carabas\u00ab! The miller&#8217;s son, now Marquis of Carabas, married the Princess and lived happily with her in the castle.<br \/>\nPuss <strong><em>became a great lord<\/em><\/strong> and never ran after mice anymore but only for his diversion.<\/h5>\n<h5><\/h5>\n<h5><\/h5>\n<h5><\/h5>\n<h6><em>\u00a0<\/em><\/h6>\n","protected":false},"excerpt":{"rendered":"<h5>For the Japanese market, we made jointed step stools with the motifs of the\u00a0<strong><em>world\u2019s famous fairy tales.<br \/>\n<\/em><\/strong>DIY stools encourage creativity and develop imagination, and they can be used as rehabilitation equipment.<br \/>\nThe motif of the fairy tale\u00a0<strong><em>\u201cPuss in Boots\u201d<\/em><\/strong> by <strong>Charles Perrault <\/strong>is printed on the stool seat, and the buyer colors it by himself with the supplied colors.<\/h5>\n<h5>DIY stools are creative gifts for children and are designed for fun and use by the whole family.<\/h5>\n<h6><em>Details:<\/em><\/h6>\n<ul>\n<li>\n<h6>Jointed step stool \u2013 DIY<\/h6>\n<\/li>\n<li>\n<h6>Size: 400 x 200 x 200 mm<\/h6>\n<\/li>\n<li>\n<h6>Cardboard box: 410 x 230 x 50 mm<\/h6>\n<\/li>\n<li>\n<h6>Color: Blue<\/h6>\n<\/li>\n<li>\n<h6>Motif: Puss in boots<\/h6>\n<\/li>\n<li>\n<h6>Included: 4 basic non-toxic colors (water-based) and brush<\/h6>\n<\/li>\n<li>\n<h6>Material: MDF<\/h6>\n<\/li>\n<li>\n<h6>EN 71 CERTIFICATE<\/h6>\n<\/li>\n<li>\n<h6><strong><em>An ideal gift for the whole family (regardless of age and gender)<\/em><\/strong><\/h6>\n<\/li>\n<li>\n<h6>easy to send by post<\/h6>\n<\/li>\n<\/ul>\n","protected":false},"featured_media":13530,"template":"","meta":{"_monsterinsights_skip_tracking":false,"_monsterinsights_sitenote_active":false,"_monsterinsights_sitenote_note":"","_monsterinsights_sitenote_category":0},"product_cat":[1623,1638],"product_tag":[1296],"aioseo_notices":[],"yoast_head":"<!-- This site is optimized with the Yoast SEO plugin v22.1 - https:\/\/yoast.com\/wordpress\/plugins\/seo\/ -->\n<title>DIY stool Puss in Boots - Etnogalerija Skrina<\/title>\n<meta name=\"description\" content=\"Lesena pru\u010dka - Obuti ma\u010dek. Prikupno ter priro\u010dno darilo za otroke. Kupec sestavljivo pru\u010dko sam pobarva po prilo\u017eeni predlogi in s prilo\u017eenimi barvami.\" \/>\n<meta name=\"robots\" content=\"index, follow, max-snippet:-1, max-image-preview:large, max-video-preview:-1\" \/>\n<link rel=\"canonical\" href=\"https:\/\/skrina.si\/sl\/product\/diy-stool-puss-in-boots\/\" \/>\n<meta property=\"og:locale\" content=\"sl_SI\" \/>\n<meta property=\"og:locale:alternate\" content=\"en_GB\" \/>\n<meta property=\"og:type\" content=\"article\" \/>\n<meta property=\"og:title\" content=\"DIY stool Puss in Boots\" \/>\n<meta property=\"og:description\" content=\"Lesena pru\u010dka - Obuti ma\u010dek. Prikupno ter priro\u010dno darilo za otroke. Kupec sestavljivo pru\u010dko sam pobarva po prilo\u017eeni predlogi in s prilo\u017eenimi barvami.\" \/>\n<meta property=\"og:url\" content=\"https:\/\/skrina.si\/sl\/product\/diy-stool-puss-in-boots\/\" \/>\n<meta property=\"og:site_name\" content=\"Etnogalerija Skrina\" \/>\n<meta property=\"article:modified_time\" content=\"2024-04-15T17:31:51+00:00\" \/>\n<meta property=\"og:image\" content=\"https:\/\/skrina.si\/wp-content\/uploads\/2024\/02\/Prucka-Obuti-macek-1.jpg\" \/>\n\t<meta property=\"og:image:width\" content=\"2000\" \/>\n\t<meta property=\"og:image:height\" content=\"1500\" \/>\n\t<meta property=\"og:image:type\" content=\"image\/jpeg\" \/>\n<meta name=\"twitter:card\" content=\"summary_large_image\" \/>\n<meta name=\"twitter:label1\" content=\"Est. reading time\" \/>\n\t<meta name=\"twitter:data1\" content=\"3 minute\" \/>\n<script type=\"application\/ld+json\" class=\"yoast-schema-graph\">{\"@context\":\"https:\/\/schema.org\",\"@graph\":[{\"@type\":\"WebPage\",\"@id\":\"https:\/\/skrina.si\/sl\/product\/diy-stool-puss-in-boots\/\",\"url\":\"https:\/\/skrina.si\/sl\/product\/diy-stool-puss-in-boots\/\",\"name\":\"[:en]DIY stool Puss in Boots[:sl]DIY stool Puss in Boots[:] - Etnogalerija Skrina\",\"isPartOf\":{\"@id\":\"https:\/\/skrina.si\/sl\/#website\"},\"datePublished\":\"2024-02-24T14:26:29+00:00\",\"dateModified\":\"2024-04-15T17:31:51+00:00\",\"description\":\"Lesena pru\u010dka - Obuti ma\u010dek. Prikupno ter priro\u010dno darilo za otroke. Kupec sestavljivo pru\u010dko sam pobarva po prilo\u017eeni predlogi in s prilo\u017eenimi barvami.\",\"breadcrumb\":{\"@id\":\"https:\/\/skrina.si\/sl\/product\/diy-stool-puss-in-boots\/#breadcrumb\"},\"inLanguage\":\"sl-SI\",\"potentialAction\":[{\"@type\":\"ReadAction\",\"target\":[\"https:\/\/skrina.si\/sl\/product\/diy-stool-puss-in-boots\/\"]}]},{\"@type\":\"BreadcrumbList\",\"@id\":\"https:\/\/skrina.si\/sl\/product\/diy-stool-puss-in-boots\/#breadcrumb\",\"itemListElement\":[{\"@type\":\"ListItem\",\"position\":1,\"name\":\"Home\",\"item\":\"https:\/\/skrina.si\/\"},{\"@type\":\"ListItem\",\"position\":2,\"name\":\"Shop\",\"item\":\"https:\/\/skrina.si\/shop\/\"},{\"@type\":\"ListItem\",\"position\":3,\"name\":\"DIY stool Puss in Boots\"}]},{\"@type\":\"WebSite\",\"@id\":\"https:\/\/skrina.si\/sl\/#website\",\"url\":\"https:\/\/skrina.si\/sl\/\",\"name\":\"Etnogalerija Skrina\",\"description\":\"Tradicija s posluhom\",\"potentialAction\":[{\"@type\":\"SearchAction\",\"target\":{\"@type\":\"EntryPoint\",\"urlTemplate\":\"https:\/\/skrina.si\/sl\/?s={search_term_string}\"},\"query-input\":\"required name=search_term_string\"}],\"inLanguage\":\"sl-SI\"}]}<\/script>\n<!-- \/ Yoast SEO plugin. -->","yoast_head_json":{"title":"DIY stool Puss in Boots - Etnogalerija Skrina","description":"Lesena pru\u010dka - Obuti ma\u010dek. Prikupno ter priro\u010dno darilo za otroke. Kupec sestavljivo pru\u010dko sam pobarva po prilo\u017eeni predlogi in s prilo\u017eenimi barvami.","robots":{"index":"index","follow":"follow","max-snippet":"max-snippet:-1","max-image-preview":"max-image-preview:large","max-video-preview":"max-video-preview:-1"},"canonical":"https:\/\/skrina.si\/sl\/product\/diy-stool-puss-in-boots\/","og_locale":"sl_SI","og_type":"article","og_title":"[:en]DIY stool Puss in Boots[:sl]DIY stool Puss in Boots[:] - Etnogalerija Skrina","og_description":"Lesena pru\u010dka - Obuti ma\u010dek. Prikupno ter priro\u010dno darilo za otroke. Kupec sestavljivo pru\u010dko sam pobarva po prilo\u017eeni predlogi in s prilo\u017eenimi barvami.","og_url":"https:\/\/skrina.si\/sl\/product\/diy-stool-puss-in-boots\/","og_site_name":"Etnogalerija Skrina","article_modified_time":"2024-04-15T17:31:51+00:00","og_image":[{"width":2000,"height":1500,"url":"https:\/\/skrina.si\/wp-content\/uploads\/2024\/02\/Prucka-Obuti-macek-1.jpg","type":"image\/jpeg"}],"twitter_card":"summary_large_image","twitter_misc":{"Est. reading time":"3 minute"},"schema":{"@context":"https:\/\/schema.org","@graph":[{"@type":"WebPage","@id":"https:\/\/skrina.si\/sl\/product\/diy-stool-puss-in-boots\/","url":"https:\/\/skrina.si\/sl\/product\/diy-stool-puss-in-boots\/","name":"[:en]DIY stool Puss in Boots[:sl]DIY stool Puss in Boots[:] - Etnogalerija Skrina","isPartOf":{"@id":"https:\/\/skrina.si\/sl\/#website"},"datePublished":"2024-02-24T14:26:29+00:00","dateModified":"2024-04-15T17:31:51+00:00","description":"Lesena pru\u010dka - Obuti ma\u010dek. Prikupno ter priro\u010dno darilo za otroke. Kupec sestavljivo pru\u010dko sam pobarva po prilo\u017eeni predlogi in s prilo\u017eenimi barvami.","breadcrumb":{"@id":"https:\/\/skrina.si\/sl\/product\/diy-stool-puss-in-boots\/#breadcrumb"},"inLanguage":"sl-SI","potentialAction":[{"@type":"ReadAction","target":["https:\/\/skrina.si\/sl\/product\/diy-stool-puss-in-boots\/"]}]},{"@type":"BreadcrumbList","@id":"https:\/\/skrina.si\/sl\/product\/diy-stool-puss-in-boots\/#breadcrumb","itemListElement":[{"@type":"ListItem","position":1,"name":"Home","item":"https:\/\/skrina.si\/"},{"@type":"ListItem","position":2,"name":"Shop","item":"https:\/\/skrina.si\/shop\/"},{"@type":"ListItem","position":3,"name":"DIY stool Puss in Boots"}]},{"@type":"WebSite","@id":"https:\/\/skrina.si\/sl\/#website","url":"https:\/\/skrina.si\/sl\/","name":"Etnogalerija Skrina","description":"Tradicija s posluhom","potentialAction":[{"@type":"SearchAction","target":{"@type":"EntryPoint","urlTemplate":"https:\/\/skrina.si\/sl\/?s={search_term_string}"},"query-input":"required name=search_term_string"}],"inLanguage":"sl-SI"}]}},"_links":{"self":[{"href":"https:\/\/skrina.si\/sl\/wp-json\/wp\/v2\/product\/13754"}],"collection":[{"href":"https:\/\/skrina.si\/sl\/wp-json\/wp\/v2\/product"}],"about":[{"href":"https:\/\/skrina.si\/sl\/wp-json\/wp\/v2\/types\/product"}],"wp:featuredmedia":[{"embeddable":true,"href":"https:\/\/skrina.si\/sl\/wp-json\/wp\/v2\/media\/13530"}],"wp:attachment":[{"href":"https:\/\/skrina.si\/sl\/wp-json\/wp\/v2\/media?parent=13754"}],"wp:term":[{"taxonomy":"product_cat","embeddable":true,"href":"https:\/\/skrina.si\/sl\/wp-json\/wp\/v2\/product_cat?post=13754"},{"taxonomy":"product_tag","embeddable":true,"href":"https:\/\/skrina.si\/sl\/wp-json\/wp\/v2\/product_tag?post=13754"}],"curies":[{"name":"wp","href":"https:\/\/api.w.org\/{rel}","templated":true}]}}