{"id":13670,"date":"2024-02-20T16:46:31","date_gmt":"2024-02-20T16:46:31","guid":{"rendered":"https:\/\/skrina.si\/?post_type=product&#038;p=13670"},"modified":"2024-04-10T15:29:58","modified_gmt":"2024-04-10T13:29:58","slug":"lovec-pes-in-tolovaj","status":"publish","type":"product","link":"https:\/\/skrina.si\/sl\/product\/lovec-pes-in-tolovaj\/","title":{"rendered":"Lovec, pes in tolovaj"},"content":{"rendered":"","protected":false},"excerpt":{"rendered":"<h5><strong><em>Strelske tar\u010de<\/em><\/strong> so bile v Sloveniji priljubljene v 18. in 19. stoletju, \u00a0kasneje pa so \u0161le v pozabo.<br \/>\nV Etnogaleriji SKRINA smo jih \u00bbobudili v \u017eivljenje\u00ab in jih ponudili kot poslovno darilo Strelski zvezi Slovenije.<br \/>\nSo neprecenljiv vir informacij o strelskih dogodkih, obi\u010dajih in navadah razli\u010dnih strelskih klubov.<br \/>\nPonazarjajo lovske posebnosti, slabosti in nagnjenost k pretiravanju, ki se je ohranila vse do dana\u0161njih dni v frazi, ki jo pogosto uporabljamo: <strong><em>\u00bbTa je pa lovska\u00ab.<br \/>\n<\/em><\/strong>Najstarej\u0161a ohranjena tar\u010da je iz <strong><em>leta 1719<\/em><\/strong>.<br \/>\nOriginalne tar\u010de so razli\u010dnih oblik in velikosti in jih hrani <strong><em>Mestni muzej Ljubljana.<\/em><\/strong><\/h5>\n<h6><em>Podrobnosti:<\/em><\/h6>\n<ul>\n<li>\n<h6>Strelska tar\u010da<\/h6>\n<\/li>\n<li>\n<h6>Mere izdelka:24 x 24 cm<\/h6>\n<\/li>\n<li>\n<h6>Embalirano v kartonski \u0161katli<\/h6>\n<\/li>\n<li>\n<h6>Motiv: Lovec, pes in tolovaj<\/h6>\n<\/li>\n<li>\n<h6>Material: smreka<\/h6>\n<\/li>\n<li>\n<h6><strong><em>zaradi varovanja okolja uporabljamo le les, ki je namenjen za obvezni posek<\/em><\/strong><\/h6>\n<\/li>\n<li>\n<h6>RO\u010cNO BARVANO<\/h6>\n<\/li>\n<li>\n<h6><strong><em>Idealno darilo za lovce<\/em><\/strong><\/h6>\n<\/li>\n<\/ul>\n<p><strong><em>\u00a0<\/em><\/strong><\/p>\n<p><em>\u00a0<\/em><\/p>\n","protected":false},"featured_media":11778,"template":"","meta":{"_monsterinsights_skip_tracking":false,"_monsterinsights_sitenote_active":false,"_monsterinsights_sitenote_note":"","_monsterinsights_sitenote_category":0},"product_cat":[103,1282],"product_tag":[135],"aioseo_notices":[],"yoast_head":"<!-- This site is optimized with the Yoast SEO plugin v22.1 - https:\/\/yoast.com\/wordpress\/plugins\/seo\/ -->\n<title>Lovec, pes in tolovaj - Etnogalerija Skrina<\/title>\n<meta name=\"robots\" content=\"index, follow, max-snippet:-1, max-image-preview:large, max-video-preview:-1\" \/>\n<link rel=\"canonical\" href=\"https:\/\/skrina.si\/sl\/product\/lovec-pes-in-tolovaj\/\" \/>\n<meta property=\"og:locale\" content=\"sl_SI\" \/>\n<meta property=\"og:locale:alternate\" content=\"en_GB\" \/>\n<meta property=\"og:type\" content=\"article\" \/>\n<meta property=\"og:title\" content=\"Lovec, pes in tolovaj\" \/>\n<meta property=\"og:description\" content=\"Strelske tar\u010de so bile v Sloveniji priljubljene v 18. in 19. stoletju, \u00a0kasneje pa so \u0161le v pozabo. V Etnogaleriji SKRINA smo jih \u00bbobudili v \u017eivljenje\u00ab in jih ponudili kot poslovno darilo Strelski zvezi Slovenije. So neprecenljiv vir informacij o strelskih dogodkih, obi\u010dajih in navadah razli\u010dnih strelskih klubov. Ponazarjajo lovske posebnosti, slabosti in nagnjenost k pretiravanju, ki se je ohranila vse do dana\u0161njih dni v frazi, ki jo pogosto uporabljamo: \u00bbTa je pa lovska\u00ab. Najstarej\u0161a ohranjena tar\u010da je iz leta 1719. Originalne tar\u010de so razli\u010dnih oblik in velikosti in jih hrani Mestni muzej Ljubljana. Podrobnosti:    Strelska tar\u010da    Mere izdelka:24 x 24 cm    Embalirano v kartonski \u0161katli    Motiv: Lovec, pes in tolovaj    Material: smreka    zaradi varovanja okolja uporabljamo le les, ki je namenjen za obvezni posek    RO\u010cNO BARVANO    Idealno darilo za lovce   \u00a0  \u00a0\" \/>\n<meta property=\"og:url\" content=\"https:\/\/skrina.si\/sl\/product\/lovec-pes-in-tolovaj\/\" \/>\n<meta property=\"og:site_name\" content=\"Etnogalerija Skrina\" \/>\n<meta property=\"article:modified_time\" content=\"2024-04-10T13:29:58+00:00\" \/>\n<meta property=\"og:image\" content=\"https:\/\/skrina.si\/wp-content\/uploads\/2022\/08\/Lovske-tarce-lovca-v-vodi-tradicija-s-posluhom-slovenija-etno-galerija-skrina.jpg\" \/>\n\t<meta property=\"og:image:width\" content=\"2000\" \/>\n\t<meta property=\"og:image:height\" content=\"1500\" \/>\n\t<meta property=\"og:image:type\" content=\"image\/jpeg\" \/>\n<meta name=\"twitter:card\" content=\"summary_large_image\" \/>\n<meta name=\"twitter:label1\" content=\"Est. reading time\" \/>\n\t<meta name=\"twitter:data1\" content=\"1 minuta\" \/>\n<script type=\"application\/ld+json\" class=\"yoast-schema-graph\">{\"@context\":\"https:\/\/schema.org\",\"@graph\":[{\"@type\":\"WebPage\",\"@id\":\"https:\/\/skrina.si\/sl\/product\/lovec-pes-in-tolovaj\/\",\"url\":\"https:\/\/skrina.si\/sl\/product\/lovec-pes-in-tolovaj\/\",\"name\":\"[:en]Lovec, pes in tolovaj[:sl]Lovec, pes in tolovaj[:] - Etnogalerija Skrina\",\"isPartOf\":{\"@id\":\"https:\/\/skrina.si\/sl\/#website\"},\"datePublished\":\"2024-02-20T16:46:31+00:00\",\"dateModified\":\"2024-04-10T13:29:58+00:00\",\"breadcrumb\":{\"@id\":\"https:\/\/skrina.si\/sl\/product\/lovec-pes-in-tolovaj\/#breadcrumb\"},\"inLanguage\":\"sl-SI\",\"potentialAction\":[{\"@type\":\"ReadAction\",\"target\":[\"https:\/\/skrina.si\/sl\/product\/lovec-pes-in-tolovaj\/\"]}]},{\"@type\":\"BreadcrumbList\",\"@id\":\"https:\/\/skrina.si\/sl\/product\/lovec-pes-in-tolovaj\/#breadcrumb\",\"itemListElement\":[{\"@type\":\"ListItem\",\"position\":1,\"name\":\"Home\",\"item\":\"https:\/\/skrina.si\/\"},{\"@type\":\"ListItem\",\"position\":2,\"name\":\"Shop\",\"item\":\"https:\/\/skrina.si\/shop\/\"},{\"@type\":\"ListItem\",\"position\":3,\"name\":\"Lovec, pes in tolovaj\"}]},{\"@type\":\"WebSite\",\"@id\":\"https:\/\/skrina.si\/sl\/#website\",\"url\":\"https:\/\/skrina.si\/sl\/\",\"name\":\"Etnogalerija Skrina\",\"description\":\"Tradicija s posluhom\",\"potentialAction\":[{\"@type\":\"SearchAction\",\"target\":{\"@type\":\"EntryPoint\",\"urlTemplate\":\"https:\/\/skrina.si\/sl\/?s={search_term_string}\"},\"query-input\":\"required name=search_term_string\"}],\"inLanguage\":\"sl-SI\"}]}<\/script>\n<!-- \/ Yoast SEO plugin. -->","yoast_head_json":{"title":"Lovec, pes in tolovaj - Etnogalerija Skrina","robots":{"index":"index","follow":"follow","max-snippet":"max-snippet:-1","max-image-preview":"max-image-preview:large","max-video-preview":"max-video-preview:-1"},"canonical":"https:\/\/skrina.si\/sl\/product\/lovec-pes-in-tolovaj\/","og_locale":"sl_SI","og_type":"article","og_title":"[:en]Lovec, pes in tolovaj[:sl]Lovec, pes in tolovaj[:] - Etnogalerija Skrina","og_description":"[:en]Strelske tar\u010de so bile v Sloveniji priljubljene v 18. in 19. stoletju, \u00a0kasneje pa so \u0161le v pozabo. V Etnogaleriji SKRINA smo jih \u00bbobudili v \u017eivljenje\u00ab in jih ponudili kot poslovno darilo Strelski zvezi Slovenije. So neprecenljiv vir informacij o strelskih dogodkih, obi\u010dajih in navadah razli\u010dnih strelskih klubov. Ponazarjajo lovske posebnosti, slabosti in nagnjenost k pretiravanju, ki se je ohranila vse do dana\u0161njih dni v frazi, ki jo pogosto uporabljamo: \u00bbTa je pa lovska\u00ab. Najstarej\u0161a ohranjena tar\u010da je iz leta 1719. Originalne tar\u010de so razli\u010dnih oblik in velikosti in jih hrani Mestni muzej Ljubljana. Podrobnosti:    Strelska tar\u010da    Mere izdelka:24 x 24 cm    Embalirano v kartonski \u0161katli    Motiv: Lovec, pes in tolovaj    Material: smreka    zaradi varovanja okolja uporabljamo le les, ki je namenjen za obvezni posek    RO\u010cNO BARVANO    Idealno darilo za lovce   \u00a0  \u00a0[:sl]Strelske tar\u010de so bile v Sloveniji priljubljene v 18. in 19. stoletju, \u00a0kasneje pa so \u0161le v pozabo. V Etnogaleriji SKRINA smo jih \u00bbobudili v \u017eivljenje\u00ab in jih ponudili kot poslovno darilo Strelski zvezi Slovenije. So neprecenljiv vir informacij o strelskih dogodkih, obi\u010dajih in navadah razli\u010dnih strelskih klubov. Ponazarjajo lovske posebnosti, slabosti in nagnjenost k pretiravanju, ki se je ohranila vse do dana\u0161njih dni v frazi, ki jo pogosto uporabljamo: \u00bbTa je pa lovska\u00ab. Najstarej\u0161a ohranjena tar\u010da je iz leta 1719. Originalne tar\u010de so razli\u010dnih oblik in velikosti in jih hrani Mestni muzej Ljubljana. Podrobnosti:    Strelska tar\u010da    Mere izdelka:24 x 24 cm    Embalirano v kartonski \u0161katli    Motiv: Lovec, pes in tolovaj    Material: smreka    zaradi varovanja okolja uporabljamo le les, ki je namenjen za obvezni posek    RO\u010cNO BARVANO    Idealno darilo za lovce   \u00a0  \u00a0[:]","og_url":"https:\/\/skrina.si\/sl\/product\/lovec-pes-in-tolovaj\/","og_site_name":"Etnogalerija Skrina","article_modified_time":"2024-04-10T13:29:58+00:00","og_image":[{"width":2000,"height":1500,"url":"https:\/\/skrina.si\/wp-content\/uploads\/2022\/08\/Lovske-tarce-lovca-v-vodi-tradicija-s-posluhom-slovenija-etno-galerija-skrina.jpg","type":"image\/jpeg"}],"twitter_card":"summary_large_image","twitter_misc":{"Est. reading time":"1 minuta"},"schema":{"@context":"https:\/\/schema.org","@graph":[{"@type":"WebPage","@id":"https:\/\/skrina.si\/sl\/product\/lovec-pes-in-tolovaj\/","url":"https:\/\/skrina.si\/sl\/product\/lovec-pes-in-tolovaj\/","name":"[:en]Lovec, pes in tolovaj[:sl]Lovec, pes in tolovaj[:] - Etnogalerija Skrina","isPartOf":{"@id":"https:\/\/skrina.si\/sl\/#website"},"datePublished":"2024-02-20T16:46:31+00:00","dateModified":"2024-04-10T13:29:58+00:00","breadcrumb":{"@id":"https:\/\/skrina.si\/sl\/product\/lovec-pes-in-tolovaj\/#breadcrumb"},"inLanguage":"sl-SI","potentialAction":[{"@type":"ReadAction","target":["https:\/\/skrina.si\/sl\/product\/lovec-pes-in-tolovaj\/"]}]},{"@type":"BreadcrumbList","@id":"https:\/\/skrina.si\/sl\/product\/lovec-pes-in-tolovaj\/#breadcrumb","itemListElement":[{"@type":"ListItem","position":1,"name":"Home","item":"https:\/\/skrina.si\/"},{"@type":"ListItem","position":2,"name":"Shop","item":"https:\/\/skrina.si\/shop\/"},{"@type":"ListItem","position":3,"name":"Lovec, pes in tolovaj"}]},{"@type":"WebSite","@id":"https:\/\/skrina.si\/sl\/#website","url":"https:\/\/skrina.si\/sl\/","name":"Etnogalerija Skrina","description":"Tradicija s posluhom","potentialAction":[{"@type":"SearchAction","target":{"@type":"EntryPoint","urlTemplate":"https:\/\/skrina.si\/sl\/?s={search_term_string}"},"query-input":"required name=search_term_string"}],"inLanguage":"sl-SI"}]}},"_links":{"self":[{"href":"https:\/\/skrina.si\/sl\/wp-json\/wp\/v2\/product\/13670"}],"collection":[{"href":"https:\/\/skrina.si\/sl\/wp-json\/wp\/v2\/product"}],"about":[{"href":"https:\/\/skrina.si\/sl\/wp-json\/wp\/v2\/types\/product"}],"wp:featuredmedia":[{"embeddable":true,"href":"https:\/\/skrina.si\/sl\/wp-json\/wp\/v2\/media\/11778"}],"wp:attachment":[{"href":"https:\/\/skrina.si\/sl\/wp-json\/wp\/v2\/media?parent=13670"}],"wp:term":[{"taxonomy":"product_cat","embeddable":true,"href":"https:\/\/skrina.si\/sl\/wp-json\/wp\/v2\/product_cat?post=13670"},{"taxonomy":"product_tag","embeddable":true,"href":"https:\/\/skrina.si\/sl\/wp-json\/wp\/v2\/product_tag?post=13670"}],"curies":[{"name":"wp","href":"https:\/\/api.w.org\/{rel}","templated":true}]}}