{"id":13649,"date":"2024-02-19T13:53:48","date_gmt":"2024-02-19T13:53:48","guid":{"rendered":"https:\/\/skrina.si\/?post_type=product&#038;p=13649"},"modified":"2024-02-23T12:31:46","modified_gmt":"2024-02-23T12:31:46","slug":"zlozljivo-ogledalo-z-navadnim-in-povecevalnim-zrcalom","status":"publish","type":"product","link":"https:\/\/skrina.si\/sl\/product\/zlozljivo-ogledalo-z-navadnim-in-povecevalnim-zrcalom\/","title":{"rendered":"Zlo\u017eljivo ogledalo z navadnim in pove\u010devalnim zrcalom"},"content":{"rendered":"","protected":false},"excerpt":{"rendered":"<h5 style=\"text-align: justify;\">V Etnogaleriji SKRINA se radi oziramo nazaj v preteklost. Predani smo raziskovanju <strong><em>tradicionalnih slovenskih vzorcev<\/em><\/strong>, do katerih \u010dutimo veliko spo\u0161tovanje in jih znamo uporabimo v vsakdanjem \u017eivljenju.<br \/>\nMotivi iz zakladnice slovenskega ljudskega izro\u010dila predstavljajo neusahljiv vir inspiracij.<br \/>\nV SKRINI smo za vas oblikovali uporabne izdelke za vsakdanjo uporabo.<br \/>\nNe glede na to, ali gre za darilo za valentinovo, rojstnodnevno darilo, bo\u017ei\u010dno darilo ali samo kak\u0161no malenkost za lep\u0161i dan so izdelki s tradicionalnimi slovenskimi vzorci \u00a0vedno <em><strong>prava izbira.<\/strong><\/em><\/h5>\n<h6><em>Podrobnosti:<\/em><\/h6>\n<ul>\n<li>\n<h6>Zlo\u017eljivo ogledalo z navadnim in pove\u010devalnim zrcalom<\/h6>\n<\/li>\n<li>\n<h6>Mere izdelka: 7 x 7,5 x 2,5 cm<\/h6>\n<\/li>\n<li>\n<h6>Barva: razli\u010dne barve, za razli\u010dne okuse<\/h6>\n<\/li>\n<li>\n<h6>Motiv: tradicionalni slovenski vzorci<\/h6>\n<\/li>\n<li>\n<h6>Material: kovina<\/h6>\n<\/li>\n<\/ul>\n","protected":false},"featured_media":13654,"template":"","meta":{"_monsterinsights_skip_tracking":false,"_monsterinsights_sitenote_active":false,"_monsterinsights_sitenote_note":"","_monsterinsights_sitenote_category":0},"product_cat":[103,277],"product_tag":[95,104],"aioseo_notices":[],"yoast_head":"<!-- This site is optimized with the Yoast SEO plugin v22.1 - https:\/\/yoast.com\/wordpress\/plugins\/seo\/ -->\n<title>Zlo\u017eljivo ogledalo z navadnim in pove\u010devalnim zrcalom - Etnogalerija Skrina<\/title>\n<meta name=\"robots\" content=\"index, follow, max-snippet:-1, max-image-preview:large, max-video-preview:-1\" \/>\n<link rel=\"canonical\" href=\"https:\/\/skrina.si\/sl\/product\/zlozljivo-ogledalo-z-navadnim-in-povecevalnim-zrcalom\/\" \/>\n<meta property=\"og:locale\" content=\"sl_SI\" \/>\n<meta property=\"og:locale:alternate\" content=\"en_GB\" \/>\n<meta property=\"og:type\" content=\"article\" \/>\n<meta property=\"og:title\" content=\"Zlo\u017eljivo ogledalo z navadnim in pove\u010devalnim zrcalom - Etnogalerija Skrina\" \/>\n<meta property=\"og:description\" content=\"V Etnogaleriji SKRINA se radi oziramo nazaj v preteklost. Predani smo raziskovanju tradicionalnih slovenskih vzorcev, do katerih \u010dutimo veliko spo\u0161tovanje in jih znamo uporabimo v vsakdanjem \u017eivljenju. Motivi iz zakladnice slovenskega ljudskega izro\u010dila predstavljajo neusahljiv vir inspiracij. V SKRINI smo za vas oblikovali uporabne izdelke za vsakdanjo uporabo. Ne glede na to, ali gre za darilo za valentinovo, rojstnodnevno darilo, bo\u017ei\u010dno darilo ali samo kak\u0161no malenkost za lep\u0161i dan so izdelki s tradicionalnimi slovenskimi vzorci \u00a0vedno prava izbira. Podrobnosti:    Zlo\u017eljivo ogledalo z navadnim in pove\u010devalnim zrcalom    Mere izdelka: 7 x 7,5 x 2,5 cm    Barva: razli\u010dne barve, za razli\u010dne okuse    Motiv: tradicionalni slovenski vzorci    Material: kovina\" \/>\n<meta property=\"og:url\" content=\"https:\/\/skrina.si\/sl\/product\/zlozljivo-ogledalo-z-navadnim-in-povecevalnim-zrcalom\/\" \/>\n<meta property=\"og:site_name\" content=\"Etnogalerija Skrina\" \/>\n<meta property=\"article:modified_time\" content=\"2024-02-23T12:31:46+00:00\" \/>\n<meta property=\"og:image\" content=\"https:\/\/skrina.si\/wp-content\/uploads\/2024\/02\/ogledalo-vsi.jpg\" \/>\n\t<meta property=\"og:image:width\" content=\"2000\" \/>\n\t<meta property=\"og:image:height\" content=\"1500\" \/>\n\t<meta property=\"og:image:type\" content=\"image\/jpeg\" \/>\n<meta name=\"twitter:card\" content=\"summary_large_image\" \/>\n<meta name=\"twitter:label1\" content=\"Est. reading time\" \/>\n\t<meta name=\"twitter:data1\" content=\"1 minuta\" \/>\n<script type=\"application\/ld+json\" class=\"yoast-schema-graph\">{\"@context\":\"https:\/\/schema.org\",\"@graph\":[{\"@type\":\"WebPage\",\"@id\":\"https:\/\/skrina.si\/sl\/product\/zlozljivo-ogledalo-z-navadnim-in-povecevalnim-zrcalom\/\",\"url\":\"https:\/\/skrina.si\/sl\/product\/zlozljivo-ogledalo-z-navadnim-in-povecevalnim-zrcalom\/\",\"name\":\"Zlo\u017eljivo ogledalo z navadnim in pove\u010devalnim zrcalom - Etnogalerija Skrina\",\"isPartOf\":{\"@id\":\"https:\/\/skrina.si\/sl\/#website\"},\"datePublished\":\"2024-02-19T13:53:48+00:00\",\"dateModified\":\"2024-02-23T12:31:46+00:00\",\"breadcrumb\":{\"@id\":\"https:\/\/skrina.si\/sl\/product\/zlozljivo-ogledalo-z-navadnim-in-povecevalnim-zrcalom\/#breadcrumb\"},\"inLanguage\":\"sl-SI\",\"potentialAction\":[{\"@type\":\"ReadAction\",\"target\":[\"https:\/\/skrina.si\/sl\/product\/zlozljivo-ogledalo-z-navadnim-in-povecevalnim-zrcalom\/\"]}]},{\"@type\":\"BreadcrumbList\",\"@id\":\"https:\/\/skrina.si\/sl\/product\/zlozljivo-ogledalo-z-navadnim-in-povecevalnim-zrcalom\/#breadcrumb\",\"itemListElement\":[{\"@type\":\"ListItem\",\"position\":1,\"name\":\"Home\",\"item\":\"https:\/\/skrina.si\/\"},{\"@type\":\"ListItem\",\"position\":2,\"name\":\"Shop\",\"item\":\"https:\/\/skrina.si\/shop\/\"},{\"@type\":\"ListItem\",\"position\":3,\"name\":\"Zlo\u017eljivo ogledalo z navadnim in pove\u010devalnim zrcalom\"}]},{\"@type\":\"WebSite\",\"@id\":\"https:\/\/skrina.si\/sl\/#website\",\"url\":\"https:\/\/skrina.si\/sl\/\",\"name\":\"Etnogalerija Skrina\",\"description\":\"Tradicija s posluhom\",\"potentialAction\":[{\"@type\":\"SearchAction\",\"target\":{\"@type\":\"EntryPoint\",\"urlTemplate\":\"https:\/\/skrina.si\/sl\/?s={search_term_string}\"},\"query-input\":\"required name=search_term_string\"}],\"inLanguage\":\"sl-SI\"}]}<\/script>\n<!-- \/ Yoast SEO plugin. -->","yoast_head_json":{"title":"Zlo\u017eljivo ogledalo z navadnim in pove\u010devalnim zrcalom - Etnogalerija Skrina","robots":{"index":"index","follow":"follow","max-snippet":"max-snippet:-1","max-image-preview":"max-image-preview:large","max-video-preview":"max-video-preview:-1"},"canonical":"https:\/\/skrina.si\/sl\/product\/zlozljivo-ogledalo-z-navadnim-in-povecevalnim-zrcalom\/","og_locale":"sl_SI","og_type":"article","og_title":"Zlo\u017eljivo ogledalo z navadnim in pove\u010devalnim zrcalom - Etnogalerija Skrina","og_description":"V Etnogaleriji SKRINA se radi oziramo nazaj v preteklost. Predani smo raziskovanju tradicionalnih slovenskih vzorcev, do katerih \u010dutimo veliko spo\u0161tovanje in jih znamo uporabimo v vsakdanjem \u017eivljenju. Motivi iz zakladnice slovenskega ljudskega izro\u010dila predstavljajo neusahljiv vir inspiracij. V SKRINI smo za vas oblikovali uporabne izdelke za vsakdanjo uporabo. Ne glede na to, ali gre za darilo za valentinovo, rojstnodnevno darilo, bo\u017ei\u010dno darilo ali samo kak\u0161no malenkost za lep\u0161i dan so izdelki s tradicionalnimi slovenskimi vzorci \u00a0vedno prava izbira. Podrobnosti:    Zlo\u017eljivo ogledalo z navadnim in pove\u010devalnim zrcalom    Mere izdelka: 7 x 7,5 x 2,5 cm    Barva: razli\u010dne barve, za razli\u010dne okuse    Motiv: tradicionalni slovenski vzorci    Material: kovina","og_url":"https:\/\/skrina.si\/sl\/product\/zlozljivo-ogledalo-z-navadnim-in-povecevalnim-zrcalom\/","og_site_name":"Etnogalerija Skrina","article_modified_time":"2024-02-23T12:31:46+00:00","og_image":[{"width":2000,"height":1500,"url":"https:\/\/skrina.si\/wp-content\/uploads\/2024\/02\/ogledalo-vsi.jpg","type":"image\/jpeg"}],"twitter_card":"summary_large_image","twitter_misc":{"Est. reading time":"1 minuta"},"schema":{"@context":"https:\/\/schema.org","@graph":[{"@type":"WebPage","@id":"https:\/\/skrina.si\/sl\/product\/zlozljivo-ogledalo-z-navadnim-in-povecevalnim-zrcalom\/","url":"https:\/\/skrina.si\/sl\/product\/zlozljivo-ogledalo-z-navadnim-in-povecevalnim-zrcalom\/","name":"Zlo\u017eljivo ogledalo z navadnim in pove\u010devalnim zrcalom - Etnogalerija Skrina","isPartOf":{"@id":"https:\/\/skrina.si\/sl\/#website"},"datePublished":"2024-02-19T13:53:48+00:00","dateModified":"2024-02-23T12:31:46+00:00","breadcrumb":{"@id":"https:\/\/skrina.si\/sl\/product\/zlozljivo-ogledalo-z-navadnim-in-povecevalnim-zrcalom\/#breadcrumb"},"inLanguage":"sl-SI","potentialAction":[{"@type":"ReadAction","target":["https:\/\/skrina.si\/sl\/product\/zlozljivo-ogledalo-z-navadnim-in-povecevalnim-zrcalom\/"]}]},{"@type":"BreadcrumbList","@id":"https:\/\/skrina.si\/sl\/product\/zlozljivo-ogledalo-z-navadnim-in-povecevalnim-zrcalom\/#breadcrumb","itemListElement":[{"@type":"ListItem","position":1,"name":"Home","item":"https:\/\/skrina.si\/"},{"@type":"ListItem","position":2,"name":"Shop","item":"https:\/\/skrina.si\/shop\/"},{"@type":"ListItem","position":3,"name":"Zlo\u017eljivo ogledalo z navadnim in pove\u010devalnim zrcalom"}]},{"@type":"WebSite","@id":"https:\/\/skrina.si\/sl\/#website","url":"https:\/\/skrina.si\/sl\/","name":"Etnogalerija Skrina","description":"Tradicija s posluhom","potentialAction":[{"@type":"SearchAction","target":{"@type":"EntryPoint","urlTemplate":"https:\/\/skrina.si\/sl\/?s={search_term_string}"},"query-input":"required name=search_term_string"}],"inLanguage":"sl-SI"}]}},"_links":{"self":[{"href":"https:\/\/skrina.si\/sl\/wp-json\/wp\/v2\/product\/13649"}],"collection":[{"href":"https:\/\/skrina.si\/sl\/wp-json\/wp\/v2\/product"}],"about":[{"href":"https:\/\/skrina.si\/sl\/wp-json\/wp\/v2\/types\/product"}],"wp:featuredmedia":[{"embeddable":true,"href":"https:\/\/skrina.si\/sl\/wp-json\/wp\/v2\/media\/13654"}],"wp:attachment":[{"href":"https:\/\/skrina.si\/sl\/wp-json\/wp\/v2\/media?parent=13649"}],"wp:term":[{"taxonomy":"product_cat","embeddable":true,"href":"https:\/\/skrina.si\/sl\/wp-json\/wp\/v2\/product_cat?post=13649"},{"taxonomy":"product_tag","embeddable":true,"href":"https:\/\/skrina.si\/sl\/wp-json\/wp\/v2\/product_tag?post=13649"}],"curies":[{"name":"wp","href":"https:\/\/api.w.org\/{rel}","templated":true}]}}