{"id":13642,"date":"2024-02-19T10:56:44","date_gmt":"2024-02-19T10:56:44","guid":{"rendered":"https:\/\/skrina.si\/?post_type=product&#038;p=13642"},"modified":"2024-03-23T14:37:08","modified_gmt":"2024-03-23T13:37:08","slug":"keramicne-ploscice","status":"publish","type":"product","link":"https:\/\/skrina.si\/sl\/product\/keramicne-ploscice\/","title":{"rendered":"Kerami\u010dne plo\u0161\u010dice"},"content":{"rendered":"","protected":false},"excerpt":{"rendered":"<h5>Kerami\u010darka <strong><em>Zdenka Kastelic<\/em><\/strong> ima poleg svojega vsakdana \u0161e \u010disto svoj \u2013 pravlji\u010dni\u00a0 svet, kjer nastajajo\u00a0 hi\u0161e in gradovi; princi in princese; harlekini in gospodi\u010dne in druge podobe iz njenega sanjskega sveta.<\/h5>\n<h5>Vsak njen izdelek izra\u017ea del njene du\u0161e in prav vsak je druga\u010den, svoj in neponovljiv.<br \/>\nNjeni izdelki najdejo vedno nove \u010darobne poti v srca tistih, ki smo po <strong><em>du\u0161i ostali otroci.<\/em><\/strong><\/h5>\n<h6><em>Podrobnosti:<\/em><\/h6>\n<ul>\n<li>\n<h6><em>Velikost: 23 x 16 cm; 15 x 15 cm<\/em><\/h6>\n<\/li>\n<li>\n<h6><em>Material: Keramika<\/em><\/h6>\n<\/li>\n<li>\n<h6><em>V darilni embala\u017ei<\/em><\/h6>\n<\/li>\n<li>\n<h6><em>Oblikovano z ljubeznijo do detajlov<\/em><\/h6>\n<\/li>\n<li><strong><em>RO\u010cNO DELO<\/em><\/strong><\/li>\n<\/ul>\n","protected":false},"featured_media":6715,"template":"","meta":{"_monsterinsights_skip_tracking":false,"_monsterinsights_sitenote_active":false,"_monsterinsights_sitenote_note":"","_monsterinsights_sitenote_category":0},"product_cat":[39,123],"product_tag":[171,1490,1492],"aioseo_notices":[],"yoast_head":"<!-- This site is optimized with the Yoast SEO plugin v22.1 - https:\/\/yoast.com\/wordpress\/plugins\/seo\/ -->\n<title>Kerami\u010dne plo\u0161\u010dice - Etnogalerija Skrina<\/title>\n<meta name=\"robots\" content=\"index, follow, max-snippet:-1, max-image-preview:large, max-video-preview:-1\" \/>\n<link rel=\"canonical\" href=\"https:\/\/skrina.si\/sl\/product\/keramicne-ploscice\/\" \/>\n<meta property=\"og:locale\" content=\"sl_SI\" \/>\n<meta property=\"og:locale:alternate\" content=\"en_GB\" \/>\n<meta property=\"og:type\" content=\"article\" \/>\n<meta property=\"og:title\" content=\"Kerami\u010dne plo\u0161\u010dice\" \/>\n<meta property=\"og:description\" content=\"Kerami\u010darka Zdenka Kastelic ima poleg svojega vsakdana \u0161e \u010disto svoj \u2013 pravlji\u010dni\u00a0 svet, kjer nastajajo\u00a0 hi\u0161e in gradovi; princi in princese; harlekini in gospodi\u010dne in druge podobe iz njenega sanjskega sveta. Vsak njen izdelek izra\u017ea del njene du\u0161e in prav vsak je druga\u010den, svoj in neponovljiv. Njeni izdelki najdejo vedno nove \u010darobne poti v srca tistih, ki smo po du\u0161i ostali otroci. Podrobnosti:    Velikost: 23 x 16 cm; 15 x 15 cm    Material: Keramika    V darilni embala\u017ei    Oblikovano z ljubeznijo do detajlov   RO\u010cNO DELO\" \/>\n<meta property=\"og:url\" content=\"https:\/\/skrina.si\/sl\/product\/keramicne-ploscice\/\" \/>\n<meta property=\"og:site_name\" content=\"Etnogalerija Skrina\" \/>\n<meta property=\"article:modified_time\" content=\"2024-03-23T13:37:08+00:00\" \/>\n<meta property=\"og:image\" content=\"https:\/\/skrina.si\/wp-content\/uploads\/2022\/01\/Zdenka-Kastelic-angel-pravljice-darilo-za-krst.jpg\" \/>\n\t<meta property=\"og:image:width\" content=\"2000\" \/>\n\t<meta property=\"og:image:height\" content=\"1500\" \/>\n\t<meta property=\"og:image:type\" content=\"image\/jpeg\" \/>\n<meta name=\"twitter:card\" content=\"summary_large_image\" \/>\n<meta name=\"twitter:label1\" content=\"Est. reading time\" \/>\n\t<meta name=\"twitter:data1\" content=\"1 minuta\" \/>\n<script type=\"application\/ld+json\" class=\"yoast-schema-graph\">{\"@context\":\"https:\/\/schema.org\",\"@graph\":[{\"@type\":\"WebPage\",\"@id\":\"https:\/\/skrina.si\/sl\/product\/keramicne-ploscice\/\",\"url\":\"https:\/\/skrina.si\/sl\/product\/keramicne-ploscice\/\",\"name\":\"[:sl]Kerami\u010dne plo\u0161\u010dice[:] - Etnogalerija Skrina\",\"isPartOf\":{\"@id\":\"https:\/\/skrina.si\/sl\/#website\"},\"datePublished\":\"2024-02-19T10:56:44+00:00\",\"dateModified\":\"2024-03-23T13:37:08+00:00\",\"breadcrumb\":{\"@id\":\"https:\/\/skrina.si\/sl\/product\/keramicne-ploscice\/#breadcrumb\"},\"inLanguage\":\"sl-SI\",\"potentialAction\":[{\"@type\":\"ReadAction\",\"target\":[\"https:\/\/skrina.si\/sl\/product\/keramicne-ploscice\/\"]}]},{\"@type\":\"BreadcrumbList\",\"@id\":\"https:\/\/skrina.si\/sl\/product\/keramicne-ploscice\/#breadcrumb\",\"itemListElement\":[{\"@type\":\"ListItem\",\"position\":1,\"name\":\"Home\",\"item\":\"https:\/\/skrina.si\/\"},{\"@type\":\"ListItem\",\"position\":2,\"name\":\"Shop\",\"item\":\"https:\/\/skrina.si\/shop\/\"},{\"@type\":\"ListItem\",\"position\":3,\"name\":\"Kerami\u010dne plo\u0161\u010dice\"}]},{\"@type\":\"WebSite\",\"@id\":\"https:\/\/skrina.si\/sl\/#website\",\"url\":\"https:\/\/skrina.si\/sl\/\",\"name\":\"Etnogalerija Skrina\",\"description\":\"Tradicija s posluhom\",\"potentialAction\":[{\"@type\":\"SearchAction\",\"target\":{\"@type\":\"EntryPoint\",\"urlTemplate\":\"https:\/\/skrina.si\/sl\/?s={search_term_string}\"},\"query-input\":\"required name=search_term_string\"}],\"inLanguage\":\"sl-SI\"}]}<\/script>\n<!-- \/ Yoast SEO plugin. -->","yoast_head_json":{"title":"Kerami\u010dne plo\u0161\u010dice - Etnogalerija Skrina","robots":{"index":"index","follow":"follow","max-snippet":"max-snippet:-1","max-image-preview":"max-image-preview:large","max-video-preview":"max-video-preview:-1"},"canonical":"https:\/\/skrina.si\/sl\/product\/keramicne-ploscice\/","og_locale":"sl_SI","og_type":"article","og_title":"[:sl]Kerami\u010dne plo\u0161\u010dice[:] - Etnogalerija Skrina","og_description":"[:sl]Kerami\u010darka Zdenka Kastelic ima poleg svojega vsakdana \u0161e \u010disto svoj \u2013 pravlji\u010dni\u00a0 svet, kjer nastajajo\u00a0 hi\u0161e in gradovi; princi in princese; harlekini in gospodi\u010dne in druge podobe iz njenega sanjskega sveta. Vsak njen izdelek izra\u017ea del njene du\u0161e in prav vsak je druga\u010den, svoj in neponovljiv. Njeni izdelki najdejo vedno nove \u010darobne poti v srca tistih, ki smo po du\u0161i ostali otroci. Podrobnosti:    Velikost: 23 x 16 cm; 15 x 15 cm    Material: Keramika    V darilni embala\u017ei    Oblikovano z ljubeznijo do detajlov   RO\u010cNO DELO [:]","og_url":"https:\/\/skrina.si\/sl\/product\/keramicne-ploscice\/","og_site_name":"Etnogalerija Skrina","article_modified_time":"2024-03-23T13:37:08+00:00","og_image":[{"width":2000,"height":1500,"url":"https:\/\/skrina.si\/wp-content\/uploads\/2022\/01\/Zdenka-Kastelic-angel-pravljice-darilo-za-krst.jpg","type":"image\/jpeg"}],"twitter_card":"summary_large_image","twitter_misc":{"Est. reading time":"1 minuta"},"schema":{"@context":"https:\/\/schema.org","@graph":[{"@type":"WebPage","@id":"https:\/\/skrina.si\/sl\/product\/keramicne-ploscice\/","url":"https:\/\/skrina.si\/sl\/product\/keramicne-ploscice\/","name":"[:sl]Kerami\u010dne plo\u0161\u010dice[:] - Etnogalerija Skrina","isPartOf":{"@id":"https:\/\/skrina.si\/sl\/#website"},"datePublished":"2024-02-19T10:56:44+00:00","dateModified":"2024-03-23T13:37:08+00:00","breadcrumb":{"@id":"https:\/\/skrina.si\/sl\/product\/keramicne-ploscice\/#breadcrumb"},"inLanguage":"sl-SI","potentialAction":[{"@type":"ReadAction","target":["https:\/\/skrina.si\/sl\/product\/keramicne-ploscice\/"]}]},{"@type":"BreadcrumbList","@id":"https:\/\/skrina.si\/sl\/product\/keramicne-ploscice\/#breadcrumb","itemListElement":[{"@type":"ListItem","position":1,"name":"Home","item":"https:\/\/skrina.si\/"},{"@type":"ListItem","position":2,"name":"Shop","item":"https:\/\/skrina.si\/shop\/"},{"@type":"ListItem","position":3,"name":"Kerami\u010dne plo\u0161\u010dice"}]},{"@type":"WebSite","@id":"https:\/\/skrina.si\/sl\/#website","url":"https:\/\/skrina.si\/sl\/","name":"Etnogalerija Skrina","description":"Tradicija s posluhom","potentialAction":[{"@type":"SearchAction","target":{"@type":"EntryPoint","urlTemplate":"https:\/\/skrina.si\/sl\/?s={search_term_string}"},"query-input":"required name=search_term_string"}],"inLanguage":"sl-SI"}]}},"_links":{"self":[{"href":"https:\/\/skrina.si\/sl\/wp-json\/wp\/v2\/product\/13642"}],"collection":[{"href":"https:\/\/skrina.si\/sl\/wp-json\/wp\/v2\/product"}],"about":[{"href":"https:\/\/skrina.si\/sl\/wp-json\/wp\/v2\/types\/product"}],"wp:featuredmedia":[{"embeddable":true,"href":"https:\/\/skrina.si\/sl\/wp-json\/wp\/v2\/media\/6715"}],"wp:attachment":[{"href":"https:\/\/skrina.si\/sl\/wp-json\/wp\/v2\/media?parent=13642"}],"wp:term":[{"taxonomy":"product_cat","embeddable":true,"href":"https:\/\/skrina.si\/sl\/wp-json\/wp\/v2\/product_cat?post=13642"},{"taxonomy":"product_tag","embeddable":true,"href":"https:\/\/skrina.si\/sl\/wp-json\/wp\/v2\/product_tag?post=13642"}],"curies":[{"name":"wp","href":"https:\/\/api.w.org\/{rel}","templated":true}]}}