{"id":13618,"date":"2024-02-17T15:41:54","date_gmt":"2024-02-17T15:41:54","guid":{"rendered":"https:\/\/skrina.si\/?post_type=product&#038;p=13618"},"modified":"2024-04-12T22:38:25","modified_gmt":"2024-04-12T20:38:25","slug":"sestavljanka-ljubljana-400-kosov","status":"publish","type":"product","link":"https:\/\/skrina.si\/sl\/product\/sestavljanka-ljubljana-400-kosov\/","title":{"rendered":"Sestavljanka Ljubljana 400 kosov"},"content":{"rendered":"","protected":false},"excerpt":{"rendered":"<h5>V svetu so\u00a0 vse bolj popularne\u00a0sestavljanke, saj krepijo dru\u017einske in socialne odnose in razvijajo lastnosti kot so: potrpe\u017eljivost, iznajdljivost, koncentracija in logi\u010dno razmi\u0161ljanje.<br \/>\nZato smo\u00a0 v\u00a0 SKRINI\u00a0 za vas pripravili <strong><em>SESTAVLJANKE<\/em><\/strong> prepoznavnih slovenskih krajev, ki\u00a0 jih je za nas narisala svetovno uveljavljena akademska slikarka Ejti \u0160tih.<br \/>\nSlikarka Ejti \u0160tih,\u00a0 doma iz Bleda \u017ee vrsto let \u017eivi v Boliviji, kjer jo ume\u0161\u010dajo med najvidnej\u0161e umetnike.<br \/>\nJe <strong><em>socialno anga\u017eirana umetnica<\/em><\/strong>, ki osvetljuje problematiko rev\u0161\u010dine, \u017eivljenja navadnih ljudi, globalizacije in podobnih aktualnih dru\u017ebenih tem.<br \/>\nNa svoj izviren, neponovljiv in nekonvencionalen\u00a0 na\u010din, zna\u010dilen samo in edino zanjo, <strong><em>igrivo in hudomu\u0161no<\/em><\/strong>, a vendar kriti\u010dno komentira na\u0161e <strong><em>navade in razvade.\u00a0<\/em><\/strong><\/h5>\n<h6><em>Podrobnosti:<\/em><\/h6>\n<ul>\n<li>\n<h6><em>\u00a0<\/em><strong>SESTAVLJANKA \u2013<\/strong> puzzle<\/h6>\n<\/li>\n<li>\n<h6>Mere sestavljenke: 380 x 520 mm<\/h6>\n<\/li>\n<li>\n<h6>400 kosov<\/h6>\n<\/li>\n<li>\n<h6>Motiv: LJUBLJANA<\/h6>\n<\/li>\n<li>\n<h6>Embalirano v kartonski \u0161katli: 260 x 180 x 50 mm<\/h6>\n<\/li>\n<li>\n<h6>Material: papir<\/h6>\n<\/li>\n<li>\n<h6><strong><em>Idealno darilo za celo dru\u017eina (ne glede na starost in spol)<\/em><\/strong><\/h6>\n<\/li>\n<li>\n<h6>enostavna za po\u0161iljanje po po\u0161ti<\/h6>\n<\/li>\n<\/ul>\n","protected":false},"featured_media":14886,"template":"","meta":{"_monsterinsights_skip_tracking":false,"_monsterinsights_sitenote_active":false,"_monsterinsights_sitenote_note":"","_monsterinsights_sitenote_category":0},"product_cat":[103,1258],"product_tag":[208,91,100,80,182],"aioseo_notices":[],"yoast_head":"<!-- This site is optimized with the Yoast SEO plugin v22.1 - https:\/\/yoast.com\/wordpress\/plugins\/seo\/ -->\n<title>Sestavljanka Ljubljana 400 kosov - Etnogalerija Skrina<\/title>\n<meta name=\"description\" content=\"Lesena pru\u010dka - \u017dabji kralj. Prikupno ter priro\u010dno darilo za otroke. Kupec sestavljivo pru\u010dko sam pobarva po prilo\u017eeni predlogi in s prilo\u017eenimi barvami.\" \/>\n<meta name=\"robots\" content=\"index, follow, max-snippet:-1, max-image-preview:large, max-video-preview:-1\" \/>\n<link rel=\"canonical\" href=\"https:\/\/skrina.si\/sl\/product\/sestavljanka-ljubljana-400-kosov\/\" \/>\n<meta property=\"og:locale\" content=\"sl_SI\" \/>\n<meta property=\"og:locale:alternate\" content=\"en_GB\" \/>\n<meta property=\"og:type\" content=\"article\" \/>\n<meta property=\"og:title\" content=\"Sestavljanka Ljubljana 400 kosov\" \/>\n<meta property=\"og:description\" content=\"Lesena pru\u010dka - \u017dabji kralj. Prikupno ter priro\u010dno darilo za otroke. Kupec sestavljivo pru\u010dko sam pobarva po prilo\u017eeni predlogi in s prilo\u017eenimi barvami.\" \/>\n<meta property=\"og:url\" content=\"https:\/\/skrina.si\/sl\/product\/sestavljanka-ljubljana-400-kosov\/\" \/>\n<meta property=\"og:site_name\" content=\"Etnogalerija Skrina\" \/>\n<meta property=\"article:modified_time\" content=\"2024-04-12T20:38:25+00:00\" \/>\n<meta property=\"og:image\" content=\"https:\/\/skrina.si\/wp-content\/uploads\/2024\/02\/SESTAVLJANKA-EJTI-400.jpg\" \/>\n\t<meta property=\"og:image:width\" content=\"2000\" \/>\n\t<meta property=\"og:image:height\" content=\"1500\" \/>\n\t<meta property=\"og:image:type\" content=\"image\/jpeg\" \/>\n<meta name=\"twitter:card\" content=\"summary_large_image\" \/>\n<meta name=\"twitter:label1\" content=\"Est. reading time\" \/>\n\t<meta name=\"twitter:data1\" content=\"1 minuta\" \/>\n<script type=\"application\/ld+json\" class=\"yoast-schema-graph\">{\"@context\":\"https:\/\/schema.org\",\"@graph\":[{\"@type\":\"WebPage\",\"@id\":\"https:\/\/skrina.si\/sl\/product\/sestavljanka-ljubljana-400-kosov\/\",\"url\":\"https:\/\/skrina.si\/sl\/product\/sestavljanka-ljubljana-400-kosov\/\",\"name\":\"[:sl]Sestavljanka Ljubljana 400 kosov[:] - Etnogalerija Skrina\",\"isPartOf\":{\"@id\":\"https:\/\/skrina.si\/sl\/#website\"},\"datePublished\":\"2024-02-17T15:41:54+00:00\",\"dateModified\":\"2024-04-12T20:38:25+00:00\",\"description\":\"Lesena pru\u010dka - \u017dabji kralj. Prikupno ter priro\u010dno darilo za otroke. Kupec sestavljivo pru\u010dko sam pobarva po prilo\u017eeni predlogi in s prilo\u017eenimi barvami.\",\"breadcrumb\":{\"@id\":\"https:\/\/skrina.si\/sl\/product\/sestavljanka-ljubljana-400-kosov\/#breadcrumb\"},\"inLanguage\":\"sl-SI\",\"potentialAction\":[{\"@type\":\"ReadAction\",\"target\":[\"https:\/\/skrina.si\/sl\/product\/sestavljanka-ljubljana-400-kosov\/\"]}]},{\"@type\":\"BreadcrumbList\",\"@id\":\"https:\/\/skrina.si\/sl\/product\/sestavljanka-ljubljana-400-kosov\/#breadcrumb\",\"itemListElement\":[{\"@type\":\"ListItem\",\"position\":1,\"name\":\"Home\",\"item\":\"https:\/\/skrina.si\/\"},{\"@type\":\"ListItem\",\"position\":2,\"name\":\"Shop\",\"item\":\"https:\/\/skrina.si\/shop\/\"},{\"@type\":\"ListItem\",\"position\":3,\"name\":\"Sestavljanka Ljubljana 400 kosov\"}]},{\"@type\":\"WebSite\",\"@id\":\"https:\/\/skrina.si\/sl\/#website\",\"url\":\"https:\/\/skrina.si\/sl\/\",\"name\":\"Etnogalerija Skrina\",\"description\":\"Tradicija s posluhom\",\"potentialAction\":[{\"@type\":\"SearchAction\",\"target\":{\"@type\":\"EntryPoint\",\"urlTemplate\":\"https:\/\/skrina.si\/sl\/?s={search_term_string}\"},\"query-input\":\"required name=search_term_string\"}],\"inLanguage\":\"sl-SI\"}]}<\/script>\n<!-- \/ Yoast SEO plugin. -->","yoast_head_json":{"title":"Sestavljanka Ljubljana 400 kosov - Etnogalerija Skrina","description":"Lesena pru\u010dka - \u017dabji kralj. Prikupno ter priro\u010dno darilo za otroke. Kupec sestavljivo pru\u010dko sam pobarva po prilo\u017eeni predlogi in s prilo\u017eenimi barvami.","robots":{"index":"index","follow":"follow","max-snippet":"max-snippet:-1","max-image-preview":"max-image-preview:large","max-video-preview":"max-video-preview:-1"},"canonical":"https:\/\/skrina.si\/sl\/product\/sestavljanka-ljubljana-400-kosov\/","og_locale":"sl_SI","og_type":"article","og_title":"[:sl]Sestavljanka Ljubljana 400 kosov[:] - Etnogalerija Skrina","og_description":"Lesena pru\u010dka - \u017dabji kralj. Prikupno ter priro\u010dno darilo za otroke. Kupec sestavljivo pru\u010dko sam pobarva po prilo\u017eeni predlogi in s prilo\u017eenimi barvami.","og_url":"https:\/\/skrina.si\/sl\/product\/sestavljanka-ljubljana-400-kosov\/","og_site_name":"Etnogalerija Skrina","article_modified_time":"2024-04-12T20:38:25+00:00","og_image":[{"width":2000,"height":1500,"url":"https:\/\/skrina.si\/wp-content\/uploads\/2024\/02\/SESTAVLJANKA-EJTI-400.jpg","type":"image\/jpeg"}],"twitter_card":"summary_large_image","twitter_misc":{"Est. reading time":"1 minuta"},"schema":{"@context":"https:\/\/schema.org","@graph":[{"@type":"WebPage","@id":"https:\/\/skrina.si\/sl\/product\/sestavljanka-ljubljana-400-kosov\/","url":"https:\/\/skrina.si\/sl\/product\/sestavljanka-ljubljana-400-kosov\/","name":"[:sl]Sestavljanka Ljubljana 400 kosov[:] - Etnogalerija Skrina","isPartOf":{"@id":"https:\/\/skrina.si\/sl\/#website"},"datePublished":"2024-02-17T15:41:54+00:00","dateModified":"2024-04-12T20:38:25+00:00","description":"Lesena pru\u010dka - \u017dabji kralj. Prikupno ter priro\u010dno darilo za otroke. Kupec sestavljivo pru\u010dko sam pobarva po prilo\u017eeni predlogi in s prilo\u017eenimi barvami.","breadcrumb":{"@id":"https:\/\/skrina.si\/sl\/product\/sestavljanka-ljubljana-400-kosov\/#breadcrumb"},"inLanguage":"sl-SI","potentialAction":[{"@type":"ReadAction","target":["https:\/\/skrina.si\/sl\/product\/sestavljanka-ljubljana-400-kosov\/"]}]},{"@type":"BreadcrumbList","@id":"https:\/\/skrina.si\/sl\/product\/sestavljanka-ljubljana-400-kosov\/#breadcrumb","itemListElement":[{"@type":"ListItem","position":1,"name":"Home","item":"https:\/\/skrina.si\/"},{"@type":"ListItem","position":2,"name":"Shop","item":"https:\/\/skrina.si\/shop\/"},{"@type":"ListItem","position":3,"name":"Sestavljanka Ljubljana 400 kosov"}]},{"@type":"WebSite","@id":"https:\/\/skrina.si\/sl\/#website","url":"https:\/\/skrina.si\/sl\/","name":"Etnogalerija Skrina","description":"Tradicija s posluhom","potentialAction":[{"@type":"SearchAction","target":{"@type":"EntryPoint","urlTemplate":"https:\/\/skrina.si\/sl\/?s={search_term_string}"},"query-input":"required name=search_term_string"}],"inLanguage":"sl-SI"}]}},"_links":{"self":[{"href":"https:\/\/skrina.si\/sl\/wp-json\/wp\/v2\/product\/13618"}],"collection":[{"href":"https:\/\/skrina.si\/sl\/wp-json\/wp\/v2\/product"}],"about":[{"href":"https:\/\/skrina.si\/sl\/wp-json\/wp\/v2\/types\/product"}],"wp:featuredmedia":[{"embeddable":true,"href":"https:\/\/skrina.si\/sl\/wp-json\/wp\/v2\/media\/14886"}],"wp:attachment":[{"href":"https:\/\/skrina.si\/sl\/wp-json\/wp\/v2\/media?parent=13618"}],"wp:term":[{"taxonomy":"product_cat","embeddable":true,"href":"https:\/\/skrina.si\/sl\/wp-json\/wp\/v2\/product_cat?post=13618"},{"taxonomy":"product_tag","embeddable":true,"href":"https:\/\/skrina.si\/sl\/wp-json\/wp\/v2\/product_tag?post=13618"}],"curies":[{"name":"wp","href":"https:\/\/api.w.org\/{rel}","templated":true}]}}