{"id":13490,"date":"2024-02-13T18:28:20","date_gmt":"2024-02-13T18:28:20","guid":{"rendered":"https:\/\/skrina.si\/?post_type=product&#038;p=13490"},"modified":"2024-03-21T10:28:42","modified_gmt":"2024-03-21T09:28:42","slug":"hudomusni-in-ironicni-motivi","status":"publish","type":"product","link":"https:\/\/skrina.si\/sl\/product\/hudomusni-in-ironicni-motivi\/","title":{"rendered":"Hudomu\u0161ni in ironi\u010dni motivi"},"content":{"rendered":"","protected":false},"excerpt":{"rendered":"<h6><em>Povem vam, kadar dva soseda, b<\/em><em>olezen &#8220;pravdarska&#8221; razjeda,<br \/>\n<\/em><em>se to\u017eita za prazen meh, d<\/em><em>a pametnemu gre na smeh.<\/em><\/h6>\n<h5>Motivi na panskih kon\u010dnicah velikokrat <strong><em>sme\u0161ijo posamezne poklice,<\/em><\/strong> pogosto pa ilustrirajo \u010dlove\u0161ke slabosti.<br \/>\nNaj na\u0161tejemo samo nekatere, ki na igriv in hudomu\u0161en na\u010din komentirajo na\u0161a \u017eivljenja in \u00a0ilustrirajo \u010dlove\u0161ke posebnosti in slabosti:<br \/>\n<em>Kmeta se &#8220;to\u017eujeta&#8221; za kravo, doktor pa jo molze,<br \/>\n<\/em><em>Fant lovi dekleta na hla\u010de,<br \/>\n<\/em><em>Hudi\u010d brusi babi jezik,<br \/>\n<\/em><em>\u017denske kuhajo juho iz hla\u010d,<br \/>\n<\/em><em>Turek se \u017eeni<\/em><em><br \/>\n<\/em>Panjske kon\u010dnice, ki sme\u0161ijo poklice, nam \u0161e danes (stoletja po njihovem nastanku), privabijo nasmeh in navdu\u0161enje nad izvirnostjo in domiselnostjo\u00a0 preprostega \u010dloveka.<\/h5>\n<h6><em>Podrobnosti:<\/em><\/h6>\n<ul>\n<li>\n<h6>Panjska kon\u010dnica<\/h6>\n<\/li>\n<li>\n<h6>Mere izdelka: 400 x 200 x 200 mm<\/h6>\n<\/li>\n<li>\n<h6>Embalirano v kartonski \u0161katli: 410 x 230 x 50 mm<\/h6>\n<\/li>\n<li>\n<h6>Motivi: hudomu\u0161ni in ironi\u010dni motivi<\/h6>\n<\/li>\n<li>\n<h6>Material: smreka<\/h6>\n<\/li>\n<li>\n<h6><strong><em>RO\u010cNO SLIKANO<\/em><\/strong><\/h6>\n<\/li>\n<li>\n<h6>enostavna za po\u0161iljanje po po\u0161ti<\/h6>\n<\/li>\n<\/ul>\n","protected":false},"featured_media":13500,"template":"","meta":{"_monsterinsights_skip_tracking":false,"_monsterinsights_sitenote_active":false,"_monsterinsights_sitenote_note":"","_monsterinsights_sitenote_category":0},"product_cat":[93,1384],"product_tag":[96,95],"aioseo_notices":[],"yoast_head":"<!-- This site is optimized with the Yoast SEO plugin v22.1 - https:\/\/yoast.com\/wordpress\/plugins\/seo\/ -->\n<title>Hudomu\u0161ni in ironi\u010dni motivi - Etnogalerija Skrina<\/title>\n<meta name=\"robots\" content=\"index, follow, max-snippet:-1, max-image-preview:large, max-video-preview:-1\" \/>\n<link rel=\"canonical\" href=\"https:\/\/skrina.si\/sl\/product\/hudomusni-in-ironicni-motivi\/\" \/>\n<meta property=\"og:locale\" content=\"sl_SI\" \/>\n<meta property=\"og:locale:alternate\" content=\"en_GB\" \/>\n<meta property=\"og:type\" content=\"article\" \/>\n<meta property=\"og:title\" content=\"Hudomu\u0161ni in ironi\u010dni motivi - Etnogalerija Skrina\" \/>\n<meta property=\"og:description\" content=\"Povem vam, kadar dva soseda, bolezen &quot;pravdarska&quot; razjeda, se to\u017eita za prazen meh, da pametnemu gre na smeh. Motivi na panskih kon\u010dnicah velikokrat sme\u0161ijo posamezne poklice, pogosto pa ilustrirajo \u010dlove\u0161ke slabosti. Naj na\u0161tejemo samo nekatere, ki na igriv in hudomu\u0161en na\u010din komentirajo na\u0161a \u017eivljenja in \u00a0ilustrirajo \u010dlove\u0161ke posebnosti in slabosti: Kmeta se &quot;to\u017eujeta&quot; za kravo, doktor pa jo molze, Fant lovi dekleta na hla\u010de, Hudi\u010d brusi babi jezik, \u017denske kuhajo juho iz hla\u010d, Turek se \u017eeni Panjske kon\u010dnice, ki sme\u0161ijo poklice, nam \u0161e danes (stoletja po njihovem nastanku), privabijo nasmeh in navdu\u0161enje nad izvirnostjo in domiselnostjo\u00a0 preprostega \u010dloveka. Podrobnosti:    Panjska kon\u010dnica    Mere izdelka: 400 x 200 x 200 mm    Embalirano v kartonski \u0161katli: 410 x 230 x 50 mm    Motivi: hudomu\u0161ni in ironi\u010dni motivi    Material: smreka    RO\u010cNO SLIKANO    enostavna za po\u0161iljanje po po\u0161ti\" \/>\n<meta property=\"og:url\" content=\"https:\/\/skrina.si\/sl\/product\/hudomusni-in-ironicni-motivi\/\" \/>\n<meta property=\"og:site_name\" content=\"Etnogalerija Skrina\" \/>\n<meta property=\"article:modified_time\" content=\"2024-03-21T09:28:42+00:00\" \/>\n<meta property=\"og:image\" content=\"https:\/\/skrina.si\/wp-content\/uploads\/2024\/02\/Panjska-koncnica-Kmeta-se-tozujeta-za-kravo-doktor-pa-jo-molze-1.jpg\" \/>\n\t<meta property=\"og:image:width\" content=\"2000\" \/>\n\t<meta property=\"og:image:height\" content=\"1500\" \/>\n\t<meta property=\"og:image:type\" content=\"image\/jpeg\" \/>\n<meta name=\"twitter:card\" content=\"summary_large_image\" \/>\n<meta name=\"twitter:label1\" content=\"Est. reading time\" \/>\n\t<meta name=\"twitter:data1\" content=\"1 minuta\" \/>\n<script type=\"application\/ld+json\" class=\"yoast-schema-graph\">{\"@context\":\"https:\/\/schema.org\",\"@graph\":[{\"@type\":\"WebPage\",\"@id\":\"https:\/\/skrina.si\/sl\/product\/hudomusni-in-ironicni-motivi\/\",\"url\":\"https:\/\/skrina.si\/sl\/product\/hudomusni-in-ironicni-motivi\/\",\"name\":\"Hudomu\u0161ni in ironi\u010dni motivi - Etnogalerija Skrina\",\"isPartOf\":{\"@id\":\"https:\/\/skrina.si\/sl\/#website\"},\"datePublished\":\"2024-02-13T18:28:20+00:00\",\"dateModified\":\"2024-03-21T09:28:42+00:00\",\"breadcrumb\":{\"@id\":\"https:\/\/skrina.si\/sl\/product\/hudomusni-in-ironicni-motivi\/#breadcrumb\"},\"inLanguage\":\"sl-SI\",\"potentialAction\":[{\"@type\":\"ReadAction\",\"target\":[\"https:\/\/skrina.si\/sl\/product\/hudomusni-in-ironicni-motivi\/\"]}]},{\"@type\":\"BreadcrumbList\",\"@id\":\"https:\/\/skrina.si\/sl\/product\/hudomusni-in-ironicni-motivi\/#breadcrumb\",\"itemListElement\":[{\"@type\":\"ListItem\",\"position\":1,\"name\":\"Home\",\"item\":\"https:\/\/skrina.si\/\"},{\"@type\":\"ListItem\",\"position\":2,\"name\":\"Shop\",\"item\":\"https:\/\/skrina.si\/shop\/\"},{\"@type\":\"ListItem\",\"position\":3,\"name\":\"Hudomu\u0161ni in ironi\u010dni motivi\"}]},{\"@type\":\"WebSite\",\"@id\":\"https:\/\/skrina.si\/sl\/#website\",\"url\":\"https:\/\/skrina.si\/sl\/\",\"name\":\"Etnogalerija Skrina\",\"description\":\"Tradicija s posluhom\",\"potentialAction\":[{\"@type\":\"SearchAction\",\"target\":{\"@type\":\"EntryPoint\",\"urlTemplate\":\"https:\/\/skrina.si\/sl\/?s={search_term_string}\"},\"query-input\":\"required name=search_term_string\"}],\"inLanguage\":\"sl-SI\"}]}<\/script>\n<!-- \/ Yoast SEO plugin. -->","yoast_head_json":{"title":"Hudomu\u0161ni in ironi\u010dni motivi - Etnogalerija Skrina","robots":{"index":"index","follow":"follow","max-snippet":"max-snippet:-1","max-image-preview":"max-image-preview:large","max-video-preview":"max-video-preview:-1"},"canonical":"https:\/\/skrina.si\/sl\/product\/hudomusni-in-ironicni-motivi\/","og_locale":"sl_SI","og_type":"article","og_title":"Hudomu\u0161ni in ironi\u010dni motivi - Etnogalerija Skrina","og_description":"Povem vam, kadar dva soseda, bolezen \"pravdarska\" razjeda, se to\u017eita za prazen meh, da pametnemu gre na smeh. Motivi na panskih kon\u010dnicah velikokrat sme\u0161ijo posamezne poklice, pogosto pa ilustrirajo \u010dlove\u0161ke slabosti. Naj na\u0161tejemo samo nekatere, ki na igriv in hudomu\u0161en na\u010din komentirajo na\u0161a \u017eivljenja in \u00a0ilustrirajo \u010dlove\u0161ke posebnosti in slabosti: Kmeta se \"to\u017eujeta\" za kravo, doktor pa jo molze, Fant lovi dekleta na hla\u010de, Hudi\u010d brusi babi jezik, \u017denske kuhajo juho iz hla\u010d, Turek se \u017eeni Panjske kon\u010dnice, ki sme\u0161ijo poklice, nam \u0161e danes (stoletja po njihovem nastanku), privabijo nasmeh in navdu\u0161enje nad izvirnostjo in domiselnostjo\u00a0 preprostega \u010dloveka. Podrobnosti:    Panjska kon\u010dnica    Mere izdelka: 400 x 200 x 200 mm    Embalirano v kartonski \u0161katli: 410 x 230 x 50 mm    Motivi: hudomu\u0161ni in ironi\u010dni motivi    Material: smreka    RO\u010cNO SLIKANO    enostavna za po\u0161iljanje po po\u0161ti","og_url":"https:\/\/skrina.si\/sl\/product\/hudomusni-in-ironicni-motivi\/","og_site_name":"Etnogalerija Skrina","article_modified_time":"2024-03-21T09:28:42+00:00","og_image":[{"width":2000,"height":1500,"url":"https:\/\/skrina.si\/wp-content\/uploads\/2024\/02\/Panjska-koncnica-Kmeta-se-tozujeta-za-kravo-doktor-pa-jo-molze-1.jpg","type":"image\/jpeg"}],"twitter_card":"summary_large_image","twitter_misc":{"Est. reading time":"1 minuta"},"schema":{"@context":"https:\/\/schema.org","@graph":[{"@type":"WebPage","@id":"https:\/\/skrina.si\/sl\/product\/hudomusni-in-ironicni-motivi\/","url":"https:\/\/skrina.si\/sl\/product\/hudomusni-in-ironicni-motivi\/","name":"Hudomu\u0161ni in ironi\u010dni motivi - Etnogalerija Skrina","isPartOf":{"@id":"https:\/\/skrina.si\/sl\/#website"},"datePublished":"2024-02-13T18:28:20+00:00","dateModified":"2024-03-21T09:28:42+00:00","breadcrumb":{"@id":"https:\/\/skrina.si\/sl\/product\/hudomusni-in-ironicni-motivi\/#breadcrumb"},"inLanguage":"sl-SI","potentialAction":[{"@type":"ReadAction","target":["https:\/\/skrina.si\/sl\/product\/hudomusni-in-ironicni-motivi\/"]}]},{"@type":"BreadcrumbList","@id":"https:\/\/skrina.si\/sl\/product\/hudomusni-in-ironicni-motivi\/#breadcrumb","itemListElement":[{"@type":"ListItem","position":1,"name":"Home","item":"https:\/\/skrina.si\/"},{"@type":"ListItem","position":2,"name":"Shop","item":"https:\/\/skrina.si\/shop\/"},{"@type":"ListItem","position":3,"name":"Hudomu\u0161ni in ironi\u010dni motivi"}]},{"@type":"WebSite","@id":"https:\/\/skrina.si\/sl\/#website","url":"https:\/\/skrina.si\/sl\/","name":"Etnogalerija Skrina","description":"Tradicija s posluhom","potentialAction":[{"@type":"SearchAction","target":{"@type":"EntryPoint","urlTemplate":"https:\/\/skrina.si\/sl\/?s={search_term_string}"},"query-input":"required name=search_term_string"}],"inLanguage":"sl-SI"}]}},"_links":{"self":[{"href":"https:\/\/skrina.si\/sl\/wp-json\/wp\/v2\/product\/13490"}],"collection":[{"href":"https:\/\/skrina.si\/sl\/wp-json\/wp\/v2\/product"}],"about":[{"href":"https:\/\/skrina.si\/sl\/wp-json\/wp\/v2\/types\/product"}],"wp:featuredmedia":[{"embeddable":true,"href":"https:\/\/skrina.si\/sl\/wp-json\/wp\/v2\/media\/13500"}],"wp:attachment":[{"href":"https:\/\/skrina.si\/sl\/wp-json\/wp\/v2\/media?parent=13490"}],"wp:term":[{"taxonomy":"product_cat","embeddable":true,"href":"https:\/\/skrina.si\/sl\/wp-json\/wp\/v2\/product_cat?post=13490"},{"taxonomy":"product_tag","embeddable":true,"href":"https:\/\/skrina.si\/sl\/wp-json\/wp\/v2\/product_tag?post=13490"}],"curies":[{"name":"wp","href":"https:\/\/api.w.org\/{rel}","templated":true}]}}