{"id":13412,"date":"2024-02-07T12:56:18","date_gmt":"2024-02-07T12:56:18","guid":{"rendered":"https:\/\/skrina.si\/?post_type=product&#038;p=13412"},"modified":"2024-02-22T21:58:52","modified_gmt":"2024-02-22T21:58:52","slug":"prucka-dalmatinca-in-musnica","status":"publish","type":"product","link":"https:\/\/skrina.si\/sl\/product\/prucka-dalmatinca-in-musnica\/","title":{"rendered":"Pru\u010dka dalmatinca in mu\u0161nica"},"content":{"rendered":"","protected":false},"excerpt":{"rendered":"<h5>Z\u00a0 novimi barvami in vzorci smo v podjetju <strong>SKRINA<\/strong> dali novo podobo tradicionalni slovenski pru\u010dki, ki jo je v \u010dasu na\u0161ih babic imela (skoraj) <strong><em>vsaka hi\u0161a<\/em><\/strong>, uporabljali pa so jo tudi pastirji na planinski pa\u0161i.<\/h5>\n<h5>V majhnih ko\u010dah je bilo pomanjkanje prostora in tako je bila mala pru\u010dka primeren kos pohi\u0161tva za <strong><em>ve\u010dnamensko uporabo.<\/em><\/strong><\/h5>\n<h6><em>Podrobnosti:<\/em><\/h6>\n<ul>\n<li>\n<h6>Sestavljiva pru\u010dka<\/h6>\n<\/li>\n<li>\n<h6>Mere izdelka: 400 x 200 x 200 mm<\/h6>\n<\/li>\n<li>\n<h6>Embalirano v kartonski \u0161katli: 410 x 230 x 50 mm<\/h6>\n<\/li>\n<li>\n<h6>Barva: razli\u010dne barve<\/h6>\n<\/li>\n<li>\n<h6>Motiv: razli\u010dni motivi<\/h6>\n<\/li>\n<li>\n<h6>Material: MDF<\/h6>\n<\/li>\n<li>\n<h6>EN 71 CERTIFIKAT<\/h6>\n<\/li>\n<li>\n<h6><strong><em>Idealno darilo za celo dru\u017eina (ne glede na starost in spol)<\/em><\/strong><\/h6>\n<\/li>\n<li>\n<h6>enostavna za po\u0161iljanje po po\u0161ti<\/h6>\n<\/li>\n<\/ul>\n","protected":false},"featured_media":13413,"template":"","meta":{"_monsterinsights_skip_tracking":false,"_monsterinsights_sitenote_active":false,"_monsterinsights_sitenote_note":"","_monsterinsights_sitenote_category":0},"product_cat":[103,778],"product_tag":[1232,1242,1240,1234],"aioseo_notices":[],"yoast_head":"<!-- This site is optimized with the Yoast SEO plugin v22.1 - https:\/\/yoast.com\/wordpress\/plugins\/seo\/ -->\n<title>Pru\u010dka dalmatinca in mu\u0161nica - Etnogalerija Skrina<\/title>\n<meta name=\"robots\" content=\"index, follow, max-snippet:-1, max-image-preview:large, max-video-preview:-1\" \/>\n<link rel=\"canonical\" href=\"https:\/\/skrina.si\/sl\/product\/prucka-dalmatinca-in-musnica\/\" \/>\n<meta property=\"og:locale\" content=\"sl_SI\" \/>\n<meta property=\"og:locale:alternate\" content=\"en_GB\" \/>\n<meta property=\"og:type\" content=\"article\" \/>\n<meta property=\"og:title\" content=\"Pru\u010dka dalmatinca in mu\u0161nica - Etnogalerija Skrina\" \/>\n<meta property=\"og:description\" content=\"Z\u00a0 novimi barvami in vzorci smo v podjetju SKRINA dali novo podobo tradicionalni slovenski pru\u010dki, ki jo je v \u010dasu na\u0161ih babic imela (skoraj) vsaka hi\u0161a, uporabljali pa so jo tudi pastirji na planinski pa\u0161i. V majhnih ko\u010dah je bilo pomanjkanje prostora in tako je bila mala pru\u010dka primeren kos pohi\u0161tva za ve\u010dnamensko uporabo. Podrobnosti:    Sestavljiva pru\u010dka    Mere izdelka: 400 x 200 x 200 mm    Embalirano v kartonski \u0161katli: 410 x 230 x 50 mm    Barva: razli\u010dne barve    Motiv: razli\u010dni motivi    Material: MDF    EN 71 CERTIFIKAT    Idealno darilo za celo dru\u017eina (ne glede na starost in spol)    enostavna za po\u0161iljanje po po\u0161ti\" \/>\n<meta property=\"og:url\" content=\"https:\/\/skrina.si\/sl\/product\/prucka-dalmatinca-in-musnica\/\" \/>\n<meta property=\"og:site_name\" content=\"Etnogalerija Skrina\" \/>\n<meta property=\"article:modified_time\" content=\"2024-02-22T21:58:52+00:00\" \/>\n<meta property=\"og:image\" content=\"https:\/\/skrina.si\/wp-content\/uploads\/2024\/02\/Etno-galerija-skrina-Tradicija-s-posluhom-sestavljive-prucke-dva-dalmatinca-in-musnica.jpg\" \/>\n\t<meta property=\"og:image:width\" content=\"2000\" \/>\n\t<meta property=\"og:image:height\" content=\"1500\" \/>\n\t<meta property=\"og:image:type\" content=\"image\/jpeg\" \/>\n<meta name=\"twitter:card\" content=\"summary_large_image\" \/>\n<meta name=\"twitter:label1\" content=\"Est. reading time\" \/>\n\t<meta name=\"twitter:data1\" content=\"1 minuta\" \/>\n<script type=\"application\/ld+json\" class=\"yoast-schema-graph\">{\"@context\":\"https:\/\/schema.org\",\"@graph\":[{\"@type\":\"WebPage\",\"@id\":\"https:\/\/skrina.si\/sl\/product\/prucka-dalmatinca-in-musnica\/\",\"url\":\"https:\/\/skrina.si\/sl\/product\/prucka-dalmatinca-in-musnica\/\",\"name\":\"Pru\u010dka dalmatinca in mu\u0161nica - Etnogalerija Skrina\",\"isPartOf\":{\"@id\":\"https:\/\/skrina.si\/sl\/#website\"},\"datePublished\":\"2024-02-07T12:56:18+00:00\",\"dateModified\":\"2024-02-22T21:58:52+00:00\",\"breadcrumb\":{\"@id\":\"https:\/\/skrina.si\/sl\/product\/prucka-dalmatinca-in-musnica\/#breadcrumb\"},\"inLanguage\":\"sl-SI\",\"potentialAction\":[{\"@type\":\"ReadAction\",\"target\":[\"https:\/\/skrina.si\/sl\/product\/prucka-dalmatinca-in-musnica\/\"]}]},{\"@type\":\"BreadcrumbList\",\"@id\":\"https:\/\/skrina.si\/sl\/product\/prucka-dalmatinca-in-musnica\/#breadcrumb\",\"itemListElement\":[{\"@type\":\"ListItem\",\"position\":1,\"name\":\"Home\",\"item\":\"https:\/\/skrina.si\/\"},{\"@type\":\"ListItem\",\"position\":2,\"name\":\"Shop\",\"item\":\"https:\/\/skrina.si\/shop\/\"},{\"@type\":\"ListItem\",\"position\":3,\"name\":\"Pru\u010dka dalmatinca in mu\u0161nica\"}]},{\"@type\":\"WebSite\",\"@id\":\"https:\/\/skrina.si\/sl\/#website\",\"url\":\"https:\/\/skrina.si\/sl\/\",\"name\":\"Etnogalerija Skrina\",\"description\":\"Tradicija s posluhom\",\"potentialAction\":[{\"@type\":\"SearchAction\",\"target\":{\"@type\":\"EntryPoint\",\"urlTemplate\":\"https:\/\/skrina.si\/sl\/?s={search_term_string}\"},\"query-input\":\"required name=search_term_string\"}],\"inLanguage\":\"sl-SI\"}]}<\/script>\n<!-- \/ Yoast SEO plugin. -->","yoast_head_json":{"title":"Pru\u010dka dalmatinca in mu\u0161nica - Etnogalerija Skrina","robots":{"index":"index","follow":"follow","max-snippet":"max-snippet:-1","max-image-preview":"max-image-preview:large","max-video-preview":"max-video-preview:-1"},"canonical":"https:\/\/skrina.si\/sl\/product\/prucka-dalmatinca-in-musnica\/","og_locale":"sl_SI","og_type":"article","og_title":"Pru\u010dka dalmatinca in mu\u0161nica - Etnogalerija Skrina","og_description":"Z\u00a0 novimi barvami in vzorci smo v podjetju SKRINA dali novo podobo tradicionalni slovenski pru\u010dki, ki jo je v \u010dasu na\u0161ih babic imela (skoraj) vsaka hi\u0161a, uporabljali pa so jo tudi pastirji na planinski pa\u0161i. V majhnih ko\u010dah je bilo pomanjkanje prostora in tako je bila mala pru\u010dka primeren kos pohi\u0161tva za ve\u010dnamensko uporabo. Podrobnosti:    Sestavljiva pru\u010dka    Mere izdelka: 400 x 200 x 200 mm    Embalirano v kartonski \u0161katli: 410 x 230 x 50 mm    Barva: razli\u010dne barve    Motiv: razli\u010dni motivi    Material: MDF    EN 71 CERTIFIKAT    Idealno darilo za celo dru\u017eina (ne glede na starost in spol)    enostavna za po\u0161iljanje po po\u0161ti","og_url":"https:\/\/skrina.si\/sl\/product\/prucka-dalmatinca-in-musnica\/","og_site_name":"Etnogalerija Skrina","article_modified_time":"2024-02-22T21:58:52+00:00","og_image":[{"width":2000,"height":1500,"url":"https:\/\/skrina.si\/wp-content\/uploads\/2024\/02\/Etno-galerija-skrina-Tradicija-s-posluhom-sestavljive-prucke-dva-dalmatinca-in-musnica.jpg","type":"image\/jpeg"}],"twitter_card":"summary_large_image","twitter_misc":{"Est. reading time":"1 minuta"},"schema":{"@context":"https:\/\/schema.org","@graph":[{"@type":"WebPage","@id":"https:\/\/skrina.si\/sl\/product\/prucka-dalmatinca-in-musnica\/","url":"https:\/\/skrina.si\/sl\/product\/prucka-dalmatinca-in-musnica\/","name":"Pru\u010dka dalmatinca in mu\u0161nica - Etnogalerija Skrina","isPartOf":{"@id":"https:\/\/skrina.si\/sl\/#website"},"datePublished":"2024-02-07T12:56:18+00:00","dateModified":"2024-02-22T21:58:52+00:00","breadcrumb":{"@id":"https:\/\/skrina.si\/sl\/product\/prucka-dalmatinca-in-musnica\/#breadcrumb"},"inLanguage":"sl-SI","potentialAction":[{"@type":"ReadAction","target":["https:\/\/skrina.si\/sl\/product\/prucka-dalmatinca-in-musnica\/"]}]},{"@type":"BreadcrumbList","@id":"https:\/\/skrina.si\/sl\/product\/prucka-dalmatinca-in-musnica\/#breadcrumb","itemListElement":[{"@type":"ListItem","position":1,"name":"Home","item":"https:\/\/skrina.si\/"},{"@type":"ListItem","position":2,"name":"Shop","item":"https:\/\/skrina.si\/shop\/"},{"@type":"ListItem","position":3,"name":"Pru\u010dka dalmatinca in mu\u0161nica"}]},{"@type":"WebSite","@id":"https:\/\/skrina.si\/sl\/#website","url":"https:\/\/skrina.si\/sl\/","name":"Etnogalerija Skrina","description":"Tradicija s posluhom","potentialAction":[{"@type":"SearchAction","target":{"@type":"EntryPoint","urlTemplate":"https:\/\/skrina.si\/sl\/?s={search_term_string}"},"query-input":"required name=search_term_string"}],"inLanguage":"sl-SI"}]}},"_links":{"self":[{"href":"https:\/\/skrina.si\/sl\/wp-json\/wp\/v2\/product\/13412"}],"collection":[{"href":"https:\/\/skrina.si\/sl\/wp-json\/wp\/v2\/product"}],"about":[{"href":"https:\/\/skrina.si\/sl\/wp-json\/wp\/v2\/types\/product"}],"wp:featuredmedia":[{"embeddable":true,"href":"https:\/\/skrina.si\/sl\/wp-json\/wp\/v2\/media\/13413"}],"wp:attachment":[{"href":"https:\/\/skrina.si\/sl\/wp-json\/wp\/v2\/media?parent=13412"}],"wp:term":[{"taxonomy":"product_cat","embeddable":true,"href":"https:\/\/skrina.si\/sl\/wp-json\/wp\/v2\/product_cat?post=13412"},{"taxonomy":"product_tag","embeddable":true,"href":"https:\/\/skrina.si\/sl\/wp-json\/wp\/v2\/product_tag?post=13412"}],"curies":[{"name":"wp","href":"https:\/\/api.w.org\/{rel}","templated":true}]}}