{"id":13394,"date":"2024-01-31T15:56:39","date_gmt":"2024-01-31T15:56:39","guid":{"rendered":"https:\/\/skrina.si\/?post_type=product&#038;p=13394"},"modified":"2024-03-27T07:22:47","modified_gmt":"2024-03-27T06:22:47","slug":"zapestnica-crna-z-vecbarvnimi-tradicionalni-vzorci","status":"publish","type":"product","link":"https:\/\/skrina.si\/sl\/product\/zapestnica-crna-z-vecbarvnimi-tradicionalni-vzorci\/","title":{"rendered":"Zapestnica \u010drna z  ve\u010dbarvnimi tradicionalni vzorci"},"content":{"rendered":"","protected":false},"excerpt":{"rendered":"<h5 style=\"text-align: justify;\">V Etnogaleriji SKRINA se radi oziramo nazaj v preteklost. Predani smo raziskovanju\u00a0<strong><em>tradicionalnih slovenskih vzorcev<\/em><\/strong>, do katerih \u010dutimo veliko spo\u0161tovanje in jih znamo uporabimo v vsakdanjem \u017eivljenju.<br \/>\nMotivi iz zakladnice slovenskega ljudskega izro\u010dila predstavljajo neusahljiv vir inspiracij. V SKRINI smo za vas oblikovali\u00a0<em><strong>zapestnice<\/strong><\/em>\u00a0s tradicionalnimi slovenskimi vzorci.<br \/>\nNe glede na to, ali gre za darilo za valentinovo, rojstnodnevno darilo, bo\u017ei\u010dno darilo ali samo kak\u0161no malenkost za lep\u0161i dan so izdelki s tradicionalnimi slovenskimi vzorci \u00a0vedno\u00a0<em><strong>prava izbira.<\/strong><\/em><\/h5>\n<h6><strong><em>\u00a0<\/em><\/strong><em>Podrobnosti:<\/em><\/h6>\n<ul>\n<li>\n<h6>Zapestnica<\/h6>\n<\/li>\n<li>\n<h6>22 obeskov \u2013 oblikovano z ljubeznijo do detajlov<\/h6>\n<\/li>\n<li>\n<h6>Embalirano v darilni embala\u017ei<\/h6>\n<\/li>\n<li>\n<h6>Barva: \u010drna s pisanimi obeski<\/h6>\n<\/li>\n<li>\n<h6>Motiv: tradicionalni slovenski vzorci<\/h6>\n<\/li>\n<li>\n<h6>Material: nerjave\u010de jeklo<\/h6>\n<\/li>\n<li>\n<h6>Narejeno z natan\u010dnostjo, potrpe\u017eljivostjo in ljubeznijo do tradicije<\/h6>\n<\/li>\n<li>\n<h6><strong>Idealno darilo za ljubiteljice tradicije in ljudskega izro\u010dila<\/strong><\/h6>\n<\/li>\n<\/ul>\n","protected":false},"featured_media":13462,"template":"","meta":{"_monsterinsights_skip_tracking":false,"_monsterinsights_sitenote_active":false,"_monsterinsights_sitenote_note":"","_monsterinsights_sitenote_category":0},"product_cat":[103,1276,1196],"product_tag":[55,80,95,1246],"aioseo_notices":[],"yoast_head":"<!-- This site is optimized with the Yoast SEO plugin v22.1 - https:\/\/yoast.com\/wordpress\/plugins\/seo\/ -->\n<title>Zapestnica \u010drna z ve\u010dbarvnimi tradicionalni vzorci - Etnogalerija Skrina<\/title>\n<meta name=\"robots\" content=\"index, follow, max-snippet:-1, max-image-preview:large, max-video-preview:-1\" \/>\n<link rel=\"canonical\" href=\"https:\/\/skrina.si\/sl\/product\/zapestnica-crna-z-vecbarvnimi-tradicionalni-vzorci\/\" \/>\n<meta property=\"og:locale\" content=\"sl_SI\" \/>\n<meta property=\"og:locale:alternate\" content=\"en_GB\" \/>\n<meta property=\"og:type\" content=\"article\" \/>\n<meta property=\"og:title\" content=\"Zapestnica \u010drna z ve\u010dbarvnimi tradicionalni vzorci\" \/>\n<meta property=\"og:description\" content=\"V Etnogaleriji SKRINA se radi oziramo nazaj v preteklost. Predani smo raziskovanju\u00a0tradicionalnih slovenskih vzorcev, do katerih \u010dutimo veliko spo\u0161tovanje in jih znamo uporabimo v vsakdanjem \u017eivljenju. Motivi iz zakladnice slovenskega ljudskega izro\u010dila predstavljajo neusahljiv vir inspiracij. V SKRINI smo za vas oblikovali\u00a0zapestnice\u00a0s tradicionalnimi slovenskimi vzorci. Ne glede na to, ali gre za darilo za valentinovo, rojstnodnevno darilo, bo\u017ei\u010dno darilo ali samo kak\u0161no malenkost za lep\u0161i dan so izdelki s tradicionalnimi slovenskimi vzorci \u00a0vedno\u00a0prava izbira. \u00a0Podrobnosti:    Zapestnica    22 obeskov \u2013 oblikovano z ljubeznijo do detajlov    Embalirano v darilni embala\u017ei    Barva: \u010drna s pisanimi obeski    Motiv: tradicionalni slovenski vzorci    Material: nerjave\u010de jeklo    Narejeno z natan\u010dnostjo, potrpe\u017eljivostjo in ljubeznijo do tradicije    Idealno darilo za ljubiteljice tradicije in ljudskega izro\u010dila\" \/>\n<meta property=\"og:url\" content=\"https:\/\/skrina.si\/sl\/product\/zapestnica-crna-z-vecbarvnimi-tradicionalni-vzorci\/\" \/>\n<meta property=\"og:site_name\" content=\"Etnogalerija Skrina\" \/>\n<meta property=\"article:modified_time\" content=\"2024-03-27T06:22:47+00:00\" \/>\n<meta property=\"og:image\" content=\"https:\/\/skrina.si\/wp-content\/uploads\/2024\/01\/Zapestnica-crna-z-vecbarvnimi-tradicionalni-vzorci.jpg\" \/>\n\t<meta property=\"og:image:width\" content=\"2000\" \/>\n\t<meta property=\"og:image:height\" content=\"1500\" \/>\n\t<meta property=\"og:image:type\" content=\"image\/jpeg\" \/>\n<meta name=\"twitter:card\" content=\"summary_large_image\" \/>\n<meta name=\"twitter:label1\" content=\"Est. reading time\" \/>\n\t<meta name=\"twitter:data1\" content=\"1 minuta\" \/>\n<script type=\"application\/ld+json\" class=\"yoast-schema-graph\">{\"@context\":\"https:\/\/schema.org\",\"@graph\":[{\"@type\":\"WebPage\",\"@id\":\"https:\/\/skrina.si\/sl\/product\/zapestnica-crna-z-vecbarvnimi-tradicionalni-vzorci\/\",\"url\":\"https:\/\/skrina.si\/sl\/product\/zapestnica-crna-z-vecbarvnimi-tradicionalni-vzorci\/\",\"name\":\"[:sl]Zapestnica \u010drna z ve\u010dbarvnimi tradicionalni vzorci[:] - Etnogalerija Skrina\",\"isPartOf\":{\"@id\":\"https:\/\/skrina.si\/sl\/#website\"},\"datePublished\":\"2024-01-31T15:56:39+00:00\",\"dateModified\":\"2024-03-27T06:22:47+00:00\",\"breadcrumb\":{\"@id\":\"https:\/\/skrina.si\/sl\/product\/zapestnica-crna-z-vecbarvnimi-tradicionalni-vzorci\/#breadcrumb\"},\"inLanguage\":\"sl-SI\",\"potentialAction\":[{\"@type\":\"ReadAction\",\"target\":[\"https:\/\/skrina.si\/sl\/product\/zapestnica-crna-z-vecbarvnimi-tradicionalni-vzorci\/\"]}]},{\"@type\":\"BreadcrumbList\",\"@id\":\"https:\/\/skrina.si\/sl\/product\/zapestnica-crna-z-vecbarvnimi-tradicionalni-vzorci\/#breadcrumb\",\"itemListElement\":[{\"@type\":\"ListItem\",\"position\":1,\"name\":\"Home\",\"item\":\"https:\/\/skrina.si\/\"},{\"@type\":\"ListItem\",\"position\":2,\"name\":\"Shop\",\"item\":\"https:\/\/skrina.si\/shop\/\"},{\"@type\":\"ListItem\",\"position\":3,\"name\":\"Zapestnica \u010drna z ve\u010dbarvnimi tradicionalni vzorci\"}]},{\"@type\":\"WebSite\",\"@id\":\"https:\/\/skrina.si\/sl\/#website\",\"url\":\"https:\/\/skrina.si\/sl\/\",\"name\":\"Etnogalerija Skrina\",\"description\":\"Tradicija s posluhom\",\"potentialAction\":[{\"@type\":\"SearchAction\",\"target\":{\"@type\":\"EntryPoint\",\"urlTemplate\":\"https:\/\/skrina.si\/sl\/?s={search_term_string}\"},\"query-input\":\"required name=search_term_string\"}],\"inLanguage\":\"sl-SI\"}]}<\/script>\n<!-- \/ Yoast SEO plugin. -->","yoast_head_json":{"title":"Zapestnica \u010drna z ve\u010dbarvnimi tradicionalni vzorci - Etnogalerija Skrina","robots":{"index":"index","follow":"follow","max-snippet":"max-snippet:-1","max-image-preview":"max-image-preview:large","max-video-preview":"max-video-preview:-1"},"canonical":"https:\/\/skrina.si\/sl\/product\/zapestnica-crna-z-vecbarvnimi-tradicionalni-vzorci\/","og_locale":"sl_SI","og_type":"article","og_title":"[:sl]Zapestnica \u010drna z ve\u010dbarvnimi tradicionalni vzorci[:] - Etnogalerija Skrina","og_description":"[:sl]V Etnogaleriji SKRINA se radi oziramo nazaj v preteklost. Predani smo raziskovanju\u00a0tradicionalnih slovenskih vzorcev, do katerih \u010dutimo veliko spo\u0161tovanje in jih znamo uporabimo v vsakdanjem \u017eivljenju. Motivi iz zakladnice slovenskega ljudskega izro\u010dila predstavljajo neusahljiv vir inspiracij. V SKRINI smo za vas oblikovali\u00a0zapestnice\u00a0s tradicionalnimi slovenskimi vzorci. Ne glede na to, ali gre za darilo za valentinovo, rojstnodnevno darilo, bo\u017ei\u010dno darilo ali samo kak\u0161no malenkost za lep\u0161i dan so izdelki s tradicionalnimi slovenskimi vzorci \u00a0vedno\u00a0prava izbira. \u00a0Podrobnosti:    Zapestnica    22 obeskov \u2013 oblikovano z ljubeznijo do detajlov    Embalirano v darilni embala\u017ei    Barva: \u010drna s pisanimi obeski    Motiv: tradicionalni slovenski vzorci    Material: nerjave\u010de jeklo    Narejeno z natan\u010dnostjo, potrpe\u017eljivostjo in ljubeznijo do tradicije    Idealno darilo za ljubiteljice tradicije in ljudskega izro\u010dila  [:]","og_url":"https:\/\/skrina.si\/sl\/product\/zapestnica-crna-z-vecbarvnimi-tradicionalni-vzorci\/","og_site_name":"Etnogalerija Skrina","article_modified_time":"2024-03-27T06:22:47+00:00","og_image":[{"width":2000,"height":1500,"url":"https:\/\/skrina.si\/wp-content\/uploads\/2024\/01\/Zapestnica-crna-z-vecbarvnimi-tradicionalni-vzorci.jpg","type":"image\/jpeg"}],"twitter_card":"summary_large_image","twitter_misc":{"Est. reading time":"1 minuta"},"schema":{"@context":"https:\/\/schema.org","@graph":[{"@type":"WebPage","@id":"https:\/\/skrina.si\/sl\/product\/zapestnica-crna-z-vecbarvnimi-tradicionalni-vzorci\/","url":"https:\/\/skrina.si\/sl\/product\/zapestnica-crna-z-vecbarvnimi-tradicionalni-vzorci\/","name":"[:sl]Zapestnica \u010drna z ve\u010dbarvnimi tradicionalni vzorci[:] - Etnogalerija Skrina","isPartOf":{"@id":"https:\/\/skrina.si\/sl\/#website"},"datePublished":"2024-01-31T15:56:39+00:00","dateModified":"2024-03-27T06:22:47+00:00","breadcrumb":{"@id":"https:\/\/skrina.si\/sl\/product\/zapestnica-crna-z-vecbarvnimi-tradicionalni-vzorci\/#breadcrumb"},"inLanguage":"sl-SI","potentialAction":[{"@type":"ReadAction","target":["https:\/\/skrina.si\/sl\/product\/zapestnica-crna-z-vecbarvnimi-tradicionalni-vzorci\/"]}]},{"@type":"BreadcrumbList","@id":"https:\/\/skrina.si\/sl\/product\/zapestnica-crna-z-vecbarvnimi-tradicionalni-vzorci\/#breadcrumb","itemListElement":[{"@type":"ListItem","position":1,"name":"Home","item":"https:\/\/skrina.si\/"},{"@type":"ListItem","position":2,"name":"Shop","item":"https:\/\/skrina.si\/shop\/"},{"@type":"ListItem","position":3,"name":"Zapestnica \u010drna z ve\u010dbarvnimi tradicionalni vzorci"}]},{"@type":"WebSite","@id":"https:\/\/skrina.si\/sl\/#website","url":"https:\/\/skrina.si\/sl\/","name":"Etnogalerija Skrina","description":"Tradicija s posluhom","potentialAction":[{"@type":"SearchAction","target":{"@type":"EntryPoint","urlTemplate":"https:\/\/skrina.si\/sl\/?s={search_term_string}"},"query-input":"required name=search_term_string"}],"inLanguage":"sl-SI"}]}},"_links":{"self":[{"href":"https:\/\/skrina.si\/sl\/wp-json\/wp\/v2\/product\/13394"}],"collection":[{"href":"https:\/\/skrina.si\/sl\/wp-json\/wp\/v2\/product"}],"about":[{"href":"https:\/\/skrina.si\/sl\/wp-json\/wp\/v2\/types\/product"}],"wp:featuredmedia":[{"embeddable":true,"href":"https:\/\/skrina.si\/sl\/wp-json\/wp\/v2\/media\/13462"}],"wp:attachment":[{"href":"https:\/\/skrina.si\/sl\/wp-json\/wp\/v2\/media?parent=13394"}],"wp:term":[{"taxonomy":"product_cat","embeddable":true,"href":"https:\/\/skrina.si\/sl\/wp-json\/wp\/v2\/product_cat?post=13394"},{"taxonomy":"product_tag","embeddable":true,"href":"https:\/\/skrina.si\/sl\/wp-json\/wp\/v2\/product_tag?post=13394"}],"curies":[{"name":"wp","href":"https:\/\/api.w.org\/{rel}","templated":true}]}}