{"id":13263,"date":"2024-02-29T19:45:41","date_gmt":"2024-02-29T18:45:41","guid":{"rendered":"https:\/\/skrina.si\/?post_type=product&#038;p=13263"},"modified":"2024-09-21T15:05:28","modified_gmt":"2024-09-21T13:05:28","slug":"rose-ljubljana","status":"publish","type":"product","link":"https:\/\/skrina.si\/sl\/product\/rose-ljubljana\/","title":{"rendered":"Rose &#8220;Ljubljana&#8221;"},"content":{"rendered":"","protected":false},"excerpt":{"rendered":"<h6>You are beautiful, white Ljubljana,<\/h6>\n<h6>nestled amidst green hills,<\/h6>\n<h6>always like a mother from afar,<\/h6>\n<h6>calling a traveler back home.<\/h6>\n<h5>Beautiful white Ljubljana, a gem nestled among the lush green hills, has proudly featured its rose since 2015, reflecting the city\u2019s signature colors &#8211; <strong><em>white and green<\/em><\/strong>.<br \/>\nThe <strong><em>\u201cLjubljana\u201d rose<\/em><\/strong>, with its multiple blooms and subtle fragrance, graces its brilliant green leaves with an enchanting flower.<br \/>\nIn spring, the bud exhibits a hint of apricot pink, transforming into pure <strong><em>white<\/em><\/strong> as it fully opens under the sun\u2019s gentle touch.<br \/>\nIn the cooler autumn weather, pink hues become more pronounced. If the autumn is frost-free, the rose retains its dark <strong><em>green<\/em><\/strong> leaves until November.<br \/>\nThe \u201cLjubljana\u201d rose adds beauty to the city\u2019s parks and public areas and as a former troubadour might enthusiastically proclaim: <strong><em>\u201cGrow and captivate us, our beloved rose.\u201d<\/em><\/strong><\/h5>\n<h6>Details:<\/h6>\n<ul>\n<li>\n<h6>Size: height 12\/13 cm, width 7\/8 cm<\/h6>\n<\/li>\n<li>\n<h6>Material: Ceramics<\/h6>\n<\/li>\n<li>\n<h6>In a gift bag with an attached certificate<\/h6>\n<\/li>\n<li>\n<h6>Designed with love for details<\/h6>\n<\/li>\n<li>\n<h6>An ideal gift for flower lovers and poppy fans<\/h6>\n<\/li>\n<\/ul>\n","protected":false},"featured_media":13265,"template":"","meta":{"_monsterinsights_skip_tracking":false,"_monsterinsights_sitenote_active":false,"_monsterinsights_sitenote_note":"","_monsterinsights_sitenote_category":0},"product_cat":[3247,1623,1045],"product_tag":[91],"aioseo_notices":[],"yoast_head":"<!-- This site is optimized with the Yoast SEO plugin v22.1 - https:\/\/yoast.com\/wordpress\/plugins\/seo\/ -->\n<title>Rose &quot;Ljubljana&quot; - Etnogalerija Skrina<\/title>\n<meta name=\"description\" content=\"Le do 30 centimetrov visok, vednozelen grmi\u010dek ima rumenkasto bele cvetove, ki na prvi pogled niso razko\u0161ni, pa so kljub temu vredni vsega ob\u010dudovanja.\" \/>\n<meta name=\"robots\" content=\"index, follow, max-snippet:-1, max-image-preview:large, max-video-preview:-1\" \/>\n<link rel=\"canonical\" href=\"https:\/\/skrina.si\/sl\/product\/rose-ljubljana\/\" \/>\n<meta property=\"og:locale\" content=\"sl_SI\" \/>\n<meta property=\"og:locale:alternate\" content=\"en_GB\" \/>\n<meta property=\"og:type\" content=\"article\" \/>\n<meta property=\"og:title\" content=\"Rose &quot;Ljubljana&quot;\" \/>\n<meta property=\"og:description\" content=\"Le do 30 centimetrov visok, vednozelen grmi\u010dek ima rumenkasto bele cvetove, ki na prvi pogled niso razko\u0161ni, pa so kljub temu vredni vsega ob\u010dudovanja.\" \/>\n<meta property=\"og:url\" content=\"https:\/\/skrina.si\/sl\/product\/rose-ljubljana\/\" \/>\n<meta property=\"og:site_name\" content=\"Etnogalerija Skrina\" \/>\n<meta property=\"article:modified_time\" content=\"2024-09-21T13:05:28+00:00\" \/>\n<meta property=\"og:image\" content=\"https:\/\/skrina.si\/wp-content\/uploads\/2024\/01\/rozna-vila-ljubljana.jpg\" \/>\n\t<meta property=\"og:image:width\" content=\"1619\" \/>\n\t<meta property=\"og:image:height\" content=\"1213\" \/>\n\t<meta property=\"og:image:type\" content=\"image\/jpeg\" \/>\n<meta name=\"twitter:card\" content=\"summary_large_image\" \/>\n<meta name=\"twitter:label1\" content=\"Est. reading time\" \/>\n\t<meta name=\"twitter:data1\" content=\"1 minuta\" \/>\n<script type=\"application\/ld+json\" class=\"yoast-schema-graph\">{\"@context\":\"https:\/\/schema.org\",\"@graph\":[{\"@type\":\"WebPage\",\"@id\":\"https:\/\/skrina.si\/sl\/product\/rose-ljubljana\/\",\"url\":\"https:\/\/skrina.si\/sl\/product\/rose-ljubljana\/\",\"name\":\"[:en]Rose \\\"Ljubljana\\\"[:sl]Rose \\\"Ljubljana\\\"[:] - Etnogalerija Skrina\",\"isPartOf\":{\"@id\":\"https:\/\/skrina.si\/sl\/#website\"},\"datePublished\":\"2024-02-29T18:45:41+00:00\",\"dateModified\":\"2024-09-21T13:05:28+00:00\",\"description\":\"Le do 30 centimetrov visok, vednozelen grmi\u010dek ima rumenkasto bele cvetove, ki na prvi pogled niso razko\u0161ni, pa so kljub temu vredni vsega ob\u010dudovanja.\",\"breadcrumb\":{\"@id\":\"https:\/\/skrina.si\/sl\/product\/rose-ljubljana\/#breadcrumb\"},\"inLanguage\":\"sl-SI\",\"potentialAction\":[{\"@type\":\"ReadAction\",\"target\":[\"https:\/\/skrina.si\/sl\/product\/rose-ljubljana\/\"]}]},{\"@type\":\"BreadcrumbList\",\"@id\":\"https:\/\/skrina.si\/sl\/product\/rose-ljubljana\/#breadcrumb\",\"itemListElement\":[{\"@type\":\"ListItem\",\"position\":1,\"name\":\"Home\",\"item\":\"https:\/\/skrina.si\/\"},{\"@type\":\"ListItem\",\"position\":2,\"name\":\"Shop\",\"item\":\"https:\/\/skrina.si\/shop\/\"},{\"@type\":\"ListItem\",\"position\":3,\"name\":\"Rose &#8220;Ljubljana&#8221;\"}]},{\"@type\":\"WebSite\",\"@id\":\"https:\/\/skrina.si\/sl\/#website\",\"url\":\"https:\/\/skrina.si\/sl\/\",\"name\":\"Etnogalerija Skrina\",\"description\":\"Tradicija s posluhom\",\"potentialAction\":[{\"@type\":\"SearchAction\",\"target\":{\"@type\":\"EntryPoint\",\"urlTemplate\":\"https:\/\/skrina.si\/sl\/?s={search_term_string}\"},\"query-input\":\"required name=search_term_string\"}],\"inLanguage\":\"sl-SI\"}]}<\/script>\n<!-- \/ Yoast SEO plugin. -->","yoast_head_json":{"title":"Rose \"Ljubljana\" - Etnogalerija Skrina","description":"Le do 30 centimetrov visok, vednozelen grmi\u010dek ima rumenkasto bele cvetove, ki na prvi pogled niso razko\u0161ni, pa so kljub temu vredni vsega ob\u010dudovanja.","robots":{"index":"index","follow":"follow","max-snippet":"max-snippet:-1","max-image-preview":"max-image-preview:large","max-video-preview":"max-video-preview:-1"},"canonical":"https:\/\/skrina.si\/sl\/product\/rose-ljubljana\/","og_locale":"sl_SI","og_type":"article","og_title":"[:en]Rose \"Ljubljana\"[:sl]Rose \"Ljubljana\"[:] - Etnogalerija Skrina","og_description":"Le do 30 centimetrov visok, vednozelen grmi\u010dek ima rumenkasto bele cvetove, ki na prvi pogled niso razko\u0161ni, pa so kljub temu vredni vsega ob\u010dudovanja.","og_url":"https:\/\/skrina.si\/sl\/product\/rose-ljubljana\/","og_site_name":"Etnogalerija Skrina","article_modified_time":"2024-09-21T13:05:28+00:00","og_image":[{"width":1619,"height":1213,"url":"https:\/\/skrina.si\/wp-content\/uploads\/2024\/01\/rozna-vila-ljubljana.jpg","type":"image\/jpeg"}],"twitter_card":"summary_large_image","twitter_misc":{"Est. reading time":"1 minuta"},"schema":{"@context":"https:\/\/schema.org","@graph":[{"@type":"WebPage","@id":"https:\/\/skrina.si\/sl\/product\/rose-ljubljana\/","url":"https:\/\/skrina.si\/sl\/product\/rose-ljubljana\/","name":"[:en]Rose \"Ljubljana\"[:sl]Rose \"Ljubljana\"[:] - Etnogalerija Skrina","isPartOf":{"@id":"https:\/\/skrina.si\/sl\/#website"},"datePublished":"2024-02-29T18:45:41+00:00","dateModified":"2024-09-21T13:05:28+00:00","description":"Le do 30 centimetrov visok, vednozelen grmi\u010dek ima rumenkasto bele cvetove, ki na prvi pogled niso razko\u0161ni, pa so kljub temu vredni vsega ob\u010dudovanja.","breadcrumb":{"@id":"https:\/\/skrina.si\/sl\/product\/rose-ljubljana\/#breadcrumb"},"inLanguage":"sl-SI","potentialAction":[{"@type":"ReadAction","target":["https:\/\/skrina.si\/sl\/product\/rose-ljubljana\/"]}]},{"@type":"BreadcrumbList","@id":"https:\/\/skrina.si\/sl\/product\/rose-ljubljana\/#breadcrumb","itemListElement":[{"@type":"ListItem","position":1,"name":"Home","item":"https:\/\/skrina.si\/"},{"@type":"ListItem","position":2,"name":"Shop","item":"https:\/\/skrina.si\/shop\/"},{"@type":"ListItem","position":3,"name":"Rose &#8220;Ljubljana&#8221;"}]},{"@type":"WebSite","@id":"https:\/\/skrina.si\/sl\/#website","url":"https:\/\/skrina.si\/sl\/","name":"Etnogalerija Skrina","description":"Tradicija s posluhom","potentialAction":[{"@type":"SearchAction","target":{"@type":"EntryPoint","urlTemplate":"https:\/\/skrina.si\/sl\/?s={search_term_string}"},"query-input":"required name=search_term_string"}],"inLanguage":"sl-SI"}]}},"_links":{"self":[{"href":"https:\/\/skrina.si\/sl\/wp-json\/wp\/v2\/product\/13263"}],"collection":[{"href":"https:\/\/skrina.si\/sl\/wp-json\/wp\/v2\/product"}],"about":[{"href":"https:\/\/skrina.si\/sl\/wp-json\/wp\/v2\/types\/product"}],"wp:featuredmedia":[{"embeddable":true,"href":"https:\/\/skrina.si\/sl\/wp-json\/wp\/v2\/media\/13265"}],"wp:attachment":[{"href":"https:\/\/skrina.si\/sl\/wp-json\/wp\/v2\/media?parent=13263"}],"wp:term":[{"taxonomy":"product_cat","embeddable":true,"href":"https:\/\/skrina.si\/sl\/wp-json\/wp\/v2\/product_cat?post=13263"},{"taxonomy":"product_tag","embeddable":true,"href":"https:\/\/skrina.si\/sl\/wp-json\/wp\/v2\/product_tag?post=13263"}],"curies":[{"name":"wp","href":"https:\/\/api.w.org\/{rel}","templated":true}]}}