{"id":13261,"date":"2024-01-29T17:13:59","date_gmt":"2024-01-29T17:13:59","guid":{"rendered":"https:\/\/skrina.si\/?post_type=product&#038;p=13261"},"modified":"2024-09-21T14:58:18","modified_gmt":"2024-09-21T12:58:18","slug":"vrtnica-ljubljana","status":"publish","type":"product","link":"https:\/\/skrina.si\/sl\/product\/vrtnica-ljubljana\/","title":{"rendered":"Vrtnica &#8220;Ljubljana&#8221;"},"content":{"rendered":"","protected":false},"excerpt":{"rendered":"<h6>Prelepa si bela Ljubljana,<br \/>\nu gnezdu zelenih bregov,<br \/>\nin vedno s tujine kot mama,<br \/>\npopotnika kli\u010de\u0161 domov.<\/h6>\n<h5 style=\"text-align: justify;\">Prelepa bela Ljubljana, lepotica sredi zelenih bregov, se od leta 2015 pona\u0161a s svojo lastno vrtnico, ki ponazarja <em><strong>ljubljanske mestne barve \u2013 belo in zeleno.<\/strong><\/em> Mnogocvetna, blago di\u0161e\u010da <em><strong>vrtnica \u00bbLjubljana<\/strong><\/em>\u00ab, ima med ble\u0161\u010de\u010de zelenim listjem o\u010darljiv cvet.<em><strong> Spomladi,<\/strong><\/em> ko je cvet \u0161e v popku ima ro\u017enato mareli\u010dni nadih in bel postane \u0161ele, ko se popolnoma odpre in ga pobeli sonce.<em><strong> Jeseni<\/strong><\/em>, ko se vreme ohladi, pa postanejo ro\u017enati odtenki ponovno bolj izraziti. \u010ce je jesen brez zmrzali, obdr\u017ei temno zelene liste vse do novembra. Vrtnica Ljubljana krasi Ljubljanske mestne parke in druge javne povr\u0161ine in ob njej bi nekdanji trubadur \u0161e enkrat vzneseno vzkliknil: <strong><em>\u00bbRasi in lubi nas na\u0161a luba gartro\u017ea\u00ab.<\/em><\/strong><\/h5>\n<h6><em>Podrobnosti:<\/em><\/h6>\n<ul>\n<li>\n<h6>Velikost: vi\u0161ina 12 cm, \u0161irina 8 cm<\/h6>\n<\/li>\n<li>\n<h6>Material: Keramika<\/h6>\n<\/li>\n<li>\n<h6>V darilni vre\u010dki s prilo\u017eenim certifikatom<\/h6>\n<\/li>\n<li>\n<h6>Oblikovano z ljubeznijo do detajlov<\/h6>\n<\/li>\n<li>\n<h6>Idealno darilo za ob\u010dudovalve vrtnic in ljubitelje na\u0161e dedi\u0161\u010dine<\/h6>\n<\/li>\n<\/ul>\n","protected":false},"featured_media":13265,"template":"","meta":{"_monsterinsights_skip_tracking":false,"_monsterinsights_sitenote_active":false,"_monsterinsights_sitenote_note":"","_monsterinsights_sitenote_category":0},"product_cat":[3243,103,686],"product_tag":[151,91,41],"aioseo_notices":[],"yoast_head":"<!-- This site is optimized with the Yoast SEO plugin v22.1 - https:\/\/yoast.com\/wordpress\/plugins\/seo\/ -->\n<title>Vrtnica &quot;Ljubljana&quot; - Etnogalerija Skrina<\/title>\n<meta name=\"description\" content=\"Le do 30 centimetrov visok, vednozelen grmi\u010dek ima rumenkasto bele cvetove, ki na prvi pogled niso razko\u0161ni, pa so kljub temu vredni vsega ob\u010dudovanja.\" \/>\n<meta name=\"robots\" content=\"index, follow, max-snippet:-1, max-image-preview:large, max-video-preview:-1\" \/>\n<link rel=\"canonical\" href=\"https:\/\/skrina.si\/sl\/product\/vrtnica-ljubljana\/\" \/>\n<meta property=\"og:locale\" content=\"sl_SI\" \/>\n<meta property=\"og:locale:alternate\" content=\"en_GB\" \/>\n<meta property=\"og:type\" content=\"article\" \/>\n<meta property=\"og:title\" content=\"Vrtnica &quot;Ljubljana&quot;\" \/>\n<meta property=\"og:description\" content=\"Le do 30 centimetrov visok, vednozelen grmi\u010dek ima rumenkasto bele cvetove, ki na prvi pogled niso razko\u0161ni, pa so kljub temu vredni vsega ob\u010dudovanja.\" \/>\n<meta property=\"og:url\" content=\"https:\/\/skrina.si\/sl\/product\/vrtnica-ljubljana\/\" \/>\n<meta property=\"og:site_name\" content=\"Etnogalerija Skrina\" \/>\n<meta property=\"article:modified_time\" content=\"2024-09-21T12:58:18+00:00\" \/>\n<meta property=\"og:image\" content=\"https:\/\/skrina.si\/wp-content\/uploads\/2024\/01\/rozna-vila-ljubljana.jpg\" \/>\n\t<meta property=\"og:image:width\" content=\"1619\" \/>\n\t<meta property=\"og:image:height\" content=\"1213\" \/>\n\t<meta property=\"og:image:type\" content=\"image\/jpeg\" \/>\n<meta name=\"twitter:card\" content=\"summary_large_image\" \/>\n<meta name=\"twitter:label1\" content=\"Est. reading time\" \/>\n\t<meta name=\"twitter:data1\" content=\"1 minuta\" \/>\n<script type=\"application\/ld+json\" class=\"yoast-schema-graph\">{\"@context\":\"https:\/\/schema.org\",\"@graph\":[{\"@type\":\"WebPage\",\"@id\":\"https:\/\/skrina.si\/sl\/product\/vrtnica-ljubljana\/\",\"url\":\"https:\/\/skrina.si\/sl\/product\/vrtnica-ljubljana\/\",\"name\":\"[:en]Vrtnica \\\"Ljubljana\\\"[:sl]Vrtnica \\\"Ljubljana\\\"[:] - Etnogalerija Skrina\",\"isPartOf\":{\"@id\":\"https:\/\/skrina.si\/sl\/#website\"},\"datePublished\":\"2024-01-29T17:13:59+00:00\",\"dateModified\":\"2024-09-21T12:58:18+00:00\",\"description\":\"Le do 30 centimetrov visok, vednozelen grmi\u010dek ima rumenkasto bele cvetove, ki na prvi pogled niso razko\u0161ni, pa so kljub temu vredni vsega ob\u010dudovanja.\",\"breadcrumb\":{\"@id\":\"https:\/\/skrina.si\/sl\/product\/vrtnica-ljubljana\/#breadcrumb\"},\"inLanguage\":\"sl-SI\",\"potentialAction\":[{\"@type\":\"ReadAction\",\"target\":[\"https:\/\/skrina.si\/sl\/product\/vrtnica-ljubljana\/\"]}]},{\"@type\":\"BreadcrumbList\",\"@id\":\"https:\/\/skrina.si\/sl\/product\/vrtnica-ljubljana\/#breadcrumb\",\"itemListElement\":[{\"@type\":\"ListItem\",\"position\":1,\"name\":\"Home\",\"item\":\"https:\/\/skrina.si\/\"},{\"@type\":\"ListItem\",\"position\":2,\"name\":\"Shop\",\"item\":\"https:\/\/skrina.si\/shop\/\"},{\"@type\":\"ListItem\",\"position\":3,\"name\":\"Vrtnica &#8220;Ljubljana&#8221;\"}]},{\"@type\":\"WebSite\",\"@id\":\"https:\/\/skrina.si\/sl\/#website\",\"url\":\"https:\/\/skrina.si\/sl\/\",\"name\":\"Etnogalerija Skrina\",\"description\":\"Tradicija s posluhom\",\"potentialAction\":[{\"@type\":\"SearchAction\",\"target\":{\"@type\":\"EntryPoint\",\"urlTemplate\":\"https:\/\/skrina.si\/sl\/?s={search_term_string}\"},\"query-input\":\"required name=search_term_string\"}],\"inLanguage\":\"sl-SI\"}]}<\/script>\n<!-- \/ Yoast SEO plugin. -->","yoast_head_json":{"title":"Vrtnica \"Ljubljana\" - Etnogalerija Skrina","description":"Le do 30 centimetrov visok, vednozelen grmi\u010dek ima rumenkasto bele cvetove, ki na prvi pogled niso razko\u0161ni, pa so kljub temu vredni vsega ob\u010dudovanja.","robots":{"index":"index","follow":"follow","max-snippet":"max-snippet:-1","max-image-preview":"max-image-preview:large","max-video-preview":"max-video-preview:-1"},"canonical":"https:\/\/skrina.si\/sl\/product\/vrtnica-ljubljana\/","og_locale":"sl_SI","og_type":"article","og_title":"[:en]Vrtnica \"Ljubljana\"[:sl]Vrtnica \"Ljubljana\"[:] - Etnogalerija Skrina","og_description":"Le do 30 centimetrov visok, vednozelen grmi\u010dek ima rumenkasto bele cvetove, ki na prvi pogled niso razko\u0161ni, pa so kljub temu vredni vsega ob\u010dudovanja.","og_url":"https:\/\/skrina.si\/sl\/product\/vrtnica-ljubljana\/","og_site_name":"Etnogalerija Skrina","article_modified_time":"2024-09-21T12:58:18+00:00","og_image":[{"width":1619,"height":1213,"url":"https:\/\/skrina.si\/wp-content\/uploads\/2024\/01\/rozna-vila-ljubljana.jpg","type":"image\/jpeg"}],"twitter_card":"summary_large_image","twitter_misc":{"Est. reading time":"1 minuta"},"schema":{"@context":"https:\/\/schema.org","@graph":[{"@type":"WebPage","@id":"https:\/\/skrina.si\/sl\/product\/vrtnica-ljubljana\/","url":"https:\/\/skrina.si\/sl\/product\/vrtnica-ljubljana\/","name":"[:en]Vrtnica \"Ljubljana\"[:sl]Vrtnica \"Ljubljana\"[:] - Etnogalerija Skrina","isPartOf":{"@id":"https:\/\/skrina.si\/sl\/#website"},"datePublished":"2024-01-29T17:13:59+00:00","dateModified":"2024-09-21T12:58:18+00:00","description":"Le do 30 centimetrov visok, vednozelen grmi\u010dek ima rumenkasto bele cvetove, ki na prvi pogled niso razko\u0161ni, pa so kljub temu vredni vsega ob\u010dudovanja.","breadcrumb":{"@id":"https:\/\/skrina.si\/sl\/product\/vrtnica-ljubljana\/#breadcrumb"},"inLanguage":"sl-SI","potentialAction":[{"@type":"ReadAction","target":["https:\/\/skrina.si\/sl\/product\/vrtnica-ljubljana\/"]}]},{"@type":"BreadcrumbList","@id":"https:\/\/skrina.si\/sl\/product\/vrtnica-ljubljana\/#breadcrumb","itemListElement":[{"@type":"ListItem","position":1,"name":"Home","item":"https:\/\/skrina.si\/"},{"@type":"ListItem","position":2,"name":"Shop","item":"https:\/\/skrina.si\/shop\/"},{"@type":"ListItem","position":3,"name":"Vrtnica &#8220;Ljubljana&#8221;"}]},{"@type":"WebSite","@id":"https:\/\/skrina.si\/sl\/#website","url":"https:\/\/skrina.si\/sl\/","name":"Etnogalerija Skrina","description":"Tradicija s posluhom","potentialAction":[{"@type":"SearchAction","target":{"@type":"EntryPoint","urlTemplate":"https:\/\/skrina.si\/sl\/?s={search_term_string}"},"query-input":"required name=search_term_string"}],"inLanguage":"sl-SI"}]}},"_links":{"self":[{"href":"https:\/\/skrina.si\/sl\/wp-json\/wp\/v2\/product\/13261"}],"collection":[{"href":"https:\/\/skrina.si\/sl\/wp-json\/wp\/v2\/product"}],"about":[{"href":"https:\/\/skrina.si\/sl\/wp-json\/wp\/v2\/types\/product"}],"wp:featuredmedia":[{"embeddable":true,"href":"https:\/\/skrina.si\/sl\/wp-json\/wp\/v2\/media\/13265"}],"wp:attachment":[{"href":"https:\/\/skrina.si\/sl\/wp-json\/wp\/v2\/media?parent=13261"}],"wp:term":[{"taxonomy":"product_cat","embeddable":true,"href":"https:\/\/skrina.si\/sl\/wp-json\/wp\/v2\/product_cat?post=13261"},{"taxonomy":"product_tag","embeddable":true,"href":"https:\/\/skrina.si\/sl\/wp-json\/wp\/v2\/product_tag?post=13261"}],"curies":[{"name":"wp","href":"https:\/\/api.w.org\/{rel}","templated":true}]}}