{"id":13114,"date":"2023-12-18T10:02:45","date_gmt":"2023-12-18T10:02:45","guid":{"rendered":"https:\/\/skrina.si\/?post_type=product&#038;p=13114"},"modified":"2024-04-16T22:45:13","modified_gmt":"2024-04-16T20:45:13","slug":"cloveska-ribica","status":"publish","type":"product","link":"https:\/\/skrina.si\/sl\/product\/cloveska-ribica\/","title":{"rendered":"\u010clove\u0161ka ribica"},"content":{"rendered":"<h5>Bo\u0161tjan \u0160tine is an artist who freely indulges in his own creative imagination and does not succumb to current fashion trends.<br \/>\nIt is powered by knowledge of past cultures and draws its motifs from the village situla, Ple\u010dnik&#8217;s heritage, ancient Emona and the mysterious world of the unique human fish.<br \/>\nHis horses take us to the world of dreams, whether it is an ancient Pegasus, a Krpan grasshopper or an elegant white Lipizzaner.<\/h5>\n","protected":false},"excerpt":{"rendered":"<p>Bo\u0161tjan \u0160tine is an artist who freely indulges in his [&hellip;]<\/p>\n","protected":false},"featured_media":3090,"template":"","meta":{"_monsterinsights_skip_tracking":false,"_monsterinsights_sitenote_active":false,"_monsterinsights_sitenote_note":"","_monsterinsights_sitenote_category":0},"product_cat":[1113,1115],"product_tag":[1518],"aioseo_notices":[],"yoast_head":"<!-- This site is optimized with the Yoast SEO plugin v22.1 - https:\/\/yoast.com\/wordpress\/plugins\/seo\/ -->\n<title>\u010clove\u0161ka ribica - Etnogalerija Skrina<\/title>\n<meta name=\"robots\" content=\"index, follow, max-snippet:-1, max-image-preview:large, max-video-preview:-1\" \/>\n<link rel=\"canonical\" href=\"https:\/\/skrina.si\/sl\/product\/cloveska-ribica\/\" \/>\n<meta property=\"og:locale\" content=\"sl_SI\" \/>\n<meta property=\"og:locale:alternate\" content=\"en_GB\" \/>\n<meta property=\"og:type\" content=\"article\" \/>\n<meta property=\"og:title\" content=\"\u010clove\u0161ka ribica\" \/>\n<meta property=\"og:description\" content=\"\" \/>\n<meta property=\"og:url\" content=\"https:\/\/skrina.si\/sl\/product\/cloveska-ribica\/\" \/>\n<meta property=\"og:site_name\" content=\"Etnogalerija Skrina\" \/>\n<meta property=\"article:modified_time\" content=\"2024-04-16T20:45:13+00:00\" \/>\n<meta property=\"og:image\" content=\"https:\/\/skrina.si\/wp-content\/uploads\/2021\/08\/STINE-CLOVESKA-RIBICA-2.jpg\" \/>\n\t<meta property=\"og:image:width\" content=\"2000\" \/>\n\t<meta property=\"og:image:height\" content=\"1500\" \/>\n\t<meta property=\"og:image:type\" content=\"image\/jpeg\" \/>\n<meta name=\"twitter:card\" content=\"summary_large_image\" \/>\n<meta name=\"twitter:label1\" content=\"Est. reading time\" \/>\n\t<meta name=\"twitter:data1\" content=\"1 minuta\" \/>\n<script type=\"application\/ld+json\" class=\"yoast-schema-graph\">{\"@context\":\"https:\/\/schema.org\",\"@graph\":[{\"@type\":\"WebPage\",\"@id\":\"https:\/\/skrina.si\/sl\/product\/cloveska-ribica\/\",\"url\":\"https:\/\/skrina.si\/sl\/product\/cloveska-ribica\/\",\"name\":\"[:en]Human fish[:sl]\u010clove\u0161ka ribica[:] - Etnogalerija Skrina\",\"isPartOf\":{\"@id\":\"https:\/\/skrina.si\/sl\/#website\"},\"datePublished\":\"2023-12-18T10:02:45+00:00\",\"dateModified\":\"2024-04-16T20:45:13+00:00\",\"breadcrumb\":{\"@id\":\"https:\/\/skrina.si\/sl\/product\/cloveska-ribica\/#breadcrumb\"},\"inLanguage\":\"sl-SI\",\"potentialAction\":[{\"@type\":\"ReadAction\",\"target\":[\"https:\/\/skrina.si\/sl\/product\/cloveska-ribica\/\"]}]},{\"@type\":\"BreadcrumbList\",\"@id\":\"https:\/\/skrina.si\/sl\/product\/cloveska-ribica\/#breadcrumb\",\"itemListElement\":[{\"@type\":\"ListItem\",\"position\":1,\"name\":\"Home\",\"item\":\"https:\/\/skrina.si\/\"},{\"@type\":\"ListItem\",\"position\":2,\"name\":\"Shop\",\"item\":\"https:\/\/skrina.si\/shop\/\"},{\"@type\":\"ListItem\",\"position\":3,\"name\":\"Human fish\"}]},{\"@type\":\"WebSite\",\"@id\":\"https:\/\/skrina.si\/sl\/#website\",\"url\":\"https:\/\/skrina.si\/sl\/\",\"name\":\"Etnogalerija Skrina\",\"description\":\"Tradicija s posluhom\",\"potentialAction\":[{\"@type\":\"SearchAction\",\"target\":{\"@type\":\"EntryPoint\",\"urlTemplate\":\"https:\/\/skrina.si\/sl\/?s={search_term_string}\"},\"query-input\":\"required name=search_term_string\"}],\"inLanguage\":\"sl-SI\"}]}<\/script>\n<!-- \/ Yoast SEO plugin. -->","yoast_head_json":{"title":"\u010clove\u0161ka ribica - Etnogalerija Skrina","robots":{"index":"index","follow":"follow","max-snippet":"max-snippet:-1","max-image-preview":"max-image-preview:large","max-video-preview":"max-video-preview:-1"},"canonical":"https:\/\/skrina.si\/sl\/product\/cloveska-ribica\/","og_locale":"sl_SI","og_type":"article","og_title":"[:en]Human fish[:sl]\u010clove\u0161ka ribica[:] - Etnogalerija Skrina","og_description":"[:en]Bo\u0161tjan \u0160tine is an artist, who draws inspiration from folklore, cultural and natural heritage. The human fish sculpture is modeled after the mysterious underground animal first mentioned by Janez Vajkard Valvasor. In 1689, he described the \"dragon cubs\" of Vrhnika in The Glory of the Duchy of Carniola. However, only decades later (1768), by exploring underground caves, it was scientifically described by J.N. Laurenti and named white marsh (Proteus anguinus). In Slovenia, there is also the black marsh harrier (Proteus anguinus parkland harrier). Details:    Human fish    Dimensions: 14 x 14 x 4 cm    Packed in cardboard packaging    Certificate    Material: stone\/bronze    Gift linked to Slovenian cultural heritage  [:]","og_url":"https:\/\/skrina.si\/sl\/product\/cloveska-ribica\/","og_site_name":"Etnogalerija Skrina","article_modified_time":"2024-04-16T20:45:13+00:00","og_image":[{"width":2000,"height":1500,"url":"https:\/\/skrina.si\/wp-content\/uploads\/2021\/08\/STINE-CLOVESKA-RIBICA-2.jpg","type":"image\/jpeg"}],"twitter_card":"summary_large_image","twitter_misc":{"Est. reading time":"1 minuta"},"schema":{"@context":"https:\/\/schema.org","@graph":[{"@type":"WebPage","@id":"https:\/\/skrina.si\/sl\/product\/cloveska-ribica\/","url":"https:\/\/skrina.si\/sl\/product\/cloveska-ribica\/","name":"[:en]Human fish[:sl]\u010clove\u0161ka ribica[:] - Etnogalerija Skrina","isPartOf":{"@id":"https:\/\/skrina.si\/sl\/#website"},"datePublished":"2023-12-18T10:02:45+00:00","dateModified":"2024-04-16T20:45:13+00:00","breadcrumb":{"@id":"https:\/\/skrina.si\/sl\/product\/cloveska-ribica\/#breadcrumb"},"inLanguage":"sl-SI","potentialAction":[{"@type":"ReadAction","target":["https:\/\/skrina.si\/sl\/product\/cloveska-ribica\/"]}]},{"@type":"BreadcrumbList","@id":"https:\/\/skrina.si\/sl\/product\/cloveska-ribica\/#breadcrumb","itemListElement":[{"@type":"ListItem","position":1,"name":"Home","item":"https:\/\/skrina.si\/"},{"@type":"ListItem","position":2,"name":"Shop","item":"https:\/\/skrina.si\/shop\/"},{"@type":"ListItem","position":3,"name":"Human fish"}]},{"@type":"WebSite","@id":"https:\/\/skrina.si\/sl\/#website","url":"https:\/\/skrina.si\/sl\/","name":"Etnogalerija Skrina","description":"Tradicija s posluhom","potentialAction":[{"@type":"SearchAction","target":{"@type":"EntryPoint","urlTemplate":"https:\/\/skrina.si\/sl\/?s={search_term_string}"},"query-input":"required name=search_term_string"}],"inLanguage":"sl-SI"}]}},"_links":{"self":[{"href":"https:\/\/skrina.si\/sl\/wp-json\/wp\/v2\/product\/13114"}],"collection":[{"href":"https:\/\/skrina.si\/sl\/wp-json\/wp\/v2\/product"}],"about":[{"href":"https:\/\/skrina.si\/sl\/wp-json\/wp\/v2\/types\/product"}],"wp:featuredmedia":[{"embeddable":true,"href":"https:\/\/skrina.si\/sl\/wp-json\/wp\/v2\/media\/3090"}],"wp:attachment":[{"href":"https:\/\/skrina.si\/sl\/wp-json\/wp\/v2\/media?parent=13114"}],"wp:term":[{"taxonomy":"product_cat","embeddable":true,"href":"https:\/\/skrina.si\/sl\/wp-json\/wp\/v2\/product_cat?post=13114"},{"taxonomy":"product_tag","embeddable":true,"href":"https:\/\/skrina.si\/sl\/wp-json\/wp\/v2\/product_tag?post=13114"}],"curies":[{"name":"wp","href":"https:\/\/api.w.org\/{rel}","templated":true}]}}