{"id":13056,"date":"2023-12-18T08:13:49","date_gmt":"2023-12-18T08:13:49","guid":{"rendered":"https:\/\/skrina.si\/?post_type=product&#038;p=13056"},"modified":"2023-12-18T08:25:43","modified_gmt":"2023-12-18T08:25:43","slug":"ceramic-cat-maris","status":"publish","type":"product","link":"https:\/\/skrina.si\/sl\/product\/ceramic-cat-maris\/","title":{"rendered":"Ceramic cat Maris"},"content":{"rendered":"","protected":false},"excerpt":{"rendered":"<h5>Maris is a &#8220;gentleman&#8221;. Charming, loving, playful and always elegant &#8211; in posture, movements, gestures and behavior.<br \/>\nIt has a beautiful coat of coordinated colors, in the right proportion with the ornaments &#8211; an image that does not need to add or take away anything.<br \/>\nTherefore, it is not surprising that Maris is a favorite of the fairer sex, and his presence makes the young and the old alike happy.<\/h5>\n<h5>Details:<\/h5>\n<h5>Size: 7 x 3.5 x 9 cm<\/h5>\n<h5>Material: High quality biscuit porcelain<\/h5>\n<h5>In gift packaging<\/h5>\n<h5>Designed with love for details<\/h5>\n<h5>An ideal gift for cat lovers<\/h5>\n","protected":false},"featured_media":8764,"template":"","meta":{"_monsterinsights_skip_tracking":false,"_monsterinsights_sitenote_active":false,"_monsterinsights_sitenote_note":"","_monsterinsights_sitenote_category":0},"product_cat":[1049,1077],"product_tag":[294,213,334],"aioseo_notices":[],"yoast_head":"<!-- This site is optimized with the Yoast SEO plugin v22.1 - https:\/\/yoast.com\/wordpress\/plugins\/seo\/ -->\n<title>Ceramic cat Maris - Etnogalerija Skrina<\/title>\n<meta name=\"description\" content=\"Maris je \u00bbgentleman\u00ab. \u0160armanten, ljubezniv, igriv in vedno eleganten - v dr\u017ei, gibih, kretnjah in obna\u0161anju.\" \/>\n<meta name=\"robots\" content=\"index, follow, max-snippet:-1, max-image-preview:large, max-video-preview:-1\" \/>\n<link rel=\"canonical\" href=\"https:\/\/skrina.si\/sl\/product\/ceramic-cat-maris\/\" \/>\n<meta property=\"og:locale\" content=\"sl_SI\" \/>\n<meta property=\"og:locale:alternate\" content=\"en_GB\" \/>\n<meta property=\"og:type\" content=\"article\" \/>\n<meta property=\"og:title\" content=\"Ceramic cat Maris - Etnogalerija Skrina\" \/>\n<meta property=\"og:description\" content=\"Maris je \u00bbgentleman\u00ab. \u0160armanten, ljubezniv, igriv in vedno eleganten - v dr\u017ei, gibih, kretnjah in obna\u0161anju.\" \/>\n<meta property=\"og:url\" content=\"https:\/\/skrina.si\/sl\/product\/ceramic-cat-maris\/\" \/>\n<meta property=\"og:site_name\" content=\"Etnogalerija Skrina\" \/>\n<meta property=\"article:modified_time\" content=\"2023-12-18T08:25:43+00:00\" \/>\n<meta property=\"og:image\" content=\"https:\/\/skrina.si\/wp-content\/uploads\/2021\/09\/Rosina-Wachmeister-Maris-keramicna-macka-dekor-galerija.jpg\" \/>\n\t<meta property=\"og:image:width\" content=\"2000\" \/>\n\t<meta property=\"og:image:height\" content=\"1500\" \/>\n\t<meta property=\"og:image:type\" content=\"image\/jpeg\" \/>\n<meta name=\"twitter:card\" content=\"summary_large_image\" \/>\n<script type=\"application\/ld+json\" class=\"yoast-schema-graph\">{\"@context\":\"https:\/\/schema.org\",\"@graph\":[{\"@type\":\"WebPage\",\"@id\":\"https:\/\/skrina.si\/sl\/product\/ceramic-cat-maris\/\",\"url\":\"https:\/\/skrina.si\/sl\/product\/ceramic-cat-maris\/\",\"name\":\"Ceramic cat Maris - Etnogalerija Skrina\",\"isPartOf\":{\"@id\":\"https:\/\/skrina.si\/sl\/#website\"},\"datePublished\":\"2023-12-18T08:13:49+00:00\",\"dateModified\":\"2023-12-18T08:25:43+00:00\",\"description\":\"Maris je \u00bbgentleman\u00ab. \u0160armanten, ljubezniv, igriv in vedno eleganten - v dr\u017ei, gibih, kretnjah in obna\u0161anju.\",\"breadcrumb\":{\"@id\":\"https:\/\/skrina.si\/sl\/product\/ceramic-cat-maris\/#breadcrumb\"},\"inLanguage\":\"sl-SI\",\"potentialAction\":[{\"@type\":\"ReadAction\",\"target\":[\"https:\/\/skrina.si\/sl\/product\/ceramic-cat-maris\/\"]}]},{\"@type\":\"BreadcrumbList\",\"@id\":\"https:\/\/skrina.si\/sl\/product\/ceramic-cat-maris\/#breadcrumb\",\"itemListElement\":[{\"@type\":\"ListItem\",\"position\":1,\"name\":\"Home\",\"item\":\"https:\/\/skrina.si\/\"},{\"@type\":\"ListItem\",\"position\":2,\"name\":\"Shop\",\"item\":\"https:\/\/skrina.si\/shop\/\"},{\"@type\":\"ListItem\",\"position\":3,\"name\":\"Ceramic cat Maris\"}]},{\"@type\":\"WebSite\",\"@id\":\"https:\/\/skrina.si\/sl\/#website\",\"url\":\"https:\/\/skrina.si\/sl\/\",\"name\":\"Etnogalerija Skrina\",\"description\":\"Tradicija s posluhom\",\"potentialAction\":[{\"@type\":\"SearchAction\",\"target\":{\"@type\":\"EntryPoint\",\"urlTemplate\":\"https:\/\/skrina.si\/sl\/?s={search_term_string}\"},\"query-input\":\"required name=search_term_string\"}],\"inLanguage\":\"sl-SI\"}]}<\/script>\n<!-- \/ Yoast SEO plugin. -->","yoast_head_json":{"title":"Ceramic cat Maris - Etnogalerija Skrina","description":"Maris je \u00bbgentleman\u00ab. \u0160armanten, ljubezniv, igriv in vedno eleganten - v dr\u017ei, gibih, kretnjah in obna\u0161anju.","robots":{"index":"index","follow":"follow","max-snippet":"max-snippet:-1","max-image-preview":"max-image-preview:large","max-video-preview":"max-video-preview:-1"},"canonical":"https:\/\/skrina.si\/sl\/product\/ceramic-cat-maris\/","og_locale":"sl_SI","og_type":"article","og_title":"Ceramic cat Maris - Etnogalerija Skrina","og_description":"Maris je \u00bbgentleman\u00ab. \u0160armanten, ljubezniv, igriv in vedno eleganten - v dr\u017ei, gibih, kretnjah in obna\u0161anju.","og_url":"https:\/\/skrina.si\/sl\/product\/ceramic-cat-maris\/","og_site_name":"Etnogalerija Skrina","article_modified_time":"2023-12-18T08:25:43+00:00","og_image":[{"width":2000,"height":1500,"url":"https:\/\/skrina.si\/wp-content\/uploads\/2021\/09\/Rosina-Wachmeister-Maris-keramicna-macka-dekor-galerija.jpg","type":"image\/jpeg"}],"twitter_card":"summary_large_image","schema":{"@context":"https:\/\/schema.org","@graph":[{"@type":"WebPage","@id":"https:\/\/skrina.si\/sl\/product\/ceramic-cat-maris\/","url":"https:\/\/skrina.si\/sl\/product\/ceramic-cat-maris\/","name":"Ceramic cat Maris - Etnogalerija Skrina","isPartOf":{"@id":"https:\/\/skrina.si\/sl\/#website"},"datePublished":"2023-12-18T08:13:49+00:00","dateModified":"2023-12-18T08:25:43+00:00","description":"Maris je \u00bbgentleman\u00ab. \u0160armanten, ljubezniv, igriv in vedno eleganten - v dr\u017ei, gibih, kretnjah in obna\u0161anju.","breadcrumb":{"@id":"https:\/\/skrina.si\/sl\/product\/ceramic-cat-maris\/#breadcrumb"},"inLanguage":"sl-SI","potentialAction":[{"@type":"ReadAction","target":["https:\/\/skrina.si\/sl\/product\/ceramic-cat-maris\/"]}]},{"@type":"BreadcrumbList","@id":"https:\/\/skrina.si\/sl\/product\/ceramic-cat-maris\/#breadcrumb","itemListElement":[{"@type":"ListItem","position":1,"name":"Home","item":"https:\/\/skrina.si\/"},{"@type":"ListItem","position":2,"name":"Shop","item":"https:\/\/skrina.si\/shop\/"},{"@type":"ListItem","position":3,"name":"Ceramic cat Maris"}]},{"@type":"WebSite","@id":"https:\/\/skrina.si\/sl\/#website","url":"https:\/\/skrina.si\/sl\/","name":"Etnogalerija Skrina","description":"Tradicija s posluhom","potentialAction":[{"@type":"SearchAction","target":{"@type":"EntryPoint","urlTemplate":"https:\/\/skrina.si\/sl\/?s={search_term_string}"},"query-input":"required name=search_term_string"}],"inLanguage":"sl-SI"}]}},"_links":{"self":[{"href":"https:\/\/skrina.si\/sl\/wp-json\/wp\/v2\/product\/13056"}],"collection":[{"href":"https:\/\/skrina.si\/sl\/wp-json\/wp\/v2\/product"}],"about":[{"href":"https:\/\/skrina.si\/sl\/wp-json\/wp\/v2\/types\/product"}],"wp:featuredmedia":[{"embeddable":true,"href":"https:\/\/skrina.si\/sl\/wp-json\/wp\/v2\/media\/8764"}],"wp:attachment":[{"href":"https:\/\/skrina.si\/sl\/wp-json\/wp\/v2\/media?parent=13056"}],"wp:term":[{"taxonomy":"product_cat","embeddable":true,"href":"https:\/\/skrina.si\/sl\/wp-json\/wp\/v2\/product_cat?post=13056"},{"taxonomy":"product_tag","embeddable":true,"href":"https:\/\/skrina.si\/sl\/wp-json\/wp\/v2\/product_tag?post=13056"}],"curies":[{"name":"wp","href":"https:\/\/api.w.org\/{rel}","templated":true}]}}