{"id":13054,"date":"2023-12-18T08:13:46","date_gmt":"2023-12-18T08:13:46","guid":{"rendered":"https:\/\/skrina.si\/?post_type=product&#038;p=13054"},"modified":"2023-12-18T08:24:26","modified_gmt":"2023-12-18T08:24:26","slug":"ceramic-cat-fiore","status":"publish","type":"product","link":"https:\/\/skrina.si\/sl\/product\/ceramic-cat-fiore\/","title":{"rendered":"Ceramic cat Fiore"},"content":{"rendered":"","protected":false},"excerpt":{"rendered":"<h5>They say that a cat has nine lives. In three he plays, in three he wanders, in the last three he stays at home.<br \/>\nYoung, curious, flirtatious and sensual, Fiore likes to go on a wander in search of a cat to whom she can give her heart. But because she&#8217;s picky and blind, she can&#8217;t find &#8220;the right one&#8221;.<br \/>\nThat&#8217;s why he returns home and often wakes you up in the middle of the night to get at least a little bit of attention and love.<\/h5>\n<h5>Details:<\/h5>\n<h5>Size: 6 x 3 x 7.5 cm<\/h5>\n<h5>Material: High quality biscuit porcelain<\/h5>\n<h5>In gift packaging<\/h5>\n<h5>Designed with love for details<\/h5>\n<h5>An ideal gift for cat lovers<\/h5>\n","protected":false},"featured_media":8762,"template":"","meta":{"_monsterinsights_skip_tracking":false,"_monsterinsights_sitenote_active":false,"_monsterinsights_sitenote_note":"","_monsterinsights_sitenote_category":0},"product_cat":[1049,1077],"product_tag":[294,213,334],"aioseo_notices":[],"yoast_head":"<!-- This site is optimized with the Yoast SEO plugin v22.1 - https:\/\/yoast.com\/wordpress\/plugins\/seo\/ -->\n<title>Ceramic cat Fiore - Etnogalerija Skrina<\/title>\n<meta name=\"description\" content=\"Mlada, rado\u017eiva, spogledljiva in \u010dutna Fiore se rada odpravi na potep in i\u0161\u010de ma\u010dkona, kateremu bi lahko podarila svoje srce. \u00a0\" \/>\n<meta name=\"robots\" content=\"index, follow, max-snippet:-1, max-image-preview:large, max-video-preview:-1\" \/>\n<link rel=\"canonical\" href=\"https:\/\/skrina.si\/sl\/product\/ceramic-cat-fiore\/\" \/>\n<meta property=\"og:locale\" content=\"sl_SI\" \/>\n<meta property=\"og:locale:alternate\" content=\"en_GB\" \/>\n<meta property=\"og:type\" content=\"article\" \/>\n<meta property=\"og:title\" content=\"Ceramic cat Fiore - Etnogalerija Skrina\" \/>\n<meta property=\"og:description\" content=\"Mlada, rado\u017eiva, spogledljiva in \u010dutna Fiore se rada odpravi na potep in i\u0161\u010de ma\u010dkona, kateremu bi lahko podarila svoje srce. \u00a0\" \/>\n<meta property=\"og:url\" content=\"https:\/\/skrina.si\/sl\/product\/ceramic-cat-fiore\/\" \/>\n<meta property=\"og:site_name\" content=\"Etnogalerija Skrina\" \/>\n<meta property=\"article:modified_time\" content=\"2023-12-18T08:24:26+00:00\" \/>\n<meta property=\"og:image\" content=\"https:\/\/skrina.si\/wp-content\/uploads\/2021\/09\/Rosina-Wachmeister-Fiore-keramicna-macka-Etno-galerija-Skrina.jpg\" \/>\n\t<meta property=\"og:image:width\" content=\"2000\" \/>\n\t<meta property=\"og:image:height\" content=\"1500\" \/>\n\t<meta property=\"og:image:type\" content=\"image\/jpeg\" \/>\n<meta name=\"twitter:card\" content=\"summary_large_image\" \/>\n<script type=\"application\/ld+json\" class=\"yoast-schema-graph\">{\"@context\":\"https:\/\/schema.org\",\"@graph\":[{\"@type\":\"WebPage\",\"@id\":\"https:\/\/skrina.si\/sl\/product\/ceramic-cat-fiore\/\",\"url\":\"https:\/\/skrina.si\/sl\/product\/ceramic-cat-fiore\/\",\"name\":\"Ceramic cat Fiore - Etnogalerija Skrina\",\"isPartOf\":{\"@id\":\"https:\/\/skrina.si\/sl\/#website\"},\"datePublished\":\"2023-12-18T08:13:46+00:00\",\"dateModified\":\"2023-12-18T08:24:26+00:00\",\"description\":\"Mlada, rado\u017eiva, spogledljiva in \u010dutna Fiore se rada odpravi na potep in i\u0161\u010de ma\u010dkona, kateremu bi lahko podarila svoje srce. \u00a0\",\"breadcrumb\":{\"@id\":\"https:\/\/skrina.si\/sl\/product\/ceramic-cat-fiore\/#breadcrumb\"},\"inLanguage\":\"sl-SI\",\"potentialAction\":[{\"@type\":\"ReadAction\",\"target\":[\"https:\/\/skrina.si\/sl\/product\/ceramic-cat-fiore\/\"]}]},{\"@type\":\"BreadcrumbList\",\"@id\":\"https:\/\/skrina.si\/sl\/product\/ceramic-cat-fiore\/#breadcrumb\",\"itemListElement\":[{\"@type\":\"ListItem\",\"position\":1,\"name\":\"Home\",\"item\":\"https:\/\/skrina.si\/\"},{\"@type\":\"ListItem\",\"position\":2,\"name\":\"Shop\",\"item\":\"https:\/\/skrina.si\/shop\/\"},{\"@type\":\"ListItem\",\"position\":3,\"name\":\"Ceramic cat Fiore\"}]},{\"@type\":\"WebSite\",\"@id\":\"https:\/\/skrina.si\/sl\/#website\",\"url\":\"https:\/\/skrina.si\/sl\/\",\"name\":\"Etnogalerija Skrina\",\"description\":\"Tradicija s posluhom\",\"potentialAction\":[{\"@type\":\"SearchAction\",\"target\":{\"@type\":\"EntryPoint\",\"urlTemplate\":\"https:\/\/skrina.si\/sl\/?s={search_term_string}\"},\"query-input\":\"required name=search_term_string\"}],\"inLanguage\":\"sl-SI\"}]}<\/script>\n<!-- \/ Yoast SEO plugin. -->","yoast_head_json":{"title":"Ceramic cat Fiore - Etnogalerija Skrina","description":"Mlada, rado\u017eiva, spogledljiva in \u010dutna Fiore se rada odpravi na potep in i\u0161\u010de ma\u010dkona, kateremu bi lahko podarila svoje srce. \u00a0","robots":{"index":"index","follow":"follow","max-snippet":"max-snippet:-1","max-image-preview":"max-image-preview:large","max-video-preview":"max-video-preview:-1"},"canonical":"https:\/\/skrina.si\/sl\/product\/ceramic-cat-fiore\/","og_locale":"sl_SI","og_type":"article","og_title":"Ceramic cat Fiore - Etnogalerija Skrina","og_description":"Mlada, rado\u017eiva, spogledljiva in \u010dutna Fiore se rada odpravi na potep in i\u0161\u010de ma\u010dkona, kateremu bi lahko podarila svoje srce. \u00a0","og_url":"https:\/\/skrina.si\/sl\/product\/ceramic-cat-fiore\/","og_site_name":"Etnogalerija Skrina","article_modified_time":"2023-12-18T08:24:26+00:00","og_image":[{"width":2000,"height":1500,"url":"https:\/\/skrina.si\/wp-content\/uploads\/2021\/09\/Rosina-Wachmeister-Fiore-keramicna-macka-Etno-galerija-Skrina.jpg","type":"image\/jpeg"}],"twitter_card":"summary_large_image","schema":{"@context":"https:\/\/schema.org","@graph":[{"@type":"WebPage","@id":"https:\/\/skrina.si\/sl\/product\/ceramic-cat-fiore\/","url":"https:\/\/skrina.si\/sl\/product\/ceramic-cat-fiore\/","name":"Ceramic cat Fiore - Etnogalerija Skrina","isPartOf":{"@id":"https:\/\/skrina.si\/sl\/#website"},"datePublished":"2023-12-18T08:13:46+00:00","dateModified":"2023-12-18T08:24:26+00:00","description":"Mlada, rado\u017eiva, spogledljiva in \u010dutna Fiore se rada odpravi na potep in i\u0161\u010de ma\u010dkona, kateremu bi lahko podarila svoje srce. \u00a0","breadcrumb":{"@id":"https:\/\/skrina.si\/sl\/product\/ceramic-cat-fiore\/#breadcrumb"},"inLanguage":"sl-SI","potentialAction":[{"@type":"ReadAction","target":["https:\/\/skrina.si\/sl\/product\/ceramic-cat-fiore\/"]}]},{"@type":"BreadcrumbList","@id":"https:\/\/skrina.si\/sl\/product\/ceramic-cat-fiore\/#breadcrumb","itemListElement":[{"@type":"ListItem","position":1,"name":"Home","item":"https:\/\/skrina.si\/"},{"@type":"ListItem","position":2,"name":"Shop","item":"https:\/\/skrina.si\/shop\/"},{"@type":"ListItem","position":3,"name":"Ceramic cat Fiore"}]},{"@type":"WebSite","@id":"https:\/\/skrina.si\/sl\/#website","url":"https:\/\/skrina.si\/sl\/","name":"Etnogalerija Skrina","description":"Tradicija s posluhom","potentialAction":[{"@type":"SearchAction","target":{"@type":"EntryPoint","urlTemplate":"https:\/\/skrina.si\/sl\/?s={search_term_string}"},"query-input":"required name=search_term_string"}],"inLanguage":"sl-SI"}]}},"_links":{"self":[{"href":"https:\/\/skrina.si\/sl\/wp-json\/wp\/v2\/product\/13054"}],"collection":[{"href":"https:\/\/skrina.si\/sl\/wp-json\/wp\/v2\/product"}],"about":[{"href":"https:\/\/skrina.si\/sl\/wp-json\/wp\/v2\/types\/product"}],"wp:featuredmedia":[{"embeddable":true,"href":"https:\/\/skrina.si\/sl\/wp-json\/wp\/v2\/media\/8762"}],"wp:attachment":[{"href":"https:\/\/skrina.si\/sl\/wp-json\/wp\/v2\/media?parent=13054"}],"wp:term":[{"taxonomy":"product_cat","embeddable":true,"href":"https:\/\/skrina.si\/sl\/wp-json\/wp\/v2\/product_cat?post=13054"},{"taxonomy":"product_tag","embeddable":true,"href":"https:\/\/skrina.si\/sl\/wp-json\/wp\/v2\/product_tag?post=13054"}],"curies":[{"name":"wp","href":"https:\/\/api.w.org\/{rel}","templated":true}]}}