{"id":13042,"date":"2023-12-18T08:13:21","date_gmt":"2023-12-18T08:13:21","guid":{"rendered":"https:\/\/skrina.si\/?post_type=product&#038;p=13042"},"modified":"2023-12-18T08:15:35","modified_gmt":"2023-12-18T08:15:35","slug":"ceramic-cat-stella","status":"publish","type":"product","link":"https:\/\/skrina.si\/sl\/product\/ceramic-cat-stella\/","title":{"rendered":"Ceramic cat Stella"},"content":{"rendered":"","protected":false},"excerpt":{"rendered":"<h5>Stella, a great lover of jewelry, offers you a paw and hopes that you will hang your rings on it. She likes both gold and precious stones, as well as imaginatively designed jewelry. She is independent, alert, protective and an indispensable jewelry guardian in your bathroom, bedroom or dressing room. Sleep peacefully and peacefully &#8211; Stella will take care of the safety of your rings.<\/h5>\n<h5>Details:<\/h5>\n<h5>Size: 9.5 x 4.5 x 11<\/h5>\n<h5>Material: High quality biscuit porcelain<\/h5>\n<h5>In gift packaging<\/h5>\n<h5>Designed with love for details<\/h5>\n<h5>An ideal gift for cat lovers and jewelry storage<\/h5>\n","protected":false},"featured_media":8749,"template":"","meta":{"_monsterinsights_skip_tracking":false,"_monsterinsights_sitenote_active":false,"_monsterinsights_sitenote_note":"","_monsterinsights_sitenote_category":0},"product_cat":[1049,1077],"product_tag":[294,213,334],"aioseo_notices":[],"yoast_head":"<!-- This site is optimized with the Yoast SEO plugin v22.1 - https:\/\/yoast.com\/wordpress\/plugins\/seo\/ -->\n<title>Ceramic cat Stella - Etnogalerija Skrina<\/title>\n<meta name=\"description\" content=\"Kerami\u010dna ma\u010dka Stella vam ponuja ta\u010dko in upa, da boste nanjo obesile svoje prstane. Idealno darilo za ljubitelje ma\u010dk in nakita.\" \/>\n<meta name=\"robots\" content=\"index, follow, max-snippet:-1, max-image-preview:large, max-video-preview:-1\" \/>\n<link rel=\"canonical\" href=\"https:\/\/skrina.si\/sl\/product\/ceramic-cat-stella\/\" \/>\n<meta property=\"og:locale\" content=\"sl_SI\" \/>\n<meta property=\"og:locale:alternate\" content=\"en_GB\" \/>\n<meta property=\"og:type\" content=\"article\" \/>\n<meta property=\"og:title\" content=\"Ceramic cat Stella - Etnogalerija Skrina\" \/>\n<meta property=\"og:description\" content=\"Kerami\u010dna ma\u010dka Stella vam ponuja ta\u010dko in upa, da boste nanjo obesile svoje prstane. Idealno darilo za ljubitelje ma\u010dk in nakita.\" \/>\n<meta property=\"og:url\" content=\"https:\/\/skrina.si\/sl\/product\/ceramic-cat-stella\/\" \/>\n<meta property=\"og:site_name\" content=\"Etnogalerija Skrina\" \/>\n<meta property=\"article:modified_time\" content=\"2023-12-18T08:15:35+00:00\" \/>\n<meta property=\"og:image\" content=\"https:\/\/skrina.si\/wp-content\/uploads\/2021\/10\/Rosina-Wachmeister-Stella-keramicna-macka-Etno-galerija-dekor.jpg\" \/>\n\t<meta property=\"og:image:width\" content=\"2000\" \/>\n\t<meta property=\"og:image:height\" content=\"1500\" \/>\n\t<meta property=\"og:image:type\" content=\"image\/jpeg\" \/>\n<meta name=\"twitter:card\" content=\"summary_large_image\" \/>\n<script type=\"application\/ld+json\" class=\"yoast-schema-graph\">{\"@context\":\"https:\/\/schema.org\",\"@graph\":[{\"@type\":\"WebPage\",\"@id\":\"https:\/\/skrina.si\/sl\/product\/ceramic-cat-stella\/\",\"url\":\"https:\/\/skrina.si\/sl\/product\/ceramic-cat-stella\/\",\"name\":\"Ceramic cat Stella - Etnogalerija Skrina\",\"isPartOf\":{\"@id\":\"https:\/\/skrina.si\/sl\/#website\"},\"datePublished\":\"2023-12-18T08:13:21+00:00\",\"dateModified\":\"2023-12-18T08:15:35+00:00\",\"description\":\"Kerami\u010dna ma\u010dka Stella vam ponuja ta\u010dko in upa, da boste nanjo obesile svoje prstane. Idealno darilo za ljubitelje ma\u010dk in nakita.\",\"breadcrumb\":{\"@id\":\"https:\/\/skrina.si\/sl\/product\/ceramic-cat-stella\/#breadcrumb\"},\"inLanguage\":\"sl-SI\",\"potentialAction\":[{\"@type\":\"ReadAction\",\"target\":[\"https:\/\/skrina.si\/sl\/product\/ceramic-cat-stella\/\"]}]},{\"@type\":\"BreadcrumbList\",\"@id\":\"https:\/\/skrina.si\/sl\/product\/ceramic-cat-stella\/#breadcrumb\",\"itemListElement\":[{\"@type\":\"ListItem\",\"position\":1,\"name\":\"Home\",\"item\":\"https:\/\/skrina.si\/\"},{\"@type\":\"ListItem\",\"position\":2,\"name\":\"Shop\",\"item\":\"https:\/\/skrina.si\/shop\/\"},{\"@type\":\"ListItem\",\"position\":3,\"name\":\"Ceramic cat Stella\"}]},{\"@type\":\"WebSite\",\"@id\":\"https:\/\/skrina.si\/sl\/#website\",\"url\":\"https:\/\/skrina.si\/sl\/\",\"name\":\"Etnogalerija Skrina\",\"description\":\"Tradicija s posluhom\",\"potentialAction\":[{\"@type\":\"SearchAction\",\"target\":{\"@type\":\"EntryPoint\",\"urlTemplate\":\"https:\/\/skrina.si\/sl\/?s={search_term_string}\"},\"query-input\":\"required name=search_term_string\"}],\"inLanguage\":\"sl-SI\"}]}<\/script>\n<!-- \/ Yoast SEO plugin. -->","yoast_head_json":{"title":"Ceramic cat Stella - Etnogalerija Skrina","description":"Kerami\u010dna ma\u010dka Stella vam ponuja ta\u010dko in upa, da boste nanjo obesile svoje prstane. Idealno darilo za ljubitelje ma\u010dk in nakita.","robots":{"index":"index","follow":"follow","max-snippet":"max-snippet:-1","max-image-preview":"max-image-preview:large","max-video-preview":"max-video-preview:-1"},"canonical":"https:\/\/skrina.si\/sl\/product\/ceramic-cat-stella\/","og_locale":"sl_SI","og_type":"article","og_title":"Ceramic cat Stella - Etnogalerija Skrina","og_description":"Kerami\u010dna ma\u010dka Stella vam ponuja ta\u010dko in upa, da boste nanjo obesile svoje prstane. Idealno darilo za ljubitelje ma\u010dk in nakita.","og_url":"https:\/\/skrina.si\/sl\/product\/ceramic-cat-stella\/","og_site_name":"Etnogalerija Skrina","article_modified_time":"2023-12-18T08:15:35+00:00","og_image":[{"width":2000,"height":1500,"url":"https:\/\/skrina.si\/wp-content\/uploads\/2021\/10\/Rosina-Wachmeister-Stella-keramicna-macka-Etno-galerija-dekor.jpg","type":"image\/jpeg"}],"twitter_card":"summary_large_image","schema":{"@context":"https:\/\/schema.org","@graph":[{"@type":"WebPage","@id":"https:\/\/skrina.si\/sl\/product\/ceramic-cat-stella\/","url":"https:\/\/skrina.si\/sl\/product\/ceramic-cat-stella\/","name":"Ceramic cat Stella - Etnogalerija Skrina","isPartOf":{"@id":"https:\/\/skrina.si\/sl\/#website"},"datePublished":"2023-12-18T08:13:21+00:00","dateModified":"2023-12-18T08:15:35+00:00","description":"Kerami\u010dna ma\u010dka Stella vam ponuja ta\u010dko in upa, da boste nanjo obesile svoje prstane. Idealno darilo za ljubitelje ma\u010dk in nakita.","breadcrumb":{"@id":"https:\/\/skrina.si\/sl\/product\/ceramic-cat-stella\/#breadcrumb"},"inLanguage":"sl-SI","potentialAction":[{"@type":"ReadAction","target":["https:\/\/skrina.si\/sl\/product\/ceramic-cat-stella\/"]}]},{"@type":"BreadcrumbList","@id":"https:\/\/skrina.si\/sl\/product\/ceramic-cat-stella\/#breadcrumb","itemListElement":[{"@type":"ListItem","position":1,"name":"Home","item":"https:\/\/skrina.si\/"},{"@type":"ListItem","position":2,"name":"Shop","item":"https:\/\/skrina.si\/shop\/"},{"@type":"ListItem","position":3,"name":"Ceramic cat Stella"}]},{"@type":"WebSite","@id":"https:\/\/skrina.si\/sl\/#website","url":"https:\/\/skrina.si\/sl\/","name":"Etnogalerija Skrina","description":"Tradicija s posluhom","potentialAction":[{"@type":"SearchAction","target":{"@type":"EntryPoint","urlTemplate":"https:\/\/skrina.si\/sl\/?s={search_term_string}"},"query-input":"required name=search_term_string"}],"inLanguage":"sl-SI"}]}},"_links":{"self":[{"href":"https:\/\/skrina.si\/sl\/wp-json\/wp\/v2\/product\/13042"}],"collection":[{"href":"https:\/\/skrina.si\/sl\/wp-json\/wp\/v2\/product"}],"about":[{"href":"https:\/\/skrina.si\/sl\/wp-json\/wp\/v2\/types\/product"}],"wp:featuredmedia":[{"embeddable":true,"href":"https:\/\/skrina.si\/sl\/wp-json\/wp\/v2\/media\/8749"}],"wp:attachment":[{"href":"https:\/\/skrina.si\/sl\/wp-json\/wp\/v2\/media?parent=13042"}],"wp:term":[{"taxonomy":"product_cat","embeddable":true,"href":"https:\/\/skrina.si\/sl\/wp-json\/wp\/v2\/product_cat?post=13042"},{"taxonomy":"product_tag","embeddable":true,"href":"https:\/\/skrina.si\/sl\/wp-json\/wp\/v2\/product_tag?post=13042"}],"curies":[{"name":"wp","href":"https:\/\/api.w.org\/{rel}","templated":true}]}}