{"id":13026,"date":"2023-12-18T07:47:24","date_gmt":"2023-12-18T07:47:24","guid":{"rendered":"https:\/\/skrina.si\/?post_type=product&#038;p=13026"},"modified":"2024-04-29T18:10:53","modified_gmt":"2024-04-29T16:10:53","slug":"klimt-tea-cups-bright-0-5l-2","status":"publish","type":"product","link":"https:\/\/skrina.si\/sl\/product\/klimt-tea-cups-bright-0-5l-2\/","title":{"rendered":"Klimt &#8211; tea cups bright 0.5l"},"content":{"rendered":"","protected":false},"excerpt":{"rendered":"<h5 style=\"text-align: justify;\">The famous <em><strong>Tree of Life<\/strong><\/em> is associated with the name of Viennese industrialist Adolf Stockwe, who in 1904 decided to paint his huge villa and invited several artists to participate. The industrialist was fond of Japanese art, so Klimt decided to draw a suitable picture that would complement the overall design. The painting consists of three elements \u2013 Expectation, Fulfillment and the central motif \u2013 a stylized Tree of Life. The name carries a symbolic meaning and encourages the viewer to think: maybe the artist tried to depict the biblical tree of knowledge, maybe he had infinity in mind, as the branches meet and intertwine, creating a veritable labyrinth of leaves. The picture can also be viewed symbolically as a new beginning, positive energy, health, and a bright future.<\/h5>\n<h6>Details:<\/h6>\n<h6>Size: 13 x 10 x 15 cm<\/h6>\n<h6>Volume: 0.5 l<\/h6>\n<h6>Material: Hand-painted porcelain with luxurious real gold decoration<\/h6>\n<h6>In gift packaging<\/h6>\n<h6>Designed with love for details<\/h6>\n<h6>Elegant, timeless design<\/h6>\n<h6>An ideal gift for Klimt and classics lovers<\/h6>\n","protected":false},"featured_media":6547,"template":"","meta":{"_monsterinsights_skip_tracking":false,"_monsterinsights_sitenote_active":false,"_monsterinsights_sitenote_note":"","_monsterinsights_sitenote_category":0},"product_cat":[1049,1055,1061],"product_tag":[48,330],"aioseo_notices":[],"yoast_head":"<!-- This site is optimized with the Yoast SEO plugin v22.1 - https:\/\/yoast.com\/wordpress\/plugins\/seo\/ -->\n<title>- Klimt - tea cups bright 0.5l[:] - Etnogalerija Skrina<\/title>\n<meta name=\"description\" content=\"Gustav Klimt - skodelica za \u010daj. Velikost: 13 x 10 x 15 cm; 0,5l; Material: Ro\u010dno barvan porcelan z razko\u0161no dekoracijo iz pravega zlata\" \/>\n<meta name=\"robots\" content=\"index, follow, max-snippet:-1, max-image-preview:large, max-video-preview:-1\" \/>\n<link rel=\"canonical\" href=\"https:\/\/skrina.si\/sl\/product\/klimt-tea-cups-bright-0-5l-2\/\" \/>\n<meta property=\"og:locale\" content=\"sl_SI\" \/>\n<meta property=\"og:locale:alternate\" content=\"en_GB\" \/>\n<meta property=\"og:type\" content=\"article\" \/>\n<meta property=\"og:title\" content=\"Klimt - tea cups bright 0.5l\" \/>\n<meta property=\"og:description\" content=\"Gustav Klimt - skodelica za \u010daj. Velikost: 13 x 10 x 15 cm; 0,5l; Material: Ro\u010dno barvan porcelan z razko\u0161no dekoracijo iz pravega zlata\" \/>\n<meta property=\"og:url\" content=\"https:\/\/skrina.si\/sl\/product\/klimt-tea-cups-bright-0-5l-2\/\" \/>\n<meta property=\"og:site_name\" content=\"Etnogalerija Skrina\" \/>\n<meta property=\"article:modified_time\" content=\"2024-04-29T16:10:53+00:00\" \/>\n<meta property=\"og:image\" content=\"https:\/\/skrina.si\/wp-content\/uploads\/2022\/01\/Gustav-Klimt-skodelica-visoka-drevo-zivljenja-Etno-galerija-Skrina.jpg\" \/>\n\t<meta property=\"og:image:width\" content=\"2000\" \/>\n\t<meta property=\"og:image:height\" content=\"1500\" \/>\n\t<meta property=\"og:image:type\" content=\"image\/jpeg\" \/>\n<meta name=\"twitter:card\" content=\"summary_large_image\" \/>\n<meta name=\"twitter:label1\" content=\"Est. reading time\" \/>\n\t<meta name=\"twitter:data1\" content=\"1 minuta\" \/>\n<script type=\"application\/ld+json\" class=\"yoast-schema-graph\">{\"@context\":\"https:\/\/schema.org\",\"@graph\":[{\"@type\":\"WebPage\",\"@id\":\"https:\/\/skrina.si\/sl\/product\/klimt-tea-cups-bright-0-5l-2\/\",\"url\":\"https:\/\/skrina.si\/sl\/product\/klimt-tea-cups-bright-0-5l-2\/\",\"name\":\"[:en]Klimt - tea cups bright 0.5l[:sl]Klimt - tea cups bright 0.5l[:] - Etnogalerija Skrina\",\"isPartOf\":{\"@id\":\"https:\/\/skrina.si\/sl\/#website\"},\"datePublished\":\"2023-12-18T07:47:24+00:00\",\"dateModified\":\"2024-04-29T16:10:53+00:00\",\"description\":\"Gustav Klimt - skodelica za \u010daj. Velikost: 13 x 10 x 15 cm; 0,5l; Material: Ro\u010dno barvan porcelan z razko\u0161no dekoracijo iz pravega zlata\",\"breadcrumb\":{\"@id\":\"https:\/\/skrina.si\/sl\/product\/klimt-tea-cups-bright-0-5l-2\/#breadcrumb\"},\"inLanguage\":\"sl-SI\",\"potentialAction\":[{\"@type\":\"ReadAction\",\"target\":[\"https:\/\/skrina.si\/sl\/product\/klimt-tea-cups-bright-0-5l-2\/\"]}]},{\"@type\":\"BreadcrumbList\",\"@id\":\"https:\/\/skrina.si\/sl\/product\/klimt-tea-cups-bright-0-5l-2\/#breadcrumb\",\"itemListElement\":[{\"@type\":\"ListItem\",\"position\":1,\"name\":\"Home\",\"item\":\"https:\/\/skrina.si\/\"},{\"@type\":\"ListItem\",\"position\":2,\"name\":\"Shop\",\"item\":\"https:\/\/skrina.si\/shop\/\"},{\"@type\":\"ListItem\",\"position\":3,\"name\":\"Klimt &#8211; tea cups bright 0.5l\"}]},{\"@type\":\"WebSite\",\"@id\":\"https:\/\/skrina.si\/sl\/#website\",\"url\":\"https:\/\/skrina.si\/sl\/\",\"name\":\"Etnogalerija Skrina\",\"description\":\"Tradicija s posluhom\",\"potentialAction\":[{\"@type\":\"SearchAction\",\"target\":{\"@type\":\"EntryPoint\",\"urlTemplate\":\"https:\/\/skrina.si\/sl\/?s={search_term_string}\"},\"query-input\":\"required name=search_term_string\"}],\"inLanguage\":\"sl-SI\"}]}<\/script>\n<!-- \/ Yoast SEO plugin. -->","yoast_head_json":{"title":"- Klimt - tea cups bright 0.5l[:] - Etnogalerija Skrina","description":"Gustav Klimt - skodelica za \u010daj. Velikost: 13 x 10 x 15 cm; 0,5l; Material: Ro\u010dno barvan porcelan z razko\u0161no dekoracijo iz pravega zlata","robots":{"index":"index","follow":"follow","max-snippet":"max-snippet:-1","max-image-preview":"max-image-preview:large","max-video-preview":"max-video-preview:-1"},"canonical":"https:\/\/skrina.si\/sl\/product\/klimt-tea-cups-bright-0-5l-2\/","og_locale":"sl_SI","og_type":"article","og_title":"[:en]Klimt - tea cups bright 0.5l[:sl]Klimt - tea cups bright 0.5l[:] - Etnogalerija Skrina","og_description":"Gustav Klimt - skodelica za \u010daj. Velikost: 13 x 10 x 15 cm; 0,5l; Material: Ro\u010dno barvan porcelan z razko\u0161no dekoracijo iz pravega zlata","og_url":"https:\/\/skrina.si\/sl\/product\/klimt-tea-cups-bright-0-5l-2\/","og_site_name":"Etnogalerija Skrina","article_modified_time":"2024-04-29T16:10:53+00:00","og_image":[{"width":2000,"height":1500,"url":"https:\/\/skrina.si\/wp-content\/uploads\/2022\/01\/Gustav-Klimt-skodelica-visoka-drevo-zivljenja-Etno-galerija-Skrina.jpg","type":"image\/jpeg"}],"twitter_card":"summary_large_image","twitter_misc":{"Est. reading time":"1 minuta"},"schema":{"@context":"https:\/\/schema.org","@graph":[{"@type":"WebPage","@id":"https:\/\/skrina.si\/sl\/product\/klimt-tea-cups-bright-0-5l-2\/","url":"https:\/\/skrina.si\/sl\/product\/klimt-tea-cups-bright-0-5l-2\/","name":"[:en]Klimt - tea cups bright 0.5l[:sl]Klimt - tea cups bright 0.5l[:] - Etnogalerija Skrina","isPartOf":{"@id":"https:\/\/skrina.si\/sl\/#website"},"datePublished":"2023-12-18T07:47:24+00:00","dateModified":"2024-04-29T16:10:53+00:00","description":"Gustav Klimt - skodelica za \u010daj. Velikost: 13 x 10 x 15 cm; 0,5l; Material: Ro\u010dno barvan porcelan z razko\u0161no dekoracijo iz pravega zlata","breadcrumb":{"@id":"https:\/\/skrina.si\/sl\/product\/klimt-tea-cups-bright-0-5l-2\/#breadcrumb"},"inLanguage":"sl-SI","potentialAction":[{"@type":"ReadAction","target":["https:\/\/skrina.si\/sl\/product\/klimt-tea-cups-bright-0-5l-2\/"]}]},{"@type":"BreadcrumbList","@id":"https:\/\/skrina.si\/sl\/product\/klimt-tea-cups-bright-0-5l-2\/#breadcrumb","itemListElement":[{"@type":"ListItem","position":1,"name":"Home","item":"https:\/\/skrina.si\/"},{"@type":"ListItem","position":2,"name":"Shop","item":"https:\/\/skrina.si\/shop\/"},{"@type":"ListItem","position":3,"name":"Klimt &#8211; tea cups bright 0.5l"}]},{"@type":"WebSite","@id":"https:\/\/skrina.si\/sl\/#website","url":"https:\/\/skrina.si\/sl\/","name":"Etnogalerija Skrina","description":"Tradicija s posluhom","potentialAction":[{"@type":"SearchAction","target":{"@type":"EntryPoint","urlTemplate":"https:\/\/skrina.si\/sl\/?s={search_term_string}"},"query-input":"required name=search_term_string"}],"inLanguage":"sl-SI"}]}},"_links":{"self":[{"href":"https:\/\/skrina.si\/sl\/wp-json\/wp\/v2\/product\/13026"}],"collection":[{"href":"https:\/\/skrina.si\/sl\/wp-json\/wp\/v2\/product"}],"about":[{"href":"https:\/\/skrina.si\/sl\/wp-json\/wp\/v2\/types\/product"}],"wp:featuredmedia":[{"embeddable":true,"href":"https:\/\/skrina.si\/sl\/wp-json\/wp\/v2\/media\/6547"}],"wp:attachment":[{"href":"https:\/\/skrina.si\/sl\/wp-json\/wp\/v2\/media?parent=13026"}],"wp:term":[{"taxonomy":"product_cat","embeddable":true,"href":"https:\/\/skrina.si\/sl\/wp-json\/wp\/v2\/product_cat?post=13026"},{"taxonomy":"product_tag","embeddable":true,"href":"https:\/\/skrina.si\/sl\/wp-json\/wp\/v2\/product_tag?post=13026"}],"curies":[{"name":"wp","href":"https:\/\/api.w.org\/{rel}","templated":true}]}}