{"id":12975,"date":"2023-12-15T11:44:55","date_gmt":"2023-12-15T11:44:55","guid":{"rendered":"https:\/\/skrina.si\/?post_type=product&#038;p=12975"},"modified":"2024-05-04T20:15:14","modified_gmt":"2024-05-04T18:15:14","slug":"symbiosis","status":"publish","type":"product","link":"https:\/\/skrina.si\/sl\/product\/symbiosis\/","title":{"rendered":"Rok Zelenko &#8211; Symbiosis wall plate"},"content":{"rendered":"","protected":false},"excerpt":{"rendered":"<h5 style=\"text-align: justify;\"><strong><em>Rok Zelenko<\/em><\/strong> is a painter, ceramist, and graphic artist. After graduating from the Academy of Fine Arts in Ljubljana, his home became the small Istrian village of <strong><em>Gro\u017enjan.<br \/>\n<\/em><\/strong>He is excited by the colorfulness with which he builds his paintings and breathes life into them.<\/h5>\n<h5 style=\"text-align: justify;\">Reality and imagination, heritage and modernity are intertwined in his characters. His line-color style comes to the fore in his ceramics, which mainly depict fantasy characters.<\/h5>\n<h6>Details:<\/h6>\n<ul>\n<li>\n<h6>Wall plate\u00a0 Symbiosis<\/h6>\n<\/li>\n<li>\n<h6>Diameter 25 cm<\/h6>\n<\/li>\n<li>\n<h6>Material: Ceramic<\/h6>\n<\/li>\n<li>\n<h6>Packed in a gift box<\/h6>\n<\/li>\n<li>\n<h6>Designed with a love for detail<\/h6>\n<\/li>\n<li>\n<h6>The ideal gift for lovers of folklore and folk traditions<\/h6>\n<\/li>\n<li>\n<h6><strong><em>Hand-made<\/em><\/strong><\/h6>\n<\/li>\n<\/ul>\n","protected":false},"featured_media":4044,"template":"","meta":{"_monsterinsights_skip_tracking":false,"_monsterinsights_sitenote_active":false,"_monsterinsights_sitenote_note":"","_monsterinsights_sitenote_category":0},"product_cat":[1049,1069],"product_tag":[],"aioseo_notices":[],"yoast_head":"<!-- This site is optimized with the Yoast SEO plugin v22.1 - https:\/\/yoast.com\/wordpress\/plugins\/seo\/ -->\n<title>Rok Zelenko - Symbiosis wall plate[:] - Etnogalerija Skrina<\/title>\n<meta name=\"description\" content=\"Rok Zelenko - stenski kro\u017enik Simbioza. Gro\u017enjan je vir njegovih inspiracij, kjer s svojimi slikami bele\u017ei zgodovinsko-etnografsko dogajanje.\" \/>\n<meta name=\"robots\" content=\"index, follow, max-snippet:-1, max-image-preview:large, max-video-preview:-1\" \/>\n<link rel=\"canonical\" href=\"https:\/\/skrina.si\/sl\/product\/symbiosis\/\" \/>\n<meta property=\"og:locale\" content=\"sl_SI\" \/>\n<meta property=\"og:locale:alternate\" content=\"en_GB\" \/>\n<meta property=\"og:type\" content=\"article\" \/>\n<meta property=\"og:title\" content=\"Rok Zelenko - Symbiosis wall plate\" \/>\n<meta property=\"og:description\" content=\"Rok Zelenko - stenski kro\u017enik Simbioza. Gro\u017enjan je vir njegovih inspiracij, kjer s svojimi slikami bele\u017ei zgodovinsko-etnografsko dogajanje.\" \/>\n<meta property=\"og:url\" content=\"https:\/\/skrina.si\/sl\/product\/symbiosis\/\" \/>\n<meta property=\"og:site_name\" content=\"Etnogalerija Skrina\" \/>\n<meta property=\"article:modified_time\" content=\"2024-05-04T18:15:14+00:00\" \/>\n<meta property=\"og:image\" content=\"https:\/\/skrina.si\/wp-content\/uploads\/2021\/08\/Rok-Zelenko-kroznik-simbioza.jpg\" \/>\n\t<meta property=\"og:image:width\" content=\"2001\" \/>\n\t<meta property=\"og:image:height\" content=\"1500\" \/>\n\t<meta property=\"og:image:type\" content=\"image\/jpeg\" \/>\n<meta name=\"twitter:card\" content=\"summary_large_image\" \/>\n<meta name=\"twitter:label1\" content=\"Est. reading time\" \/>\n\t<meta name=\"twitter:data1\" content=\"1 minuta\" \/>\n<script type=\"application\/ld+json\" class=\"yoast-schema-graph\">{\"@context\":\"https:\/\/schema.org\",\"@graph\":[{\"@type\":\"WebPage\",\"@id\":\"https:\/\/skrina.si\/sl\/product\/symbiosis\/\",\"url\":\"https:\/\/skrina.si\/sl\/product\/symbiosis\/\",\"name\":\"[:en]Symbiosis[:sl]Rok Zelenko - Symbiosis wall plate[:] - Etnogalerija Skrina\",\"isPartOf\":{\"@id\":\"https:\/\/skrina.si\/sl\/#website\"},\"datePublished\":\"2023-12-15T11:44:55+00:00\",\"dateModified\":\"2024-05-04T18:15:14+00:00\",\"description\":\"Rok Zelenko - stenski kro\u017enik Simbioza. Gro\u017enjan je vir njegovih inspiracij, kjer s svojimi slikami bele\u017ei zgodovinsko-etnografsko dogajanje.\",\"breadcrumb\":{\"@id\":\"https:\/\/skrina.si\/sl\/product\/symbiosis\/#breadcrumb\"},\"inLanguage\":\"sl-SI\",\"potentialAction\":[{\"@type\":\"ReadAction\",\"target\":[\"https:\/\/skrina.si\/sl\/product\/symbiosis\/\"]}]},{\"@type\":\"BreadcrumbList\",\"@id\":\"https:\/\/skrina.si\/sl\/product\/symbiosis\/#breadcrumb\",\"itemListElement\":[{\"@type\":\"ListItem\",\"position\":1,\"name\":\"Home\",\"item\":\"https:\/\/skrina.si\/\"},{\"@type\":\"ListItem\",\"position\":2,\"name\":\"Shop\",\"item\":\"https:\/\/skrina.si\/shop\/\"},{\"@type\":\"ListItem\",\"position\":3,\"name\":\"Symbiosis\"}]},{\"@type\":\"WebSite\",\"@id\":\"https:\/\/skrina.si\/sl\/#website\",\"url\":\"https:\/\/skrina.si\/sl\/\",\"name\":\"Etnogalerija Skrina\",\"description\":\"Tradicija s posluhom\",\"potentialAction\":[{\"@type\":\"SearchAction\",\"target\":{\"@type\":\"EntryPoint\",\"urlTemplate\":\"https:\/\/skrina.si\/sl\/?s={search_term_string}\"},\"query-input\":\"required name=search_term_string\"}],\"inLanguage\":\"sl-SI\"}]}<\/script>\n<!-- \/ Yoast SEO plugin. -->","yoast_head_json":{"title":"Rok Zelenko - Symbiosis wall plate[:] - Etnogalerija Skrina","description":"Rok Zelenko - stenski kro\u017enik Simbioza. Gro\u017enjan je vir njegovih inspiracij, kjer s svojimi slikami bele\u017ei zgodovinsko-etnografsko dogajanje.","robots":{"index":"index","follow":"follow","max-snippet":"max-snippet:-1","max-image-preview":"max-image-preview:large","max-video-preview":"max-video-preview:-1"},"canonical":"https:\/\/skrina.si\/sl\/product\/symbiosis\/","og_locale":"sl_SI","og_type":"article","og_title":"[:en]Symbiosis[:sl]Rok Zelenko - Symbiosis wall plate[:] - Etnogalerija Skrina","og_description":"Rok Zelenko - stenski kro\u017enik Simbioza. Gro\u017enjan je vir njegovih inspiracij, kjer s svojimi slikami bele\u017ei zgodovinsko-etnografsko dogajanje.","og_url":"https:\/\/skrina.si\/sl\/product\/symbiosis\/","og_site_name":"Etnogalerija Skrina","article_modified_time":"2024-05-04T18:15:14+00:00","og_image":[{"width":2001,"height":1500,"url":"https:\/\/skrina.si\/wp-content\/uploads\/2021\/08\/Rok-Zelenko-kroznik-simbioza.jpg","type":"image\/jpeg"}],"twitter_card":"summary_large_image","twitter_misc":{"Est. reading time":"1 minuta"},"schema":{"@context":"https:\/\/schema.org","@graph":[{"@type":"WebPage","@id":"https:\/\/skrina.si\/sl\/product\/symbiosis\/","url":"https:\/\/skrina.si\/sl\/product\/symbiosis\/","name":"[:en]Symbiosis[:sl]Rok Zelenko - Symbiosis wall plate[:] - Etnogalerija Skrina","isPartOf":{"@id":"https:\/\/skrina.si\/sl\/#website"},"datePublished":"2023-12-15T11:44:55+00:00","dateModified":"2024-05-04T18:15:14+00:00","description":"Rok Zelenko - stenski kro\u017enik Simbioza. Gro\u017enjan je vir njegovih inspiracij, kjer s svojimi slikami bele\u017ei zgodovinsko-etnografsko dogajanje.","breadcrumb":{"@id":"https:\/\/skrina.si\/sl\/product\/symbiosis\/#breadcrumb"},"inLanguage":"sl-SI","potentialAction":[{"@type":"ReadAction","target":["https:\/\/skrina.si\/sl\/product\/symbiosis\/"]}]},{"@type":"BreadcrumbList","@id":"https:\/\/skrina.si\/sl\/product\/symbiosis\/#breadcrumb","itemListElement":[{"@type":"ListItem","position":1,"name":"Home","item":"https:\/\/skrina.si\/"},{"@type":"ListItem","position":2,"name":"Shop","item":"https:\/\/skrina.si\/shop\/"},{"@type":"ListItem","position":3,"name":"Symbiosis"}]},{"@type":"WebSite","@id":"https:\/\/skrina.si\/sl\/#website","url":"https:\/\/skrina.si\/sl\/","name":"Etnogalerija Skrina","description":"Tradicija s posluhom","potentialAction":[{"@type":"SearchAction","target":{"@type":"EntryPoint","urlTemplate":"https:\/\/skrina.si\/sl\/?s={search_term_string}"},"query-input":"required name=search_term_string"}],"inLanguage":"sl-SI"}]}},"_links":{"self":[{"href":"https:\/\/skrina.si\/sl\/wp-json\/wp\/v2\/product\/12975"}],"collection":[{"href":"https:\/\/skrina.si\/sl\/wp-json\/wp\/v2\/product"}],"about":[{"href":"https:\/\/skrina.si\/sl\/wp-json\/wp\/v2\/types\/product"}],"wp:featuredmedia":[{"embeddable":true,"href":"https:\/\/skrina.si\/sl\/wp-json\/wp\/v2\/media\/4044"}],"wp:attachment":[{"href":"https:\/\/skrina.si\/sl\/wp-json\/wp\/v2\/media?parent=12975"}],"wp:term":[{"taxonomy":"product_cat","embeddable":true,"href":"https:\/\/skrina.si\/sl\/wp-json\/wp\/v2\/product_cat?post=12975"},{"taxonomy":"product_tag","embeddable":true,"href":"https:\/\/skrina.si\/sl\/wp-json\/wp\/v2\/product_tag?post=12975"}],"curies":[{"name":"wp","href":"https:\/\/api.w.org\/{rel}","templated":true}]}}