{"id":12968,"date":"2023-12-15T11:35:01","date_gmt":"2023-12-15T11:35:01","guid":{"rendered":"https:\/\/skrina.si\/?post_type=product&#038;p=12968"},"modified":"2024-05-06T06:57:20","modified_gmt":"2024-05-06T04:57:20","slug":"raku-bowl-golden-small","status":"publish","type":"product","link":"https:\/\/skrina.si\/sl\/product\/raku-bowl-golden-small\/","title":{"rendered":"Raku bowl golden small"},"content":{"rendered":"","protected":false},"excerpt":{"rendered":"<h5>Raku is an old Japanese technique of firing ceramics. It is a technique with unpredictable effects that depend on what we will do with the just-baked product. If the object is quickly cooled in cold water, green or turquoise blue glazes are obtained. But if we place a hot object in a container with sawdust or other flammable material, and cover the container with a lid, something completely different will happen. A beautiful copper-colored object will appear under the black layer.<\/h5>\n<h5>Details:<\/h5>\n<h5>Size: 18 x 18 cm<\/h5>\n<h5>Material: Ceramic raku<\/h5>\n<h5>In gift packaging<\/h5>\n<h5>Designed with love for details<\/h5>\n<h5>Handwork<\/h5>\n","protected":false},"featured_media":3953,"template":"","meta":{"_monsterinsights_skip_tracking":false,"_monsterinsights_sitenote_active":false,"_monsterinsights_sitenote_note":"","_monsterinsights_sitenote_category":0},"product_cat":[1049,1067],"product_tag":[],"aioseo_notices":[],"yoast_head":"<!-- This site is optimized with the Yoast SEO plugin v22.1 - https:\/\/yoast.com\/wordpress\/plugins\/seo\/ -->\n<title>Raku bowl golden small - Etnogalerija Skrina<\/title>\n<meta name=\"description\" content=\"Raku je stara japonska tehnika \u017eganja keramike. Velikost: 18 x 18 cm; Material: Keramika raku; V darilni embala\u017ei; Ro\u010dno delo\" \/>\n<meta name=\"robots\" content=\"index, follow, max-snippet:-1, max-image-preview:large, max-video-preview:-1\" \/>\n<link rel=\"canonical\" href=\"https:\/\/skrina.si\/sl\/product\/raku-bowl-golden-small\/\" \/>\n<meta property=\"og:locale\" content=\"sl_SI\" \/>\n<meta property=\"og:locale:alternate\" content=\"en_GB\" \/>\n<meta property=\"og:type\" content=\"article\" \/>\n<meta property=\"og:title\" content=\"Raku bowl golden small\" \/>\n<meta property=\"og:description\" content=\"Raku je stara japonska tehnika \u017eganja keramike. Velikost: 18 x 18 cm; Material: Keramika raku; V darilni embala\u017ei; Ro\u010dno delo\" \/>\n<meta property=\"og:url\" content=\"https:\/\/skrina.si\/sl\/product\/raku-bowl-golden-small\/\" \/>\n<meta property=\"og:site_name\" content=\"Etnogalerija Skrina\" \/>\n<meta property=\"article:modified_time\" content=\"2024-05-06T04:57:20+00:00\" \/>\n<meta property=\"og:image\" content=\"https:\/\/skrina.si\/wp-content\/uploads\/2021\/09\/Raku-skleda-zlata-mala-2.jpg\" \/>\n\t<meta property=\"og:image:width\" content=\"2000\" \/>\n\t<meta property=\"og:image:height\" content=\"1500\" \/>\n\t<meta property=\"og:image:type\" content=\"image\/jpeg\" \/>\n<meta name=\"twitter:card\" content=\"summary_large_image\" \/>\n<meta name=\"twitter:label1\" content=\"Est. reading time\" \/>\n\t<meta name=\"twitter:data1\" content=\"1 minuta\" \/>\n<script type=\"application\/ld+json\" class=\"yoast-schema-graph\">{\"@context\":\"https:\/\/schema.org\",\"@graph\":[{\"@type\":\"WebPage\",\"@id\":\"https:\/\/skrina.si\/sl\/product\/raku-bowl-golden-small\/\",\"url\":\"https:\/\/skrina.si\/sl\/product\/raku-bowl-golden-small\/\",\"name\":\"[:en]Raku bowl golden small[:sl]Raku bowl golden small[:] - Etnogalerija Skrina\",\"isPartOf\":{\"@id\":\"https:\/\/skrina.si\/sl\/#website\"},\"datePublished\":\"2023-12-15T11:35:01+00:00\",\"dateModified\":\"2024-05-06T04:57:20+00:00\",\"description\":\"Raku je stara japonska tehnika \u017eganja keramike. Velikost: 18 x 18 cm; Material: Keramika raku; V darilni embala\u017ei; Ro\u010dno delo\",\"breadcrumb\":{\"@id\":\"https:\/\/skrina.si\/sl\/product\/raku-bowl-golden-small\/#breadcrumb\"},\"inLanguage\":\"sl-SI\",\"potentialAction\":[{\"@type\":\"ReadAction\",\"target\":[\"https:\/\/skrina.si\/sl\/product\/raku-bowl-golden-small\/\"]}]},{\"@type\":\"BreadcrumbList\",\"@id\":\"https:\/\/skrina.si\/sl\/product\/raku-bowl-golden-small\/#breadcrumb\",\"itemListElement\":[{\"@type\":\"ListItem\",\"position\":1,\"name\":\"Home\",\"item\":\"https:\/\/skrina.si\/\"},{\"@type\":\"ListItem\",\"position\":2,\"name\":\"Shop\",\"item\":\"https:\/\/skrina.si\/shop\/\"},{\"@type\":\"ListItem\",\"position\":3,\"name\":\"Raku bowl golden small\"}]},{\"@type\":\"WebSite\",\"@id\":\"https:\/\/skrina.si\/sl\/#website\",\"url\":\"https:\/\/skrina.si\/sl\/\",\"name\":\"Etnogalerija Skrina\",\"description\":\"Tradicija s posluhom\",\"potentialAction\":[{\"@type\":\"SearchAction\",\"target\":{\"@type\":\"EntryPoint\",\"urlTemplate\":\"https:\/\/skrina.si\/sl\/?s={search_term_string}\"},\"query-input\":\"required name=search_term_string\"}],\"inLanguage\":\"sl-SI\"}]}<\/script>\n<!-- \/ Yoast SEO plugin. -->","yoast_head_json":{"title":"Raku bowl golden small - Etnogalerija Skrina","description":"Raku je stara japonska tehnika \u017eganja keramike. Velikost: 18 x 18 cm; Material: Keramika raku; V darilni embala\u017ei; Ro\u010dno delo","robots":{"index":"index","follow":"follow","max-snippet":"max-snippet:-1","max-image-preview":"max-image-preview:large","max-video-preview":"max-video-preview:-1"},"canonical":"https:\/\/skrina.si\/sl\/product\/raku-bowl-golden-small\/","og_locale":"sl_SI","og_type":"article","og_title":"[:en]Raku bowl golden small[:sl]Raku bowl golden small[:] - Etnogalerija Skrina","og_description":"Raku je stara japonska tehnika \u017eganja keramike. Velikost: 18 x 18 cm; Material: Keramika raku; V darilni embala\u017ei; Ro\u010dno delo","og_url":"https:\/\/skrina.si\/sl\/product\/raku-bowl-golden-small\/","og_site_name":"Etnogalerija Skrina","article_modified_time":"2024-05-06T04:57:20+00:00","og_image":[{"width":2000,"height":1500,"url":"https:\/\/skrina.si\/wp-content\/uploads\/2021\/09\/Raku-skleda-zlata-mala-2.jpg","type":"image\/jpeg"}],"twitter_card":"summary_large_image","twitter_misc":{"Est. reading time":"1 minuta"},"schema":{"@context":"https:\/\/schema.org","@graph":[{"@type":"WebPage","@id":"https:\/\/skrina.si\/sl\/product\/raku-bowl-golden-small\/","url":"https:\/\/skrina.si\/sl\/product\/raku-bowl-golden-small\/","name":"[:en]Raku bowl golden small[:sl]Raku bowl golden small[:] - Etnogalerija Skrina","isPartOf":{"@id":"https:\/\/skrina.si\/sl\/#website"},"datePublished":"2023-12-15T11:35:01+00:00","dateModified":"2024-05-06T04:57:20+00:00","description":"Raku je stara japonska tehnika \u017eganja keramike. Velikost: 18 x 18 cm; Material: Keramika raku; V darilni embala\u017ei; Ro\u010dno delo","breadcrumb":{"@id":"https:\/\/skrina.si\/sl\/product\/raku-bowl-golden-small\/#breadcrumb"},"inLanguage":"sl-SI","potentialAction":[{"@type":"ReadAction","target":["https:\/\/skrina.si\/sl\/product\/raku-bowl-golden-small\/"]}]},{"@type":"BreadcrumbList","@id":"https:\/\/skrina.si\/sl\/product\/raku-bowl-golden-small\/#breadcrumb","itemListElement":[{"@type":"ListItem","position":1,"name":"Home","item":"https:\/\/skrina.si\/"},{"@type":"ListItem","position":2,"name":"Shop","item":"https:\/\/skrina.si\/shop\/"},{"@type":"ListItem","position":3,"name":"Raku bowl golden small"}]},{"@type":"WebSite","@id":"https:\/\/skrina.si\/sl\/#website","url":"https:\/\/skrina.si\/sl\/","name":"Etnogalerija Skrina","description":"Tradicija s posluhom","potentialAction":[{"@type":"SearchAction","target":{"@type":"EntryPoint","urlTemplate":"https:\/\/skrina.si\/sl\/?s={search_term_string}"},"query-input":"required name=search_term_string"}],"inLanguage":"sl-SI"}]}},"_links":{"self":[{"href":"https:\/\/skrina.si\/sl\/wp-json\/wp\/v2\/product\/12968"}],"collection":[{"href":"https:\/\/skrina.si\/sl\/wp-json\/wp\/v2\/product"}],"about":[{"href":"https:\/\/skrina.si\/sl\/wp-json\/wp\/v2\/types\/product"}],"wp:featuredmedia":[{"embeddable":true,"href":"https:\/\/skrina.si\/sl\/wp-json\/wp\/v2\/media\/3953"}],"wp:attachment":[{"href":"https:\/\/skrina.si\/sl\/wp-json\/wp\/v2\/media?parent=12968"}],"wp:term":[{"taxonomy":"product_cat","embeddable":true,"href":"https:\/\/skrina.si\/sl\/wp-json\/wp\/v2\/product_cat?post=12968"},{"taxonomy":"product_tag","embeddable":true,"href":"https:\/\/skrina.si\/sl\/wp-json\/wp\/v2\/product_tag?post=12968"}],"curies":[{"name":"wp","href":"https:\/\/api.w.org\/{rel}","templated":true}]}}