{"id":12842,"date":"2023-12-13T11:39:11","date_gmt":"2023-12-13T11:39:11","guid":{"rendered":"https:\/\/skrina.si\/?post_type=product&#038;p=12842"},"modified":"2024-03-27T21:15:07","modified_gmt":"2024-03-27T20:15:07","slug":"primorska","status":"publish","type":"product","link":"https:\/\/skrina.si\/sl\/product\/primorska\/","title":{"rendered":"Primorska"},"content":{"rendered":"","protected":false},"excerpt":{"rendered":"<h5 style=\"text-align: justify;\"><strong><em>The Primorski or Mediterranean<\/em><\/strong> type of national costume was present in Slovene Istria, Brkini, and some villages around Trieste.<br \/>\nThe distinctive features are particularly evident in the <strong><em>women&#8217;s<\/em><\/strong> costume, which was characterized by a wide shirt over which the women wore a long sleeveless dress and an apron, sometimes two sleeveless dresses on top of each other.<br \/>\nAnother feature that distinguishes Primorska&#8217;s costume from other Slovenian costumes is the great popularity of <strong><em>jewelry<\/em><\/strong>. In addition to longer necklaces, <em>&#8220;mur\u010dki&#8221;<\/em>, earrings, also called mur\u010deki, \u010drn\u010deki, were extremely popular and have remained popular until the present day. The stylized head of black men with a red turban was sometimes made in as many as 18 sizes. The white or bright headscarf was richly decorated with handmade embroidery and lace.<br \/>\nThe <strong><em>men&#8217;s <\/em><\/strong>costume had many variations. Most men wore longer shirts made of white homemade linen, which were an obligatory part of both working and special days &#8211; they differed only in the cut.<br \/>\n<em>These are just some of the characteristics of the costume of the Primorska region.<\/em><\/h5>\n<ul>\n<li>Details:<\/li>\n<li>Size: 27 x 7 cm; 22 x 5 cm<\/li>\n<li>Size of the salt &#038; pepper doll: 13 x 4.5 cm<\/li>\n<li>Material: wood<\/li>\n<li>In gift packaging<\/li>\n<li>Designed with love for details<\/li>\n<li>An ideal gift for lovers of folklore and folklore<\/li>\n<li>Hand-painted<\/li>\n<\/ul>\n","protected":false},"featured_media":11185,"template":"","meta":{"_monsterinsights_skip_tracking":false,"_monsterinsights_sitenote_active":false,"_monsterinsights_sitenote_note":"","_monsterinsights_sitenote_category":0},"product_cat":[1623,1035],"product_tag":[81],"aioseo_notices":[],"yoast_head":"<!-- This site is optimized with the Yoast SEO plugin v22.1 - https:\/\/yoast.com\/wordpress\/plugins\/seo\/ -->\n<title>Primorska - Etnogalerija Skrina<\/title>\n<meta name=\"robots\" content=\"index, follow, max-snippet:-1, max-image-preview:large, max-video-preview:-1\" \/>\n<link rel=\"canonical\" href=\"https:\/\/skrina.si\/sl\/product\/primorska\/\" \/>\n<meta property=\"og:locale\" content=\"sl_SI\" \/>\n<meta property=\"og:locale:alternate\" content=\"en_GB\" \/>\n<meta property=\"og:type\" content=\"article\" \/>\n<meta property=\"og:title\" content=\"Primorska\" \/>\n<meta property=\"og:description\" content=\"The Primorski or Mediterranean type of national costume was present in Slovene Istria, Brkini, and some villages around Trieste. The distinctive features are particularly evident in the women&#039;s costume, which was characterized by a wide shirt over which the women wore a long sleeveless dress and an apron, sometimes two sleeveless dresses on top of each other. Another feature that distinguishes Primorska&#039;s costume from other Slovenian costumes is the great popularity of jewelry. In addition to longer necklaces, &quot;mur\u010dki&quot;, earrings, also called mur\u010deki, \u010drn\u010deki, were extremely popular and have remained popular until the present day. The stylized head of black men with a red turban was sometimes made in as many as 18 sizes. The white or bright headscarf was richly decorated with handmade embroidery and lace. The men&#039;s costume had many variations. Most men wore longer shirts made of white homemade linen, which were an obligatory part of both working and special days - they differed only in the cut. These are just some of the characteristics of the costume of the Primorska region.   Details:  Size: 27 x 7 cm; 22 x 5 cm  Size of the salt &amp; pepper doll: 13 x 4.5 cm  Material: wood  In gift packaging  Designed with love for details  An ideal gift for lovers of folklore and folklore  Hand-painted\" \/>\n<meta property=\"og:url\" content=\"https:\/\/skrina.si\/sl\/product\/primorska\/\" \/>\n<meta property=\"og:site_name\" content=\"Etnogalerija Skrina\" \/>\n<meta property=\"article:modified_time\" content=\"2024-03-27T20:15:07+00:00\" \/>\n<meta property=\"og:image\" content=\"https:\/\/skrina.si\/wp-content\/uploads\/2022\/07\/primorska-Etno-galerija-skrina-Tradicija-s-posluhom-slovenska-ljudska-nosa-izdelek-iz-lesa.jpg\" \/>\n\t<meta property=\"og:image:width\" content=\"2000\" \/>\n\t<meta property=\"og:image:height\" content=\"1500\" \/>\n\t<meta property=\"og:image:type\" content=\"image\/jpeg\" \/>\n<meta name=\"twitter:card\" content=\"summary_large_image\" \/>\n<meta name=\"twitter:label1\" content=\"Est. reading time\" \/>\n\t<meta name=\"twitter:data1\" content=\"1 minuta\" \/>\n<script type=\"application\/ld+json\" class=\"yoast-schema-graph\">{\"@context\":\"https:\/\/schema.org\",\"@graph\":[{\"@type\":\"WebPage\",\"@id\":\"https:\/\/skrina.si\/sl\/product\/primorska\/\",\"url\":\"https:\/\/skrina.si\/sl\/product\/primorska\/\",\"name\":\"[:en]Primorska[:sl]Primorska[:] - Etnogalerija Skrina\",\"isPartOf\":{\"@id\":\"https:\/\/skrina.si\/sl\/#website\"},\"datePublished\":\"2023-12-13T11:39:11+00:00\",\"dateModified\":\"2024-03-27T20:15:07+00:00\",\"breadcrumb\":{\"@id\":\"https:\/\/skrina.si\/sl\/product\/primorska\/#breadcrumb\"},\"inLanguage\":\"sl-SI\",\"potentialAction\":[{\"@type\":\"ReadAction\",\"target\":[\"https:\/\/skrina.si\/sl\/product\/primorska\/\"]}]},{\"@type\":\"BreadcrumbList\",\"@id\":\"https:\/\/skrina.si\/sl\/product\/primorska\/#breadcrumb\",\"itemListElement\":[{\"@type\":\"ListItem\",\"position\":1,\"name\":\"Home\",\"item\":\"https:\/\/skrina.si\/\"},{\"@type\":\"ListItem\",\"position\":2,\"name\":\"Shop\",\"item\":\"https:\/\/skrina.si\/shop\/\"},{\"@type\":\"ListItem\",\"position\":3,\"name\":\"Primorska\"}]},{\"@type\":\"WebSite\",\"@id\":\"https:\/\/skrina.si\/sl\/#website\",\"url\":\"https:\/\/skrina.si\/sl\/\",\"name\":\"Etnogalerija Skrina\",\"description\":\"Tradicija s posluhom\",\"potentialAction\":[{\"@type\":\"SearchAction\",\"target\":{\"@type\":\"EntryPoint\",\"urlTemplate\":\"https:\/\/skrina.si\/sl\/?s={search_term_string}\"},\"query-input\":\"required name=search_term_string\"}],\"inLanguage\":\"sl-SI\"}]}<\/script>\n<!-- \/ Yoast SEO plugin. -->","yoast_head_json":{"title":"Primorska - Etnogalerija Skrina","robots":{"index":"index","follow":"follow","max-snippet":"max-snippet:-1","max-image-preview":"max-image-preview:large","max-video-preview":"max-video-preview:-1"},"canonical":"https:\/\/skrina.si\/sl\/product\/primorska\/","og_locale":"sl_SI","og_type":"article","og_title":"[:en]Primorska[:sl]Primorska[:] - Etnogalerija Skrina","og_description":"[:en]The Primorski or Mediterranean type of national costume was present in Slovene Istria, Brkini, and some villages around Trieste. The distinctive features are particularly evident in the women's costume, which was characterized by a wide shirt over which the women wore a long sleeveless dress and an apron, sometimes two sleeveless dresses on top of each other. Another feature that distinguishes Primorska's costume from other Slovenian costumes is the great popularity of jewelry. In addition to longer necklaces, \"mur\u010dki\", earrings, also called mur\u010deki, and \u010drn\u010deki, were extremely popular and have remained popular until the present day. The stylized head of black men with a red turban was sometimes made in as many as 18 sizes. The white or bright headscarf was richly decorated with handmade embroidery and lace. The men's costume had many variations. Most men wore longer shirts made of white homemade linen, which were an obligatory part of both working and special days - they differed only in the cut. These are just some of the characteristics of the costume of the Primorska region. Details: Size: 27 x 7 cm; 22 x 5 cm Size of the salt &amp; pepper doll: 13 x 4.5 cm Size of the egg doll: 9 x 3.5 cm Material: wood In gift packaging Designed with love for details An ideal gift for lovers of folklore and folklore Hand-painted[:sl]The Primorski or Mediterranean type of national costume was present in Slovene Istria, Brkini, and some villages around Trieste. The distinctive features are particularly evident in the women's costume, which was characterized by a wide shirt over which the women wore a long sleeveless dress and an apron, sometimes two sleeveless dresses on top of each other. Another feature that distinguishes Primorska's costume from other Slovenian costumes is the great popularity of jewelry. In addition to longer necklaces, \"mur\u010dki\", earrings, also called mur\u010deki, \u010drn\u010deki, were extremely popular and have remained popular until the present day. The stylized head of black men with a red turban was sometimes made in as many as 18 sizes. The white or bright headscarf was richly decorated with handmade embroidery and lace. The men's costume had many variations. Most men wore longer shirts made of white homemade linen, which were an obligatory part of both working and special days - they differed only in the cut. These are just some of the characteristics of the costume of the Primorska region.   Details:  Size: 27 x 7 cm; 22 x 5 cm  Size of the salt &amp; pepper doll: 13 x 4.5 cm  Material: wood  In gift packaging  Designed with love for details  An ideal gift for lovers of folklore and folklore  Hand-painted [:]","og_url":"https:\/\/skrina.si\/sl\/product\/primorska\/","og_site_name":"Etnogalerija Skrina","article_modified_time":"2024-03-27T20:15:07+00:00","og_image":[{"width":2000,"height":1500,"url":"https:\/\/skrina.si\/wp-content\/uploads\/2022\/07\/primorska-Etno-galerija-skrina-Tradicija-s-posluhom-slovenska-ljudska-nosa-izdelek-iz-lesa.jpg","type":"image\/jpeg"}],"twitter_card":"summary_large_image","twitter_misc":{"Est. reading time":"1 minuta"},"schema":{"@context":"https:\/\/schema.org","@graph":[{"@type":"WebPage","@id":"https:\/\/skrina.si\/sl\/product\/primorska\/","url":"https:\/\/skrina.si\/sl\/product\/primorska\/","name":"[:en]Primorska[:sl]Primorska[:] - Etnogalerija Skrina","isPartOf":{"@id":"https:\/\/skrina.si\/sl\/#website"},"datePublished":"2023-12-13T11:39:11+00:00","dateModified":"2024-03-27T20:15:07+00:00","breadcrumb":{"@id":"https:\/\/skrina.si\/sl\/product\/primorska\/#breadcrumb"},"inLanguage":"sl-SI","potentialAction":[{"@type":"ReadAction","target":["https:\/\/skrina.si\/sl\/product\/primorska\/"]}]},{"@type":"BreadcrumbList","@id":"https:\/\/skrina.si\/sl\/product\/primorska\/#breadcrumb","itemListElement":[{"@type":"ListItem","position":1,"name":"Home","item":"https:\/\/skrina.si\/"},{"@type":"ListItem","position":2,"name":"Shop","item":"https:\/\/skrina.si\/shop\/"},{"@type":"ListItem","position":3,"name":"Primorska"}]},{"@type":"WebSite","@id":"https:\/\/skrina.si\/sl\/#website","url":"https:\/\/skrina.si\/sl\/","name":"Etnogalerija Skrina","description":"Tradicija s posluhom","potentialAction":[{"@type":"SearchAction","target":{"@type":"EntryPoint","urlTemplate":"https:\/\/skrina.si\/sl\/?s={search_term_string}"},"query-input":"required name=search_term_string"}],"inLanguage":"sl-SI"}]}},"_links":{"self":[{"href":"https:\/\/skrina.si\/sl\/wp-json\/wp\/v2\/product\/12842"}],"collection":[{"href":"https:\/\/skrina.si\/sl\/wp-json\/wp\/v2\/product"}],"about":[{"href":"https:\/\/skrina.si\/sl\/wp-json\/wp\/v2\/types\/product"}],"wp:featuredmedia":[{"embeddable":true,"href":"https:\/\/skrina.si\/sl\/wp-json\/wp\/v2\/media\/11185"}],"wp:attachment":[{"href":"https:\/\/skrina.si\/sl\/wp-json\/wp\/v2\/media?parent=12842"}],"wp:term":[{"taxonomy":"product_cat","embeddable":true,"href":"https:\/\/skrina.si\/sl\/wp-json\/wp\/v2\/product_cat?post=12842"},{"taxonomy":"product_tag","embeddable":true,"href":"https:\/\/skrina.si\/sl\/wp-json\/wp\/v2\/product_tag?post=12842"}],"curies":[{"name":"wp","href":"https:\/\/api.w.org\/{rel}","templated":true}]}}