{"id":12824,"date":"2024-02-01T10:32:46","date_gmt":"2024-02-01T09:32:46","guid":{"rendered":"https:\/\/skrina.si\/?post_type=product&#038;p=12824"},"modified":"2024-09-19T19:06:03","modified_gmt":"2024-09-19T17:06:03","slug":"plavica-flower-cornflower","status":"publish","type":"product","link":"https:\/\/skrina.si\/sl\/product\/plavica-flower-cornflower\/","title":{"rendered":"Cornflower &#8211; &#8220;Plavica&#8221; flower"},"content":{"rendered":"","protected":false},"excerpt":{"rendered":"<h5 style=\"text-align: justify;\"><strong><em>The cornflower<\/em><\/strong> is a flower that owes its symbolism to its extremely beautiful and very <em><strong>rare azure blue color<\/strong><\/em>, reminiscent of the blue of <em><strong>a washed-out sky<\/strong><\/em>. It is this blue color that has made the blossom <em><strong>a symbol of heaven<\/strong> <\/em>and celestial happiness. Since the cornflowers bloom particularly densely during the harvest, it is as if the sky had descended for a moment on the Earth and given it a piece of its blue.<\/h5>\n<h5 style=\"text-align: justify;\">In ancient Egypt, this blue-flowering cereal weed was a prized flower that escorted the dead to the afterlife. Pharaoh Tutankhamun&#8217;s coffin was found full of florets, which were supposed to ensure the young ruler a happy journey to the kingdom of heaven. In Christian iconography, the flower is a symbol of <strong><em>fidelity and steadfastness<\/em><\/strong>; among lovers, the flower is considered a sign of <em><strong>devotion and eternal fidelity.<\/strong><\/em><\/h5>\n<h6>Details:<\/h6>\n<ul>\n<li>\n<h6>Size: height 12 cm, width 7 cm<\/h6>\n<\/li>\n<li>\n<h6>Material: Ceramics<\/h6>\n<\/li>\n<li>\n<h6>In a gift bag with an attached certificate<\/h6>\n<\/li>\n<li>\n<h6>Designed with love for details<\/h6>\n<\/li>\n<li>\n<h6>An ideal gift for flower lovers and beach lovers<\/h6>\n<\/li>\n<\/ul>\n","protected":false},"featured_media":8136,"template":"","meta":{"_monsterinsights_skip_tracking":false,"_monsterinsights_sitenote_active":false,"_monsterinsights_sitenote_note":"","_monsterinsights_sitenote_category":0},"product_cat":[1623,1045],"product_tag":[1422],"aioseo_notices":[],"yoast_head":"<!-- This site is optimized with the Yoast SEO plugin v22.1 - https:\/\/yoast.com\/wordpress\/plugins\/seo\/ -->\n<title>- Cornflower - &quot;Plavica&quot; flower[:] - Etnogalerija Skrina<\/title>\n<meta name=\"description\" content=\"V kr\u0161\u010danski ikonografiji je plavica simbol zvestobe in stanovitnosti; med zaljubljenci pa velja za znamenje predanosti in ve\u010dne zvestobe.\" \/>\n<meta name=\"robots\" content=\"index, follow, max-snippet:-1, max-image-preview:large, max-video-preview:-1\" \/>\n<link rel=\"canonical\" href=\"https:\/\/skrina.si\/sl\/product\/plavica-flower-cornflower\/\" \/>\n<meta property=\"og:locale\" content=\"sl_SI\" \/>\n<meta property=\"og:locale:alternate\" content=\"en_GB\" \/>\n<meta property=\"og:type\" content=\"article\" \/>\n<meta property=\"og:title\" content=\"Cornflower - &quot;Plavica&quot; flower\" \/>\n<meta property=\"og:description\" content=\"V kr\u0161\u010danski ikonografiji je plavica simbol zvestobe in stanovitnosti; med zaljubljenci pa velja za znamenje predanosti in ve\u010dne zvestobe.\" \/>\n<meta property=\"og:url\" content=\"https:\/\/skrina.si\/sl\/product\/plavica-flower-cornflower\/\" \/>\n<meta property=\"og:site_name\" content=\"Etnogalerija Skrina\" \/>\n<meta property=\"article:modified_time\" content=\"2024-09-19T17:06:03+00:00\" \/>\n<meta property=\"og:image\" content=\"https:\/\/skrina.si\/wp-content\/uploads\/2022\/03\/Rozne-vile-plavica-dekor-Slovenske-cvetlice-roze-Tradicija-s-posluhom-Etno-galerija-Skrina.jpg\" \/>\n\t<meta property=\"og:image:width\" content=\"1619\" \/>\n\t<meta property=\"og:image:height\" content=\"1213\" \/>\n\t<meta property=\"og:image:type\" content=\"image\/jpeg\" \/>\n<meta name=\"twitter:card\" content=\"summary_large_image\" \/>\n<meta name=\"twitter:label1\" content=\"Est. reading time\" \/>\n\t<meta name=\"twitter:data1\" content=\"1 minuta\" \/>\n<script type=\"application\/ld+json\" class=\"yoast-schema-graph\">{\"@context\":\"https:\/\/schema.org\",\"@graph\":[{\"@type\":\"WebPage\",\"@id\":\"https:\/\/skrina.si\/sl\/product\/plavica-flower-cornflower\/\",\"url\":\"https:\/\/skrina.si\/sl\/product\/plavica-flower-cornflower\/\",\"name\":\"[:en]Cornflower - \\\"Plavica\\\" flower[:sl]Cornflower - \\\"Plavica\\\" flower[:] - Etnogalerija Skrina\",\"isPartOf\":{\"@id\":\"https:\/\/skrina.si\/sl\/#website\"},\"datePublished\":\"2024-02-01T09:32:46+00:00\",\"dateModified\":\"2024-09-19T17:06:03+00:00\",\"description\":\"V kr\u0161\u010danski ikonografiji je plavica simbol zvestobe in stanovitnosti; med zaljubljenci pa velja za znamenje predanosti in ve\u010dne zvestobe.\",\"breadcrumb\":{\"@id\":\"https:\/\/skrina.si\/sl\/product\/plavica-flower-cornflower\/#breadcrumb\"},\"inLanguage\":\"sl-SI\",\"potentialAction\":[{\"@type\":\"ReadAction\",\"target\":[\"https:\/\/skrina.si\/sl\/product\/plavica-flower-cornflower\/\"]}]},{\"@type\":\"BreadcrumbList\",\"@id\":\"https:\/\/skrina.si\/sl\/product\/plavica-flower-cornflower\/#breadcrumb\",\"itemListElement\":[{\"@type\":\"ListItem\",\"position\":1,\"name\":\"Home\",\"item\":\"https:\/\/skrina.si\/\"},{\"@type\":\"ListItem\",\"position\":2,\"name\":\"Shop\",\"item\":\"https:\/\/skrina.si\/shop\/\"},{\"@type\":\"ListItem\",\"position\":3,\"name\":\"Cornflower &#8211; &#8220;Plavica&#8221; flower\"}]},{\"@type\":\"WebSite\",\"@id\":\"https:\/\/skrina.si\/sl\/#website\",\"url\":\"https:\/\/skrina.si\/sl\/\",\"name\":\"Etnogalerija Skrina\",\"description\":\"Tradicija s posluhom\",\"potentialAction\":[{\"@type\":\"SearchAction\",\"target\":{\"@type\":\"EntryPoint\",\"urlTemplate\":\"https:\/\/skrina.si\/sl\/?s={search_term_string}\"},\"query-input\":\"required name=search_term_string\"}],\"inLanguage\":\"sl-SI\"}]}<\/script>\n<!-- \/ Yoast SEO plugin. -->","yoast_head_json":{"title":"- Cornflower - \"Plavica\" flower[:] - Etnogalerija Skrina","description":"V kr\u0161\u010danski ikonografiji je plavica simbol zvestobe in stanovitnosti; med zaljubljenci pa velja za znamenje predanosti in ve\u010dne zvestobe.","robots":{"index":"index","follow":"follow","max-snippet":"max-snippet:-1","max-image-preview":"max-image-preview:large","max-video-preview":"max-video-preview:-1"},"canonical":"https:\/\/skrina.si\/sl\/product\/plavica-flower-cornflower\/","og_locale":"sl_SI","og_type":"article","og_title":"[:en]Cornflower - \"Plavica\" flower[:sl]Cornflower - \"Plavica\" flower[:] - Etnogalerija Skrina","og_description":"V kr\u0161\u010danski ikonografiji je plavica simbol zvestobe in stanovitnosti; med zaljubljenci pa velja za znamenje predanosti in ve\u010dne zvestobe.","og_url":"https:\/\/skrina.si\/sl\/product\/plavica-flower-cornflower\/","og_site_name":"Etnogalerija Skrina","article_modified_time":"2024-09-19T17:06:03+00:00","og_image":[{"width":1619,"height":1213,"url":"https:\/\/skrina.si\/wp-content\/uploads\/2022\/03\/Rozne-vile-plavica-dekor-Slovenske-cvetlice-roze-Tradicija-s-posluhom-Etno-galerija-Skrina.jpg","type":"image\/jpeg"}],"twitter_card":"summary_large_image","twitter_misc":{"Est. reading time":"1 minuta"},"schema":{"@context":"https:\/\/schema.org","@graph":[{"@type":"WebPage","@id":"https:\/\/skrina.si\/sl\/product\/plavica-flower-cornflower\/","url":"https:\/\/skrina.si\/sl\/product\/plavica-flower-cornflower\/","name":"[:en]Cornflower - \"Plavica\" flower[:sl]Cornflower - \"Plavica\" flower[:] - Etnogalerija Skrina","isPartOf":{"@id":"https:\/\/skrina.si\/sl\/#website"},"datePublished":"2024-02-01T09:32:46+00:00","dateModified":"2024-09-19T17:06:03+00:00","description":"V kr\u0161\u010danski ikonografiji je plavica simbol zvestobe in stanovitnosti; med zaljubljenci pa velja za znamenje predanosti in ve\u010dne zvestobe.","breadcrumb":{"@id":"https:\/\/skrina.si\/sl\/product\/plavica-flower-cornflower\/#breadcrumb"},"inLanguage":"sl-SI","potentialAction":[{"@type":"ReadAction","target":["https:\/\/skrina.si\/sl\/product\/plavica-flower-cornflower\/"]}]},{"@type":"BreadcrumbList","@id":"https:\/\/skrina.si\/sl\/product\/plavica-flower-cornflower\/#breadcrumb","itemListElement":[{"@type":"ListItem","position":1,"name":"Home","item":"https:\/\/skrina.si\/"},{"@type":"ListItem","position":2,"name":"Shop","item":"https:\/\/skrina.si\/shop\/"},{"@type":"ListItem","position":3,"name":"Cornflower &#8211; &#8220;Plavica&#8221; flower"}]},{"@type":"WebSite","@id":"https:\/\/skrina.si\/sl\/#website","url":"https:\/\/skrina.si\/sl\/","name":"Etnogalerija Skrina","description":"Tradicija s posluhom","potentialAction":[{"@type":"SearchAction","target":{"@type":"EntryPoint","urlTemplate":"https:\/\/skrina.si\/sl\/?s={search_term_string}"},"query-input":"required name=search_term_string"}],"inLanguage":"sl-SI"}]}},"_links":{"self":[{"href":"https:\/\/skrina.si\/sl\/wp-json\/wp\/v2\/product\/12824"}],"collection":[{"href":"https:\/\/skrina.si\/sl\/wp-json\/wp\/v2\/product"}],"about":[{"href":"https:\/\/skrina.si\/sl\/wp-json\/wp\/v2\/types\/product"}],"wp:featuredmedia":[{"embeddable":true,"href":"https:\/\/skrina.si\/sl\/wp-json\/wp\/v2\/media\/8136"}],"wp:attachment":[{"href":"https:\/\/skrina.si\/sl\/wp-json\/wp\/v2\/media?parent=12824"}],"wp:term":[{"taxonomy":"product_cat","embeddable":true,"href":"https:\/\/skrina.si\/sl\/wp-json\/wp\/v2\/product_cat?post=12824"},{"taxonomy":"product_tag","embeddable":true,"href":"https:\/\/skrina.si\/sl\/wp-json\/wp\/v2\/product_tag?post=12824"}],"curies":[{"name":"wp","href":"https:\/\/api.w.org\/{rel}","templated":true}]}}