{"id":12821,"date":"2024-02-04T10:32:41","date_gmt":"2024-02-04T09:32:41","guid":{"rendered":"https:\/\/skrina.si\/?post_type=product&#038;p=12821"},"modified":"2024-09-19T19:03:37","modified_gmt":"2024-09-19T17:03:37","slug":"brsljan-eng","status":"publish","type":"product","link":"https:\/\/skrina.si\/sl\/product\/brsljan-eng\/","title":{"rendered":"Ivy"},"content":{"rendered":"","protected":false},"excerpt":{"rendered":"<h5 style=\"text-align: justify;\">Once upon a time, when our<strong><em> ancestors<\/em><\/strong> were afraid in winter that the sun might not return one day, evergreens were especially revered. They were believed to have a special life-giving power as they resisted the dying of nature and symbolized <strong><em>immortality, hope, and eternal life<\/em><\/strong>. The belief in the magical power of evergreens, intertwined with Christian symbolism, lives on today and the decorated evergreen tree worshipped by the ancients has survived as a Christmas tree. <strong><em>Ivy has a special place among evergreens<\/em><\/strong>, climbing up the trunks and canopies of trees. Our ancestors used ivy to chase away demons during the dangerous time between the New Year and the Old Year. Its twigs were woven into garlands to represent something that has no beginning or end, that does not die even in winter and remains unchanged in eternity.<\/h5>\n<h6>Details:<\/h6>\n<ul>\n<li>\n<h6>Size: height 12 cm, width 7 cm<\/h6>\n<\/li>\n<li>\n<h6>Material: Ceramics<\/h6>\n<\/li>\n<li>\n<h6>In a gift bag with an attached certificate<\/h6>\n<\/li>\n<li>\n<h6>Designed with love for details<\/h6>\n<\/li>\n<li>\n<h6>An ideal gift for evergreen flower lovers and ivy fans<\/h6>\n<\/li>\n<\/ul>\n","protected":false},"featured_media":8205,"template":"","meta":{"_monsterinsights_skip_tracking":false,"_monsterinsights_sitenote_active":false,"_monsterinsights_sitenote_note":"","_monsterinsights_sitenote_category":0},"product_cat":[1623,1045],"product_tag":[1428],"aioseo_notices":[],"yoast_head":"<!-- This site is optimized with the Yoast SEO plugin v22.1 - https:\/\/yoast.com\/wordpress\/plugins\/seo\/ -->\n<title>Ivy - Etnogalerija Skrina<\/title>\n<meta name=\"description\" content=\"Br\u0161ljanove vejice so spletali v ven\u010dke in tako ponazarjali nekaj, kar nima za\u010detka ali konca, kar ne umre niti pozimi in ostaja nespremenjeno v ve\u010dnosti.\" \/>\n<meta name=\"robots\" content=\"index, follow, max-snippet:-1, max-image-preview:large, max-video-preview:-1\" \/>\n<link rel=\"canonical\" href=\"https:\/\/skrina.si\/sl\/product\/brsljan-eng\/\" \/>\n<meta property=\"og:locale\" content=\"sl_SI\" \/>\n<meta property=\"og:locale:alternate\" content=\"en_GB\" \/>\n<meta property=\"og:type\" content=\"article\" \/>\n<meta property=\"og:title\" content=\"Ivy\" \/>\n<meta property=\"og:description\" content=\"Br\u0161ljanove vejice so spletali v ven\u010dke in tako ponazarjali nekaj, kar nima za\u010detka ali konca, kar ne umre niti pozimi in ostaja nespremenjeno v ve\u010dnosti.\" \/>\n<meta property=\"og:url\" content=\"https:\/\/skrina.si\/sl\/product\/brsljan-eng\/\" \/>\n<meta property=\"og:site_name\" content=\"Etnogalerija Skrina\" \/>\n<meta property=\"article:modified_time\" content=\"2024-09-19T17:03:37+00:00\" \/>\n<meta property=\"og:image\" content=\"https:\/\/skrina.si\/wp-content\/uploads\/2022\/03\/Brsljan-rozna-vila-dekor-Slovenske-cvetlice-roze-Etno-galerija-Skrina.jpg\" \/>\n\t<meta property=\"og:image:width\" content=\"1619\" \/>\n\t<meta property=\"og:image:height\" content=\"1213\" \/>\n\t<meta property=\"og:image:type\" content=\"image\/jpeg\" \/>\n<meta name=\"twitter:card\" content=\"summary_large_image\" \/>\n<meta name=\"twitter:label1\" content=\"Est. reading time\" \/>\n\t<meta name=\"twitter:data1\" content=\"1 minuta\" \/>\n<script type=\"application\/ld+json\" class=\"yoast-schema-graph\">{\"@context\":\"https:\/\/schema.org\",\"@graph\":[{\"@type\":\"WebPage\",\"@id\":\"https:\/\/skrina.si\/sl\/product\/brsljan-eng\/\",\"url\":\"https:\/\/skrina.si\/sl\/product\/brsljan-eng\/\",\"name\":\"[:en]Ivy[:sl]Ivy[:] - Etnogalerija Skrina\",\"isPartOf\":{\"@id\":\"https:\/\/skrina.si\/sl\/#website\"},\"datePublished\":\"2024-02-04T09:32:41+00:00\",\"dateModified\":\"2024-09-19T17:03:37+00:00\",\"description\":\"Br\u0161ljanove vejice so spletali v ven\u010dke in tako ponazarjali nekaj, kar nima za\u010detka ali konca, kar ne umre niti pozimi in ostaja nespremenjeno v ve\u010dnosti.\",\"breadcrumb\":{\"@id\":\"https:\/\/skrina.si\/sl\/product\/brsljan-eng\/#breadcrumb\"},\"inLanguage\":\"sl-SI\",\"potentialAction\":[{\"@type\":\"ReadAction\",\"target\":[\"https:\/\/skrina.si\/sl\/product\/brsljan-eng\/\"]}]},{\"@type\":\"BreadcrumbList\",\"@id\":\"https:\/\/skrina.si\/sl\/product\/brsljan-eng\/#breadcrumb\",\"itemListElement\":[{\"@type\":\"ListItem\",\"position\":1,\"name\":\"Home\",\"item\":\"https:\/\/skrina.si\/\"},{\"@type\":\"ListItem\",\"position\":2,\"name\":\"Shop\",\"item\":\"https:\/\/skrina.si\/shop\/\"},{\"@type\":\"ListItem\",\"position\":3,\"name\":\"Ivy\"}]},{\"@type\":\"WebSite\",\"@id\":\"https:\/\/skrina.si\/sl\/#website\",\"url\":\"https:\/\/skrina.si\/sl\/\",\"name\":\"Etnogalerija Skrina\",\"description\":\"Tradicija s posluhom\",\"potentialAction\":[{\"@type\":\"SearchAction\",\"target\":{\"@type\":\"EntryPoint\",\"urlTemplate\":\"https:\/\/skrina.si\/sl\/?s={search_term_string}\"},\"query-input\":\"required name=search_term_string\"}],\"inLanguage\":\"sl-SI\"}]}<\/script>\n<!-- \/ Yoast SEO plugin. -->","yoast_head_json":{"title":"Ivy - Etnogalerija Skrina","description":"Br\u0161ljanove vejice so spletali v ven\u010dke in tako ponazarjali nekaj, kar nima za\u010detka ali konca, kar ne umre niti pozimi in ostaja nespremenjeno v ve\u010dnosti.","robots":{"index":"index","follow":"follow","max-snippet":"max-snippet:-1","max-image-preview":"max-image-preview:large","max-video-preview":"max-video-preview:-1"},"canonical":"https:\/\/skrina.si\/sl\/product\/brsljan-eng\/","og_locale":"sl_SI","og_type":"article","og_title":"[:en]Ivy[:sl]Ivy[:] - Etnogalerija Skrina","og_description":"Br\u0161ljanove vejice so spletali v ven\u010dke in tako ponazarjali nekaj, kar nima za\u010detka ali konca, kar ne umre niti pozimi in ostaja nespremenjeno v ve\u010dnosti.","og_url":"https:\/\/skrina.si\/sl\/product\/brsljan-eng\/","og_site_name":"Etnogalerija Skrina","article_modified_time":"2024-09-19T17:03:37+00:00","og_image":[{"width":1619,"height":1213,"url":"https:\/\/skrina.si\/wp-content\/uploads\/2022\/03\/Brsljan-rozna-vila-dekor-Slovenske-cvetlice-roze-Etno-galerija-Skrina.jpg","type":"image\/jpeg"}],"twitter_card":"summary_large_image","twitter_misc":{"Est. reading time":"1 minuta"},"schema":{"@context":"https:\/\/schema.org","@graph":[{"@type":"WebPage","@id":"https:\/\/skrina.si\/sl\/product\/brsljan-eng\/","url":"https:\/\/skrina.si\/sl\/product\/brsljan-eng\/","name":"[:en]Ivy[:sl]Ivy[:] - Etnogalerija Skrina","isPartOf":{"@id":"https:\/\/skrina.si\/sl\/#website"},"datePublished":"2024-02-04T09:32:41+00:00","dateModified":"2024-09-19T17:03:37+00:00","description":"Br\u0161ljanove vejice so spletali v ven\u010dke in tako ponazarjali nekaj, kar nima za\u010detka ali konca, kar ne umre niti pozimi in ostaja nespremenjeno v ve\u010dnosti.","breadcrumb":{"@id":"https:\/\/skrina.si\/sl\/product\/brsljan-eng\/#breadcrumb"},"inLanguage":"sl-SI","potentialAction":[{"@type":"ReadAction","target":["https:\/\/skrina.si\/sl\/product\/brsljan-eng\/"]}]},{"@type":"BreadcrumbList","@id":"https:\/\/skrina.si\/sl\/product\/brsljan-eng\/#breadcrumb","itemListElement":[{"@type":"ListItem","position":1,"name":"Home","item":"https:\/\/skrina.si\/"},{"@type":"ListItem","position":2,"name":"Shop","item":"https:\/\/skrina.si\/shop\/"},{"@type":"ListItem","position":3,"name":"Ivy"}]},{"@type":"WebSite","@id":"https:\/\/skrina.si\/sl\/#website","url":"https:\/\/skrina.si\/sl\/","name":"Etnogalerija Skrina","description":"Tradicija s posluhom","potentialAction":[{"@type":"SearchAction","target":{"@type":"EntryPoint","urlTemplate":"https:\/\/skrina.si\/sl\/?s={search_term_string}"},"query-input":"required name=search_term_string"}],"inLanguage":"sl-SI"}]}},"_links":{"self":[{"href":"https:\/\/skrina.si\/sl\/wp-json\/wp\/v2\/product\/12821"}],"collection":[{"href":"https:\/\/skrina.si\/sl\/wp-json\/wp\/v2\/product"}],"about":[{"href":"https:\/\/skrina.si\/sl\/wp-json\/wp\/v2\/types\/product"}],"wp:featuredmedia":[{"embeddable":true,"href":"https:\/\/skrina.si\/sl\/wp-json\/wp\/v2\/media\/8205"}],"wp:attachment":[{"href":"https:\/\/skrina.si\/sl\/wp-json\/wp\/v2\/media?parent=12821"}],"wp:term":[{"taxonomy":"product_cat","embeddable":true,"href":"https:\/\/skrina.si\/sl\/wp-json\/wp\/v2\/product_cat?post=12821"},{"taxonomy":"product_tag","embeddable":true,"href":"https:\/\/skrina.si\/sl\/wp-json\/wp\/v2\/product_tag?post=12821"}],"curies":[{"name":"wp","href":"https:\/\/api.w.org\/{rel}","templated":true}]}}