{"id":12817,"date":"2023-12-13T09:56:46","date_gmt":"2023-12-13T09:56:46","guid":{"rendered":"https:\/\/skrina.si\/?post_type=product&#038;p=12817"},"modified":"2024-04-11T12:26:06","modified_gmt":"2024-04-11T10:26:06","slug":"prekmurski-pozvacin-mask","status":"publish","type":"product","link":"https:\/\/skrina.si\/sl\/product\/prekmurski-pozvacin-mask\/","title":{"rendered":"&#8220;Prekmurski pozva\u010din&#8221; mask"},"content":{"rendered":"","protected":false},"excerpt":{"rendered":"<h5 style=\"text-align: justify;\">In <strong><em>Prekmurje<\/em><\/strong>, a week before &#8216;gost\u00fcvanje&#8217; (the wedding), the &#8216;pozva\u010din&#8217;, which is a mask of the ritual custom of passing from one state to another, goes to invite the in-laws. He is dressed in riding pants and high boots, the hem of which is adorned with little horse harness bells that jingle when he jumps. His headdress is high, covered with peacock, pheasant, or cockerel feathers, and decorated with many coloured ribbons hanging over the brim to cover his face.<br \/>\nIn his hands he holds a stick, sometimes with an axe at the end, wrapped in a hedgehog skin, which serves as a weapon and, according to folk belief, has the power to <strong><em>ward off misfortune<\/em><\/strong>.<\/h5>\n<h6><em>Details:<\/em><\/h6>\n<ul>\n<li>\n<h6><em>Title of work: &#8220;Pozvachin&#8221; from Prekmurje<\/em><\/h6>\n<\/li>\n<li>\n<h6><em>Technique: graphics<\/em><\/h6>\n<\/li>\n<li>\n<h6><em>External dimensions of the folder: 27 x 19 cm<\/em><\/h6>\n<\/li>\n<li>\n<h6><em>Limited edition 39\/100<\/em><\/h6>\n<\/li>\n<li>\n<h6><em>The outer dimension of the frame: 24 x 30 cm<\/em><\/h6>\n<\/li>\n<\/ul>\n","protected":false},"featured_media":11033,"template":"","meta":{"_monsterinsights_skip_tracking":false,"_monsterinsights_sitenote_active":false,"_monsterinsights_sitenote_note":"","_monsterinsights_sitenote_category":0},"product_cat":[1623,1029],"product_tag":[147,1356],"aioseo_notices":[],"yoast_head":"<!-- This site is optimized with the Yoast SEO plugin v22.1 - https:\/\/yoast.com\/wordpress\/plugins\/seo\/ -->\n<title>&quot;Prekmurski pozva\u010din&quot; mask - Etnogalerija Skrina<\/title>\n<meta name=\"description\" content=\"Karel Zelenko - maske Prekmurski pozva\u010din (grafika v okvirju). Oble\u010den je v jahale hla\u010de in obut visoke \u0161kornje, katerih obod mu krasne kragulj\u010dki.\" \/>\n<meta name=\"robots\" content=\"index, follow, max-snippet:-1, max-image-preview:large, max-video-preview:-1\" \/>\n<link rel=\"canonical\" href=\"https:\/\/skrina.si\/sl\/product\/prekmurski-pozvacin-mask\/\" \/>\n<meta property=\"og:locale\" content=\"sl_SI\" \/>\n<meta property=\"og:locale:alternate\" content=\"en_GB\" \/>\n<meta property=\"og:type\" content=\"article\" \/>\n<meta property=\"og:title\" content=\"&quot;Prekmurski pozva\u010din&quot; mask\" \/>\n<meta property=\"og:description\" content=\"Karel Zelenko - maske Prekmurski pozva\u010din (grafika v okvirju). Oble\u010den je v jahale hla\u010de in obut visoke \u0161kornje, katerih obod mu krasne kragulj\u010dki.\" \/>\n<meta property=\"og:url\" content=\"https:\/\/skrina.si\/sl\/product\/prekmurski-pozvacin-mask\/\" \/>\n<meta property=\"og:site_name\" content=\"Etnogalerija Skrina\" \/>\n<meta property=\"article:modified_time\" content=\"2024-04-11T10:26:06+00:00\" \/>\n<meta property=\"og:image\" content=\"https:\/\/skrina.si\/wp-content\/uploads\/2021\/08\/Etno-galerija-Skrina-tradicija-s-posluhom-maske-slovenskih-pokrajin-Karel-Zelenko-prekmurski-pozvacin.jpg\" \/>\n\t<meta property=\"og:image:width\" content=\"2000\" \/>\n\t<meta property=\"og:image:height\" content=\"1500\" \/>\n\t<meta property=\"og:image:type\" content=\"image\/jpeg\" \/>\n<meta name=\"twitter:card\" content=\"summary_large_image\" \/>\n<meta name=\"twitter:label1\" content=\"Est. reading time\" \/>\n\t<meta name=\"twitter:data1\" content=\"1 minuta\" \/>\n<script type=\"application\/ld+json\" class=\"yoast-schema-graph\">{\"@context\":\"https:\/\/schema.org\",\"@graph\":[{\"@type\":\"WebPage\",\"@id\":\"https:\/\/skrina.si\/sl\/product\/prekmurski-pozvacin-mask\/\",\"url\":\"https:\/\/skrina.si\/sl\/product\/prekmurski-pozvacin-mask\/\",\"name\":\"[:sl]\\\"Prekmurski pozva\u010din\\\" mask[:] - Etnogalerija Skrina\",\"isPartOf\":{\"@id\":\"https:\/\/skrina.si\/sl\/#website\"},\"datePublished\":\"2023-12-13T09:56:46+00:00\",\"dateModified\":\"2024-04-11T10:26:06+00:00\",\"description\":\"Karel Zelenko - maske Prekmurski pozva\u010din (grafika v okvirju). Oble\u010den je v jahale hla\u010de in obut visoke \u0161kornje, katerih obod mu krasne kragulj\u010dki.\",\"breadcrumb\":{\"@id\":\"https:\/\/skrina.si\/sl\/product\/prekmurski-pozvacin-mask\/#breadcrumb\"},\"inLanguage\":\"sl-SI\",\"potentialAction\":[{\"@type\":\"ReadAction\",\"target\":[\"https:\/\/skrina.si\/sl\/product\/prekmurski-pozvacin-mask\/\"]}]},{\"@type\":\"BreadcrumbList\",\"@id\":\"https:\/\/skrina.si\/sl\/product\/prekmurski-pozvacin-mask\/#breadcrumb\",\"itemListElement\":[{\"@type\":\"ListItem\",\"position\":1,\"name\":\"Home\",\"item\":\"https:\/\/skrina.si\/\"},{\"@type\":\"ListItem\",\"position\":2,\"name\":\"Shop\",\"item\":\"https:\/\/skrina.si\/shop\/\"},{\"@type\":\"ListItem\",\"position\":3,\"name\":\"&#8220;Prekmurski pozva\u010din&#8221; mask\"}]},{\"@type\":\"WebSite\",\"@id\":\"https:\/\/skrina.si\/sl\/#website\",\"url\":\"https:\/\/skrina.si\/sl\/\",\"name\":\"Etnogalerija Skrina\",\"description\":\"Tradicija s posluhom\",\"potentialAction\":[{\"@type\":\"SearchAction\",\"target\":{\"@type\":\"EntryPoint\",\"urlTemplate\":\"https:\/\/skrina.si\/sl\/?s={search_term_string}\"},\"query-input\":\"required name=search_term_string\"}],\"inLanguage\":\"sl-SI\"}]}<\/script>\n<!-- \/ Yoast SEO plugin. -->","yoast_head_json":{"title":"\"Prekmurski pozva\u010din\" mask - Etnogalerija Skrina","description":"Karel Zelenko - maske Prekmurski pozva\u010din (grafika v okvirju). Oble\u010den je v jahale hla\u010de in obut visoke \u0161kornje, katerih obod mu krasne kragulj\u010dki.","robots":{"index":"index","follow":"follow","max-snippet":"max-snippet:-1","max-image-preview":"max-image-preview:large","max-video-preview":"max-video-preview:-1"},"canonical":"https:\/\/skrina.si\/sl\/product\/prekmurski-pozvacin-mask\/","og_locale":"sl_SI","og_type":"article","og_title":"[:sl]\"Prekmurski pozva\u010din\" mask[:] - Etnogalerija Skrina","og_description":"Karel Zelenko - maske Prekmurski pozva\u010din (grafika v okvirju). Oble\u010den je v jahale hla\u010de in obut visoke \u0161kornje, katerih obod mu krasne kragulj\u010dki.","og_url":"https:\/\/skrina.si\/sl\/product\/prekmurski-pozvacin-mask\/","og_site_name":"Etnogalerija Skrina","article_modified_time":"2024-04-11T10:26:06+00:00","og_image":[{"width":2000,"height":1500,"url":"https:\/\/skrina.si\/wp-content\/uploads\/2021\/08\/Etno-galerija-Skrina-tradicija-s-posluhom-maske-slovenskih-pokrajin-Karel-Zelenko-prekmurski-pozvacin.jpg","type":"image\/jpeg"}],"twitter_card":"summary_large_image","twitter_misc":{"Est. reading time":"1 minuta"},"schema":{"@context":"https:\/\/schema.org","@graph":[{"@type":"WebPage","@id":"https:\/\/skrina.si\/sl\/product\/prekmurski-pozvacin-mask\/","url":"https:\/\/skrina.si\/sl\/product\/prekmurski-pozvacin-mask\/","name":"[:sl]\"Prekmurski pozva\u010din\" mask[:] - Etnogalerija Skrina","isPartOf":{"@id":"https:\/\/skrina.si\/sl\/#website"},"datePublished":"2023-12-13T09:56:46+00:00","dateModified":"2024-04-11T10:26:06+00:00","description":"Karel Zelenko - maske Prekmurski pozva\u010din (grafika v okvirju). Oble\u010den je v jahale hla\u010de in obut visoke \u0161kornje, katerih obod mu krasne kragulj\u010dki.","breadcrumb":{"@id":"https:\/\/skrina.si\/sl\/product\/prekmurski-pozvacin-mask\/#breadcrumb"},"inLanguage":"sl-SI","potentialAction":[{"@type":"ReadAction","target":["https:\/\/skrina.si\/sl\/product\/prekmurski-pozvacin-mask\/"]}]},{"@type":"BreadcrumbList","@id":"https:\/\/skrina.si\/sl\/product\/prekmurski-pozvacin-mask\/#breadcrumb","itemListElement":[{"@type":"ListItem","position":1,"name":"Home","item":"https:\/\/skrina.si\/"},{"@type":"ListItem","position":2,"name":"Shop","item":"https:\/\/skrina.si\/shop\/"},{"@type":"ListItem","position":3,"name":"&#8220;Prekmurski pozva\u010din&#8221; mask"}]},{"@type":"WebSite","@id":"https:\/\/skrina.si\/sl\/#website","url":"https:\/\/skrina.si\/sl\/","name":"Etnogalerija Skrina","description":"Tradicija s posluhom","potentialAction":[{"@type":"SearchAction","target":{"@type":"EntryPoint","urlTemplate":"https:\/\/skrina.si\/sl\/?s={search_term_string}"},"query-input":"required name=search_term_string"}],"inLanguage":"sl-SI"}]}},"_links":{"self":[{"href":"https:\/\/skrina.si\/sl\/wp-json\/wp\/v2\/product\/12817"}],"collection":[{"href":"https:\/\/skrina.si\/sl\/wp-json\/wp\/v2\/product"}],"about":[{"href":"https:\/\/skrina.si\/sl\/wp-json\/wp\/v2\/types\/product"}],"wp:featuredmedia":[{"embeddable":true,"href":"https:\/\/skrina.si\/sl\/wp-json\/wp\/v2\/media\/11033"}],"wp:attachment":[{"href":"https:\/\/skrina.si\/sl\/wp-json\/wp\/v2\/media?parent=12817"}],"wp:term":[{"taxonomy":"product_cat","embeddable":true,"href":"https:\/\/skrina.si\/sl\/wp-json\/wp\/v2\/product_cat?post=12817"},{"taxonomy":"product_tag","embeddable":true,"href":"https:\/\/skrina.si\/sl\/wp-json\/wp\/v2\/product_tag?post=12817"}],"curies":[{"name":"wp","href":"https:\/\/api.w.org\/{rel}","templated":true}]}}