{"id":12816,"date":"2023-12-13T09:48:19","date_gmt":"2023-12-13T09:48:19","guid":{"rendered":"https:\/\/skrina.si\/?post_type=product&#038;p=12816"},"modified":"2024-04-11T12:22:07","modified_gmt":"2024-04-11T10:22:07","slug":"zeleni-jurij-mask","status":"publish","type":"product","link":"https:\/\/skrina.si\/sl\/product\/zeleni-jurij-mask\/","title":{"rendered":"&#8220;Zeleni Jurij&#8221; mask"},"content":{"rendered":"","protected":false},"excerpt":{"rendered":"<h5 style=\"text-align: justify;\">A typical Slovenian green mask is <strong><em>Zeleni Jurij<\/em><\/strong>. This typical ritual mask once embodied the deity of spring. A boy is usually masked as Zeleni Jurij by wrapping him from head to toe with branches filled with leaves and then pinning broken green twigs behind the branches. Even the cap is woven from greenery.<br \/>\nThe most typical celebration of Zeleni Jurij today is in <strong><em>Bela Krajina.<\/em><\/strong> His companions go from house to house and sing a carol at the front door. The landlady then tears a twig from Zeleni Jure and sticks it on the roof for good luck. She then gives his companions eggs, which they then boil as they go around the village.<\/h5>\n<h6><em>Details:<\/em><\/h6>\n<ul>\n<li>\n<h6><em>Title of work:Zeleni Jurij<\/em><\/h6>\n<\/li>\n<li>\n<h6><em>Technique: graphics<\/em><\/h6>\n<\/li>\n<li>\n<h6><em>External dimensions of the folder: 27 x 19 cm<\/em><\/h6>\n<\/li>\n<li>\n<h6><em>Limited edition 1\/100<\/em><\/h6>\n<\/li>\n<li>\n<h6><em>The outer dimension of the frame: 24 x 30 cm<\/em><\/h6>\n<\/li>\n<\/ul>\n","protected":false},"featured_media":11029,"template":"","meta":{"_monsterinsights_skip_tracking":false,"_monsterinsights_sitenote_active":false,"_monsterinsights_sitenote_note":"","_monsterinsights_sitenote_category":0},"product_cat":[1623,1029],"product_tag":[736,1364],"aioseo_notices":[],"yoast_head":"<!-- This site is optimized with the Yoast SEO plugin v22.1 - https:\/\/yoast.com\/wordpress\/plugins\/seo\/ -->\n<title>&quot;Zeleni Jurij&quot; mask - Etnogalerija Skrina<\/title>\n<meta name=\"description\" content=\"Karel Zelenko - Zeleni Jurij (grafika v okvirju). Ta tipi\u010dna obredna maska, ki je neko\u010d poosebljala bo\u017eanstvo pomladi.\" \/>\n<meta name=\"robots\" content=\"index, follow, max-snippet:-1, max-image-preview:large, max-video-preview:-1\" \/>\n<link rel=\"canonical\" href=\"https:\/\/skrina.si\/sl\/product\/zeleni-jurij-mask\/\" \/>\n<meta property=\"og:locale\" content=\"sl_SI\" \/>\n<meta property=\"og:locale:alternate\" content=\"en_GB\" \/>\n<meta property=\"og:type\" content=\"article\" \/>\n<meta property=\"og:title\" content=\"&quot;Zeleni Jurij&quot; mask\" \/>\n<meta property=\"og:description\" content=\"Karel Zelenko - Zeleni Jurij (grafika v okvirju). Ta tipi\u010dna obredna maska, ki je neko\u010d poosebljala bo\u017eanstvo pomladi.\" \/>\n<meta property=\"og:url\" content=\"https:\/\/skrina.si\/sl\/product\/zeleni-jurij-mask\/\" \/>\n<meta property=\"og:site_name\" content=\"Etnogalerija Skrina\" \/>\n<meta property=\"article:modified_time\" content=\"2024-04-11T10:22:07+00:00\" \/>\n<meta property=\"og:image\" content=\"https:\/\/skrina.si\/wp-content\/uploads\/2021\/08\/Karel-Zelenko-Zeleni-Jurij-tradicionalne-slovenske-maske-Slovenija-Etno-galerija-Skrina.jpg\" \/>\n\t<meta property=\"og:image:width\" content=\"2000\" \/>\n\t<meta property=\"og:image:height\" content=\"1500\" \/>\n\t<meta property=\"og:image:type\" content=\"image\/jpeg\" \/>\n<meta name=\"twitter:card\" content=\"summary_large_image\" \/>\n<meta name=\"twitter:label1\" content=\"Est. reading time\" \/>\n\t<meta name=\"twitter:data1\" content=\"1 minuta\" \/>\n<script type=\"application\/ld+json\" class=\"yoast-schema-graph\">{\"@context\":\"https:\/\/schema.org\",\"@graph\":[{\"@type\":\"WebPage\",\"@id\":\"https:\/\/skrina.si\/sl\/product\/zeleni-jurij-mask\/\",\"url\":\"https:\/\/skrina.si\/sl\/product\/zeleni-jurij-mask\/\",\"name\":\"[:sl]\\\"Zeleni Jurij\\\" mask[:] - Etnogalerija Skrina\",\"isPartOf\":{\"@id\":\"https:\/\/skrina.si\/sl\/#website\"},\"datePublished\":\"2023-12-13T09:48:19+00:00\",\"dateModified\":\"2024-04-11T10:22:07+00:00\",\"description\":\"Karel Zelenko - Zeleni Jurij (grafika v okvirju). Ta tipi\u010dna obredna maska, ki je neko\u010d poosebljala bo\u017eanstvo pomladi.\",\"breadcrumb\":{\"@id\":\"https:\/\/skrina.si\/sl\/product\/zeleni-jurij-mask\/#breadcrumb\"},\"inLanguage\":\"sl-SI\",\"potentialAction\":[{\"@type\":\"ReadAction\",\"target\":[\"https:\/\/skrina.si\/sl\/product\/zeleni-jurij-mask\/\"]}]},{\"@type\":\"BreadcrumbList\",\"@id\":\"https:\/\/skrina.si\/sl\/product\/zeleni-jurij-mask\/#breadcrumb\",\"itemListElement\":[{\"@type\":\"ListItem\",\"position\":1,\"name\":\"Home\",\"item\":\"https:\/\/skrina.si\/\"},{\"@type\":\"ListItem\",\"position\":2,\"name\":\"Shop\",\"item\":\"https:\/\/skrina.si\/shop\/\"},{\"@type\":\"ListItem\",\"position\":3,\"name\":\"&#8220;Zeleni Jurij&#8221; mask\"}]},{\"@type\":\"WebSite\",\"@id\":\"https:\/\/skrina.si\/sl\/#website\",\"url\":\"https:\/\/skrina.si\/sl\/\",\"name\":\"Etnogalerija Skrina\",\"description\":\"Tradicija s posluhom\",\"potentialAction\":[{\"@type\":\"SearchAction\",\"target\":{\"@type\":\"EntryPoint\",\"urlTemplate\":\"https:\/\/skrina.si\/sl\/?s={search_term_string}\"},\"query-input\":\"required name=search_term_string\"}],\"inLanguage\":\"sl-SI\"}]}<\/script>\n<!-- \/ Yoast SEO plugin. -->","yoast_head_json":{"title":"\"Zeleni Jurij\" mask - Etnogalerija Skrina","description":"Karel Zelenko - Zeleni Jurij (grafika v okvirju). Ta tipi\u010dna obredna maska, ki je neko\u010d poosebljala bo\u017eanstvo pomladi.","robots":{"index":"index","follow":"follow","max-snippet":"max-snippet:-1","max-image-preview":"max-image-preview:large","max-video-preview":"max-video-preview:-1"},"canonical":"https:\/\/skrina.si\/sl\/product\/zeleni-jurij-mask\/","og_locale":"sl_SI","og_type":"article","og_title":"[:sl]\"Zeleni Jurij\" mask[:] - Etnogalerija Skrina","og_description":"Karel Zelenko - Zeleni Jurij (grafika v okvirju). Ta tipi\u010dna obredna maska, ki je neko\u010d poosebljala bo\u017eanstvo pomladi.","og_url":"https:\/\/skrina.si\/sl\/product\/zeleni-jurij-mask\/","og_site_name":"Etnogalerija Skrina","article_modified_time":"2024-04-11T10:22:07+00:00","og_image":[{"width":2000,"height":1500,"url":"https:\/\/skrina.si\/wp-content\/uploads\/2021\/08\/Karel-Zelenko-Zeleni-Jurij-tradicionalne-slovenske-maske-Slovenija-Etno-galerija-Skrina.jpg","type":"image\/jpeg"}],"twitter_card":"summary_large_image","twitter_misc":{"Est. reading time":"1 minuta"},"schema":{"@context":"https:\/\/schema.org","@graph":[{"@type":"WebPage","@id":"https:\/\/skrina.si\/sl\/product\/zeleni-jurij-mask\/","url":"https:\/\/skrina.si\/sl\/product\/zeleni-jurij-mask\/","name":"[:sl]\"Zeleni Jurij\" mask[:] - Etnogalerija Skrina","isPartOf":{"@id":"https:\/\/skrina.si\/sl\/#website"},"datePublished":"2023-12-13T09:48:19+00:00","dateModified":"2024-04-11T10:22:07+00:00","description":"Karel Zelenko - Zeleni Jurij (grafika v okvirju). Ta tipi\u010dna obredna maska, ki je neko\u010d poosebljala bo\u017eanstvo pomladi.","breadcrumb":{"@id":"https:\/\/skrina.si\/sl\/product\/zeleni-jurij-mask\/#breadcrumb"},"inLanguage":"sl-SI","potentialAction":[{"@type":"ReadAction","target":["https:\/\/skrina.si\/sl\/product\/zeleni-jurij-mask\/"]}]},{"@type":"BreadcrumbList","@id":"https:\/\/skrina.si\/sl\/product\/zeleni-jurij-mask\/#breadcrumb","itemListElement":[{"@type":"ListItem","position":1,"name":"Home","item":"https:\/\/skrina.si\/"},{"@type":"ListItem","position":2,"name":"Shop","item":"https:\/\/skrina.si\/shop\/"},{"@type":"ListItem","position":3,"name":"&#8220;Zeleni Jurij&#8221; mask"}]},{"@type":"WebSite","@id":"https:\/\/skrina.si\/sl\/#website","url":"https:\/\/skrina.si\/sl\/","name":"Etnogalerija Skrina","description":"Tradicija s posluhom","potentialAction":[{"@type":"SearchAction","target":{"@type":"EntryPoint","urlTemplate":"https:\/\/skrina.si\/sl\/?s={search_term_string}"},"query-input":"required name=search_term_string"}],"inLanguage":"sl-SI"}]}},"_links":{"self":[{"href":"https:\/\/skrina.si\/sl\/wp-json\/wp\/v2\/product\/12816"}],"collection":[{"href":"https:\/\/skrina.si\/sl\/wp-json\/wp\/v2\/product"}],"about":[{"href":"https:\/\/skrina.si\/sl\/wp-json\/wp\/v2\/types\/product"}],"wp:featuredmedia":[{"embeddable":true,"href":"https:\/\/skrina.si\/sl\/wp-json\/wp\/v2\/media\/11029"}],"wp:attachment":[{"href":"https:\/\/skrina.si\/sl\/wp-json\/wp\/v2\/media?parent=12816"}],"wp:term":[{"taxonomy":"product_cat","embeddable":true,"href":"https:\/\/skrina.si\/sl\/wp-json\/wp\/v2\/product_cat?post=12816"},{"taxonomy":"product_tag","embeddable":true,"href":"https:\/\/skrina.si\/sl\/wp-json\/wp\/v2\/product_tag?post=12816"}],"curies":[{"name":"wp","href":"https:\/\/api.w.org\/{rel}","templated":true}]}}