{"id":12815,"date":"2023-12-13T09:38:54","date_gmt":"2023-12-13T09:38:54","guid":{"rendered":"https:\/\/skrina.si\/?post_type=product&#038;p=12815"},"modified":"2024-04-11T12:19:58","modified_gmt":"2024-04-11T10:19:58","slug":"ptujski-oraci-mask","status":"publish","type":"product","link":"https:\/\/skrina.si\/sl\/product\/ptujski-oraci-mask\/","title":{"rendered":"&#8220;Ptujski ora\u010di&#8221; mask"},"content":{"rendered":"","protected":false},"excerpt":{"rendered":"<h5 style=\"text-align: justify;\">In the <strong><em>Ptuj field<\/em><\/strong>, <strong><em>ploughmen<\/em><\/strong> are known from Lancova Vas and Markovec, where the role of ploughman is played by a corant who has &#8220;horses&#8221; harnessed to the plough.\u00a0 They are dressed in white shirts and their shoulders and chests are covered with colourful scarves tied crosswise. On their heads are tall, semicircular caps decorated with paper flowers and ribbons of all colours and greenery attached to a silver base.\u00a0 They are also adorned with horse harness bells which jingle when they bounce. When the whip cracks, the ploughman spurs his \u201chorses\u201d to make a furrow. Into this furrow is sown the seed for the <em><strong>&#8220;fat turnip&#8221;.<\/strong><\/em><\/h5>\n<h6><em>Details:<\/em><\/h6>\n<ul>\n<li>\n<h6><em>Title of work: Ptijski ora\u010di<\/em><\/h6>\n<\/li>\n<li>\n<h6><em>Technique: graphics<\/em><\/h6>\n<\/li>\n<li>\n<h6><em>External dimensions of the folder: 27 x 19 cm<\/em><\/h6>\n<\/li>\n<li>\n<h6><em>Limited edition 73\/100<\/em><\/h6>\n<\/li>\n<li>\n<h6><em>The outer dimension of the frame: 24 x 30 cm<\/em><\/h6>\n<\/li>\n<li>\n<h6><em>Limited edition 88\/100<\/em><\/h6>\n<\/li>\n<li>\n<h6><em>All works are signed, numbered and have a watermark of the author<\/em><\/h6>\n<\/li>\n<\/ul>\n","protected":false},"featured_media":4354,"template":"","meta":{"_monsterinsights_skip_tracking":false,"_monsterinsights_sitenote_active":false,"_monsterinsights_sitenote_note":"","_monsterinsights_sitenote_category":0},"product_cat":[1623,1029],"product_tag":[1358,147,1366,80,1356],"aioseo_notices":[],"yoast_head":"<!-- This site is optimized with the Yoast SEO plugin v22.1 - https:\/\/yoast.com\/wordpress\/plugins\/seo\/ -->\n<title>&quot;Ptujski ora\u010di&quot; mask - Etnogalerija Skrina<\/title>\n<meta name=\"description\" content=\"Karel Zelenko - Ptujski ora\u010di (grafika v okvirju). Na Ptujskem polju so znani ora\u010di, kjer v vlogi plu\u017earja nastopa korant, ki ima v plug vpre\u017eene \u201ekonje\u201c.\" \/>\n<meta name=\"robots\" content=\"index, follow, max-snippet:-1, max-image-preview:large, max-video-preview:-1\" \/>\n<link rel=\"canonical\" href=\"https:\/\/skrina.si\/sl\/product\/ptujski-oraci-mask\/\" \/>\n<meta property=\"og:locale\" content=\"sl_SI\" \/>\n<meta property=\"og:locale:alternate\" content=\"en_GB\" \/>\n<meta property=\"og:type\" content=\"article\" \/>\n<meta property=\"og:title\" content=\"&quot;Ptujski ora\u010di&quot; mask\" \/>\n<meta property=\"og:description\" content=\"Karel Zelenko - Ptujski ora\u010di (grafika v okvirju). Na Ptujskem polju so znani ora\u010di, kjer v vlogi plu\u017earja nastopa korant, ki ima v plug vpre\u017eene \u201ekonje\u201c.\" \/>\n<meta property=\"og:url\" content=\"https:\/\/skrina.si\/sl\/product\/ptujski-oraci-mask\/\" \/>\n<meta property=\"og:site_name\" content=\"Etnogalerija Skrina\" \/>\n<meta property=\"article:modified_time\" content=\"2024-04-11T10:19:58+00:00\" \/>\n<meta property=\"og:image\" content=\"https:\/\/skrina.si\/wp-content\/uploads\/2021\/08\/Karel-Zelenko_Maske_Konj-pri-ptujskih-oracih.jpg\" \/>\n\t<meta property=\"og:image:width\" content=\"1999\" \/>\n\t<meta property=\"og:image:height\" content=\"1500\" \/>\n\t<meta property=\"og:image:type\" content=\"image\/jpeg\" \/>\n<meta name=\"twitter:card\" content=\"summary_large_image\" \/>\n<meta name=\"twitter:label1\" content=\"Est. reading time\" \/>\n\t<meta name=\"twitter:data1\" content=\"1 minuta\" \/>\n<script type=\"application\/ld+json\" class=\"yoast-schema-graph\">{\"@context\":\"https:\/\/schema.org\",\"@graph\":[{\"@type\":\"WebPage\",\"@id\":\"https:\/\/skrina.si\/sl\/product\/ptujski-oraci-mask\/\",\"url\":\"https:\/\/skrina.si\/sl\/product\/ptujski-oraci-mask\/\",\"name\":\"[:sl]\\\"Ptujski ora\u010di\\\" mask[:] - Etnogalerija Skrina\",\"isPartOf\":{\"@id\":\"https:\/\/skrina.si\/sl\/#website\"},\"datePublished\":\"2023-12-13T09:38:54+00:00\",\"dateModified\":\"2024-04-11T10:19:58+00:00\",\"description\":\"Karel Zelenko - Ptujski ora\u010di (grafika v okvirju). Na Ptujskem polju so znani ora\u010di, kjer v vlogi plu\u017earja nastopa korant, ki ima v plug vpre\u017eene \u201ekonje\u201c.\",\"breadcrumb\":{\"@id\":\"https:\/\/skrina.si\/sl\/product\/ptujski-oraci-mask\/#breadcrumb\"},\"inLanguage\":\"sl-SI\",\"potentialAction\":[{\"@type\":\"ReadAction\",\"target\":[\"https:\/\/skrina.si\/sl\/product\/ptujski-oraci-mask\/\"]}]},{\"@type\":\"BreadcrumbList\",\"@id\":\"https:\/\/skrina.si\/sl\/product\/ptujski-oraci-mask\/#breadcrumb\",\"itemListElement\":[{\"@type\":\"ListItem\",\"position\":1,\"name\":\"Home\",\"item\":\"https:\/\/skrina.si\/\"},{\"@type\":\"ListItem\",\"position\":2,\"name\":\"Shop\",\"item\":\"https:\/\/skrina.si\/shop\/\"},{\"@type\":\"ListItem\",\"position\":3,\"name\":\"&#8220;Ptujski ora\u010di&#8221; mask\"}]},{\"@type\":\"WebSite\",\"@id\":\"https:\/\/skrina.si\/sl\/#website\",\"url\":\"https:\/\/skrina.si\/sl\/\",\"name\":\"Etnogalerija Skrina\",\"description\":\"Tradicija s posluhom\",\"potentialAction\":[{\"@type\":\"SearchAction\",\"target\":{\"@type\":\"EntryPoint\",\"urlTemplate\":\"https:\/\/skrina.si\/sl\/?s={search_term_string}\"},\"query-input\":\"required name=search_term_string\"}],\"inLanguage\":\"sl-SI\"}]}<\/script>\n<!-- \/ Yoast SEO plugin. -->","yoast_head_json":{"title":"\"Ptujski ora\u010di\" mask - Etnogalerija Skrina","description":"Karel Zelenko - Ptujski ora\u010di (grafika v okvirju). Na Ptujskem polju so znani ora\u010di, kjer v vlogi plu\u017earja nastopa korant, ki ima v plug vpre\u017eene \u201ekonje\u201c.","robots":{"index":"index","follow":"follow","max-snippet":"max-snippet:-1","max-image-preview":"max-image-preview:large","max-video-preview":"max-video-preview:-1"},"canonical":"https:\/\/skrina.si\/sl\/product\/ptujski-oraci-mask\/","og_locale":"sl_SI","og_type":"article","og_title":"[:sl]\"Ptujski ora\u010di\" mask[:] - Etnogalerija Skrina","og_description":"Karel Zelenko - Ptujski ora\u010di (grafika v okvirju). Na Ptujskem polju so znani ora\u010di, kjer v vlogi plu\u017earja nastopa korant, ki ima v plug vpre\u017eene \u201ekonje\u201c.","og_url":"https:\/\/skrina.si\/sl\/product\/ptujski-oraci-mask\/","og_site_name":"Etnogalerija Skrina","article_modified_time":"2024-04-11T10:19:58+00:00","og_image":[{"width":1999,"height":1500,"url":"https:\/\/skrina.si\/wp-content\/uploads\/2021\/08\/Karel-Zelenko_Maske_Konj-pri-ptujskih-oracih.jpg","type":"image\/jpeg"}],"twitter_card":"summary_large_image","twitter_misc":{"Est. reading time":"1 minuta"},"schema":{"@context":"https:\/\/schema.org","@graph":[{"@type":"WebPage","@id":"https:\/\/skrina.si\/sl\/product\/ptujski-oraci-mask\/","url":"https:\/\/skrina.si\/sl\/product\/ptujski-oraci-mask\/","name":"[:sl]\"Ptujski ora\u010di\" mask[:] - Etnogalerija Skrina","isPartOf":{"@id":"https:\/\/skrina.si\/sl\/#website"},"datePublished":"2023-12-13T09:38:54+00:00","dateModified":"2024-04-11T10:19:58+00:00","description":"Karel Zelenko - Ptujski ora\u010di (grafika v okvirju). Na Ptujskem polju so znani ora\u010di, kjer v vlogi plu\u017earja nastopa korant, ki ima v plug vpre\u017eene \u201ekonje\u201c.","breadcrumb":{"@id":"https:\/\/skrina.si\/sl\/product\/ptujski-oraci-mask\/#breadcrumb"},"inLanguage":"sl-SI","potentialAction":[{"@type":"ReadAction","target":["https:\/\/skrina.si\/sl\/product\/ptujski-oraci-mask\/"]}]},{"@type":"BreadcrumbList","@id":"https:\/\/skrina.si\/sl\/product\/ptujski-oraci-mask\/#breadcrumb","itemListElement":[{"@type":"ListItem","position":1,"name":"Home","item":"https:\/\/skrina.si\/"},{"@type":"ListItem","position":2,"name":"Shop","item":"https:\/\/skrina.si\/shop\/"},{"@type":"ListItem","position":3,"name":"&#8220;Ptujski ora\u010di&#8221; mask"}]},{"@type":"WebSite","@id":"https:\/\/skrina.si\/sl\/#website","url":"https:\/\/skrina.si\/sl\/","name":"Etnogalerija Skrina","description":"Tradicija s posluhom","potentialAction":[{"@type":"SearchAction","target":{"@type":"EntryPoint","urlTemplate":"https:\/\/skrina.si\/sl\/?s={search_term_string}"},"query-input":"required name=search_term_string"}],"inLanguage":"sl-SI"}]}},"_links":{"self":[{"href":"https:\/\/skrina.si\/sl\/wp-json\/wp\/v2\/product\/12815"}],"collection":[{"href":"https:\/\/skrina.si\/sl\/wp-json\/wp\/v2\/product"}],"about":[{"href":"https:\/\/skrina.si\/sl\/wp-json\/wp\/v2\/types\/product"}],"wp:featuredmedia":[{"embeddable":true,"href":"https:\/\/skrina.si\/sl\/wp-json\/wp\/v2\/media\/4354"}],"wp:attachment":[{"href":"https:\/\/skrina.si\/sl\/wp-json\/wp\/v2\/media?parent=12815"}],"wp:term":[{"taxonomy":"product_cat","embeddable":true,"href":"https:\/\/skrina.si\/sl\/wp-json\/wp\/v2\/product_cat?post=12815"},{"taxonomy":"product_tag","embeddable":true,"href":"https:\/\/skrina.si\/sl\/wp-json\/wp\/v2\/product_tag?post=12815"}],"curies":[{"name":"wp","href":"https:\/\/api.w.org\/{rel}","templated":true}]}}