{"id":12813,"date":"2024-02-05T09:31:43","date_gmt":"2024-02-05T08:31:43","guid":{"rendered":"https:\/\/skrina.si\/?post_type=product&#038;p=12813"},"modified":"2024-09-19T19:02:59","modified_gmt":"2024-09-19T17:02:59","slug":"zelod-eng","status":"publish","type":"product","link":"https:\/\/skrina.si\/sl\/product\/zelod-eng\/","title":{"rendered":"Acorn"},"content":{"rendered":"","protected":false},"excerpt":{"rendered":"<h5 style=\"text-align: justify;\">Oak fruits have been used by man since ancient times, and there is evidence that they have been eaten and used to heal wounds. Recently, acorns have become popular again; they are valued in some places as a substitute for coffee and are often used to make<em><strong> flour<\/strong> <\/em>to bake bread. Acorns are first baked in a clay oven; ground and the resulting flour is kneaded into bread dough.\u00a0 It can be used to create beautiful decorations &#8211; with a little paint, ribbons, glue, and a lot of imagination, it can be used in a hundred and one ways.<br \/>\nThe next time a beautiful acorn flies under your feet put it in your pocket. With a little paint, some ribbons, some glue, and a lot of imagination, acorns can be used in <em><strong>a hundred and one ways.<\/strong><\/em><br \/>\nAnd we pose puzzles like this one from <em><strong>Oton Zupan\u010di\u010d:<\/strong><\/em><\/h5>\n<h6>&#8220;He doesn&#8217;t have a boy cap,<br \/>\nthe cap has a little boy<br \/>\nwhistling breaths,<br \/>\nthey didn&#8217;t take the caps,<br \/>\nthey took the boy&#8221;.<\/h6>\n<h6>Details:<\/h6>\n<ul>\n<li>\n<h6>Size: height 12 cm, width 7 cm<\/h6>\n<\/li>\n<li>\n<h6>Material: Ceramics<\/h6>\n<\/li>\n<li>\n<h6>In a gift bag with an attached certificate<\/h6>\n<\/li>\n<li>\n<h6>Designed with love for details<\/h6>\n<\/li>\n<li>\n<h6>An ideal gift for lovers of trees, forests and acorns<\/h6>\n<\/li>\n<\/ul>\n","protected":false},"featured_media":8130,"template":"","meta":{"_monsterinsights_skip_tracking":false,"_monsterinsights_sitenote_active":false,"_monsterinsights_sitenote_note":"","_monsterinsights_sitenote_category":0},"product_cat":[1623,1045],"product_tag":[1414],"aioseo_notices":[],"yoast_head":"<!-- This site is optimized with the Yoast SEO plugin v22.1 - https:\/\/yoast.com\/wordpress\/plugins\/seo\/ -->\n<title>Ro\u017ena vila \u017eelod - Etnogalerija Skrina<\/title>\n<meta name=\"description\" content=\"Hrastove plodove je \u010dlovek uporabljal \u017ee v davnini, dokazano je, da so se z njimi prehranjevali in jih uporabljali za celjenje ran.\" \/>\n<meta name=\"robots\" content=\"index, follow, max-snippet:-1, max-image-preview:large, max-video-preview:-1\" \/>\n<link rel=\"canonical\" href=\"https:\/\/skrina.si\/sl\/product\/zelod-eng\/\" \/>\n<meta property=\"og:locale\" content=\"sl_SI\" \/>\n<meta property=\"og:locale:alternate\" content=\"en_GB\" \/>\n<meta property=\"og:type\" content=\"article\" \/>\n<meta property=\"og:title\" content=\"Ro\u017ena vila \u017eelod - Etnogalerija Skrina\" \/>\n<meta property=\"og:description\" content=\"Hrastove plodove je \u010dlovek uporabljal \u017ee v davnini, dokazano je, da so se z njimi prehranjevali in jih uporabljali za celjenje ran.\" \/>\n<meta property=\"og:url\" content=\"https:\/\/skrina.si\/sl\/product\/zelod-eng\/\" \/>\n<meta property=\"og:site_name\" content=\"Etnogalerija Skrina\" \/>\n<meta property=\"article:modified_time\" content=\"2024-09-19T17:02:59+00:00\" \/>\n<meta property=\"og:image\" content=\"https:\/\/skrina.si\/wp-content\/uploads\/2021\/09\/Rozne-vile-zelod-dekor-Slovenske-cvetlice-roze-Tradicija-s-posluhom-Etno-galerija-Skrina.jpg\" \/>\n\t<meta property=\"og:image:width\" content=\"1619\" \/>\n\t<meta property=\"og:image:height\" content=\"1213\" \/>\n\t<meta property=\"og:image:type\" content=\"image\/jpeg\" \/>\n<meta name=\"twitter:card\" content=\"summary_large_image\" \/>\n<meta name=\"twitter:label1\" content=\"Est. reading time\" \/>\n\t<meta name=\"twitter:data1\" content=\"1 minuta\" \/>\n<script type=\"application\/ld+json\" class=\"yoast-schema-graph\">{\"@context\":\"https:\/\/schema.org\",\"@graph\":[{\"@type\":\"WebPage\",\"@id\":\"https:\/\/skrina.si\/sl\/product\/zelod-eng\/\",\"url\":\"https:\/\/skrina.si\/sl\/product\/zelod-eng\/\",\"name\":\"Ro\u017ena vila \u017eelod - Etnogalerija Skrina\",\"isPartOf\":{\"@id\":\"https:\/\/skrina.si\/sl\/#website\"},\"datePublished\":\"2024-02-05T08:31:43+00:00\",\"dateModified\":\"2024-09-19T17:02:59+00:00\",\"description\":\"Hrastove plodove je \u010dlovek uporabljal \u017ee v davnini, dokazano je, da so se z njimi prehranjevali in jih uporabljali za celjenje ran.\",\"breadcrumb\":{\"@id\":\"https:\/\/skrina.si\/sl\/product\/zelod-eng\/#breadcrumb\"},\"inLanguage\":\"sl-SI\",\"potentialAction\":[{\"@type\":\"ReadAction\",\"target\":[\"https:\/\/skrina.si\/sl\/product\/zelod-eng\/\"]}]},{\"@type\":\"BreadcrumbList\",\"@id\":\"https:\/\/skrina.si\/sl\/product\/zelod-eng\/#breadcrumb\",\"itemListElement\":[{\"@type\":\"ListItem\",\"position\":1,\"name\":\"Home\",\"item\":\"https:\/\/skrina.si\/\"},{\"@type\":\"ListItem\",\"position\":2,\"name\":\"Shop\",\"item\":\"https:\/\/skrina.si\/shop\/\"},{\"@type\":\"ListItem\",\"position\":3,\"name\":\"Acorn\"}]},{\"@type\":\"WebSite\",\"@id\":\"https:\/\/skrina.si\/sl\/#website\",\"url\":\"https:\/\/skrina.si\/sl\/\",\"name\":\"Etnogalerija Skrina\",\"description\":\"Tradicija s posluhom\",\"potentialAction\":[{\"@type\":\"SearchAction\",\"target\":{\"@type\":\"EntryPoint\",\"urlTemplate\":\"https:\/\/skrina.si\/sl\/?s={search_term_string}\"},\"query-input\":\"required name=search_term_string\"}],\"inLanguage\":\"sl-SI\"}]}<\/script>\n<!-- \/ Yoast SEO plugin. -->","yoast_head_json":{"title":"Ro\u017ena vila \u017eelod - Etnogalerija Skrina","description":"Hrastove plodove je \u010dlovek uporabljal \u017ee v davnini, dokazano je, da so se z njimi prehranjevali in jih uporabljali za celjenje ran.","robots":{"index":"index","follow":"follow","max-snippet":"max-snippet:-1","max-image-preview":"max-image-preview:large","max-video-preview":"max-video-preview:-1"},"canonical":"https:\/\/skrina.si\/sl\/product\/zelod-eng\/","og_locale":"sl_SI","og_type":"article","og_title":"Ro\u017ena vila \u017eelod - Etnogalerija Skrina","og_description":"Hrastove plodove je \u010dlovek uporabljal \u017ee v davnini, dokazano je, da so se z njimi prehranjevali in jih uporabljali za celjenje ran.","og_url":"https:\/\/skrina.si\/sl\/product\/zelod-eng\/","og_site_name":"Etnogalerija Skrina","article_modified_time":"2024-09-19T17:02:59+00:00","og_image":[{"width":1619,"height":1213,"url":"https:\/\/skrina.si\/wp-content\/uploads\/2021\/09\/Rozne-vile-zelod-dekor-Slovenske-cvetlice-roze-Tradicija-s-posluhom-Etno-galerija-Skrina.jpg","type":"image\/jpeg"}],"twitter_card":"summary_large_image","twitter_misc":{"Est. reading time":"1 minuta"},"schema":{"@context":"https:\/\/schema.org","@graph":[{"@type":"WebPage","@id":"https:\/\/skrina.si\/sl\/product\/zelod-eng\/","url":"https:\/\/skrina.si\/sl\/product\/zelod-eng\/","name":"Ro\u017ena vila \u017eelod - Etnogalerija Skrina","isPartOf":{"@id":"https:\/\/skrina.si\/sl\/#website"},"datePublished":"2024-02-05T08:31:43+00:00","dateModified":"2024-09-19T17:02:59+00:00","description":"Hrastove plodove je \u010dlovek uporabljal \u017ee v davnini, dokazano je, da so se z njimi prehranjevali in jih uporabljali za celjenje ran.","breadcrumb":{"@id":"https:\/\/skrina.si\/sl\/product\/zelod-eng\/#breadcrumb"},"inLanguage":"sl-SI","potentialAction":[{"@type":"ReadAction","target":["https:\/\/skrina.si\/sl\/product\/zelod-eng\/"]}]},{"@type":"BreadcrumbList","@id":"https:\/\/skrina.si\/sl\/product\/zelod-eng\/#breadcrumb","itemListElement":[{"@type":"ListItem","position":1,"name":"Home","item":"https:\/\/skrina.si\/"},{"@type":"ListItem","position":2,"name":"Shop","item":"https:\/\/skrina.si\/shop\/"},{"@type":"ListItem","position":3,"name":"Acorn"}]},{"@type":"WebSite","@id":"https:\/\/skrina.si\/sl\/#website","url":"https:\/\/skrina.si\/sl\/","name":"Etnogalerija Skrina","description":"Tradicija s posluhom","potentialAction":[{"@type":"SearchAction","target":{"@type":"EntryPoint","urlTemplate":"https:\/\/skrina.si\/sl\/?s={search_term_string}"},"query-input":"required name=search_term_string"}],"inLanguage":"sl-SI"}]}},"_links":{"self":[{"href":"https:\/\/skrina.si\/sl\/wp-json\/wp\/v2\/product\/12813"}],"collection":[{"href":"https:\/\/skrina.si\/sl\/wp-json\/wp\/v2\/product"}],"about":[{"href":"https:\/\/skrina.si\/sl\/wp-json\/wp\/v2\/types\/product"}],"wp:featuredmedia":[{"embeddable":true,"href":"https:\/\/skrina.si\/sl\/wp-json\/wp\/v2\/media\/8130"}],"wp:attachment":[{"href":"https:\/\/skrina.si\/sl\/wp-json\/wp\/v2\/media?parent=12813"}],"wp:term":[{"taxonomy":"product_cat","embeddable":true,"href":"https:\/\/skrina.si\/sl\/wp-json\/wp\/v2\/product_cat?post=12813"},{"taxonomy":"product_tag","embeddable":true,"href":"https:\/\/skrina.si\/sl\/wp-json\/wp\/v2\/product_tag?post=12813"}],"curies":[{"name":"wp","href":"https:\/\/api.w.org\/{rel}","templated":true}]}}