{"id":12811,"date":"2024-02-07T09:31:38","date_gmt":"2024-02-07T08:31:38","guid":{"rendered":"https:\/\/skrina.si\/?post_type=product&#038;p=12811"},"modified":"2024-09-19T19:01:02","modified_gmt":"2024-09-19T17:01:02","slug":"lily-of-the-valley","status":"publish","type":"product","link":"https:\/\/skrina.si\/sl\/product\/lily-of-the-valley\/","title":{"rendered":"Lily of the Valley"},"content":{"rendered":"","protected":false},"excerpt":{"rendered":"<h5 style=\"text-align: justify;\">The Lily of the Valley, a delicate spring flower, is still called <strong><em>&#8220;the tears of the Lady of the Valley&#8221;<\/em><\/strong> in many &#8220;vernacular&#8221; languages because it symbolizes Mary&#8217;s grief and pain at the loss of her son. With its snowy whiteness, it symbolizes Mary&#8217;s virginity, its intoxicating scent the grace of her love, and its low growth and bell-shaped flowers truly give the impression of devotion and humility. Of course, we must not forget that the Lily of the Valley, which blooms in the month of love, is also a symbol of the heart&#8217;s longing, of hidden hope and of love&#8217;s happiness. It played an important role in the celebration of spring, which in some villages included the selection of the <strong><em>May Queen<\/em><\/strong>, the most beautiful girl. She was dressed in a green dress and wore a wreath of Lily of the Valley flowers in her hair.<\/h5>\n<h6>Details:<\/h6>\n<ul>\n<li>\n<h6>Size: height 12 cm, width 7 cm<\/h6>\n<\/li>\n<li>\n<h6>Material: Ceramics<\/h6>\n<\/li>\n<li>\n<h6>In a gift bag with an attached certificate<\/h6>\n<\/li>\n<li>\n<h6>Designed with love for details<\/h6>\n<\/li>\n<li>\n<h6>An ideal gift for flower lovers and lily of the valley fans<\/h6>\n<\/li>\n<\/ul>\n","protected":false},"featured_media":8127,"template":"","meta":{"_monsterinsights_skip_tracking":false,"_monsterinsights_sitenote_active":false,"_monsterinsights_sitenote_note":"","_monsterinsights_sitenote_category":0},"product_cat":[1623,1045],"product_tag":[1426],"aioseo_notices":[],"yoast_head":"<!-- This site is optimized with the Yoast SEO plugin v22.1 - https:\/\/yoast.com\/wordpress\/plugins\/seo\/ -->\n<title>Lily of the Valley - Etnogalerija Skrina<\/title>\n<meta name=\"description\" content=\"Seveda ne smemo pozabiti, da je \u0161marnica, ki cveti v mesecu ljubezni, tudi simbol sr\u010dnega hrepenenja, skritega upanja in ljubezenske sre\u010de.\" \/>\n<meta name=\"robots\" content=\"index, follow, max-snippet:-1, max-image-preview:large, max-video-preview:-1\" \/>\n<link rel=\"canonical\" href=\"https:\/\/skrina.si\/sl\/product\/lily-of-the-valley\/\" \/>\n<meta property=\"og:locale\" content=\"sl_SI\" \/>\n<meta property=\"og:locale:alternate\" content=\"en_GB\" \/>\n<meta property=\"og:type\" content=\"article\" \/>\n<meta property=\"og:title\" content=\"Lily of the Valley\" \/>\n<meta property=\"og:description\" content=\"Seveda ne smemo pozabiti, da je \u0161marnica, ki cveti v mesecu ljubezni, tudi simbol sr\u010dnega hrepenenja, skritega upanja in ljubezenske sre\u010de.\" \/>\n<meta property=\"og:url\" content=\"https:\/\/skrina.si\/sl\/product\/lily-of-the-valley\/\" \/>\n<meta property=\"og:site_name\" content=\"Etnogalerija Skrina\" \/>\n<meta property=\"article:modified_time\" content=\"2024-09-19T17:01:02+00:00\" \/>\n<meta property=\"og:image\" content=\"https:\/\/skrina.si\/wp-content\/uploads\/2022\/03\/Rozne-vile-smarnica-dekor-Slovenske-cvetlice-roze-Tradicija-s-posluhom-Etno-galerija-Skrina.jpg\" \/>\n\t<meta property=\"og:image:width\" content=\"1619\" \/>\n\t<meta property=\"og:image:height\" content=\"1213\" \/>\n\t<meta property=\"og:image:type\" content=\"image\/jpeg\" \/>\n<meta name=\"twitter:card\" content=\"summary_large_image\" \/>\n<meta name=\"twitter:label1\" content=\"Est. reading time\" \/>\n\t<meta name=\"twitter:data1\" content=\"1 minuta\" \/>\n<script type=\"application\/ld+json\" class=\"yoast-schema-graph\">{\"@context\":\"https:\/\/schema.org\",\"@graph\":[{\"@type\":\"WebPage\",\"@id\":\"https:\/\/skrina.si\/sl\/product\/lily-of-the-valley\/\",\"url\":\"https:\/\/skrina.si\/sl\/product\/lily-of-the-valley\/\",\"name\":\"[:en]Lily of the Valley[:sl]Lily of the Valley[:] - Etnogalerija Skrina\",\"isPartOf\":{\"@id\":\"https:\/\/skrina.si\/sl\/#website\"},\"datePublished\":\"2024-02-07T08:31:38+00:00\",\"dateModified\":\"2024-09-19T17:01:02+00:00\",\"description\":\"Seveda ne smemo pozabiti, da je \u0161marnica, ki cveti v mesecu ljubezni, tudi simbol sr\u010dnega hrepenenja, skritega upanja in ljubezenske sre\u010de.\",\"breadcrumb\":{\"@id\":\"https:\/\/skrina.si\/sl\/product\/lily-of-the-valley\/#breadcrumb\"},\"inLanguage\":\"sl-SI\",\"potentialAction\":[{\"@type\":\"ReadAction\",\"target\":[\"https:\/\/skrina.si\/sl\/product\/lily-of-the-valley\/\"]}]},{\"@type\":\"BreadcrumbList\",\"@id\":\"https:\/\/skrina.si\/sl\/product\/lily-of-the-valley\/#breadcrumb\",\"itemListElement\":[{\"@type\":\"ListItem\",\"position\":1,\"name\":\"Home\",\"item\":\"https:\/\/skrina.si\/\"},{\"@type\":\"ListItem\",\"position\":2,\"name\":\"Shop\",\"item\":\"https:\/\/skrina.si\/shop\/\"},{\"@type\":\"ListItem\",\"position\":3,\"name\":\"Lily of the Valley\"}]},{\"@type\":\"WebSite\",\"@id\":\"https:\/\/skrina.si\/sl\/#website\",\"url\":\"https:\/\/skrina.si\/sl\/\",\"name\":\"Etnogalerija Skrina\",\"description\":\"Tradicija s posluhom\",\"potentialAction\":[{\"@type\":\"SearchAction\",\"target\":{\"@type\":\"EntryPoint\",\"urlTemplate\":\"https:\/\/skrina.si\/sl\/?s={search_term_string}\"},\"query-input\":\"required name=search_term_string\"}],\"inLanguage\":\"sl-SI\"}]}<\/script>\n<!-- \/ Yoast SEO plugin. -->","yoast_head_json":{"title":"Lily of the Valley - Etnogalerija Skrina","description":"Seveda ne smemo pozabiti, da je \u0161marnica, ki cveti v mesecu ljubezni, tudi simbol sr\u010dnega hrepenenja, skritega upanja in ljubezenske sre\u010de.","robots":{"index":"index","follow":"follow","max-snippet":"max-snippet:-1","max-image-preview":"max-image-preview:large","max-video-preview":"max-video-preview:-1"},"canonical":"https:\/\/skrina.si\/sl\/product\/lily-of-the-valley\/","og_locale":"sl_SI","og_type":"article","og_title":"[:en]Lily of the Valley[:sl]Lily of the Valley[:] - Etnogalerija Skrina","og_description":"Seveda ne smemo pozabiti, da je \u0161marnica, ki cveti v mesecu ljubezni, tudi simbol sr\u010dnega hrepenenja, skritega upanja in ljubezenske sre\u010de.","og_url":"https:\/\/skrina.si\/sl\/product\/lily-of-the-valley\/","og_site_name":"Etnogalerija Skrina","article_modified_time":"2024-09-19T17:01:02+00:00","og_image":[{"width":1619,"height":1213,"url":"https:\/\/skrina.si\/wp-content\/uploads\/2022\/03\/Rozne-vile-smarnica-dekor-Slovenske-cvetlice-roze-Tradicija-s-posluhom-Etno-galerija-Skrina.jpg","type":"image\/jpeg"}],"twitter_card":"summary_large_image","twitter_misc":{"Est. reading time":"1 minuta"},"schema":{"@context":"https:\/\/schema.org","@graph":[{"@type":"WebPage","@id":"https:\/\/skrina.si\/sl\/product\/lily-of-the-valley\/","url":"https:\/\/skrina.si\/sl\/product\/lily-of-the-valley\/","name":"[:en]Lily of the Valley[:sl]Lily of the Valley[:] - Etnogalerija Skrina","isPartOf":{"@id":"https:\/\/skrina.si\/sl\/#website"},"datePublished":"2024-02-07T08:31:38+00:00","dateModified":"2024-09-19T17:01:02+00:00","description":"Seveda ne smemo pozabiti, da je \u0161marnica, ki cveti v mesecu ljubezni, tudi simbol sr\u010dnega hrepenenja, skritega upanja in ljubezenske sre\u010de.","breadcrumb":{"@id":"https:\/\/skrina.si\/sl\/product\/lily-of-the-valley\/#breadcrumb"},"inLanguage":"sl-SI","potentialAction":[{"@type":"ReadAction","target":["https:\/\/skrina.si\/sl\/product\/lily-of-the-valley\/"]}]},{"@type":"BreadcrumbList","@id":"https:\/\/skrina.si\/sl\/product\/lily-of-the-valley\/#breadcrumb","itemListElement":[{"@type":"ListItem","position":1,"name":"Home","item":"https:\/\/skrina.si\/"},{"@type":"ListItem","position":2,"name":"Shop","item":"https:\/\/skrina.si\/shop\/"},{"@type":"ListItem","position":3,"name":"Lily of the Valley"}]},{"@type":"WebSite","@id":"https:\/\/skrina.si\/sl\/#website","url":"https:\/\/skrina.si\/sl\/","name":"Etnogalerija Skrina","description":"Tradicija s posluhom","potentialAction":[{"@type":"SearchAction","target":{"@type":"EntryPoint","urlTemplate":"https:\/\/skrina.si\/sl\/?s={search_term_string}"},"query-input":"required name=search_term_string"}],"inLanguage":"sl-SI"}]}},"_links":{"self":[{"href":"https:\/\/skrina.si\/sl\/wp-json\/wp\/v2\/product\/12811"}],"collection":[{"href":"https:\/\/skrina.si\/sl\/wp-json\/wp\/v2\/product"}],"about":[{"href":"https:\/\/skrina.si\/sl\/wp-json\/wp\/v2\/types\/product"}],"wp:featuredmedia":[{"embeddable":true,"href":"https:\/\/skrina.si\/sl\/wp-json\/wp\/v2\/media\/8127"}],"wp:attachment":[{"href":"https:\/\/skrina.si\/sl\/wp-json\/wp\/v2\/media?parent=12811"}],"wp:term":[{"taxonomy":"product_cat","embeddable":true,"href":"https:\/\/skrina.si\/sl\/wp-json\/wp\/v2\/product_cat?post=12811"},{"taxonomy":"product_tag","embeddable":true,"href":"https:\/\/skrina.si\/sl\/wp-json\/wp\/v2\/product_tag?post=12811"}],"curies":[{"name":"wp","href":"https:\/\/api.w.org\/{rel}","templated":true}]}}