{"id":12809,"date":"2024-02-09T09:31:34","date_gmt":"2024-02-09T08:31:34","guid":{"rendered":"https:\/\/skrina.si\/?post_type=product&#038;p=12809"},"modified":"2024-09-19T18:59:40","modified_gmt":"2024-09-19T16:59:40","slug":"jabolcni-cvet-eng","status":"publish","type":"product","link":"https:\/\/skrina.si\/sl\/product\/jabolcni-cvet-eng\/","title":{"rendered":"Apple tree blossom"},"content":{"rendered":"","protected":false},"excerpt":{"rendered":"<h5 style=\"text-align: justify;\">To help us welcome spring, let&#8217;s treat ourselves to a bouquet of flowering branches. According to folk tradition, on 4 December, the feast day of <strong><em>Barbara<\/em><\/strong>, we should cut <strong><em>branches of the apple tree<\/em><\/strong>, forsythia, witch hazel, or cherry tree, put them in a vase and they will bloom in a cool place just in time for <strong><em>Christmas<\/em><\/strong>. The apple tree is the most widespread fruit species in Slovenia and is suited to a moderately warm climate with evenly distributed rainfall throughout the year. Unfortunately, old, indigenous varieties such as \u2032kosma\u010d\u2035, \u2032bobovec\u2035, \u2032mo\u0161ancelj\u2035 and \u2032carjevi\u010d\u2035 are dying out, but the folk wisdom that says: <strong><em>&#8216;One apple a day chases the doctor away&#8217;<\/em><\/strong> still holds.<br \/>\nIn addition to its nutritional purposes, many varieties are cultivated as ornamental plantings in parks and gardens, and also for the carpentry trade, as the wood of the apple tree is of excellent density and easy to shape and polish. The apple blossoms in small white, pink, or almost raspberry flowers, symbolizing beauty, innocence, and purity.<br \/>\nThe tiny, delicate-looking blossom is extremely adaptable to the vagaries of spring weather and is thus synonymous with hardiness, resilience and perseverance<\/h5>\n<h6>Details:<\/h6>\n<ul>\n<li>\n<h6>Size: height 11 cm, width 6 cm<\/h6>\n<\/li>\n<li>\n<h6>Material: Ceramics<\/h6>\n<\/li>\n<li>\n<h6>In a gift bag with an attached certificate<\/h6>\n<\/li>\n<li>\n<h6>Designed with love for details<\/h6>\n<\/li>\n<li>\n<h6>An ideal gift for lovers of flowering fruit trees and apples<\/h6>\n<\/li>\n<\/ul>\n","protected":false},"featured_media":8124,"template":"","meta":{"_monsterinsights_skip_tracking":false,"_monsterinsights_sitenote_active":false,"_monsterinsights_sitenote_note":"","_monsterinsights_sitenote_category":0},"product_cat":[1623,1045],"product_tag":[],"aioseo_notices":[],"yoast_head":"<!-- This site is optimized with the Yoast SEO plugin v22.1 - https:\/\/yoast.com\/wordpress\/plugins\/seo\/ -->\n<title>Apple tree blossom - Etnogalerija Skrina<\/title>\n<meta name=\"description\" content=\"Jablana cveti v majhnih belih, ro\u017enatih ali skoraj malinovih cvetovih, ki simbolizirajo lepoto, nedol\u017enost in \u010distost.\" \/>\n<meta name=\"robots\" content=\"index, follow, max-snippet:-1, max-image-preview:large, max-video-preview:-1\" \/>\n<link rel=\"canonical\" href=\"https:\/\/skrina.si\/sl\/product\/jabolcni-cvet-eng\/\" \/>\n<meta property=\"og:locale\" content=\"sl_SI\" \/>\n<meta property=\"og:locale:alternate\" content=\"en_GB\" \/>\n<meta property=\"og:type\" content=\"article\" \/>\n<meta property=\"og:title\" content=\"Apple tree blossom\" \/>\n<meta property=\"og:description\" content=\"Jablana cveti v majhnih belih, ro\u017enatih ali skoraj malinovih cvetovih, ki simbolizirajo lepoto, nedol\u017enost in \u010distost.\" \/>\n<meta property=\"og:url\" content=\"https:\/\/skrina.si\/sl\/product\/jabolcni-cvet-eng\/\" \/>\n<meta property=\"og:site_name\" content=\"Etnogalerija Skrina\" \/>\n<meta property=\"article:modified_time\" content=\"2024-09-19T16:59:40+00:00\" \/>\n<meta property=\"og:image\" content=\"https:\/\/skrina.si\/wp-content\/uploads\/2021\/09\/Rozne-vile-jabolcni-cvet-dekor-Slovenske-cvetlice-roze-Tradicija-s-posluhom-Etno-galerija-Skrina.jpg\" \/>\n\t<meta property=\"og:image:width\" content=\"1619\" \/>\n\t<meta property=\"og:image:height\" content=\"1213\" \/>\n\t<meta property=\"og:image:type\" content=\"image\/jpeg\" \/>\n<meta name=\"twitter:card\" content=\"summary_large_image\" \/>\n<meta name=\"twitter:label1\" content=\"Est. reading time\" \/>\n\t<meta name=\"twitter:data1\" content=\"1 minuta\" \/>\n<script type=\"application\/ld+json\" class=\"yoast-schema-graph\">{\"@context\":\"https:\/\/schema.org\",\"@graph\":[{\"@type\":\"WebPage\",\"@id\":\"https:\/\/skrina.si\/sl\/product\/jabolcni-cvet-eng\/\",\"url\":\"https:\/\/skrina.si\/sl\/product\/jabolcni-cvet-eng\/\",\"name\":\"[:en]Apple tree blossom[:sl]Apple tree blossom[:] - Etnogalerija Skrina\",\"isPartOf\":{\"@id\":\"https:\/\/skrina.si\/sl\/#website\"},\"datePublished\":\"2024-02-09T08:31:34+00:00\",\"dateModified\":\"2024-09-19T16:59:40+00:00\",\"description\":\"Jablana cveti v majhnih belih, ro\u017enatih ali skoraj malinovih cvetovih, ki simbolizirajo lepoto, nedol\u017enost in \u010distost.\",\"breadcrumb\":{\"@id\":\"https:\/\/skrina.si\/sl\/product\/jabolcni-cvet-eng\/#breadcrumb\"},\"inLanguage\":\"sl-SI\",\"potentialAction\":[{\"@type\":\"ReadAction\",\"target\":[\"https:\/\/skrina.si\/sl\/product\/jabolcni-cvet-eng\/\"]}]},{\"@type\":\"BreadcrumbList\",\"@id\":\"https:\/\/skrina.si\/sl\/product\/jabolcni-cvet-eng\/#breadcrumb\",\"itemListElement\":[{\"@type\":\"ListItem\",\"position\":1,\"name\":\"Home\",\"item\":\"https:\/\/skrina.si\/\"},{\"@type\":\"ListItem\",\"position\":2,\"name\":\"Shop\",\"item\":\"https:\/\/skrina.si\/shop\/\"},{\"@type\":\"ListItem\",\"position\":3,\"name\":\"Apple tree blossom\"}]},{\"@type\":\"WebSite\",\"@id\":\"https:\/\/skrina.si\/sl\/#website\",\"url\":\"https:\/\/skrina.si\/sl\/\",\"name\":\"Etnogalerija Skrina\",\"description\":\"Tradicija s posluhom\",\"potentialAction\":[{\"@type\":\"SearchAction\",\"target\":{\"@type\":\"EntryPoint\",\"urlTemplate\":\"https:\/\/skrina.si\/sl\/?s={search_term_string}\"},\"query-input\":\"required name=search_term_string\"}],\"inLanguage\":\"sl-SI\"}]}<\/script>\n<!-- \/ Yoast SEO plugin. -->","yoast_head_json":{"title":"Apple tree blossom - Etnogalerija Skrina","description":"Jablana cveti v majhnih belih, ro\u017enatih ali skoraj malinovih cvetovih, ki simbolizirajo lepoto, nedol\u017enost in \u010distost.","robots":{"index":"index","follow":"follow","max-snippet":"max-snippet:-1","max-image-preview":"max-image-preview:large","max-video-preview":"max-video-preview:-1"},"canonical":"https:\/\/skrina.si\/sl\/product\/jabolcni-cvet-eng\/","og_locale":"sl_SI","og_type":"article","og_title":"[:en]Apple tree blossom[:sl]Apple tree blossom[:] - Etnogalerija Skrina","og_description":"Jablana cveti v majhnih belih, ro\u017enatih ali skoraj malinovih cvetovih, ki simbolizirajo lepoto, nedol\u017enost in \u010distost.","og_url":"https:\/\/skrina.si\/sl\/product\/jabolcni-cvet-eng\/","og_site_name":"Etnogalerija Skrina","article_modified_time":"2024-09-19T16:59:40+00:00","og_image":[{"width":1619,"height":1213,"url":"https:\/\/skrina.si\/wp-content\/uploads\/2021\/09\/Rozne-vile-jabolcni-cvet-dekor-Slovenske-cvetlice-roze-Tradicija-s-posluhom-Etno-galerija-Skrina.jpg","type":"image\/jpeg"}],"twitter_card":"summary_large_image","twitter_misc":{"Est. reading time":"1 minuta"},"schema":{"@context":"https:\/\/schema.org","@graph":[{"@type":"WebPage","@id":"https:\/\/skrina.si\/sl\/product\/jabolcni-cvet-eng\/","url":"https:\/\/skrina.si\/sl\/product\/jabolcni-cvet-eng\/","name":"[:en]Apple tree blossom[:sl]Apple tree blossom[:] - Etnogalerija Skrina","isPartOf":{"@id":"https:\/\/skrina.si\/sl\/#website"},"datePublished":"2024-02-09T08:31:34+00:00","dateModified":"2024-09-19T16:59:40+00:00","description":"Jablana cveti v majhnih belih, ro\u017enatih ali skoraj malinovih cvetovih, ki simbolizirajo lepoto, nedol\u017enost in \u010distost.","breadcrumb":{"@id":"https:\/\/skrina.si\/sl\/product\/jabolcni-cvet-eng\/#breadcrumb"},"inLanguage":"sl-SI","potentialAction":[{"@type":"ReadAction","target":["https:\/\/skrina.si\/sl\/product\/jabolcni-cvet-eng\/"]}]},{"@type":"BreadcrumbList","@id":"https:\/\/skrina.si\/sl\/product\/jabolcni-cvet-eng\/#breadcrumb","itemListElement":[{"@type":"ListItem","position":1,"name":"Home","item":"https:\/\/skrina.si\/"},{"@type":"ListItem","position":2,"name":"Shop","item":"https:\/\/skrina.si\/shop\/"},{"@type":"ListItem","position":3,"name":"Apple tree blossom"}]},{"@type":"WebSite","@id":"https:\/\/skrina.si\/sl\/#website","url":"https:\/\/skrina.si\/sl\/","name":"Etnogalerija Skrina","description":"Tradicija s posluhom","potentialAction":[{"@type":"SearchAction","target":{"@type":"EntryPoint","urlTemplate":"https:\/\/skrina.si\/sl\/?s={search_term_string}"},"query-input":"required name=search_term_string"}],"inLanguage":"sl-SI"}]}},"_links":{"self":[{"href":"https:\/\/skrina.si\/sl\/wp-json\/wp\/v2\/product\/12809"}],"collection":[{"href":"https:\/\/skrina.si\/sl\/wp-json\/wp\/v2\/product"}],"about":[{"href":"https:\/\/skrina.si\/sl\/wp-json\/wp\/v2\/types\/product"}],"wp:featuredmedia":[{"embeddable":true,"href":"https:\/\/skrina.si\/sl\/wp-json\/wp\/v2\/media\/8124"}],"wp:attachment":[{"href":"https:\/\/skrina.si\/sl\/wp-json\/wp\/v2\/media?parent=12809"}],"wp:term":[{"taxonomy":"product_cat","embeddable":true,"href":"https:\/\/skrina.si\/sl\/wp-json\/wp\/v2\/product_cat?post=12809"},{"taxonomy":"product_tag","embeddable":true,"href":"https:\/\/skrina.si\/sl\/wp-json\/wp\/v2\/product_tag?post=12809"}],"curies":[{"name":"wp","href":"https:\/\/api.w.org\/{rel}","templated":true}]}}