{"id":12806,"date":"2024-02-12T09:31:21","date_gmt":"2024-02-12T08:31:21","guid":{"rendered":"https:\/\/skrina.si\/?post_type=product&#038;p=12806"},"modified":"2024-09-19T18:55:59","modified_gmt":"2024-09-19T16:55:59","slug":"mak-eng","status":"publish","type":"product","link":"https:\/\/skrina.si\/sl\/product\/mak-eng\/","title":{"rendered":"Poppy"},"content":{"rendered":"","protected":false},"excerpt":{"rendered":"<h5>The effects of opium, which was cultivated in ancient high cultures, have always made <strong><em>the poppy<\/em> <\/strong>a symbol of deep sleep and oblivion. On the other hand, the abundance of seeds that ripen in <strong><em>a single poppy head<\/em><\/strong> makes it a traditional symbol of abundance, wealth and fertility. Like all spring flowers, the bright red flowers of the field poppy are a harbinger of spring awakening and a sign of love; moreover, they are the very image of the fire of love. But at the same time, the poppy also represents the fragility and transience of love, which can be as short-lived as a freshly plucked poppy flower. The poppy was also a favorite witch&#8217;s herb in the <em><strong>Middle Ages<\/strong> <\/em>and, as such, a metaphor for the night, dark forces, and witchcraft.<\/h5>\n<h6>Details:<\/h6>\n<ul>\n<li>\n<h6>Size: height 12\/13 cm, width 7\/8 cm<\/h6>\n<\/li>\n<li>\n<h6>Material: Ceramics<\/h6>\n<\/li>\n<li>\n<h6>In a gift bag with an attached certificate<\/h6>\n<\/li>\n<li>\n<h6>Designed with love for details<\/h6>\n<\/li>\n<li>\n<h6>An ideal gift for flower lovers and poppy fans<\/h6>\n<\/li>\n<\/ul>\n","protected":false},"featured_media":8119,"template":"","meta":{"_monsterinsights_skip_tracking":false,"_monsterinsights_sitenote_active":false,"_monsterinsights_sitenote_note":"","_monsterinsights_sitenote_category":0},"product_cat":[1623,1045],"product_tag":[1476],"aioseo_notices":[],"yoast_head":"<!-- This site is optimized with the Yoast SEO plugin v22.1 - https:\/\/yoast.com\/wordpress\/plugins\/seo\/ -->\n<title>Poppy - Etnogalerija Skrina<\/title>\n<meta name=\"description\" content=\"Zaradi u\u010dinkov opija, ki so ga pridelovali \u017ee v starih visokih kulturah, je mak od nekdaj simbol globokega sna in pozabe.\" \/>\n<meta name=\"robots\" content=\"index, follow, max-snippet:-1, max-image-preview:large, max-video-preview:-1\" \/>\n<link rel=\"canonical\" href=\"https:\/\/skrina.si\/sl\/product\/mak-eng\/\" \/>\n<meta property=\"og:locale\" content=\"sl_SI\" \/>\n<meta property=\"og:locale:alternate\" content=\"en_GB\" \/>\n<meta property=\"og:type\" content=\"article\" \/>\n<meta property=\"og:title\" content=\"Poppy\" \/>\n<meta property=\"og:description\" content=\"Zaradi u\u010dinkov opija, ki so ga pridelovali \u017ee v starih visokih kulturah, je mak od nekdaj simbol globokega sna in pozabe.\" \/>\n<meta property=\"og:url\" content=\"https:\/\/skrina.si\/sl\/product\/mak-eng\/\" \/>\n<meta property=\"og:site_name\" content=\"Etnogalerija Skrina\" \/>\n<meta property=\"article:modified_time\" content=\"2024-09-19T16:55:59+00:00\" \/>\n<meta property=\"og:image\" content=\"https:\/\/skrina.si\/wp-content\/uploads\/2021\/09\/Rozne-vile-poljski-mak-dekor-Slovenske-cvetlice-roze-Tradicija-s-posluhom-Etno-galerija-Skrina.jpg\" \/>\n\t<meta property=\"og:image:width\" content=\"1619\" \/>\n\t<meta property=\"og:image:height\" content=\"1213\" \/>\n\t<meta property=\"og:image:type\" content=\"image\/jpeg\" \/>\n<meta name=\"twitter:card\" content=\"summary_large_image\" \/>\n<meta name=\"twitter:label1\" content=\"Est. reading time\" \/>\n\t<meta name=\"twitter:data1\" content=\"1 minuta\" \/>\n<script type=\"application\/ld+json\" class=\"yoast-schema-graph\">{\"@context\":\"https:\/\/schema.org\",\"@graph\":[{\"@type\":\"WebPage\",\"@id\":\"https:\/\/skrina.si\/sl\/product\/mak-eng\/\",\"url\":\"https:\/\/skrina.si\/sl\/product\/mak-eng\/\",\"name\":\"Ro\u017ena vila [:en]Poppy[:sl]Poppy[:] - Etnogalerija Skrina\",\"isPartOf\":{\"@id\":\"https:\/\/skrina.si\/sl\/#website\"},\"datePublished\":\"2024-02-12T08:31:21+00:00\",\"dateModified\":\"2024-09-19T16:55:59+00:00\",\"description\":\"Zaradi u\u010dinkov opija, ki so ga pridelovali \u017ee v starih visokih kulturah, je mak od nekdaj simbol globokega sna in pozabe.\",\"breadcrumb\":{\"@id\":\"https:\/\/skrina.si\/sl\/product\/mak-eng\/#breadcrumb\"},\"inLanguage\":\"sl-SI\",\"potentialAction\":[{\"@type\":\"ReadAction\",\"target\":[\"https:\/\/skrina.si\/sl\/product\/mak-eng\/\"]}]},{\"@type\":\"BreadcrumbList\",\"@id\":\"https:\/\/skrina.si\/sl\/product\/mak-eng\/#breadcrumb\",\"itemListElement\":[{\"@type\":\"ListItem\",\"position\":1,\"name\":\"Home\",\"item\":\"https:\/\/skrina.si\/\"},{\"@type\":\"ListItem\",\"position\":2,\"name\":\"Shop\",\"item\":\"https:\/\/skrina.si\/shop\/\"},{\"@type\":\"ListItem\",\"position\":3,\"name\":\"Poppy\"}]},{\"@type\":\"WebSite\",\"@id\":\"https:\/\/skrina.si\/sl\/#website\",\"url\":\"https:\/\/skrina.si\/sl\/\",\"name\":\"Etnogalerija Skrina\",\"description\":\"Tradicija s posluhom\",\"potentialAction\":[{\"@type\":\"SearchAction\",\"target\":{\"@type\":\"EntryPoint\",\"urlTemplate\":\"https:\/\/skrina.si\/sl\/?s={search_term_string}\"},\"query-input\":\"required name=search_term_string\"}],\"inLanguage\":\"sl-SI\"}]}<\/script>\n<!-- \/ Yoast SEO plugin. -->","yoast_head_json":{"title":"Poppy - Etnogalerija Skrina","description":"Zaradi u\u010dinkov opija, ki so ga pridelovali \u017ee v starih visokih kulturah, je mak od nekdaj simbol globokega sna in pozabe.","robots":{"index":"index","follow":"follow","max-snippet":"max-snippet:-1","max-image-preview":"max-image-preview:large","max-video-preview":"max-video-preview:-1"},"canonical":"https:\/\/skrina.si\/sl\/product\/mak-eng\/","og_locale":"sl_SI","og_type":"article","og_title":"Ro\u017ena vila [:en]Poppy[:sl]Poppy[:] - Etnogalerija Skrina","og_description":"Zaradi u\u010dinkov opija, ki so ga pridelovali \u017ee v starih visokih kulturah, je mak od nekdaj simbol globokega sna in pozabe.","og_url":"https:\/\/skrina.si\/sl\/product\/mak-eng\/","og_site_name":"Etnogalerija Skrina","article_modified_time":"2024-09-19T16:55:59+00:00","og_image":[{"width":1619,"height":1213,"url":"https:\/\/skrina.si\/wp-content\/uploads\/2021\/09\/Rozne-vile-poljski-mak-dekor-Slovenske-cvetlice-roze-Tradicija-s-posluhom-Etno-galerija-Skrina.jpg","type":"image\/jpeg"}],"twitter_card":"summary_large_image","twitter_misc":{"Est. reading time":"1 minuta"},"schema":{"@context":"https:\/\/schema.org","@graph":[{"@type":"WebPage","@id":"https:\/\/skrina.si\/sl\/product\/mak-eng\/","url":"https:\/\/skrina.si\/sl\/product\/mak-eng\/","name":"Ro\u017ena vila [:en]Poppy[:sl]Poppy[:] - Etnogalerija Skrina","isPartOf":{"@id":"https:\/\/skrina.si\/sl\/#website"},"datePublished":"2024-02-12T08:31:21+00:00","dateModified":"2024-09-19T16:55:59+00:00","description":"Zaradi u\u010dinkov opija, ki so ga pridelovali \u017ee v starih visokih kulturah, je mak od nekdaj simbol globokega sna in pozabe.","breadcrumb":{"@id":"https:\/\/skrina.si\/sl\/product\/mak-eng\/#breadcrumb"},"inLanguage":"sl-SI","potentialAction":[{"@type":"ReadAction","target":["https:\/\/skrina.si\/sl\/product\/mak-eng\/"]}]},{"@type":"BreadcrumbList","@id":"https:\/\/skrina.si\/sl\/product\/mak-eng\/#breadcrumb","itemListElement":[{"@type":"ListItem","position":1,"name":"Home","item":"https:\/\/skrina.si\/"},{"@type":"ListItem","position":2,"name":"Shop","item":"https:\/\/skrina.si\/shop\/"},{"@type":"ListItem","position":3,"name":"Poppy"}]},{"@type":"WebSite","@id":"https:\/\/skrina.si\/sl\/#website","url":"https:\/\/skrina.si\/sl\/","name":"Etnogalerija Skrina","description":"Tradicija s posluhom","potentialAction":[{"@type":"SearchAction","target":{"@type":"EntryPoint","urlTemplate":"https:\/\/skrina.si\/sl\/?s={search_term_string}"},"query-input":"required name=search_term_string"}],"inLanguage":"sl-SI"}]}},"_links":{"self":[{"href":"https:\/\/skrina.si\/sl\/wp-json\/wp\/v2\/product\/12806"}],"collection":[{"href":"https:\/\/skrina.si\/sl\/wp-json\/wp\/v2\/product"}],"about":[{"href":"https:\/\/skrina.si\/sl\/wp-json\/wp\/v2\/types\/product"}],"wp:featuredmedia":[{"embeddable":true,"href":"https:\/\/skrina.si\/sl\/wp-json\/wp\/v2\/media\/8119"}],"wp:attachment":[{"href":"https:\/\/skrina.si\/sl\/wp-json\/wp\/v2\/media?parent=12806"}],"wp:term":[{"taxonomy":"product_cat","embeddable":true,"href":"https:\/\/skrina.si\/sl\/wp-json\/wp\/v2\/product_cat?post=12806"},{"taxonomy":"product_tag","embeddable":true,"href":"https:\/\/skrina.si\/sl\/wp-json\/wp\/v2\/product_tag?post=12806"}],"curies":[{"name":"wp","href":"https:\/\/api.w.org\/{rel}","templated":true}]}}