{"id":12804,"date":"2024-02-14T09:31:14","date_gmt":"2024-02-14T08:31:14","guid":{"rendered":"https:\/\/skrina.si\/?post_type=product&#038;p=12804"},"modified":"2024-09-19T18:48:36","modified_gmt":"2024-09-19T16:48:36","slug":"vijolica-eng","status":"publish","type":"product","link":"https:\/\/skrina.si\/sl\/product\/vijolica-eng\/","title":{"rendered":"Violet"},"content":{"rendered":"","protected":false},"excerpt":{"rendered":"<h5>In European culture, <strong><em>the sweet violet<\/em><\/strong> is probably best known as a symbol of humility, modesty, and hidden love. Such symbolic meanings are mainly linked to the low growth of the flower, which bends its fading flowers to the ground and hides them shyly among the green foliage. But the violet has other, almost diametrically opposite symbolic meanings. The tiny flower is also a symbol of courage, perseverance, and resilience, a flower that <strong><em>Napoleon Bonaparte<\/em><\/strong> chose as his emblem because violets were the favorite flower of his wife, <em><strong>Empress Josephine<\/strong><\/em>. They have been celebrated by many poets and writers, painted by masters of floral still-life painting, and have also been a prized fashion accessory and an important decorative motif in arts and crafts. Even today, a bouquet of these fragrant flowers is often an expression of attention and affection that is still a little shy of the right words.<\/h5>\n<h6>Details:<\/h6>\n<ul>\n<li>\n<h6>Size: height 12\/13 cm, width 7\/8 cm<\/h6>\n<\/li>\n<li>\n<h6>Material: Ceramics<\/h6>\n<\/li>\n<li>\n<h6>In a gift bag with an attached certificate<\/h6>\n<\/li>\n<li>\n<h6>Designed with love for details<\/h6>\n<\/li>\n<li>\n<h6>An ideal gift for flower lovers and poppy fans<\/h6>\n<\/li>\n<\/ul>\n","protected":false},"featured_media":8100,"template":"","meta":{"_monsterinsights_skip_tracking":false,"_monsterinsights_sitenote_active":false,"_monsterinsights_sitenote_note":"","_monsterinsights_sitenote_category":0},"product_cat":[1623,1045],"product_tag":[1438],"aioseo_notices":[],"yoast_head":"<!-- This site is optimized with the Yoast SEO plugin v22.1 - https:\/\/yoast.com\/wordpress\/plugins\/seo\/ -->\n<title>Violet - Etnogalerija Skrina<\/title>\n<meta name=\"description\" content=\"V evropski kulturi je di\u0161e\u010da vijolica verjetno najbolj znana kot simbol poni\u017enosti, skromnosti in skrite ljubezni.\" \/>\n<meta name=\"robots\" content=\"index, follow, max-snippet:-1, max-image-preview:large, max-video-preview:-1\" \/>\n<link rel=\"canonical\" href=\"https:\/\/skrina.si\/sl\/product\/vijolica-eng\/\" \/>\n<meta property=\"og:locale\" content=\"sl_SI\" \/>\n<meta property=\"og:locale:alternate\" content=\"en_GB\" \/>\n<meta property=\"og:type\" content=\"article\" \/>\n<meta property=\"og:title\" content=\"Violet\" \/>\n<meta property=\"og:description\" content=\"V evropski kulturi je di\u0161e\u010da vijolica verjetno najbolj znana kot simbol poni\u017enosti, skromnosti in skrite ljubezni.\" \/>\n<meta property=\"og:url\" content=\"https:\/\/skrina.si\/sl\/product\/vijolica-eng\/\" \/>\n<meta property=\"og:site_name\" content=\"Etnogalerija Skrina\" \/>\n<meta property=\"article:modified_time\" content=\"2024-09-19T16:48:36+00:00\" \/>\n<meta property=\"og:image\" content=\"https:\/\/skrina.si\/wp-content\/uploads\/2021\/07\/Rozne-vile-vijolica-dekor-Slovenske-cvetlice-roze-Tradicija-s-posluhom-Etno-galerija-Skrina.jpg\" \/>\n\t<meta property=\"og:image:width\" content=\"1619\" \/>\n\t<meta property=\"og:image:height\" content=\"1213\" \/>\n\t<meta property=\"og:image:type\" content=\"image\/jpeg\" \/>\n<meta name=\"twitter:card\" content=\"summary_large_image\" \/>\n<meta name=\"twitter:label1\" content=\"Est. reading time\" \/>\n\t<meta name=\"twitter:data1\" content=\"1 minuta\" \/>\n<script type=\"application\/ld+json\" class=\"yoast-schema-graph\">{\"@context\":\"https:\/\/schema.org\",\"@graph\":[{\"@type\":\"WebPage\",\"@id\":\"https:\/\/skrina.si\/sl\/product\/vijolica-eng\/\",\"url\":\"https:\/\/skrina.si\/sl\/product\/vijolica-eng\/\",\"name\":\"Ro\u017ena vila [:en]Violet[:sl]Violet[:] - Etnogalerija Skrina\",\"isPartOf\":{\"@id\":\"https:\/\/skrina.si\/sl\/#website\"},\"datePublished\":\"2024-02-14T08:31:14+00:00\",\"dateModified\":\"2024-09-19T16:48:36+00:00\",\"description\":\"V evropski kulturi je di\u0161e\u010da vijolica verjetno najbolj znana kot simbol poni\u017enosti, skromnosti in skrite ljubezni.\",\"breadcrumb\":{\"@id\":\"https:\/\/skrina.si\/sl\/product\/vijolica-eng\/#breadcrumb\"},\"inLanguage\":\"sl-SI\",\"potentialAction\":[{\"@type\":\"ReadAction\",\"target\":[\"https:\/\/skrina.si\/sl\/product\/vijolica-eng\/\"]}]},{\"@type\":\"BreadcrumbList\",\"@id\":\"https:\/\/skrina.si\/sl\/product\/vijolica-eng\/#breadcrumb\",\"itemListElement\":[{\"@type\":\"ListItem\",\"position\":1,\"name\":\"Home\",\"item\":\"https:\/\/skrina.si\/\"},{\"@type\":\"ListItem\",\"position\":2,\"name\":\"Shop\",\"item\":\"https:\/\/skrina.si\/shop\/\"},{\"@type\":\"ListItem\",\"position\":3,\"name\":\"Violet\"}]},{\"@type\":\"WebSite\",\"@id\":\"https:\/\/skrina.si\/sl\/#website\",\"url\":\"https:\/\/skrina.si\/sl\/\",\"name\":\"Etnogalerija Skrina\",\"description\":\"Tradicija s posluhom\",\"potentialAction\":[{\"@type\":\"SearchAction\",\"target\":{\"@type\":\"EntryPoint\",\"urlTemplate\":\"https:\/\/skrina.si\/sl\/?s={search_term_string}\"},\"query-input\":\"required name=search_term_string\"}],\"inLanguage\":\"sl-SI\"}]}<\/script>\n<!-- \/ Yoast SEO plugin. -->","yoast_head_json":{"title":"Violet - Etnogalerija Skrina","description":"V evropski kulturi je di\u0161e\u010da vijolica verjetno najbolj znana kot simbol poni\u017enosti, skromnosti in skrite ljubezni.","robots":{"index":"index","follow":"follow","max-snippet":"max-snippet:-1","max-image-preview":"max-image-preview:large","max-video-preview":"max-video-preview:-1"},"canonical":"https:\/\/skrina.si\/sl\/product\/vijolica-eng\/","og_locale":"sl_SI","og_type":"article","og_title":"Ro\u017ena vila [:en]Violet[:sl]Violet[:] - Etnogalerija Skrina","og_description":"V evropski kulturi je di\u0161e\u010da vijolica verjetno najbolj znana kot simbol poni\u017enosti, skromnosti in skrite ljubezni.","og_url":"https:\/\/skrina.si\/sl\/product\/vijolica-eng\/","og_site_name":"Etnogalerija Skrina","article_modified_time":"2024-09-19T16:48:36+00:00","og_image":[{"width":1619,"height":1213,"url":"https:\/\/skrina.si\/wp-content\/uploads\/2021\/07\/Rozne-vile-vijolica-dekor-Slovenske-cvetlice-roze-Tradicija-s-posluhom-Etno-galerija-Skrina.jpg","type":"image\/jpeg"}],"twitter_card":"summary_large_image","twitter_misc":{"Est. reading time":"1 minuta"},"schema":{"@context":"https:\/\/schema.org","@graph":[{"@type":"WebPage","@id":"https:\/\/skrina.si\/sl\/product\/vijolica-eng\/","url":"https:\/\/skrina.si\/sl\/product\/vijolica-eng\/","name":"Ro\u017ena vila [:en]Violet[:sl]Violet[:] - Etnogalerija Skrina","isPartOf":{"@id":"https:\/\/skrina.si\/sl\/#website"},"datePublished":"2024-02-14T08:31:14+00:00","dateModified":"2024-09-19T16:48:36+00:00","description":"V evropski kulturi je di\u0161e\u010da vijolica verjetno najbolj znana kot simbol poni\u017enosti, skromnosti in skrite ljubezni.","breadcrumb":{"@id":"https:\/\/skrina.si\/sl\/product\/vijolica-eng\/#breadcrumb"},"inLanguage":"sl-SI","potentialAction":[{"@type":"ReadAction","target":["https:\/\/skrina.si\/sl\/product\/vijolica-eng\/"]}]},{"@type":"BreadcrumbList","@id":"https:\/\/skrina.si\/sl\/product\/vijolica-eng\/#breadcrumb","itemListElement":[{"@type":"ListItem","position":1,"name":"Home","item":"https:\/\/skrina.si\/"},{"@type":"ListItem","position":2,"name":"Shop","item":"https:\/\/skrina.si\/shop\/"},{"@type":"ListItem","position":3,"name":"Violet"}]},{"@type":"WebSite","@id":"https:\/\/skrina.si\/sl\/#website","url":"https:\/\/skrina.si\/sl\/","name":"Etnogalerija Skrina","description":"Tradicija s posluhom","potentialAction":[{"@type":"SearchAction","target":{"@type":"EntryPoint","urlTemplate":"https:\/\/skrina.si\/sl\/?s={search_term_string}"},"query-input":"required name=search_term_string"}],"inLanguage":"sl-SI"}]}},"_links":{"self":[{"href":"https:\/\/skrina.si\/sl\/wp-json\/wp\/v2\/product\/12804"}],"collection":[{"href":"https:\/\/skrina.si\/sl\/wp-json\/wp\/v2\/product"}],"about":[{"href":"https:\/\/skrina.si\/sl\/wp-json\/wp\/v2\/types\/product"}],"wp:featuredmedia":[{"embeddable":true,"href":"https:\/\/skrina.si\/sl\/wp-json\/wp\/v2\/media\/8100"}],"wp:attachment":[{"href":"https:\/\/skrina.si\/sl\/wp-json\/wp\/v2\/media?parent=12804"}],"wp:term":[{"taxonomy":"product_cat","embeddable":true,"href":"https:\/\/skrina.si\/sl\/wp-json\/wp\/v2\/product_cat?post=12804"},{"taxonomy":"product_tag","embeddable":true,"href":"https:\/\/skrina.si\/sl\/wp-json\/wp\/v2\/product_tag?post=12804"}],"curies":[{"name":"wp","href":"https:\/\/api.w.org\/{rel}","templated":true}]}}