{"id":12801,"date":"2024-02-18T09:31:01","date_gmt":"2024-02-18T08:31:01","guid":{"rendered":"https:\/\/skrina.si\/?post_type=product&#038;p=12801"},"modified":"2024-09-19T18:38:18","modified_gmt":"2024-09-19T16:38:18","slug":"zafran-eng","status":"publish","type":"product","link":"https:\/\/skrina.si\/sl\/product\/zafran-eng\/","title":{"rendered":"Saffron"},"content":{"rendered":"","protected":false},"excerpt":{"rendered":"<h5 style=\"text-align: justify;\">Just as the dawn chases the night away again each morning on its wings, so the <strong><em>saffron or the crocus<\/em><\/strong> blooms each spring on barely thawed earth, or even peeks out from under the patches of last snow. That is why, almost everywhere it grows, the saffron is a symbol of spring, of awakened life, of hope and joy. The golden yellow saffron, with its silky blossoms, is also a symbol of light and enlightenment, but also of abundance and fabulous luxury. Its relative, the true saffron, was already a symbol of wealth in antiquity, as it was used as an extremely expensive dye to dye silk in China and India, requiring up to two hundred thousand flowers per kilo of saffron stigma from which the dye was made. Although saffron has long since fallen out of use in the textile industry for dyeing fabrics, the saying <strong><em>&#8220;as expensive as saffron&#8221;<\/em><\/strong> has not faded into oblivion and is still used today.<\/h5>\n<h6>Details:<\/h6>\n<ul>\n<li>\n<h6>Size: height 12\/13 cm, width 7\/8 cm<\/h6>\n<\/li>\n<li>\n<h6>Material: Ceramics<\/h6>\n<\/li>\n<li>\n<h6>In a gift bag with an attached certificate<\/h6>\n<\/li>\n<li>\n<h6>Designed with love for details<\/h6>\n<\/li>\n<li>\n<h6>An ideal gift for flower lovers and poppy fans<\/h6>\n<\/li>\n<\/ul>\n","protected":false},"featured_media":8204,"template":"","meta":{"_monsterinsights_skip_tracking":false,"_monsterinsights_sitenote_active":false,"_monsterinsights_sitenote_note":"","_monsterinsights_sitenote_category":0},"product_cat":[1623,1045],"product_tag":[1446],"aioseo_notices":[],"yoast_head":"<!-- This site is optimized with the Yoast SEO plugin v22.1 - https:\/\/yoast.com\/wordpress\/plugins\/seo\/ -->\n<title>Saffron - Etnogalerija Skrina<\/title>\n<meta name=\"description\" content=\"Zlato rumeni \u017eafran je s svilnatimi cvetovi obenem tudi simbol lu\u010di in razsvetljenja, pa tudi izobilja in pravlji\u010dnega razko\u0161ja.\" \/>\n<meta name=\"robots\" content=\"index, follow, max-snippet:-1, max-image-preview:large, max-video-preview:-1\" \/>\n<link rel=\"canonical\" href=\"https:\/\/skrina.si\/sl\/product\/zafran-eng\/\" \/>\n<meta property=\"og:locale\" content=\"sl_SI\" \/>\n<meta property=\"og:locale:alternate\" content=\"en_GB\" \/>\n<meta property=\"og:type\" content=\"article\" \/>\n<meta property=\"og:title\" content=\"Saffron\" \/>\n<meta property=\"og:description\" content=\"Zlato rumeni \u017eafran je s svilnatimi cvetovi obenem tudi simbol lu\u010di in razsvetljenja, pa tudi izobilja in pravlji\u010dnega razko\u0161ja.\" \/>\n<meta property=\"og:url\" content=\"https:\/\/skrina.si\/sl\/product\/zafran-eng\/\" \/>\n<meta property=\"og:site_name\" content=\"Etnogalerija Skrina\" \/>\n<meta property=\"article:modified_time\" content=\"2024-09-19T16:38:18+00:00\" \/>\n<meta property=\"og:image\" content=\"https:\/\/skrina.si\/wp-content\/uploads\/2022\/03\/Rozne-vile-zafran-rumen-dekor-Slovenske-cvetlice-roze-Tradicija-s-posluhom-Etno-galerija-Skrina.jpg\" \/>\n\t<meta property=\"og:image:width\" content=\"1619\" \/>\n\t<meta property=\"og:image:height\" content=\"1213\" \/>\n\t<meta property=\"og:image:type\" content=\"image\/jpeg\" \/>\n<meta name=\"twitter:card\" content=\"summary_large_image\" \/>\n<meta name=\"twitter:label1\" content=\"Est. reading time\" \/>\n\t<meta name=\"twitter:data1\" content=\"1 minuta\" \/>\n<script type=\"application\/ld+json\" class=\"yoast-schema-graph\">{\"@context\":\"https:\/\/schema.org\",\"@graph\":[{\"@type\":\"WebPage\",\"@id\":\"https:\/\/skrina.si\/sl\/product\/zafran-eng\/\",\"url\":\"https:\/\/skrina.si\/sl\/product\/zafran-eng\/\",\"name\":\"[:en]Saffron[:sl]Saffron[:] - Etnogalerija Skrina\",\"isPartOf\":{\"@id\":\"https:\/\/skrina.si\/sl\/#website\"},\"datePublished\":\"2024-02-18T08:31:01+00:00\",\"dateModified\":\"2024-09-19T16:38:18+00:00\",\"description\":\"Zlato rumeni \u017eafran je s svilnatimi cvetovi obenem tudi simbol lu\u010di in razsvetljenja, pa tudi izobilja in pravlji\u010dnega razko\u0161ja.\",\"breadcrumb\":{\"@id\":\"https:\/\/skrina.si\/sl\/product\/zafran-eng\/#breadcrumb\"},\"inLanguage\":\"sl-SI\",\"potentialAction\":[{\"@type\":\"ReadAction\",\"target\":[\"https:\/\/skrina.si\/sl\/product\/zafran-eng\/\"]}]},{\"@type\":\"BreadcrumbList\",\"@id\":\"https:\/\/skrina.si\/sl\/product\/zafran-eng\/#breadcrumb\",\"itemListElement\":[{\"@type\":\"ListItem\",\"position\":1,\"name\":\"Home\",\"item\":\"https:\/\/skrina.si\/\"},{\"@type\":\"ListItem\",\"position\":2,\"name\":\"Shop\",\"item\":\"https:\/\/skrina.si\/shop\/\"},{\"@type\":\"ListItem\",\"position\":3,\"name\":\"Saffron\"}]},{\"@type\":\"WebSite\",\"@id\":\"https:\/\/skrina.si\/sl\/#website\",\"url\":\"https:\/\/skrina.si\/sl\/\",\"name\":\"Etnogalerija Skrina\",\"description\":\"Tradicija s posluhom\",\"potentialAction\":[{\"@type\":\"SearchAction\",\"target\":{\"@type\":\"EntryPoint\",\"urlTemplate\":\"https:\/\/skrina.si\/sl\/?s={search_term_string}\"},\"query-input\":\"required name=search_term_string\"}],\"inLanguage\":\"sl-SI\"}]}<\/script>\n<!-- \/ Yoast SEO plugin. -->","yoast_head_json":{"title":"Saffron - Etnogalerija Skrina","description":"Zlato rumeni \u017eafran je s svilnatimi cvetovi obenem tudi simbol lu\u010di in razsvetljenja, pa tudi izobilja in pravlji\u010dnega razko\u0161ja.","robots":{"index":"index","follow":"follow","max-snippet":"max-snippet:-1","max-image-preview":"max-image-preview:large","max-video-preview":"max-video-preview:-1"},"canonical":"https:\/\/skrina.si\/sl\/product\/zafran-eng\/","og_locale":"sl_SI","og_type":"article","og_title":"[:en]Saffron[:sl]Saffron[:] - Etnogalerija Skrina","og_description":"Zlato rumeni \u017eafran je s svilnatimi cvetovi obenem tudi simbol lu\u010di in razsvetljenja, pa tudi izobilja in pravlji\u010dnega razko\u0161ja.","og_url":"https:\/\/skrina.si\/sl\/product\/zafran-eng\/","og_site_name":"Etnogalerija Skrina","article_modified_time":"2024-09-19T16:38:18+00:00","og_image":[{"width":1619,"height":1213,"url":"https:\/\/skrina.si\/wp-content\/uploads\/2022\/03\/Rozne-vile-zafran-rumen-dekor-Slovenske-cvetlice-roze-Tradicija-s-posluhom-Etno-galerija-Skrina.jpg","type":"image\/jpeg"}],"twitter_card":"summary_large_image","twitter_misc":{"Est. reading time":"1 minuta"},"schema":{"@context":"https:\/\/schema.org","@graph":[{"@type":"WebPage","@id":"https:\/\/skrina.si\/sl\/product\/zafran-eng\/","url":"https:\/\/skrina.si\/sl\/product\/zafran-eng\/","name":"[:en]Saffron[:sl]Saffron[:] - Etnogalerija Skrina","isPartOf":{"@id":"https:\/\/skrina.si\/sl\/#website"},"datePublished":"2024-02-18T08:31:01+00:00","dateModified":"2024-09-19T16:38:18+00:00","description":"Zlato rumeni \u017eafran je s svilnatimi cvetovi obenem tudi simbol lu\u010di in razsvetljenja, pa tudi izobilja in pravlji\u010dnega razko\u0161ja.","breadcrumb":{"@id":"https:\/\/skrina.si\/sl\/product\/zafran-eng\/#breadcrumb"},"inLanguage":"sl-SI","potentialAction":[{"@type":"ReadAction","target":["https:\/\/skrina.si\/sl\/product\/zafran-eng\/"]}]},{"@type":"BreadcrumbList","@id":"https:\/\/skrina.si\/sl\/product\/zafran-eng\/#breadcrumb","itemListElement":[{"@type":"ListItem","position":1,"name":"Home","item":"https:\/\/skrina.si\/"},{"@type":"ListItem","position":2,"name":"Shop","item":"https:\/\/skrina.si\/shop\/"},{"@type":"ListItem","position":3,"name":"Saffron"}]},{"@type":"WebSite","@id":"https:\/\/skrina.si\/sl\/#website","url":"https:\/\/skrina.si\/sl\/","name":"Etnogalerija Skrina","description":"Tradicija s posluhom","potentialAction":[{"@type":"SearchAction","target":{"@type":"EntryPoint","urlTemplate":"https:\/\/skrina.si\/sl\/?s={search_term_string}"},"query-input":"required name=search_term_string"}],"inLanguage":"sl-SI"}]}},"_links":{"self":[{"href":"https:\/\/skrina.si\/sl\/wp-json\/wp\/v2\/product\/12801"}],"collection":[{"href":"https:\/\/skrina.si\/sl\/wp-json\/wp\/v2\/product"}],"about":[{"href":"https:\/\/skrina.si\/sl\/wp-json\/wp\/v2\/types\/product"}],"wp:featuredmedia":[{"embeddable":true,"href":"https:\/\/skrina.si\/sl\/wp-json\/wp\/v2\/media\/8204"}],"wp:attachment":[{"href":"https:\/\/skrina.si\/sl\/wp-json\/wp\/v2\/media?parent=12801"}],"wp:term":[{"taxonomy":"product_cat","embeddable":true,"href":"https:\/\/skrina.si\/sl\/wp-json\/wp\/v2\/product_cat?post=12801"},{"taxonomy":"product_tag","embeddable":true,"href":"https:\/\/skrina.si\/sl\/wp-json\/wp\/v2\/product_tag?post=12801"}],"curies":[{"name":"wp","href":"https:\/\/api.w.org\/{rel}","templated":true}]}}