{"id":12799,"date":"2024-02-20T09:30:59","date_gmt":"2024-02-20T08:30:59","guid":{"rendered":"https:\/\/skrina.si\/?post_type=product&#038;p=12799"},"modified":"2024-09-19T18:37:00","modified_gmt":"2024-09-19T16:37:00","slug":"dropping-tulip","status":"publish","type":"product","link":"https:\/\/skrina.si\/sl\/product\/dropping-tulip\/","title":{"rendered":"Dropping tulip"},"content":{"rendered":"","protected":false},"excerpt":{"rendered":"<h5><strong><em>The drooping tulip<\/em><\/strong>, or <strong><em>the chess flower<\/em><\/strong>, has been a <strong><em>protected<\/em><\/strong> native plant species in Slovenia <strong><em>since 1949<\/em><\/strong>, when a decree on the protection of natural heritage stated that &#8220;It may not be plucked, cut down, sold, offered for purchase or exported&#8230;&#8221;, with violators facing fines of up to <em><strong>25,000 dinars<\/strong><\/em> and, in serious cases, even forced labor without imprisonment. Initially, the penalty applied only to individual plants, but today their habitat, which is being cruelly reduced by the draining of wetlands, fertilization, and early mowing of meadows, is also protected. Twenty years ago, the <em><strong>Ljubljana Marsh<\/strong><\/em> was home to dense patches of drooping tulips, but today the standard of a hundred flowers or more per square meter is a thing of the past. It impresses people with its large, drooping, wine-red flowers and a pattern resembling a chessboard. In Croatia, it is called \u2035kockarica\u2032 (the dice flower), and in English-speaking areas it is called the widow&#8217;s veil because of its toxic alkaloids. The drooping tulip is found in many Slovenian municipal coats of arms: <strong><em>Brezovica, Dobrovnik, Trnovska vas and Trzin.<\/em><\/strong><\/h5>\n<h6>Details:<\/h6>\n<ul>\n<li>\n<h6>Size: height 12\/13 cm, width 7\/8 cm<\/h6>\n<\/li>\n<li>\n<h6>Material: Ceramics<\/h6>\n<\/li>\n<li>\n<h6>In a gift bag with an attached certificate<\/h6>\n<\/li>\n<li>\n<h6>Designed with love for details<\/h6>\n<\/li>\n<li>\n<h6>An ideal gift for flower lovers and poppy fans<\/h6>\n<\/li>\n<\/ul>\n","protected":false},"featured_media":8091,"template":"","meta":{"_monsterinsights_skip_tracking":false,"_monsterinsights_sitenote_active":false,"_monsterinsights_sitenote_note":"","_monsterinsights_sitenote_category":0},"product_cat":[1623,1045],"product_tag":[1448],"aioseo_notices":[],"yoast_head":"<!-- This site is optimized with the Yoast SEO plugin v22.1 - https:\/\/yoast.com\/wordpress\/plugins\/seo\/ -->\n<title>Dropping tulip - Etnogalerija Skrina<\/title>\n<meta name=\"description\" content=\"Mo\u010dvirski tulipan ali logarica na ljudi naredi vtis z velikim, pove\u0161enim cvetom vinsko rde\u010de barve in vzorcem, ki spominja na \u0161ahovnico.\" \/>\n<meta name=\"robots\" content=\"index, follow, max-snippet:-1, max-image-preview:large, max-video-preview:-1\" \/>\n<link rel=\"canonical\" href=\"https:\/\/skrina.si\/sl\/product\/dropping-tulip\/\" \/>\n<meta property=\"og:locale\" content=\"sl_SI\" \/>\n<meta property=\"og:locale:alternate\" content=\"en_GB\" \/>\n<meta property=\"og:type\" content=\"article\" \/>\n<meta property=\"og:title\" content=\"Dropping tulip\" \/>\n<meta property=\"og:description\" content=\"Mo\u010dvirski tulipan ali logarica na ljudi naredi vtis z velikim, pove\u0161enim cvetom vinsko rde\u010de barve in vzorcem, ki spominja na \u0161ahovnico.\" \/>\n<meta property=\"og:url\" content=\"https:\/\/skrina.si\/sl\/product\/dropping-tulip\/\" \/>\n<meta property=\"og:site_name\" content=\"Etnogalerija Skrina\" \/>\n<meta property=\"article:modified_time\" content=\"2024-09-19T16:37:00+00:00\" \/>\n<meta property=\"og:image\" content=\"https:\/\/skrina.si\/wp-content\/uploads\/2021\/03\/Rozne-vile-mocvirski-tulipan-dekor-Slovenske-cvetlice-roze-Tradicija-s-posluhom-Etno-galerija-Skrina.jpg\" \/>\n\t<meta property=\"og:image:width\" content=\"1619\" \/>\n\t<meta property=\"og:image:height\" content=\"1213\" \/>\n\t<meta property=\"og:image:type\" content=\"image\/jpeg\" \/>\n<meta name=\"twitter:card\" content=\"summary_large_image\" \/>\n<meta name=\"twitter:label1\" content=\"Est. reading time\" \/>\n\t<meta name=\"twitter:data1\" content=\"1 minuta\" \/>\n<script type=\"application\/ld+json\" class=\"yoast-schema-graph\">{\"@context\":\"https:\/\/schema.org\",\"@graph\":[{\"@type\":\"WebPage\",\"@id\":\"https:\/\/skrina.si\/sl\/product\/dropping-tulip\/\",\"url\":\"https:\/\/skrina.si\/sl\/product\/dropping-tulip\/\",\"name\":\"[:en]Dropping tulip[:sl]Dropping tulip[:] - Etnogalerija Skrina\",\"isPartOf\":{\"@id\":\"https:\/\/skrina.si\/sl\/#website\"},\"datePublished\":\"2024-02-20T08:30:59+00:00\",\"dateModified\":\"2024-09-19T16:37:00+00:00\",\"description\":\"Mo\u010dvirski tulipan ali logarica na ljudi naredi vtis z velikim, pove\u0161enim cvetom vinsko rde\u010de barve in vzorcem, ki spominja na \u0161ahovnico.\",\"breadcrumb\":{\"@id\":\"https:\/\/skrina.si\/sl\/product\/dropping-tulip\/#breadcrumb\"},\"inLanguage\":\"sl-SI\",\"potentialAction\":[{\"@type\":\"ReadAction\",\"target\":[\"https:\/\/skrina.si\/sl\/product\/dropping-tulip\/\"]}]},{\"@type\":\"BreadcrumbList\",\"@id\":\"https:\/\/skrina.si\/sl\/product\/dropping-tulip\/#breadcrumb\",\"itemListElement\":[{\"@type\":\"ListItem\",\"position\":1,\"name\":\"Home\",\"item\":\"https:\/\/skrina.si\/\"},{\"@type\":\"ListItem\",\"position\":2,\"name\":\"Shop\",\"item\":\"https:\/\/skrina.si\/shop\/\"},{\"@type\":\"ListItem\",\"position\":3,\"name\":\"Dropping tulip\"}]},{\"@type\":\"WebSite\",\"@id\":\"https:\/\/skrina.si\/sl\/#website\",\"url\":\"https:\/\/skrina.si\/sl\/\",\"name\":\"Etnogalerija Skrina\",\"description\":\"Tradicija s posluhom\",\"potentialAction\":[{\"@type\":\"SearchAction\",\"target\":{\"@type\":\"EntryPoint\",\"urlTemplate\":\"https:\/\/skrina.si\/sl\/?s={search_term_string}\"},\"query-input\":\"required name=search_term_string\"}],\"inLanguage\":\"sl-SI\"}]}<\/script>\n<!-- \/ Yoast SEO plugin. -->","yoast_head_json":{"title":"Dropping tulip - Etnogalerija Skrina","description":"Mo\u010dvirski tulipan ali logarica na ljudi naredi vtis z velikim, pove\u0161enim cvetom vinsko rde\u010de barve in vzorcem, ki spominja na \u0161ahovnico.","robots":{"index":"index","follow":"follow","max-snippet":"max-snippet:-1","max-image-preview":"max-image-preview:large","max-video-preview":"max-video-preview:-1"},"canonical":"https:\/\/skrina.si\/sl\/product\/dropping-tulip\/","og_locale":"sl_SI","og_type":"article","og_title":"[:en]Dropping tulip[:sl]Dropping tulip[:] - Etnogalerija Skrina","og_description":"Mo\u010dvirski tulipan ali logarica na ljudi naredi vtis z velikim, pove\u0161enim cvetom vinsko rde\u010de barve in vzorcem, ki spominja na \u0161ahovnico.","og_url":"https:\/\/skrina.si\/sl\/product\/dropping-tulip\/","og_site_name":"Etnogalerija Skrina","article_modified_time":"2024-09-19T16:37:00+00:00","og_image":[{"width":1619,"height":1213,"url":"https:\/\/skrina.si\/wp-content\/uploads\/2021\/03\/Rozne-vile-mocvirski-tulipan-dekor-Slovenske-cvetlice-roze-Tradicija-s-posluhom-Etno-galerija-Skrina.jpg","type":"image\/jpeg"}],"twitter_card":"summary_large_image","twitter_misc":{"Est. reading time":"1 minuta"},"schema":{"@context":"https:\/\/schema.org","@graph":[{"@type":"WebPage","@id":"https:\/\/skrina.si\/sl\/product\/dropping-tulip\/","url":"https:\/\/skrina.si\/sl\/product\/dropping-tulip\/","name":"[:en]Dropping tulip[:sl]Dropping tulip[:] - Etnogalerija Skrina","isPartOf":{"@id":"https:\/\/skrina.si\/sl\/#website"},"datePublished":"2024-02-20T08:30:59+00:00","dateModified":"2024-09-19T16:37:00+00:00","description":"Mo\u010dvirski tulipan ali logarica na ljudi naredi vtis z velikim, pove\u0161enim cvetom vinsko rde\u010de barve in vzorcem, ki spominja na \u0161ahovnico.","breadcrumb":{"@id":"https:\/\/skrina.si\/sl\/product\/dropping-tulip\/#breadcrumb"},"inLanguage":"sl-SI","potentialAction":[{"@type":"ReadAction","target":["https:\/\/skrina.si\/sl\/product\/dropping-tulip\/"]}]},{"@type":"BreadcrumbList","@id":"https:\/\/skrina.si\/sl\/product\/dropping-tulip\/#breadcrumb","itemListElement":[{"@type":"ListItem","position":1,"name":"Home","item":"https:\/\/skrina.si\/"},{"@type":"ListItem","position":2,"name":"Shop","item":"https:\/\/skrina.si\/shop\/"},{"@type":"ListItem","position":3,"name":"Dropping tulip"}]},{"@type":"WebSite","@id":"https:\/\/skrina.si\/sl\/#website","url":"https:\/\/skrina.si\/sl\/","name":"Etnogalerija Skrina","description":"Tradicija s posluhom","potentialAction":[{"@type":"SearchAction","target":{"@type":"EntryPoint","urlTemplate":"https:\/\/skrina.si\/sl\/?s={search_term_string}"},"query-input":"required name=search_term_string"}],"inLanguage":"sl-SI"}]}},"_links":{"self":[{"href":"https:\/\/skrina.si\/sl\/wp-json\/wp\/v2\/product\/12799"}],"collection":[{"href":"https:\/\/skrina.si\/sl\/wp-json\/wp\/v2\/product"}],"about":[{"href":"https:\/\/skrina.si\/sl\/wp-json\/wp\/v2\/types\/product"}],"wp:featuredmedia":[{"embeddable":true,"href":"https:\/\/skrina.si\/sl\/wp-json\/wp\/v2\/media\/8091"}],"wp:attachment":[{"href":"https:\/\/skrina.si\/sl\/wp-json\/wp\/v2\/media?parent=12799"}],"wp:term":[{"taxonomy":"product_cat","embeddable":true,"href":"https:\/\/skrina.si\/sl\/wp-json\/wp\/v2\/product_cat?post=12799"},{"taxonomy":"product_tag","embeddable":true,"href":"https:\/\/skrina.si\/sl\/wp-json\/wp\/v2\/product_tag?post=12799"}],"curies":[{"name":"wp","href":"https:\/\/api.w.org\/{rel}","templated":true}]}}