{"id":12797,"date":"2024-02-22T09:30:56","date_gmt":"2024-02-22T08:30:56","guid":{"rendered":"https:\/\/skrina.si\/?post_type=product&#038;p=12797"},"modified":"2024-09-19T18:33:34","modified_gmt":"2024-09-19T16:33:34","slug":"gentiana","status":"publish","type":"product","link":"https:\/\/skrina.si\/sl\/product\/gentiana\/","title":{"rendered":"Gentiana"},"content":{"rendered":"","protected":false},"excerpt":{"rendered":"<h5 style=\"text-align: justify;\">Mountain flowers have always been attractive to humans. Perhaps because they grow in very harsh, high mountain conditions where survival is very difficult.<br \/>\nPlants have adapted in different ways to long and cold winters, short summers, low temperatures, strong ultraviolet radiation, wind, lack of water, and shallow and poorly nourishing soils. Some with intense flower color and dwarf, cushion-like growth, others with fleshy or hairy leaves. People also wanted mountain flowers in their homes, which led to fewer and fewer of them in the mountains, that&#8217;s why many are now protected. When we think of the blue-flowering clusia, we most often think of its common name, <strong>gentiana<\/strong>.<br \/>\nThe reputation of gentiana spread in our region with the popular song by musician <em><strong>Slavko Avsenika<\/strong><\/em> \u2032<strong><em>Tam, kjer murke cveto\u2032<\/em><\/strong>, in which he sings about it as follows: <strong><em>&#8220;&#8230;there, where the blue gentiana all too gloriously is gently inviting&#8221;<\/em><\/strong>.<\/h5>\n<h6>Details:<\/h6>\n<ul>\n<li>\n<h6>Size: height 12\/13 cm, width 7\/8 cm<\/h6>\n<\/li>\n<li>\n<h6>Material: Ceramics<\/h6>\n<\/li>\n<li>\n<h6>In a gift bag with an attached certificate<\/h6>\n<\/li>\n<li>\n<h6>Designed with love for details<\/h6>\n<\/li>\n<li>\n<h6>An ideal gift for flower lovers and poppy fans<\/h6>\n<\/li>\n<\/ul>\n","protected":false},"featured_media":8120,"template":"","meta":{"_monsterinsights_skip_tracking":false,"_monsterinsights_sitenote_active":false,"_monsterinsights_sitenote_note":"","_monsterinsights_sitenote_category":0},"product_cat":[1623,1045],"product_tag":[1456,1458],"aioseo_notices":[],"yoast_head":"<!-- This site is optimized with the Yoast SEO plugin v22.1 - https:\/\/yoast.com\/wordpress\/plugins\/seo\/ -->\n<title>Gentiana - Etnogalerija Skrina<\/title>\n<meta name=\"description\" content=\"Ob modro cveto\u010dem clusijevem svi\u0161\u010du najpogosteje pomislimo na njegovo doma\u010de ime encijan.\" \/>\n<meta name=\"robots\" content=\"index, follow, max-snippet:-1, max-image-preview:large, max-video-preview:-1\" \/>\n<link rel=\"canonical\" href=\"https:\/\/skrina.si\/sl\/product\/gentiana\/\" \/>\n<meta property=\"og:locale\" content=\"sl_SI\" \/>\n<meta property=\"og:locale:alternate\" content=\"en_GB\" \/>\n<meta property=\"og:type\" content=\"article\" \/>\n<meta property=\"og:title\" content=\"Gentiana\" \/>\n<meta property=\"og:description\" content=\"Ob modro cveto\u010dem clusijevem svi\u0161\u010du najpogosteje pomislimo na njegovo doma\u010de ime encijan.\" \/>\n<meta property=\"og:url\" content=\"https:\/\/skrina.si\/sl\/product\/gentiana\/\" \/>\n<meta property=\"og:site_name\" content=\"Etnogalerija Skrina\" \/>\n<meta property=\"article:modified_time\" content=\"2024-09-19T16:33:34+00:00\" \/>\n<meta property=\"og:image\" content=\"https:\/\/skrina.si\/wp-content\/uploads\/2021\/03\/Rozne-vile-encijan-dekor-Slovenske-cvetlice-roze-Tradicija-s-posluhom-Etno-galerija-Skrina.jpg\" \/>\n\t<meta property=\"og:image:width\" content=\"1619\" \/>\n\t<meta property=\"og:image:height\" content=\"1213\" \/>\n\t<meta property=\"og:image:type\" content=\"image\/jpeg\" \/>\n<meta name=\"twitter:card\" content=\"summary_large_image\" \/>\n<meta name=\"twitter:label1\" content=\"Est. reading time\" \/>\n\t<meta name=\"twitter:data1\" content=\"1 minuta\" \/>\n<script type=\"application\/ld+json\" class=\"yoast-schema-graph\">{\"@context\":\"https:\/\/schema.org\",\"@graph\":[{\"@type\":\"WebPage\",\"@id\":\"https:\/\/skrina.si\/sl\/product\/gentiana\/\",\"url\":\"https:\/\/skrina.si\/sl\/product\/gentiana\/\",\"name\":\"[:en]Gentiana[:sl]Gentiana[:] - Etnogalerija Skrina\",\"isPartOf\":{\"@id\":\"https:\/\/skrina.si\/sl\/#website\"},\"datePublished\":\"2024-02-22T08:30:56+00:00\",\"dateModified\":\"2024-09-19T16:33:34+00:00\",\"description\":\"Ob modro cveto\u010dem clusijevem svi\u0161\u010du najpogosteje pomislimo na njegovo doma\u010de ime encijan.\",\"breadcrumb\":{\"@id\":\"https:\/\/skrina.si\/sl\/product\/gentiana\/#breadcrumb\"},\"inLanguage\":\"sl-SI\",\"potentialAction\":[{\"@type\":\"ReadAction\",\"target\":[\"https:\/\/skrina.si\/sl\/product\/gentiana\/\"]}]},{\"@type\":\"BreadcrumbList\",\"@id\":\"https:\/\/skrina.si\/sl\/product\/gentiana\/#breadcrumb\",\"itemListElement\":[{\"@type\":\"ListItem\",\"position\":1,\"name\":\"Home\",\"item\":\"https:\/\/skrina.si\/\"},{\"@type\":\"ListItem\",\"position\":2,\"name\":\"Shop\",\"item\":\"https:\/\/skrina.si\/shop\/\"},{\"@type\":\"ListItem\",\"position\":3,\"name\":\"Gentiana\"}]},{\"@type\":\"WebSite\",\"@id\":\"https:\/\/skrina.si\/sl\/#website\",\"url\":\"https:\/\/skrina.si\/sl\/\",\"name\":\"Etnogalerija Skrina\",\"description\":\"Tradicija s posluhom\",\"potentialAction\":[{\"@type\":\"SearchAction\",\"target\":{\"@type\":\"EntryPoint\",\"urlTemplate\":\"https:\/\/skrina.si\/sl\/?s={search_term_string}\"},\"query-input\":\"required name=search_term_string\"}],\"inLanguage\":\"sl-SI\"}]}<\/script>\n<!-- \/ Yoast SEO plugin. -->","yoast_head_json":{"title":"Gentiana - Etnogalerija Skrina","description":"Ob modro cveto\u010dem clusijevem svi\u0161\u010du najpogosteje pomislimo na njegovo doma\u010de ime encijan.","robots":{"index":"index","follow":"follow","max-snippet":"max-snippet:-1","max-image-preview":"max-image-preview:large","max-video-preview":"max-video-preview:-1"},"canonical":"https:\/\/skrina.si\/sl\/product\/gentiana\/","og_locale":"sl_SI","og_type":"article","og_title":"[:en]Gentiana[:sl]Gentiana[:] - Etnogalerija Skrina","og_description":"Ob modro cveto\u010dem clusijevem svi\u0161\u010du najpogosteje pomislimo na njegovo doma\u010de ime encijan.","og_url":"https:\/\/skrina.si\/sl\/product\/gentiana\/","og_site_name":"Etnogalerija Skrina","article_modified_time":"2024-09-19T16:33:34+00:00","og_image":[{"width":1619,"height":1213,"url":"https:\/\/skrina.si\/wp-content\/uploads\/2021\/03\/Rozne-vile-encijan-dekor-Slovenske-cvetlice-roze-Tradicija-s-posluhom-Etno-galerija-Skrina.jpg","type":"image\/jpeg"}],"twitter_card":"summary_large_image","twitter_misc":{"Est. reading time":"1 minuta"},"schema":{"@context":"https:\/\/schema.org","@graph":[{"@type":"WebPage","@id":"https:\/\/skrina.si\/sl\/product\/gentiana\/","url":"https:\/\/skrina.si\/sl\/product\/gentiana\/","name":"[:en]Gentiana[:sl]Gentiana[:] - Etnogalerija Skrina","isPartOf":{"@id":"https:\/\/skrina.si\/sl\/#website"},"datePublished":"2024-02-22T08:30:56+00:00","dateModified":"2024-09-19T16:33:34+00:00","description":"Ob modro cveto\u010dem clusijevem svi\u0161\u010du najpogosteje pomislimo na njegovo doma\u010de ime encijan.","breadcrumb":{"@id":"https:\/\/skrina.si\/sl\/product\/gentiana\/#breadcrumb"},"inLanguage":"sl-SI","potentialAction":[{"@type":"ReadAction","target":["https:\/\/skrina.si\/sl\/product\/gentiana\/"]}]},{"@type":"BreadcrumbList","@id":"https:\/\/skrina.si\/sl\/product\/gentiana\/#breadcrumb","itemListElement":[{"@type":"ListItem","position":1,"name":"Home","item":"https:\/\/skrina.si\/"},{"@type":"ListItem","position":2,"name":"Shop","item":"https:\/\/skrina.si\/shop\/"},{"@type":"ListItem","position":3,"name":"Gentiana"}]},{"@type":"WebSite","@id":"https:\/\/skrina.si\/sl\/#website","url":"https:\/\/skrina.si\/sl\/","name":"Etnogalerija Skrina","description":"Tradicija s posluhom","potentialAction":[{"@type":"SearchAction","target":{"@type":"EntryPoint","urlTemplate":"https:\/\/skrina.si\/sl\/?s={search_term_string}"},"query-input":"required name=search_term_string"}],"inLanguage":"sl-SI"}]}},"_links":{"self":[{"href":"https:\/\/skrina.si\/sl\/wp-json\/wp\/v2\/product\/12797"}],"collection":[{"href":"https:\/\/skrina.si\/sl\/wp-json\/wp\/v2\/product"}],"about":[{"href":"https:\/\/skrina.si\/sl\/wp-json\/wp\/v2\/types\/product"}],"wp:featuredmedia":[{"embeddable":true,"href":"https:\/\/skrina.si\/sl\/wp-json\/wp\/v2\/media\/8120"}],"wp:attachment":[{"href":"https:\/\/skrina.si\/sl\/wp-json\/wp\/v2\/media?parent=12797"}],"wp:term":[{"taxonomy":"product_cat","embeddable":true,"href":"https:\/\/skrina.si\/sl\/wp-json\/wp\/v2\/product_cat?post=12797"},{"taxonomy":"product_tag","embeddable":true,"href":"https:\/\/skrina.si\/sl\/wp-json\/wp\/v2\/product_tag?post=12797"}],"curies":[{"name":"wp","href":"https:\/\/api.w.org\/{rel}","templated":true}]}}