{"id":12781,"date":"2023-12-12T12:13:12","date_gmt":"2023-12-12T12:13:12","guid":{"rendered":"https:\/\/skrina.si\/?post_type=product&#038;p=12781"},"modified":"2024-05-04T12:15:16","modified_gmt":"2024-05-04T10:15:16","slug":"diy-the-princess-on-the-pea","status":"publish","type":"product","link":"https:\/\/skrina.si\/sl\/product\/diy-the-princess-on-the-pea\/","title":{"rendered":"DIY The Princess on the Pea"},"content":{"rendered":"","protected":false},"excerpt":{"rendered":"<h5 style=\"text-align: justify;\">For the Japanese market, we made jointed step stools with the motifs of the <strong><em>world&#8217;s famous fairy tales.<\/em><\/strong><\/h5>\n<h5 style=\"text-align: justify;\">DIY stools encourage creativity and develop imagination, and they can be used as rehabilitation equipment.<\/h5>\n<h5 style=\"text-align: justify;\">The motif of the fairy tale <strong><em>&#8220;The Princess on the Pea&#8221;<\/em><\/strong> by Hans Christian Andersen is printed on the stool seat, and the buyer colors it by himself with the supplied colors.<\/h5>\n<h5 style=\"text-align: justify;\">DIY stools are creative gifts for children and are designed for fun and use by the whole family.<\/h5>\n<p><em>\u00a0<\/em><\/p>\n<h6><em>Details:<\/em><\/h6>\n<ul>\n<li>\n<h6>Jointed step stool &#8211; DIY<\/h6>\n<\/li>\n<li>\n<h6>Size: 400 x 200 x 200 mm<\/h6>\n<\/li>\n<li>\n<h6>Cardboard box: 410 x 230 x 50 mm<\/h6>\n<\/li>\n<li>\n<h6>Color: pink<\/h6>\n<\/li>\n<li>\n<h6>Motif: The Princes and the Pea<\/h6>\n<\/li>\n<li>\n<h6>Included: 4 basic non-toxic colors (water-based) and brush<\/h6>\n<\/li>\n<li>\n<h6>Material: MDF<\/h6>\n<\/li>\n<li>\n<h6>EN 71 CERTIFICATE<\/h6>\n<\/li>\n<li>\n<h6><strong><em>An ideal gift for the whole family (regardless of age and gender)<\/em><\/strong><\/h6>\n<\/li>\n<li>\n<h6>easy to send by post<\/h6>\n<\/li>\n<\/ul>\n","protected":false},"featured_media":3423,"template":"","meta":{"_monsterinsights_skip_tracking":false,"_monsterinsights_sitenote_active":false,"_monsterinsights_sitenote_note":"","_monsterinsights_sitenote_category":0},"product_cat":[1623,1638],"product_tag":[1296,1298],"aioseo_notices":[],"yoast_head":"<!-- This site is optimized with the Yoast SEO plugin v22.1 - https:\/\/yoast.com\/wordpress\/plugins\/seo\/ -->\n<title>DIY The Princess on the Pea - Etnogalerija Skrina<\/title>\n<meta name=\"description\" content=\"Lesena pru\u010dka - Kralji\u010dna na zrnu graha. Kupec zlo\u017eljivo pru\u010dko sam pobarva po prilo\u017eeni predlogi in s prilo\u017eenimi barvami.\" \/>\n<meta name=\"robots\" content=\"index, follow, max-snippet:-1, max-image-preview:large, max-video-preview:-1\" \/>\n<link rel=\"canonical\" href=\"https:\/\/skrina.si\/sl\/product\/diy-the-princess-on-the-pea\/\" \/>\n<meta property=\"og:locale\" content=\"sl_SI\" \/>\n<meta property=\"og:locale:alternate\" content=\"en_GB\" \/>\n<meta property=\"og:type\" content=\"article\" \/>\n<meta property=\"og:title\" content=\"DIY The Princess on the Pea\" \/>\n<meta property=\"og:description\" content=\"Lesena pru\u010dka - Kralji\u010dna na zrnu graha. Kupec zlo\u017eljivo pru\u010dko sam pobarva po prilo\u017eeni predlogi in s prilo\u017eenimi barvami.\" \/>\n<meta property=\"og:url\" content=\"https:\/\/skrina.si\/sl\/product\/diy-the-princess-on-the-pea\/\" \/>\n<meta property=\"og:site_name\" content=\"Etnogalerija Skrina\" \/>\n<meta property=\"article:modified_time\" content=\"2024-05-04T10:15:16+00:00\" \/>\n<meta property=\"og:image\" content=\"https:\/\/skrina.si\/wp-content\/uploads\/2021\/07\/Prucka-sestavljena-Kraljicna-na-zrnu-graha-princeska-pravljice.jpg\" \/>\n\t<meta property=\"og:image:width\" content=\"2000\" \/>\n\t<meta property=\"og:image:height\" content=\"1500\" \/>\n\t<meta property=\"og:image:type\" content=\"image\/jpeg\" \/>\n<meta name=\"twitter:card\" content=\"summary_large_image\" \/>\n<meta name=\"twitter:label1\" content=\"Est. reading time\" \/>\n\t<meta name=\"twitter:data1\" content=\"2 minuti\" \/>\n<script type=\"application\/ld+json\" class=\"yoast-schema-graph\">{\"@context\":\"https:\/\/schema.org\",\"@graph\":[{\"@type\":\"WebPage\",\"@id\":\"https:\/\/skrina.si\/sl\/product\/diy-the-princess-on-the-pea\/\",\"url\":\"https:\/\/skrina.si\/sl\/product\/diy-the-princess-on-the-pea\/\",\"name\":\"[:en]DIY The Princess on the Pea[:sl]DIY The Princess on the Pea[:] - Etnogalerija Skrina\",\"isPartOf\":{\"@id\":\"https:\/\/skrina.si\/sl\/#website\"},\"datePublished\":\"2023-12-12T12:13:12+00:00\",\"dateModified\":\"2024-05-04T10:15:16+00:00\",\"description\":\"Lesena pru\u010dka - Kralji\u010dna na zrnu graha. Kupec zlo\u017eljivo pru\u010dko sam pobarva po prilo\u017eeni predlogi in s prilo\u017eenimi barvami.\",\"breadcrumb\":{\"@id\":\"https:\/\/skrina.si\/sl\/product\/diy-the-princess-on-the-pea\/#breadcrumb\"},\"inLanguage\":\"sl-SI\",\"potentialAction\":[{\"@type\":\"ReadAction\",\"target\":[\"https:\/\/skrina.si\/sl\/product\/diy-the-princess-on-the-pea\/\"]}]},{\"@type\":\"BreadcrumbList\",\"@id\":\"https:\/\/skrina.si\/sl\/product\/diy-the-princess-on-the-pea\/#breadcrumb\",\"itemListElement\":[{\"@type\":\"ListItem\",\"position\":1,\"name\":\"Home\",\"item\":\"https:\/\/skrina.si\/\"},{\"@type\":\"ListItem\",\"position\":2,\"name\":\"Shop\",\"item\":\"https:\/\/skrina.si\/shop\/\"},{\"@type\":\"ListItem\",\"position\":3,\"name\":\"DIY The Princess on the Pea\"}]},{\"@type\":\"WebSite\",\"@id\":\"https:\/\/skrina.si\/sl\/#website\",\"url\":\"https:\/\/skrina.si\/sl\/\",\"name\":\"Etnogalerija Skrina\",\"description\":\"Tradicija s posluhom\",\"potentialAction\":[{\"@type\":\"SearchAction\",\"target\":{\"@type\":\"EntryPoint\",\"urlTemplate\":\"https:\/\/skrina.si\/sl\/?s={search_term_string}\"},\"query-input\":\"required name=search_term_string\"}],\"inLanguage\":\"sl-SI\"}]}<\/script>\n<!-- \/ Yoast SEO plugin. -->","yoast_head_json":{"title":"DIY The Princess on the Pea - Etnogalerija Skrina","description":"Lesena pru\u010dka - Kralji\u010dna na zrnu graha. Kupec zlo\u017eljivo pru\u010dko sam pobarva po prilo\u017eeni predlogi in s prilo\u017eenimi barvami.","robots":{"index":"index","follow":"follow","max-snippet":"max-snippet:-1","max-image-preview":"max-image-preview:large","max-video-preview":"max-video-preview:-1"},"canonical":"https:\/\/skrina.si\/sl\/product\/diy-the-princess-on-the-pea\/","og_locale":"sl_SI","og_type":"article","og_title":"[:en]DIY The Princess on the Pea[:sl]DIY The Princess on the Pea[:] - Etnogalerija Skrina","og_description":"Lesena pru\u010dka - Kralji\u010dna na zrnu graha. Kupec zlo\u017eljivo pru\u010dko sam pobarva po prilo\u017eeni predlogi in s prilo\u017eenimi barvami.","og_url":"https:\/\/skrina.si\/sl\/product\/diy-the-princess-on-the-pea\/","og_site_name":"Etnogalerija Skrina","article_modified_time":"2024-05-04T10:15:16+00:00","og_image":[{"width":2000,"height":1500,"url":"https:\/\/skrina.si\/wp-content\/uploads\/2021\/07\/Prucka-sestavljena-Kraljicna-na-zrnu-graha-princeska-pravljice.jpg","type":"image\/jpeg"}],"twitter_card":"summary_large_image","twitter_misc":{"Est. reading time":"2 minuti"},"schema":{"@context":"https:\/\/schema.org","@graph":[{"@type":"WebPage","@id":"https:\/\/skrina.si\/sl\/product\/diy-the-princess-on-the-pea\/","url":"https:\/\/skrina.si\/sl\/product\/diy-the-princess-on-the-pea\/","name":"[:en]DIY The Princess on the Pea[:sl]DIY The Princess on the Pea[:] - Etnogalerija Skrina","isPartOf":{"@id":"https:\/\/skrina.si\/sl\/#website"},"datePublished":"2023-12-12T12:13:12+00:00","dateModified":"2024-05-04T10:15:16+00:00","description":"Lesena pru\u010dka - Kralji\u010dna na zrnu graha. Kupec zlo\u017eljivo pru\u010dko sam pobarva po prilo\u017eeni predlogi in s prilo\u017eenimi barvami.","breadcrumb":{"@id":"https:\/\/skrina.si\/sl\/product\/diy-the-princess-on-the-pea\/#breadcrumb"},"inLanguage":"sl-SI","potentialAction":[{"@type":"ReadAction","target":["https:\/\/skrina.si\/sl\/product\/diy-the-princess-on-the-pea\/"]}]},{"@type":"BreadcrumbList","@id":"https:\/\/skrina.si\/sl\/product\/diy-the-princess-on-the-pea\/#breadcrumb","itemListElement":[{"@type":"ListItem","position":1,"name":"Home","item":"https:\/\/skrina.si\/"},{"@type":"ListItem","position":2,"name":"Shop","item":"https:\/\/skrina.si\/shop\/"},{"@type":"ListItem","position":3,"name":"DIY The Princess on the Pea"}]},{"@type":"WebSite","@id":"https:\/\/skrina.si\/sl\/#website","url":"https:\/\/skrina.si\/sl\/","name":"Etnogalerija Skrina","description":"Tradicija s posluhom","potentialAction":[{"@type":"SearchAction","target":{"@type":"EntryPoint","urlTemplate":"https:\/\/skrina.si\/sl\/?s={search_term_string}"},"query-input":"required name=search_term_string"}],"inLanguage":"sl-SI"}]}},"_links":{"self":[{"href":"https:\/\/skrina.si\/sl\/wp-json\/wp\/v2\/product\/12781"}],"collection":[{"href":"https:\/\/skrina.si\/sl\/wp-json\/wp\/v2\/product"}],"about":[{"href":"https:\/\/skrina.si\/sl\/wp-json\/wp\/v2\/types\/product"}],"wp:featuredmedia":[{"embeddable":true,"href":"https:\/\/skrina.si\/sl\/wp-json\/wp\/v2\/media\/3423"}],"wp:attachment":[{"href":"https:\/\/skrina.si\/sl\/wp-json\/wp\/v2\/media?parent=12781"}],"wp:term":[{"taxonomy":"product_cat","embeddable":true,"href":"https:\/\/skrina.si\/sl\/wp-json\/wp\/v2\/product_cat?post=12781"},{"taxonomy":"product_tag","embeddable":true,"href":"https:\/\/skrina.si\/sl\/wp-json\/wp\/v2\/product_tag?post=12781"}],"curies":[{"name":"wp","href":"https:\/\/api.w.org\/{rel}","templated":true}]}}