{"id":11614,"date":"2022-08-10T13:45:12","date_gmt":"2022-08-10T13:45:12","guid":{"rendered":"https:\/\/skrina.si\/?post_type=product&#038;p=11614"},"modified":"2024-09-15T23:28:58","modified_gmt":"2024-09-15T21:28:58","slug":"vecnamenska-krpica","status":"publish","type":"product","link":"https:\/\/skrina.si\/sl\/product\/vecnamenska-krpica\/","title":{"rendered":"Ve\u010dnamenska krpica"},"content":{"rendered":"<h5><\/h5>\n<p>&nbsp;<\/p>\n","protected":false},"excerpt":{"rendered":"<h5>V Etnogaleriji SKRINA se radi oziramo nazaj v preteklost. Predani smo raziskovanju <strong><em>tradicionalnih slovenskih vzorcev<\/em><\/strong>, do katerih \u010dutimo veliko spo\u0161tovanje in jih znamo uporabimo v vsakdanjem \u017eivljenju.<br \/>\nMotivi iz zakladnice slovenskega ljudskega izro\u010dila predstavljajo neusahljiv vir inspiracij.<br \/>\nV SKRINI smo za vas oblikovali uporabne izdelke za vsakdanjo uporabo.<br \/>\nNe glede na to, ali gre za darilo za valentinovo, rojstnodnevno darilo, bo\u017ei\u010dno darilo ali samo kak\u0161no malenkost za lep\u0161i dan so izdelki s tradicionalnimi slovenskimi vzorci \u00a0vedno <em><strong>prava izbira.<\/strong><\/em><\/h5>\n<h6><em>Podrobnosti:<\/em><\/h6>\n<ul>\n<li>\n<h6>Ve\u010dnamenska krpica<\/h6>\n<\/li>\n<li>\n<h6>Mere: 12,5 x 18 cm<\/h6>\n<\/li>\n<li>\n<h6>Barva: razli\u010dne barve, za razli\u010dne okuse<\/h6>\n<\/li>\n<li>\n<h6>Motiv: tradicionalni slovenski vzorci<\/h6>\n<\/li>\n<li>\n<h6>Material: okolju prijazen poliester<\/h6>\n<\/li>\n<\/ul>\n","protected":false},"featured_media":11617,"template":"","meta":{"_monsterinsights_skip_tracking":false,"_monsterinsights_sitenote_active":false,"_monsterinsights_sitenote_note":"","_monsterinsights_sitenote_category":0},"product_cat":[103,277],"product_tag":[1272],"aioseo_notices":[],"yoast_head":"<!-- This site is optimized with the Yoast SEO plugin v22.1 - https:\/\/yoast.com\/wordpress\/plugins\/seo\/ -->\n<title>Ve\u010dnamenska krpica - Etnogalerija Skrina<\/title>\n<meta name=\"robots\" content=\"index, follow, max-snippet:-1, max-image-preview:large, max-video-preview:-1\" \/>\n<link rel=\"canonical\" href=\"https:\/\/skrina.si\/sl\/product\/vecnamenska-krpica\/\" \/>\n<meta property=\"og:locale\" content=\"sl_SI\" \/>\n<meta property=\"og:locale:alternate\" content=\"en_GB\" \/>\n<meta property=\"og:type\" content=\"article\" \/>\n<meta property=\"og:title\" content=\"Ve\u010dnamenska krpica\" \/>\n<meta property=\"og:description\" content=\"V Etnogaleriji SKRINA se radi oziramo nazaj v preteklost. Predani smo raziskovanju tradicionalnih slovenskih vzorcev, do katerih \u010dutimo veliko spo\u0161tovanje in jih znamo uporabimo v vsakdanjem \u017eivljenju. Motivi iz zakladnice slovenskega ljudskega izro\u010dila predstavljajo neusahljiv vir inspiracij. V SKRINI smo za vas oblikovali uporabne izdelke za vsakdanjo uporabo. Ne glede na to, ali gre za darilo za valentinovo, rojstnodnevno darilo, bo\u017ei\u010dno darilo ali samo kak\u0161no malenkost za lep\u0161i dan so izdelki s tradicionalnimi slovenskimi vzorci \u00a0vedno prava izbira. Podrobnosti:    Ve\u010dnamenska krpica    Mere: 12,5 x 18 cm    Barva: razli\u010dne barve, za razli\u010dne okuse    Motiv: tradicionalni slovenski vzorci    Material: okolju prijazen poliester\" \/>\n<meta property=\"og:url\" content=\"https:\/\/skrina.si\/sl\/product\/vecnamenska-krpica\/\" \/>\n<meta property=\"og:site_name\" content=\"Etnogalerija Skrina\" \/>\n<meta property=\"article:modified_time\" content=\"2024-09-15T21:28:58+00:00\" \/>\n<meta property=\"og:image\" content=\"https:\/\/skrina.si\/wp-content\/uploads\/2022\/08\/Krpica-za-ocala-pisanice-modra-tradicija-s-posluhom-etno-skrina.jpg\" \/>\n\t<meta property=\"og:image:width\" content=\"2000\" \/>\n\t<meta property=\"og:image:height\" content=\"1500\" \/>\n\t<meta property=\"og:image:type\" content=\"image\/jpeg\" \/>\n<meta name=\"twitter:card\" content=\"summary_large_image\" \/>\n<meta name=\"twitter:label1\" content=\"Est. reading time\" \/>\n\t<meta name=\"twitter:data1\" content=\"1 minuta\" \/>\n<script type=\"application\/ld+json\" class=\"yoast-schema-graph\">{\"@context\":\"https:\/\/schema.org\",\"@graph\":[{\"@type\":\"WebPage\",\"@id\":\"https:\/\/skrina.si\/sl\/product\/vecnamenska-krpica\/\",\"url\":\"https:\/\/skrina.si\/sl\/product\/vecnamenska-krpica\/\",\"name\":\"[:sl]Ve\u010dnamenska krpica[:] - Etnogalerija Skrina\",\"isPartOf\":{\"@id\":\"https:\/\/skrina.si\/sl\/#website\"},\"datePublished\":\"2022-08-10T13:45:12+00:00\",\"dateModified\":\"2024-09-15T21:28:58+00:00\",\"breadcrumb\":{\"@id\":\"https:\/\/skrina.si\/sl\/product\/vecnamenska-krpica\/#breadcrumb\"},\"inLanguage\":\"sl-SI\",\"potentialAction\":[{\"@type\":\"ReadAction\",\"target\":[\"https:\/\/skrina.si\/sl\/product\/vecnamenska-krpica\/\"]}]},{\"@type\":\"BreadcrumbList\",\"@id\":\"https:\/\/skrina.si\/sl\/product\/vecnamenska-krpica\/#breadcrumb\",\"itemListElement\":[{\"@type\":\"ListItem\",\"position\":1,\"name\":\"Home\",\"item\":\"https:\/\/skrina.si\/\"},{\"@type\":\"ListItem\",\"position\":2,\"name\":\"Shop\",\"item\":\"https:\/\/skrina.si\/shop\/\"},{\"@type\":\"ListItem\",\"position\":3,\"name\":\"Ve\u010dnamenska krpica\"}]},{\"@type\":\"WebSite\",\"@id\":\"https:\/\/skrina.si\/sl\/#website\",\"url\":\"https:\/\/skrina.si\/sl\/\",\"name\":\"Etnogalerija Skrina\",\"description\":\"Tradicija s posluhom\",\"potentialAction\":[{\"@type\":\"SearchAction\",\"target\":{\"@type\":\"EntryPoint\",\"urlTemplate\":\"https:\/\/skrina.si\/sl\/?s={search_term_string}\"},\"query-input\":\"required name=search_term_string\"}],\"inLanguage\":\"sl-SI\"}]}<\/script>\n<!-- \/ Yoast SEO plugin. -->","yoast_head_json":{"title":"Ve\u010dnamenska krpica - Etnogalerija Skrina","robots":{"index":"index","follow":"follow","max-snippet":"max-snippet:-1","max-image-preview":"max-image-preview:large","max-video-preview":"max-video-preview:-1"},"canonical":"https:\/\/skrina.si\/sl\/product\/vecnamenska-krpica\/","og_locale":"sl_SI","og_type":"article","og_title":"[:sl]Ve\u010dnamenska krpica[:] - Etnogalerija Skrina","og_description":"[:sl]V Etnogaleriji SKRINA se radi oziramo nazaj v preteklost. Predani smo raziskovanju tradicionalnih slovenskih vzorcev, do katerih \u010dutimo veliko spo\u0161tovanje in jih znamo uporabimo v vsakdanjem \u017eivljenju. Motivi iz zakladnice slovenskega ljudskega izro\u010dila predstavljajo neusahljiv vir inspiracij. V SKRINI smo za vas oblikovali uporabne izdelke za vsakdanjo uporabo. Ne glede na to, ali gre za darilo za valentinovo, rojstnodnevno darilo, bo\u017ei\u010dno darilo ali samo kak\u0161no malenkost za lep\u0161i dan so izdelki s tradicionalnimi slovenskimi vzorci \u00a0vedno prava izbira. Podrobnosti:    Ve\u010dnamenska krpica    Mere: 12,5 x 18 cm    Barva: razli\u010dne barve, za razli\u010dne okuse    Motiv: tradicionalni slovenski vzorci    Material: okolju prijazen poliester  [:]","og_url":"https:\/\/skrina.si\/sl\/product\/vecnamenska-krpica\/","og_site_name":"Etnogalerija Skrina","article_modified_time":"2024-09-15T21:28:58+00:00","og_image":[{"width":2000,"height":1500,"url":"https:\/\/skrina.si\/wp-content\/uploads\/2022\/08\/Krpica-za-ocala-pisanice-modra-tradicija-s-posluhom-etno-skrina.jpg","type":"image\/jpeg"}],"twitter_card":"summary_large_image","twitter_misc":{"Est. reading time":"1 minuta"},"schema":{"@context":"https:\/\/schema.org","@graph":[{"@type":"WebPage","@id":"https:\/\/skrina.si\/sl\/product\/vecnamenska-krpica\/","url":"https:\/\/skrina.si\/sl\/product\/vecnamenska-krpica\/","name":"[:sl]Ve\u010dnamenska krpica[:] - Etnogalerija Skrina","isPartOf":{"@id":"https:\/\/skrina.si\/sl\/#website"},"datePublished":"2022-08-10T13:45:12+00:00","dateModified":"2024-09-15T21:28:58+00:00","breadcrumb":{"@id":"https:\/\/skrina.si\/sl\/product\/vecnamenska-krpica\/#breadcrumb"},"inLanguage":"sl-SI","potentialAction":[{"@type":"ReadAction","target":["https:\/\/skrina.si\/sl\/product\/vecnamenska-krpica\/"]}]},{"@type":"BreadcrumbList","@id":"https:\/\/skrina.si\/sl\/product\/vecnamenska-krpica\/#breadcrumb","itemListElement":[{"@type":"ListItem","position":1,"name":"Home","item":"https:\/\/skrina.si\/"},{"@type":"ListItem","position":2,"name":"Shop","item":"https:\/\/skrina.si\/shop\/"},{"@type":"ListItem","position":3,"name":"Ve\u010dnamenska krpica"}]},{"@type":"WebSite","@id":"https:\/\/skrina.si\/sl\/#website","url":"https:\/\/skrina.si\/sl\/","name":"Etnogalerija Skrina","description":"Tradicija s posluhom","potentialAction":[{"@type":"SearchAction","target":{"@type":"EntryPoint","urlTemplate":"https:\/\/skrina.si\/sl\/?s={search_term_string}"},"query-input":"required name=search_term_string"}],"inLanguage":"sl-SI"}]}},"_links":{"self":[{"href":"https:\/\/skrina.si\/sl\/wp-json\/wp\/v2\/product\/11614"}],"collection":[{"href":"https:\/\/skrina.si\/sl\/wp-json\/wp\/v2\/product"}],"about":[{"href":"https:\/\/skrina.si\/sl\/wp-json\/wp\/v2\/types\/product"}],"wp:featuredmedia":[{"embeddable":true,"href":"https:\/\/skrina.si\/sl\/wp-json\/wp\/v2\/media\/11617"}],"wp:attachment":[{"href":"https:\/\/skrina.si\/sl\/wp-json\/wp\/v2\/media?parent=11614"}],"wp:term":[{"taxonomy":"product_cat","embeddable":true,"href":"https:\/\/skrina.si\/sl\/wp-json\/wp\/v2\/product_cat?post=11614"},{"taxonomy":"product_tag","embeddable":true,"href":"https:\/\/skrina.si\/sl\/wp-json\/wp\/v2\/product_tag?post=11614"}],"curies":[{"name":"wp","href":"https:\/\/api.w.org\/{rel}","templated":true}]}}