{"id":11409,"date":"2022-07-29T10:27:15","date_gmt":"2022-07-29T10:27:15","guid":{"rendered":"https:\/\/skrina.si\/?post_type=product&#038;p=11409"},"modified":"2024-05-29T15:09:44","modified_gmt":"2024-05-29T13:09:44","slug":"gustav-klimt-drevo-zivljenja-grafika","status":"publish","type":"product","link":"https:\/\/skrina.si\/sl\/product\/gustav-klimt-drevo-zivljenja-grafika\/","title":{"rendered":"Drevo \u017eivljenja"},"content":{"rendered":"","protected":false},"excerpt":{"rendered":"<h5>Znamenito Drevo \u017eivljenja je povezano z imenom belgijskega industrialca in zbiralca umetnin Adolfa Stocleta, ki se je leta 1904 odlo\u010dil poslikati svoj <strong><em>dvorec Stoclet v Bruslju <\/em><\/strong>in k sodelovanju povabil ve\u010d umetnikov. Industrialec je bil naklonjen japonski umetnosti, zato se je Klimt odlo\u010dil narisati primerno sliko, ki bi dopolnjevala celoten dizajn. Sliko sestavljajo trije elementi \u2013 <em>Pri\u010dakovanje, Izpolnitev<\/em> in osrednji motiv \u2013 stilizirano <strong><em>Drevo \u017eivljenja. <\/em><\/strong>Ime nosi simbolni pomen in spodbuja gledalca k razmi\u0161ljanju: morda je umetnik posku\u0161al upodobiti svetopisemsko drevo spoznanja, morda je imel v mislih neskon\u010dnost, saj se veje sre\u010dujejo in prepletajo med seboj in ustvarjajo pravi labirint listov. Na sliko lahko simbolno gledamo tudi kot na nov za\u010detek, pozitivno energijo, zdravje in svetlo prihodnost.<\/h5>\n<h6><em>Lastnosti:<\/em><\/h6>\n<ul>\n<li>\n<h6><em>Naslov dela:<\/em> <em>Drevo \u017eivljenja<\/em><\/h6>\n<\/li>\n<li>\n<h6><em>Tehnika: Umetni\u0161ka reprodukcija<\/em><\/h6>\n<\/li>\n<li>\n<h6><em>Zunanja dimenzija: 25 x 30 cm; 16 x 29 cm<\/em><\/h6>\n<\/li>\n<li>\n<h6><em>Omejena naklada <\/em><\/h6>\n<\/li>\n<li>\n<h6><em>Eleganten, brez\u010dasen dizajn<\/em><\/h6>\n<\/li>\n<li>\n<h6><em>Idealno darilo za ljubitelje Klimta in klasike<\/em><\/h6>\n<\/li>\n<\/ul>\n","protected":false},"featured_media":11379,"template":"","meta":{"_monsterinsights_skip_tracking":false,"_monsterinsights_sitenote_active":false,"_monsterinsights_sitenote_note":"","_monsterinsights_sitenote_category":0},"product_cat":[748],"product_tag":[],"aioseo_notices":[],"yoast_head":"<!-- This site is optimized with the Yoast SEO plugin v22.1 - https:\/\/yoast.com\/wordpress\/plugins\/seo\/ -->\n<title>Drevo \u017eivljenja - Etnogalerija Skrina<\/title>\n<meta name=\"robots\" content=\"index, follow, max-snippet:-1, max-image-preview:large, max-video-preview:-1\" \/>\n<link rel=\"canonical\" href=\"https:\/\/skrina.si\/sl\/product\/gustav-klimt-drevo-zivljenja-grafika\/\" \/>\n<meta property=\"og:locale\" content=\"sl_SI\" \/>\n<meta property=\"og:locale:alternate\" content=\"en_GB\" \/>\n<meta property=\"og:type\" content=\"article\" \/>\n<meta property=\"og:title\" content=\"Drevo \u017eivljenja\" \/>\n<meta property=\"og:description\" content=\"Znamenito Drevo \u017eivljenja je povezano z imenom belgijskega industrialca in zbiralca umetnin Adolfa Stocleta, ki se je leta 1904 odlo\u010dil poslikati svoj dvorec Stoclet v Bruslju in k sodelovanju povabil ve\u010d umetnikov. Industrialec je bil naklonjen japonski umetnosti, zato se je Klimt odlo\u010dil narisati primerno sliko, ki bi dopolnjevala celoten dizajn. Sliko sestavljajo trije elementi \u2013 Pri\u010dakovanje, Izpolnitev in osrednji motiv \u2013 stilizirano Drevo \u017eivljenja. Ime nosi simbolni pomen in spodbuja gledalca k razmi\u0161ljanju: morda je umetnik posku\u0161al upodobiti svetopisemsko drevo spoznanja, morda je imel v mislih neskon\u010dnost, saj se veje sre\u010dujejo in prepletajo med seboj in ustvarjajo pravi labirint listov. Na sliko lahko simbolno gledamo tudi kot na nov za\u010detek, pozitivno energijo, zdravje in svetlo prihodnost. Lastnosti:    Naslov dela: Drevo \u017eivljenja    Tehnika: Umetni\u0161ka reprodukcija    Zunanja dimenzija: 25 x 30 cm; 16 x 29 cm    Omejena naklada     Eleganten, brez\u010dasen dizajn    Idealno darilo za ljubitelje Klimta in klasike\" \/>\n<meta property=\"og:url\" content=\"https:\/\/skrina.si\/sl\/product\/gustav-klimt-drevo-zivljenja-grafika\/\" \/>\n<meta property=\"og:site_name\" content=\"Etnogalerija Skrina\" \/>\n<meta property=\"article:modified_time\" content=\"2024-05-29T13:09:44+00:00\" \/>\n<meta property=\"og:image\" content=\"https:\/\/skrina.si\/wp-content\/uploads\/2022\/07\/Gustav-Klimt-slika-Drevo-zivljenja-Etno-galerija-Skrina.jpg\" \/>\n\t<meta property=\"og:image:width\" content=\"2000\" \/>\n\t<meta property=\"og:image:height\" content=\"1500\" \/>\n\t<meta property=\"og:image:type\" content=\"image\/jpeg\" \/>\n<meta name=\"twitter:card\" content=\"summary_large_image\" \/>\n<meta name=\"twitter:label1\" content=\"Est. reading time\" \/>\n\t<meta name=\"twitter:data1\" content=\"1 minuta\" \/>\n<script type=\"application\/ld+json\" class=\"yoast-schema-graph\">{\"@context\":\"https:\/\/schema.org\",\"@graph\":[{\"@type\":\"WebPage\",\"@id\":\"https:\/\/skrina.si\/sl\/product\/gustav-klimt-drevo-zivljenja-grafika\/\",\"url\":\"https:\/\/skrina.si\/sl\/product\/gustav-klimt-drevo-zivljenja-grafika\/\",\"name\":\"[:sl]Drevo \u017eivljenja[:] - Etnogalerija Skrina\",\"isPartOf\":{\"@id\":\"https:\/\/skrina.si\/sl\/#website\"},\"datePublished\":\"2022-07-29T10:27:15+00:00\",\"dateModified\":\"2024-05-29T13:09:44+00:00\",\"breadcrumb\":{\"@id\":\"https:\/\/skrina.si\/sl\/product\/gustav-klimt-drevo-zivljenja-grafika\/#breadcrumb\"},\"inLanguage\":\"sl-SI\",\"potentialAction\":[{\"@type\":\"ReadAction\",\"target\":[\"https:\/\/skrina.si\/sl\/product\/gustav-klimt-drevo-zivljenja-grafika\/\"]}]},{\"@type\":\"BreadcrumbList\",\"@id\":\"https:\/\/skrina.si\/sl\/product\/gustav-klimt-drevo-zivljenja-grafika\/#breadcrumb\",\"itemListElement\":[{\"@type\":\"ListItem\",\"position\":1,\"name\":\"Home\",\"item\":\"https:\/\/skrina.si\/\"},{\"@type\":\"ListItem\",\"position\":2,\"name\":\"Shop\",\"item\":\"https:\/\/skrina.si\/shop\/\"},{\"@type\":\"ListItem\",\"position\":3,\"name\":\"Drevo \u017eivljenja\"}]},{\"@type\":\"WebSite\",\"@id\":\"https:\/\/skrina.si\/sl\/#website\",\"url\":\"https:\/\/skrina.si\/sl\/\",\"name\":\"Etnogalerija Skrina\",\"description\":\"Tradicija s posluhom\",\"potentialAction\":[{\"@type\":\"SearchAction\",\"target\":{\"@type\":\"EntryPoint\",\"urlTemplate\":\"https:\/\/skrina.si\/sl\/?s={search_term_string}\"},\"query-input\":\"required name=search_term_string\"}],\"inLanguage\":\"sl-SI\"}]}<\/script>\n<!-- \/ Yoast SEO plugin. -->","yoast_head_json":{"title":"Drevo \u017eivljenja - Etnogalerija Skrina","robots":{"index":"index","follow":"follow","max-snippet":"max-snippet:-1","max-image-preview":"max-image-preview:large","max-video-preview":"max-video-preview:-1"},"canonical":"https:\/\/skrina.si\/sl\/product\/gustav-klimt-drevo-zivljenja-grafika\/","og_locale":"sl_SI","og_type":"article","og_title":"[:sl]Drevo \u017eivljenja[:] - Etnogalerija Skrina","og_description":"[:sl]Znamenito Drevo \u017eivljenja je povezano z imenom belgijskega industrialca in zbiralca umetnin Adolfa Stocleta, ki se je leta 1904 odlo\u010dil poslikati svoj dvorec Stoclet v Bruslju in k sodelovanju povabil ve\u010d umetnikov. Industrialec je bil naklonjen japonski umetnosti, zato se je Klimt odlo\u010dil narisati primerno sliko, ki bi dopolnjevala celoten dizajn. Sliko sestavljajo trije elementi \u2013 Pri\u010dakovanje, Izpolnitev in osrednji motiv \u2013 stilizirano Drevo \u017eivljenja. Ime nosi simbolni pomen in spodbuja gledalca k razmi\u0161ljanju: morda je umetnik posku\u0161al upodobiti svetopisemsko drevo spoznanja, morda je imel v mislih neskon\u010dnost, saj se veje sre\u010dujejo in prepletajo med seboj in ustvarjajo pravi labirint listov. Na sliko lahko simbolno gledamo tudi kot na nov za\u010detek, pozitivno energijo, zdravje in svetlo prihodnost. Lastnosti:    Naslov dela: Drevo \u017eivljenja    Tehnika: Umetni\u0161ka reprodukcija    Zunanja dimenzija: 25 x 30 cm; 16 x 29 cm    Omejena naklada     Eleganten, brez\u010dasen dizajn    Idealno darilo za ljubitelje Klimta in klasike  [:]","og_url":"https:\/\/skrina.si\/sl\/product\/gustav-klimt-drevo-zivljenja-grafika\/","og_site_name":"Etnogalerija Skrina","article_modified_time":"2024-05-29T13:09:44+00:00","og_image":[{"width":2000,"height":1500,"url":"https:\/\/skrina.si\/wp-content\/uploads\/2022\/07\/Gustav-Klimt-slika-Drevo-zivljenja-Etno-galerija-Skrina.jpg","type":"image\/jpeg"}],"twitter_card":"summary_large_image","twitter_misc":{"Est. reading time":"1 minuta"},"schema":{"@context":"https:\/\/schema.org","@graph":[{"@type":"WebPage","@id":"https:\/\/skrina.si\/sl\/product\/gustav-klimt-drevo-zivljenja-grafika\/","url":"https:\/\/skrina.si\/sl\/product\/gustav-klimt-drevo-zivljenja-grafika\/","name":"[:sl]Drevo \u017eivljenja[:] - Etnogalerija Skrina","isPartOf":{"@id":"https:\/\/skrina.si\/sl\/#website"},"datePublished":"2022-07-29T10:27:15+00:00","dateModified":"2024-05-29T13:09:44+00:00","breadcrumb":{"@id":"https:\/\/skrina.si\/sl\/product\/gustav-klimt-drevo-zivljenja-grafika\/#breadcrumb"},"inLanguage":"sl-SI","potentialAction":[{"@type":"ReadAction","target":["https:\/\/skrina.si\/sl\/product\/gustav-klimt-drevo-zivljenja-grafika\/"]}]},{"@type":"BreadcrumbList","@id":"https:\/\/skrina.si\/sl\/product\/gustav-klimt-drevo-zivljenja-grafika\/#breadcrumb","itemListElement":[{"@type":"ListItem","position":1,"name":"Home","item":"https:\/\/skrina.si\/"},{"@type":"ListItem","position":2,"name":"Shop","item":"https:\/\/skrina.si\/shop\/"},{"@type":"ListItem","position":3,"name":"Drevo \u017eivljenja"}]},{"@type":"WebSite","@id":"https:\/\/skrina.si\/sl\/#website","url":"https:\/\/skrina.si\/sl\/","name":"Etnogalerija Skrina","description":"Tradicija s posluhom","potentialAction":[{"@type":"SearchAction","target":{"@type":"EntryPoint","urlTemplate":"https:\/\/skrina.si\/sl\/?s={search_term_string}"},"query-input":"required name=search_term_string"}],"inLanguage":"sl-SI"}]}},"_links":{"self":[{"href":"https:\/\/skrina.si\/sl\/wp-json\/wp\/v2\/product\/11409"}],"collection":[{"href":"https:\/\/skrina.si\/sl\/wp-json\/wp\/v2\/product"}],"about":[{"href":"https:\/\/skrina.si\/sl\/wp-json\/wp\/v2\/types\/product"}],"wp:featuredmedia":[{"embeddable":true,"href":"https:\/\/skrina.si\/sl\/wp-json\/wp\/v2\/media\/11379"}],"wp:attachment":[{"href":"https:\/\/skrina.si\/sl\/wp-json\/wp\/v2\/media?parent=11409"}],"wp:term":[{"taxonomy":"product_cat","embeddable":true,"href":"https:\/\/skrina.si\/sl\/wp-json\/wp\/v2\/product_cat?post=11409"},{"taxonomy":"product_tag","embeddable":true,"href":"https:\/\/skrina.si\/sl\/wp-json\/wp\/v2\/product_tag?post=11409"}],"curies":[{"name":"wp","href":"https:\/\/api.w.org\/{rel}","templated":true}]}}